{"id":28646,"date":"2025-03-21T06:47:18","date_gmt":"2025-03-21T06:47:18","guid":{"rendered":"https:\/\/volovape.com\/?post_type=product&#038;p=28646"},"modified":"2026-03-16T08:57:45","modified_gmt":"2026-03-16T08:57:45","slug":"uwin-crystal-10000-puffs-eldobhato-vape","status":"publish","type":"product","link":"https:\/\/volovape.com\/hu\/product\/uwin-crystal-10000-puffs-disposable-vape\/","title":{"rendered":"Uwin Crystal 10000 Puffs \u00fajrat\u00f6lthet\u0151 eldobhat\u00f3 vape | 15 \u00edzek, 0-5% nikotin, \u00f6mlesztett nagykereskedelem"},"content":{"rendered":"<p><iframe title=\"VideoPress Video Player\" aria-label='VideoPress Video Player' width='421' height='750' src='https:\/\/videopress.com\/embed\/TT81Wr9Y?hd=0&amp;cover=1' frameborder='0' allowfullscreen allow='clipboard-write'><\/iframe><script src='https:\/\/v0.wordpress.com\/js\/next\/videopress-iframe.js?m=1739540970'><\/script><\/p>\n<p><strong>Uwin Crystal 10000 Puffs \u00fajrat\u00f6lthet\u0151 eldobhat\u00f3 vape<\/strong> - P\u00e1ratlan \u00edz \u00e9s \u00e9lettartam. K\u00e9szletezze ezt a nagy kapacit\u00e1s\u00fa eldobhat\u00f3 vape-t mind szem\u00e9lyes haszn\u00e1latra, mind j\u00f6vedelmez\u0151 eldobhat\u00f3 vape nagykereskedelmi lehet\u0151s\u00e9gekhez. A massz\u00edv <strong>10,000 puff kapacit\u00e1s<\/strong> \u00e9s <strong>18ml pr\u00e9mium e-folyad\u00e9k<\/strong>, az Uwin Crystal hosszan tart\u00f3 g\u0151z\u00f6l\u00e9si \u00e9lm\u00e9nyt ny\u00fajt. V\u00e1lasszon a k\u00f6vetkez\u0151k k\u00f6z\u00fcl <strong>30 v\u00e1ltozatos \u00edzvil\u00e1g<\/strong> \u00e9s nikotin er\u0151ss\u00e9g\u0171 <strong>0%, 2%, 3% vagy 5%<\/strong> hogy minden preferenci\u00e1t kiel\u00e9g\u00edtsen. Felszerelve egy <strong>650mAh \u00fajrat\u00f6lthet\u0151 akkumul\u00e1tor<\/strong> \u00e9s <strong>C-t\u00edpus\u00fa t\u00f6lt\u00e9s<\/strong>, ez a k\u00e9sz\u00fcl\u00e9k tart\u00f3s teljes\u00edtm\u00e9nyt biztos\u00edt. A <strong>0,8\u03a9-os h\u00e1l\u00f3s tekercs<\/strong> fokozza az \u00edzt \u00e9s a g\u0151ztermel\u00e9st, m\u00edg a vibr\u00e1l\u00f3 <strong>RGB f\u00e9nyek<\/strong> st\u00edlusos megjelen\u00e9st k\u00f6lcs\u00f6n\u00f6z. Ide\u00e1lis nagy t\u00e9telben t\u00f6rt\u00e9n\u0151 megrendel\u00e9shez, minden doboz 10 darabot, minden karton pedig 200 darabot tartalmaz.<\/p>\n<h3><strong>Uwin Crystal 10000 Puffs Jellemz\u0151k:<\/strong><\/h3>\n<ul>\n<li>Puffs: 10,000 Puffs<\/li>\n<li>E-folyad\u00e9k Kapacit\u00e1s: 18ml<\/li>\n<li>Nikotin er\u0151ss\u00e9ge: 0%\/2%\/3%\/5%<\/li>\n<li>Akkumul\u00e1tor: 650mAh \u00fajrat\u00f6lthet\u0151<\/li>\n<li>T\u00f6lt\u00e9s: Gyors t\u00f6lt\u00e9s: C-t\u00edpus\u00fa gyorst\u00f6lt\u00e9s<\/li>\n<li>Tekercs: 0.8\u03a9 Mesh tekercs<\/li>\n<li>F\u00e9nyek: F\u00e9nyek: RGB f\u00e9nyek<\/li>\n<li>\u00cdzek: 30 egyed\u00fcl\u00e1ll\u00f3 \u00edzvil\u00e1g<\/li>\n<\/ul>\n<h4>GYIK<\/h4>\n<h5>Milyen gyorsan kaphatom meg a t\u00f6meges rendel\u00e9semet?<\/h5>\n<p>A hat\u00e9kony sz\u00e1ll\u00edt\u00e1st helyezz\u00fck el\u0151t\u00e9rbe, \u00e9s jellemz\u0151en 7-15 munkanapon bel\u00fcl sz\u00e1ll\u00edtunk. Cs\u00facsid\u0151szakokban vagy el\u0151re nem l\u00e1that\u00f3 k\u00f6r\u00fclm\u00e9nyek, p\u00e9ld\u00e1ul \u00fcnnepnapok vagy s\u00falyos id\u0151j\u00e1r\u00e1s miatt azonban a sz\u00e1ll\u00edt\u00e1s ak\u00e1r 20 munkanapra is elh\u00faz\u00f3dhat. Olyan j\u00f3 h\u00edr\u0171 sz\u00e1ll\u00edtm\u00e1nyoz\u00f3kat haszn\u00e1lunk, mint a UPS, a DHL, a FEDEX \u00e9s a DPD, a legjobb opci\u00f3t v\u00e1lasztva az \u00d6n sz\u00e1ll\u00edt\u00e1si helye alapj\u00e1n az optim\u00e1lis sebess\u00e9g \u00e9s megb\u00edzhat\u00f3s\u00e1g \u00e9rdek\u00e9ben.<\/p>\n<h5>Lesznek-e v\u00e1mprobl\u00e9m\u00e1k vagy tov\u00e1bbi d\u00edjak a rendel\u00e9semmel kapcsolatban?<\/h5>\n<p>Mi kezelj\u00fck az \u00f6sszes v\u00e1mkezel\u00e9si folyamatot, \u00edgy biztos\u00edtva az \u00d6n sz\u00e1m\u00e1ra a probl\u00e9mamentes \u00e9lm\u00e9nyt. Garant\u00e1ljuk, hogy 100% term\u00e9keinket sikeresen v\u00e1mkezelj\u00fck, \u00e9s nem kell v\u00e1ratlan ad\u00f3kat vagy tov\u00e1bbi d\u00edjakat fizetnie. Rendel\u00e9se z\u00f6kken\u0151mentesen \u00e9s k\u00f6zvetlen\u00fcl az \u00d6n \u00e1ltal megjel\u00f6lt c\u00e9l\u00e1llom\u00e1sra \u00e9rkezik.<\/p>\n<h5>A felsorolt \u00edzek \u00e9s a puffancsok sz\u00e1ma pontosan szerepelnek?<\/h5>\n<p>Igen, az \u00edzekre \u00e9s a puffok sz\u00e1m\u00e1ra vonatkoz\u00f3 minden inform\u00e1ci\u00f3 garant\u00e1ltan pontos. Minden term\u00e9ket apr\u00f3l\u00e9kosan kiv\u00e1lasztunk \u00e9s tesztel\u00fcnk, hogy biztos\u00edtsuk, hogy megfelelnek szigor\u00fa szabv\u00e1nyainknak, \u00e9s pontosan azt ny\u00fajtj\u00e1k, amit rekl\u00e1mozunk. A 30 egyedi \u00edzzel \u00e9s a meger\u0151s\u00edtett 10 000 puff kapacit\u00e1ssal minden alkalommal kiv\u00e1l\u00f3 min\u0151s\u00e9g\u0171 term\u00e9ket kap. Mi is ki\u00e1llunk a term\u00e9kmin\u0151s\u00e9g\u00fcnk m\u00f6g\u00f6tt, lehet\u0151v\u00e9 t\u00e9ve, hogy biztons\u00e1gos v\u00e1s\u00e1rl\u00e1st v\u00e9gezzen a Paypal-on kereszt\u00fcl t\u00f6rt\u00e9n\u0151 fizet\u00e9ssel, \u00e9s az\u00e1ltal, hogy a v\u00e9lem\u00e9nyek el\u00e9rhet\u0151ek a k\u00f6vetkez\u0151 oldalakon <a href=\"https:\/\/www.trustpilot.com\/review\/volovape.com?utm_medium=trustbox&amp;utm_source=TrustBoxReviewCollector\">TrustPilot<\/a>.<\/p>","protected":false},"excerpt":{"rendered":"<p>Ismerje meg az Uwin Crystal 10000 Puffs \u00fajrat\u00f6lthet\u0151 eldobhat\u00f3 vape-up 10.000 puff, 15 mer\u00e9sz \u00edz \u00e9s 0-5% nikotin opci\u00f3k. 650mAh akkumul\u00e1torral, Type-C t\u00f6lt\u00e9ssel \u00e9s RGB f\u00e9nyekkel rendelkezik, \u00e9s t\u00f6k\u00e9letes a VoloVape t\u00f6meges megrendel\u00e9seihez. K\u00e9szletezzen most!<\/p>","protected":false},"featured_media":28694,"comment_status":"open","ping_status":"closed","template":"","meta":[],"product_brand":[],"product_cat":[57,224],"product_tag":[],"class_list":{"0":"post-28646","1":"product","2":"type-product","3":"status-publish","4":"has-post-thumbnail","6":"product_cat-10000-puffs-disposable-vape","7":"product_cat-uwin","9":"first","10":"instock","11":"shipping-taxable","12":"purchasable","13":"product-type-variable","14":"has-default-attributes"},"jetpack_sharing_enabled":true,"tiered_pricing_type":"fixed","tiered_pricing_fixed_rules":{"30":5.28000000000000024868995751603506505489349365234375,"50":4.75,"100":4.160000000000000142108547152020037174224853515625,"200":3.979999999999999982236431605997495353221893310546875,"400":3.5800000000000000710542735760100185871124267578125},"tiered_pricing_product_settings":{"layout":"default","base_unit_name":{"singular":null,"plural":null},"default_variation":null},"tiered_pricing_minimum_quantity":10,"tiered_pricing_roles_data":[],"tiered_pricing_percentage_rules":[],"tiered_pricing_maximum_quantity":null,"tiered_pricing_quantity_step":"10","_links":{"self":[{"href":"https:\/\/volovape.com\/hu\/wp-json\/wp\/v2\/product\/28646","targetHints":{"allow":["GET"]}}],"collection":[{"href":"https:\/\/volovape.com\/hu\/wp-json\/wp\/v2\/product"}],"about":[{"href":"https:\/\/volovape.com\/hu\/wp-json\/wp\/v2\/types\/product"}],"replies":[{"embeddable":true,"href":"https:\/\/volovape.com\/hu\/wp-json\/wp\/v2\/comments?post=28646"}],"wp:featuredmedia":[{"embeddable":true,"href":"https:\/\/volovape.com\/hu\/wp-json\/wp\/v2\/media\/28694"}],"wp:attachment":[{"href":"https:\/\/volovape.com\/hu\/wp-json\/wp\/v2\/media?parent=28646"}],"wp:term":[{"taxonomy":"product_brand","embeddable":true,"href":"https:\/\/volovape.com\/hu\/wp-json\/wp\/v2\/product_brand?post=28646"},{"taxonomy":"product_cat","embeddable":true,"href":"https:\/\/volovape.com\/hu\/wp-json\/wp\/v2\/product_cat?post=28646"},{"taxonomy":"product_tag","embeddable":true,"href":"https:\/\/volovape.com\/hu\/wp-json\/wp\/v2\/product_tag?post=28646"}],"curies":[{"name":"wp","href":"https:\/\/api.w.org\/{rel}","templated":true}]}}