{"id":28645,"date":"2025-03-21T06:47:17","date_gmt":"2025-03-21T06:47:17","guid":{"rendered":"https:\/\/volovape.com\/?post_type=product&#038;p=28645"},"modified":"2025-07-30T05:24:44","modified_gmt":"2025-07-30T05:24:44","slug":"fizzy-nova-20000-puff","status":"publish","type":"product","link":"https:\/\/volovape.com\/hu\/product\/fizzy-nova-20000-puffs\/","title":{"rendered":"Fizzy Nova 20000 Puffs \u00fajrat\u00f6lthet\u0151 eldobhat\u00f3 vape kett\u0151s h\u00e1l\u00f3s tekercs, LCD k\u00e9perny\u0151, \u00f6mlesztett \u00e9s nagykereskedelem"},"content":{"rendered":"<div>\n<p class=\"break-words\"><strong>Fizzy Nova 20000 Puffs \u00fajrat\u00f6lthet\u0151 eldobhat\u00f3 Vape - T\u00f6meges \u00e9s nagykereskedelem a VoloVape-n\u00e9l<\/strong><br \/>\nEmelje fel a p\u00e1rologtat\u00e1s \u00e9lm\u00e9ny\u00e9t a Fizzy Nova 20000 Puffs \u00fajrat\u00f6lthet\u0151 eldobhat\u00f3 vape-vel, egy cs\u00facstechnol\u00f3gi\u00e1s eszk\u00f6zzel, amelyet teljes\u00edtm\u00e9nyre, tart\u00f3ss\u00e1gra \u00e9s st\u00edlusra terveztek. T\u00f6k\u00e9letes vape boltok \u00e9s forgalmaz\u00f3k sz\u00e1m\u00e1ra, ez a pr\u00e9mium vape nagy- \u00e9s nagykereskedelmi megrendel\u00e9sre kaphat\u00f3 a VoloVape-n\u00e9l, Eur\u00f3pa megb\u00edzhat\u00f3 online vape sz\u00e1ll\u00edt\u00f3j\u00e1n\u00e1l, amely Hollandi\u00e1t, N\u00e9metorsz\u00e1got, Belgiumot \u00e9s Spanyolorsz\u00e1got szolg\u00e1lja ki.<\/p>\n<h4>Mi\u00e9rt v\u00e1lassza a Fizzy Nova 20000 Puffot?<\/h4>\n<ul class=\"marker:text-secondary\">\n<li class=\"break-words\"><strong>Massz\u00edv 20,000 puff kapacit\u00e1s:<\/strong> \u00c9lvezze a megszak\u00edt\u00e1s n\u00e9lk\u00fcli p\u00e1rologtat\u00e1st kevesebb cser\u00e9vel.<\/li>\n<li class=\"break-words\"><strong>Kett\u0151s h\u00e1l\u00f3s tekercs technol\u00f3gia:<\/strong> Gazdag \u00edzeket \u00e9s vastag g\u0151zfelh\u0151ket biztos\u00edt minden alkalommal.<\/li>\n<li class=\"break-words\"><strong>850mAh \u00fajrat\u00f6lthet\u0151 akkumul\u00e1tor:<\/strong> Hosszan tart\u00f3 teljes\u00edtm\u00e9ny k\u00e9nyelmes USB-C t\u00f6lt\u00e9ssel.<\/li>\n<li class=\"break-words\"><strong>Intelligens LCD k\u00e9perny\u0151:<\/strong> Az akkumul\u00e1tor \u00e9s az e-folyad\u00e9k szintj\u00e9nek k\u00f6nnyed figyelemmel k\u00eds\u00e9r\u00e9se.<\/li>\n<li class=\"break-words\"><strong>Eco \u00e9s Turbo \u00fczemm\u00f3dok:<\/strong> V\u00e1ltson a hat\u00e9konys\u00e1g \u00e9s az intenzit\u00e1s k\u00f6z\u00f6tt a st\u00edlus\u00e1nak megfelel\u0151en.<\/li>\n<li class=\"break-words\"><strong>Rugalmas nikotinopci\u00f3k:<\/strong> V\u00e1lasszon 2% vagy 5% nikotin er\u0151ss\u00e9get a k\u00fcl\u00f6nb\u00f6z\u0151 preferenci\u00e1khoz.<\/li>\n<li class=\"break-words\"><strong>Eleg\u00e1ns f\u00e9m kialak\u00edt\u00e1s:<\/strong> Tart\u00f3s, pr\u00e9mium min\u0151s\u00e9g\u0171 konstrukci\u00f3, amely luxusnak t\u0171nik \u00e9s \u00e9rz\u0151dik.<\/li>\n<li class=\"break-words\"><strong>Sz\u00e9les \u00edzv\u00e1laszt\u00e9k:<\/strong> A gy\u00fcm\u00f6lcs\u00f6s kever\u00e9kekt\u0151l az \u00e9des \u00e9s savanyk\u00e1s profilokig - mindenki sz\u00e1m\u00e1ra van valami.<\/li>\n<\/ul>\n<p><iframe title=\"VideoPress Video Player\" aria-label='VideoPress Video Player' width='500' height='281' src='https:\/\/videopress.com\/embed\/5n4svF8i?hd=0&amp;cover=1' frameborder='0' allowfullscreen allow='clipboard-write'><\/iframe><script src='https:\/\/v0.wordpress.com\/js\/next\/videopress-iframe.js?m=1739540970'><\/script><\/p>\n<h4>Fejlett funkci\u00f3k a kiv\u00e1l\u00f3 vapingol\u00e1s\u00e9rt<\/h4>\n<ul class=\"marker:text-secondary\">\n<li class=\"break-words\"><strong>Kett\u0151s h\u00e1l\u00f3s tekercsek:<\/strong> Megn\u00f6velt fel\u00fclet a k\u00f6vetkezetes \u00edz \u00e9s g\u0151zkibocs\u00e1t\u00e1s \u00e9rdek\u00e9ben.<\/li>\n<li class=\"break-words\"><strong>Eco \u00fczemm\u00f3d:<\/strong> Meghosszabb\u00edtja az akkumul\u00e1tor \u00e9s az e-folyad\u00e9k \u00e9lettartam\u00e1t a k\u00f6lts\u00e9ghat\u00e9kony p\u00e1rologtat\u00e1s \u00e9rdek\u00e9ben.<\/li>\n<li class=\"break-words\"><strong>Turb\u00f3 \u00fczemm\u00f3d:<\/strong> Fokozza az intenzit\u00e1st egy mer\u00e9sz, kiel\u00e9g\u00edt\u0151 tal\u00e1lat\u00e9rt.<\/li>\n<li class=\"break-words\"><strong>850 mAh akkumul\u00e1tor:<\/strong> \u00dajrat\u00f6lthet\u0151 \u00e9s megb\u00edzhat\u00f3 a hosszabb munkamenetekhez.<\/li>\n<li class=\"break-words\"><strong>LCD kijelz\u0151:<\/strong> Az akkumul\u00e1tor \u00e9s a folyad\u00e9k val\u00f3s idej\u0171 nyomon k\u00f6vet\u00e9s\u00e9vel mindig k\u00e9zben tarthatja a dolgokat.<\/li>\n<li class=\"break-words\"><strong>Pr\u00e9mium fel\u00e9p\u00edt\u00e9s:<\/strong> Kiv\u00e1l\u00f3 min\u0151s\u00e9g\u0171 f\u00e9m kivitel a tart\u00f3ss\u00e1g \u00e9s elegancia \u00e9rdek\u00e9ben.<\/li>\n<\/ul>\n<h4>Fedezze fel \u00edzkollekci\u00f3nkat<\/h4>\n<ul class=\"marker:text-secondary\">\n<li class=\"break-words\"><strong>Gy\u00fcm\u00f6lcs\u00f6s kedvencek:<\/strong> Citrom Lime, Vegyes bogy\u00f3s gy\u00fcm\u00f6lcs, Eper Kiwi, G\u00f6r\u00f6gdinnye, \u00c1fonya, Sz\u0151l\u0151, Anan\u00e1sz Barack Passi\u00f3gy\u00fcm\u00f6lcs, Kiwi Passi\u00f3gy\u00fcm\u00f6lcs Guava.<\/li>\n<li class=\"break-words\"><strong>\u00c9des finoms\u00e1gok:<\/strong> Fizzy Cherry, Pink Lemonade, Peach, Blueberry Coconut.<\/li>\n<li class=\"break-words\"><strong>Bold &amp; Tangy:<\/strong> Savany\u00fa alma.<\/li>\n<\/ul>\n<h4>Mi\u00e9rt v\u00e1s\u00e1roljon \u00f6mlesztve a VoloVape-t\u0151l?<\/h4>\n<ul class=\"marker:text-secondary\">\n<li class=\"break-words\"><strong>Top nagykereskedelmi platform:<\/strong> Hollandia, N\u00e9metorsz\u00e1g, Belgium \u00e9s Spanyolorsz\u00e1g vape-kiskeresked\u0151inek kiszolg\u00e1l\u00e1sa.<\/li>\n<li class=\"break-words\"><strong>Versenyk\u00e9pes \u00e1rk\u00e9pz\u00e9s:<\/strong> Megfizethet\u0151 t\u00f6meges \u00e1rak a nyeres\u00e9g n\u00f6vel\u00e9se \u00e9rdek\u00e9ben.<\/li>\n<li class=\"break-words\"><strong>Gyors sz\u00e1ll\u00edt\u00e1s:<\/strong> Megb\u00edzhat\u00f3 sz\u00e1ll\u00edt\u00e1s a k\u00e9szletek \u00e1raml\u00e1s\u00e1nak fenntart\u00e1sa \u00e9rdek\u00e9ben.<\/li>\n<li class=\"break-words\"><strong>Megb\u00edzhat\u00f3 min\u0151s\u00e9g:<\/strong> Garant\u00e1ltan eredeti gy\u00e1ri term\u00e9kek.<\/li>\n<li class=\"break-words\"><strong>Dedik\u00e1lt t\u00e1mogat\u00e1s:<\/strong> Szak\u00e9rt\u0151i seg\u00edts\u00e9g minden nagykereskedelmi ig\u00e9nye eset\u00e9n.<\/li>\n<\/ul>\n<p class=\"break-words\">K\u00e9szen \u00e1llsz a k\u00e9szletfelt\u00f6lt\u00e9sre? Rendelje meg a Fizzy Nova 20000 Puffs \u00fajrat\u00f6lthet\u0151 eldobhat\u00f3 vape-t nagy t\u00e9telben m\u00e9g ma, \u00e9s k\u00edn\u00e1lja \u00fcgyfeleinek a v\u00e9gs\u0151 p\u00e1rologtat\u00e1si \u00e9lm\u00e9nyt. Adja le nagykereskedelmi rendel\u00e9s\u00e9t most a VoloVape-n\u00e9l, \u00e9s emelje v\u00e1llalkoz\u00e1s\u00e1t a k\u00f6vetkez\u0151 szintre!<\/p>\n<\/div>","protected":false},"excerpt":{"rendered":"<p>Fedezze fel a Fizzy Nova 20000 Puffs Vape-t kett\u0151s h\u00e1l\u00f3s tekercsekkel, 850mAh akkumul\u00e1torral, LCD k\u00e9perny\u0151vel \u00e9s 2%\/5% nikotin opci\u00f3kkal. V\u00e1s\u00e1roljon \u00f6mlesztve a Vol\u00f3n\u00e1l a pr\u00e9mium vaping\u00e9rt Eur\u00f3p\u00e1ban.<\/p>","protected":false},"featured_media":28675,"comment_status":"open","ping_status":"closed","template":"","meta":[],"product_brand":[],"product_cat":[223],"product_tag":[],"class_list":{"0":"post-28645","1":"product","2":"type-product","3":"status-publish","4":"has-post-thumbnail","6":"product_cat-fizzy","8":"first","9":"instock","10":"shipping-taxable","11":"purchasable","12":"product-type-variable","13":"has-default-attributes"},"jetpack_sharing_enabled":true,"tiered_pricing_type":"fixed","tiered_pricing_fixed_rules":{"200":6.0999999999999996447286321199499070644378662109375,"500":5.5999999999999996447286321199499070644378662109375},"tiered_pricing_product_settings":{"layout":"default","base_unit_name":{"singular":null,"plural":null},"default_variation":null},"tiered_pricing_minimum_quantity":100,"tiered_pricing_roles_data":[],"tiered_pricing_percentage_rules":[],"tiered_pricing_maximum_quantity":null,"tiered_pricing_quantity_step":"10","_links":{"self":[{"href":"https:\/\/volovape.com\/hu\/wp-json\/wp\/v2\/product\/28645","targetHints":{"allow":["GET"]}}],"collection":[{"href":"https:\/\/volovape.com\/hu\/wp-json\/wp\/v2\/product"}],"about":[{"href":"https:\/\/volovape.com\/hu\/wp-json\/wp\/v2\/types\/product"}],"replies":[{"embeddable":true,"href":"https:\/\/volovape.com\/hu\/wp-json\/wp\/v2\/comments?post=28645"}],"wp:featuredmedia":[{"embeddable":true,"href":"https:\/\/volovape.com\/hu\/wp-json\/wp\/v2\/media\/28675"}],"wp:attachment":[{"href":"https:\/\/volovape.com\/hu\/wp-json\/wp\/v2\/media?parent=28645"}],"wp:term":[{"taxonomy":"product_brand","embeddable":true,"href":"https:\/\/volovape.com\/hu\/wp-json\/wp\/v2\/product_brand?post=28645"},{"taxonomy":"product_cat","embeddable":true,"href":"https:\/\/volovape.com\/hu\/wp-json\/wp\/v2\/product_cat?post=28645"},{"taxonomy":"product_tag","embeddable":true,"href":"https:\/\/volovape.com\/hu\/wp-json\/wp\/v2\/product_tag?post=28645"}],"curies":[{"name":"wp","href":"https:\/\/api.w.org\/{rel}","templated":true}]}}