{"id":27742,"date":"2025-01-21T03:31:17","date_gmt":"2025-01-21T03:31:17","guid":{"rendered":"https:\/\/volovape.com\/?post_type=product&#038;p=27742"},"modified":"2026-04-22T01:04:25","modified_gmt":"2026-04-22T01:04:25","slug":"darazskristaly-40k-dupla-izu-40000-fujas","status":"publish","type":"product","link":"https:\/\/volovape.com\/hu\/product\/waspe-crystal-40k-double-flavor-40000-puffs\/","title":{"rendered":"WASPE Crystal 40K: kett\u0151s \u00edz\u0171 40000 puff eldobhat\u00f3 vape (dupla \u00edz) - nagybani nagykereskedelem"},"content":{"rendered":"<p><iframe title=\"VideoPress Video Player\" aria-label='VideoPress Video Player' width='421' height='750' src='https:\/\/videopress.com\/embed\/xUagakYO?hd=0&amp;cover=1' frameborder='0' allowfullscreen allow='clipboard-write'><\/iframe><script src='https:\/\/v0.wordpress.com\/js\/next\/videopress-iframe.js?m=1739540970'><\/script><\/p>\n<p><strong>WASPE Crystal 40K Eldobhat\u00f3 Vape<\/strong> - Tapasztalja meg a p\u00e1ratlan \u00e9lettartamot \u00e9s \u00edzt.<\/p>\n<p>A <strong>WASPE Crystal 40K<\/strong> a hosszabb, \u00edzgazdag \u00e9lm\u00e9nyt keres\u0151 p\u00e1rologtat\u00f3k sz\u00e1m\u00e1ra k\u00e9sz\u00fclt. Hatalmas <strong>40,000 puff<\/strong> kapacit\u00e1s \u00e9s egy jelent\u0151s <strong>32ml el\u0151ret\u00f6lt\u00f6tt e-folyad\u00e9k<\/strong> tart\u00e1ly, ez a k\u00e9sz\u00fcl\u00e9k minimaliz\u00e1lja az ut\u00e1nt\u00f6lt\u00e9s sz\u00fcks\u00e9gess\u00e9g\u00e9t. A robusztus <strong>850mAh \u00fajrat\u00f6lthet\u0151 akkumul\u00e1tor<\/strong> -vel <strong>C t\u00edpus\u00fa gyorst\u00f6lt\u00e9s<\/strong>, hossz\u00fa t\u00e1v\u00fa teljes\u00edtm\u00e9nyt biztos\u00edt. A fejlett <strong>kett\u0151s h\u00e1l\u00f3s tekercs technol\u00f3gia<\/strong> (0,9ohm + 0,9ohm) egyenletesen sima \u00e9s gazdag g\u0151zt biztos\u00edt. Kaphat\u00f3 <strong>0%, 2% \u00e9s 5% nikotin er\u0151ss\u00e9gek<\/strong> \u00e9s izgalmas <strong>dupla \u00edzkombin\u00e1ci\u00f3k<\/strong>, a WASPE Crystal 40K a legk\u00fcl\u00f6nb\u00f6z\u0151bb preferenci\u00e1kat szolg\u00e1lja ki. Ide\u00e1lis mind a szem\u00e9lyes \u00e9lvezethez, mind a <strong>eldobhat\u00f3 vape nagykereskedelem<\/strong>, vizsg\u00e1lja meg a lehet\u0151s\u00e9geinket a <strong>t\u00f6meges rendel\u00e9s<\/strong> megtakar\u00edt\u00e1sok.<\/p>\n<h3><strong>WASPE Crystal 40K Jellemz\u0151k:<\/strong><\/h3>\n<ul>\n<li>Puff: 40,000-ig<\/li>\n<li>E-folyad\u00e9k Kapacit\u00e1s: 32ml<\/li>\n<li>Akkumul\u00e1tor: 850mAh (\u00fajrat\u00f6lthet\u0151)<\/li>\n<li>Tekercs t\u00edpusa: 0,9ohm + 0,9ohm).<\/li>\n<li>Nikotin Er\u0151ss\u00e9gek: 0%, 2%, 5%<\/li>\n<li>T\u00f6lt\u00e9s: C-t\u00edpus\u00fa<\/li>\n<li>Dupla \u00edzkombin\u00e1ci\u00f3k<\/li>\n<\/ul>\n<h4>GYIK<\/h4>\n<h5>Hogyan fokozza a kett\u0151s h\u00e1l\u00f3s tekercs az \u00edzt \u00e9s a g\u0151ztermel\u00e9st?<\/h5>\n<p>A WASPE Crystal 40K kett\u0151s h\u00e1l\u00f3s tekercs\u00e9nek kialak\u00edt\u00e1sa egyenletes f\u0171t\u00e9st biztos\u00edt, \u00e9s maximaliz\u00e1lja a tekercs fel\u00fclet\u00e9t az e-folyad\u00e9kkal \u00e9rintkezve. Ez fokozott \u00edzintenzit\u00e1st, s\u0171r\u0171bb g\u0151ztermel\u00e9st \u00e9s egyenletesen sima h\u00faz\u00e1st eredm\u00e9nyez a k\u00e9sz\u00fcl\u00e9k teljes \u00e9lettartama alatt.<\/p>\n<h5>Milyen dupla \u00edzkombin\u00e1ci\u00f3k \u00e1llnak rendelkez\u00e9sre?<\/h5>\n<p>A WASPE Crystal 40K sz\u00e1mos egyedi dupla \u00edzp\u00e1ros\u00edt\u00e1st k\u00edn\u00e1l, k\u00f6zt\u00fck a g\u00f6r\u00f6gdinnye j\u00e9g \u00e9s citromos lime, a Red Bull j\u00e9g \u00e9s eper mang\u00f3, az \u00e1fony\u00e1s cukorka \u00e9s eper g\u00f6r\u00f6gdinnye, a barack j\u00e9g \u00e9s g\u00f6r\u00f6gdinnye mang\u00f3 barack, valamint a sz\u0151l\u0151 j\u00e9g \u00e9s fekete s\u00e1rk\u00e1ny j\u00e9g. Minden egyes kombin\u00e1ci\u00f3 gondosan \u00f6ssze\u00e1ll\u00edtott, hogy izgalmas \u00e9s kiel\u00e9g\u00edt\u0151 g\u0151z\u00f6l\u00e9si \u00e9lm\u00e9nyt ny\u00fajtson.<\/p>\n<h5>Honnan tudom, hogy melyik nikotiner\u0151ss\u00e9g a megfelel\u0151 sz\u00e1momra?<\/h5>\n<p>A WASPE Crystal 40K 0%, 2% \u00e9s 5% nikotin er\u0151ss\u00e9gben kaphat\u00f3. A 0% nikotinmentes, alkalmas azok sz\u00e1m\u00e1ra, akik nikotin n\u00e9lk\u00fcl szeretnek p\u00e1rologtatni. A 2% enyhe nikotintartalmat biztos\u00edt, ide\u00e1lis a k\u00f6nny\u0171 doh\u00e1nyosok vagy a magasabb er\u0151ss\u00e9g\u0171ekr\u0151l \u00e1t\u00e1ll\u00f3k sz\u00e1m\u00e1ra. Az 5% er\u0151sebb nikotin\u00e9lm\u00e9nyt ny\u00fajt, alkalmas er\u0151s doh\u00e1nyosoknak vagy azoknak, akik a kifejezettebb nikotinhat\u00e1st kedvelik.<\/p>\n<h5>Hogyan v\u00e1s\u00e1rolhatom meg a WASPE Crystal 40K-t \u00f6mlesztve?<\/h5>\n<p>A WASPE Crystal 40K nagybani nagybani v\u00e1s\u00e1rl\u00e1sra kaphat\u00f3. K\u00e9rj\u00fck, vegye fel vel\u00fcnk a kapcsolatot az \u00e1rk\u00e9pz\u00e9ssel \u00e9s a nagy t\u00e9telben t\u00f6rt\u00e9n\u0151 rendel\u00e9si lehet\u0151s\u00e9gekkel kapcsolatos tov\u00e1bbi r\u00e9szletek\u00e9rt, \u00edgy biztos\u00edtva, hogy ig\u00e9nyeihez a legjobb \u00e1r-\u00e9rt\u00e9k ar\u00e1nyt kapja.<\/p>","protected":false},"excerpt":{"rendered":"<p>Tapasztalja meg a p\u00e1ratlan p\u00e1rologtat\u00e1st a WASPE Crystal 40K-val, egy forradalmi eldobhat\u00f3 vape-vel, amely hihetetlen 40.000 puffot \u00e9s innovat\u00edv dupla \u00edzkombin\u00e1ci\u00f3kat k\u00edn\u00e1l. Ide\u00e1lis a nagykeresked\u0151k \u00e9s a nagybani v\u00e1s\u00e1rl\u00f3k sz\u00e1m\u00e1ra.<\/p>","protected":false},"featured_media":27772,"comment_status":"open","ping_status":"closed","template":"","meta":[],"product_brand":[],"product_cat":[17,74,21,43,18,39,20,23,24,22,25,26,27,28,29,30,31,32,33,34,35,64,36,40],"product_tag":[],"class_list":{"0":"post-27742","1":"product","2":"type-product","3":"status-publish","4":"has-post-thumbnail","6":"product_cat-waspe","7":"product_cat-40000-puffs-disposable-vape","8":"product_cat-big-puffs-vapes","9":"product_cat-crystal-vapes","10":"product_cat-different-puffs-of-disposable-vapes","11":"product_cat-digital-box-vapes","12":"product_cat-disposable-vape-types","13":"product_cat-disposable-vapes-in-austria","14":"product_cat-disposable-vapes-in-belgium","15":"product_cat-disposable-vapes-in-europe","16":"product_cat-disposable-vapes-in-france","17":"product_cat-disposable-vapes-in-germany","18":"product_cat-disposable-vapes-in-hungary","19":"product_cat-disposable-vapes-in-ltaly","20":"product_cat-disposable-vapes-in-netherlands","21":"product_cat-disposable-vapes-in-norway","22":"product_cat-disposable-vapes-in-poland","23":"product_cat-disposable-vapes-in-portugal","24":"product_cat-disposable-vapes-in-spain","25":"product_cat-disposable-vapes-in-sweden","26":"product_cat-disposable-vapes-in-switzerland","27":"product_cat-dual-flavor-vapes","28":"product_cat-rechargeable-vapes","29":"product_cat-smart-screen-vapes","31":"first","32":"instock","33":"shipping-taxable","34":"purchasable","35":"product-type-variable","36":"has-default-attributes"},"jetpack_sharing_enabled":true,"tiered_pricing_type":"fixed","tiered_pricing_fixed_rules":{"30":6.980000000000000426325641456060111522674560546875,"50":6.20999999999999996447286321199499070644378662109375,"100":5.95999999999999996447286321199499070644378662109375,"200":5.589999999999999857891452847979962825775146484375,"400":5.04000000000000003552713678800500929355621337890625},"tiered_pricing_product_settings":{"layout":"default","base_unit_name":{"singular":null,"plural":null},"default_variation":null},"tiered_pricing_minimum_quantity":10,"tiered_pricing_roles_data":[],"tiered_pricing_percentage_rules":[],"tiered_pricing_maximum_quantity":null,"tiered_pricing_quantity_step":"10","_links":{"self":[{"href":"https:\/\/volovape.com\/hu\/wp-json\/wp\/v2\/product\/27742","targetHints":{"allow":["GET"]}}],"collection":[{"href":"https:\/\/volovape.com\/hu\/wp-json\/wp\/v2\/product"}],"about":[{"href":"https:\/\/volovape.com\/hu\/wp-json\/wp\/v2\/types\/product"}],"replies":[{"embeddable":true,"href":"https:\/\/volovape.com\/hu\/wp-json\/wp\/v2\/comments?post=27742"}],"wp:featuredmedia":[{"embeddable":true,"href":"https:\/\/volovape.com\/hu\/wp-json\/wp\/v2\/media\/27772"}],"wp:attachment":[{"href":"https:\/\/volovape.com\/hu\/wp-json\/wp\/v2\/media?parent=27742"}],"wp:term":[{"taxonomy":"product_brand","embeddable":true,"href":"https:\/\/volovape.com\/hu\/wp-json\/wp\/v2\/product_brand?post=27742"},{"taxonomy":"product_cat","embeddable":true,"href":"https:\/\/volovape.com\/hu\/wp-json\/wp\/v2\/product_cat?post=27742"},{"taxonomy":"product_tag","embeddable":true,"href":"https:\/\/volovape.com\/hu\/wp-json\/wp\/v2\/product_tag?post=27742"}],"curies":[{"name":"wp","href":"https:\/\/api.w.org\/{rel}","templated":true}]}}