{"id":1269,"date":"2024-11-21T03:39:32","date_gmt":"2024-11-21T03:39:32","guid":{"rendered":"https:\/\/volovape.com\/?post_type=product&#038;p=1269"},"modified":"2025-09-08T03:35:43","modified_gmt":"2025-09-08T03:35:43","slug":"waspe-30000-puff-eldobhato-vape-nagykereskedes","status":"publish","type":"product","link":"https:\/\/volovape.com\/hu\/product\/waspe-30000-puffs-disposable-vape-wholesale\/","title":{"rendered":"WASPE 30000 puffs dual mesh eldobhat\u00f3 vape \u00fajrat\u00f6lthet\u0151 850mah akkumul\u00e1torral"},"content":{"rendered":"<p>WASPE 30000 Puffs Dual Mesh eldobhat\u00f3 Vape - 30,000 Puff Count, \u00fajrat\u00f6lthet\u0151<br \/>\n<strong>WASPE 30000 Puffs Dual Mesh eldobhat\u00f3 vape<\/strong> - Tapasztalja meg a p\u00e9ld\u00e1tlan hossz\u00fa \u00e9lettartamot \u00e9s \u00edzt.<\/p>\n<p>Emelje a p\u00e1rologtat\u00e1si \u00e9lm\u00e9ny\u00e9t a <strong>WASPE 30000<\/strong>, egy forradalmi eldobhat\u00f3 vape, amelyet a maxim\u00e1lis teljes\u00edtm\u00e9nyre terveztek. Az elk\u00e9peszt\u0151 30.000 puff, a nagyvonal\u00fa 28ml e-folyad\u00e9k kapacit\u00e1s \u00e9s a 850mAh \u00fajrat\u00f6lthet\u0151 akkumul\u00e1tor C-t\u00edpus\u00fa t\u00f6lt\u00e9ssel, ez a k\u00e9sz\u00fcl\u00e9k kompromisszumok n\u00e9lk\u00fcl biztos\u00edtja a hosszabb vaping \u00fcl\u00e9seket. A fejlett kett\u0151s h\u00e1l\u00f3s tekercs technol\u00f3gia egyenletesen gazdag \u00e9s \u00edzgazdag g\u0151zt biztos\u00edt, \u00edgy t\u00f6k\u00e9letes mind a szem\u00e9lyes \u00e9lvezethez, mind a nagy mennyis\u00e9g\u0171 eldobhat\u00f3 vape nagykereskedelmi megrendel\u00e9sekhez. Fedezze fel a 16 egyedi \u00edzv\u00e1laszt\u00e9kot, amelyek mindegyike t\u00f6k\u00e9letesen kidolgozott, \u00e9s \u00e9lvezze a haszn\u00e1latra k\u00e9sz, nagy kapacit\u00e1s\u00fa k\u00e9sz\u00fcl\u00e9k k\u00e9nyelm\u00e9t.<\/p>\n<h3><strong>WASPE 30000 Jellemz\u0151k\uff1a<\/strong><\/h3>\n<ul>\n<li>Puff: 30,000 puffan\u00e1sig<\/li>\n<li>E-folyad\u00e9k Kapacit\u00e1s: 28ml<\/li>\n<li>Akkumul\u00e1tor: 850mAh (\u00fajrat\u00f6lthet\u0151)<\/li>\n<li>T\u00f6lt\u00e9s: C-t\u00edpus\u00fa<\/li>\n<li>Tekercs: H\u00e1l\u00f3s tekercs: Dual Mesh Coil<\/li>\n<li>16 egyedi \u00edz<\/li>\n<li>Eldobhat\u00f3 eszk\u00f6z<\/li>\n<\/ul>\n<h4>GYIK<\/h4>\n<h5>Milyen sz\u00e1ll\u00edt\u00e1si m\u00f3dokat haszn\u00e1lnak?<\/h5>\n<p>Egy\u00fcttm\u0171k\u00f6d\u00fcnk a UPS\/DHL\/FEDEX\/DPD-vel, stb. A sz\u00e1ll\u00edt\u00e1si orsz\u00e1gt\u00f3l f\u00fcgg\u0151en kiv\u00e1lasztjuk a megfelel\u0151 sz\u00e1ll\u00edt\u00e1si lehet\u0151s\u00e9get, hogy a lehet\u0151 leggyorsabban megkapja a term\u00e9keket.<\/p>\n<h5>Mennyi id\u0151 alatt \u00e9rkezik meg?<\/h5>\n<p>Ez \u00e1ltal\u00e1ban 7-15 munkanapot vesz ig\u00e9nybe, munkasz\u00fcneti napokon vagy rossz id\u0151j\u00e1r\u00e1si k\u00f6r\u00fclm\u00e9nyek k\u00f6z\u00f6tt ak\u00e1r 20 munkanapot is ig\u00e9nybe vehet.<\/p>\n<h5>\u00c1tmehet a v\u00e1mon, \u00e9s okozhat-e ez nekem b\u00e1rmilyen probl\u00e9m\u00e1t?<\/h5>\n<p>Garant\u00e1ljuk, hogy nem lesz semmi gondja, mivel mi gondoskodunk a v\u00e1mkezel\u00e9sr\u0151l, \u00e9s nem lesznek ad\u00f3k vagy d\u00edjak. Garant\u00e1ljuk, hogy 100% term\u00e9keink v\u00e1mkezel\u00e9sre ker\u00fclnek.<\/p>\n<h5>Mi teszi k\u00fcl\u00f6nlegess\u00e9 a kett\u0151s h\u00e1l\u00f3s tekercs technol\u00f3gi\u00e1t?<\/h5>\n<p>A WASPE 30000 kett\u0151s h\u00e1l\u00f3s tekercse fokozza az \u00edzek \u00e1tad\u00e1s\u00e1t \u00e9s a g\u0151ztermel\u00e9st, \u00edgy minden egyes sz\u00edv\u00e1sn\u00e1l egyenletesen sima \u00e9s kiel\u00e9g\u00edt\u0151 g\u0151z\u00f6l\u00e9si \u00e9lm\u00e9nyt ny\u00fajt, maximaliz\u00e1lva az egyes \u00edzekben rejl\u0151 lehet\u0151s\u00e9geket.<\/p>\n<h5>Megb\u00edzhatok benne?<\/h5>\n<p>T\u00e1mogatjuk a PayPal fizet\u00e9si \u00e9s v\u00e1s\u00e1rl\u00f3v\u00e9delmi szolg\u00e1ltat\u00e1st.<br \/>\nA k\u00f6vetkez\u0151 oldalakon is megn\u00e9zheti v\u00e9lem\u00e9ny\u00fcnket <a href=\"https:\/\/www.trustpilot.com\/review\/volovape.com?utm_medium=trustbox&amp;utm_source=TrustBoxReviewCollector\">TrustPilot<\/a><\/p>","protected":false},"excerpt":{"rendered":"<p>Szabad\u00edtsa fel a g\u0151z\u00f6l\u00e9si kitart\u00e1st a WASPE 30000 Puffs eldobhat\u00f3 vape-vel. Tartalmaz 28 ml e-folyad\u00e9kot, 850mAh akkumul\u00e1tort, kett\u0151s h\u00e1l\u00f3s tekercset \u00e9s 16 \u00edzt. T\u00f6meges nagykereskedelem el\u00e9rhet\u0151, C t\u00edpus\u00fa t\u00f6lt\u00e9s.<\/p>","protected":false},"featured_media":1491,"comment_status":"open","ping_status":"closed","template":"","meta":[],"product_brand":[],"product_cat":[46,63,21,18,39,20,23,24,22,25,26,27,28,29,30,31,32,33,34,35,44,36,40,17],"product_tag":[],"class_list":{"0":"post-1269","1":"product","2":"type-product","3":"status-publish","4":"has-post-thumbnail","6":"product_cat-fihp","7":"product_cat-30000-puffs-disposable-vape","8":"product_cat-big-puffs-vapes","9":"product_cat-different-puffs-of-disposable-vapes","10":"product_cat-digital-box-vapes","11":"product_cat-disposable-vape-types","12":"product_cat-disposable-vapes-in-austria","13":"product_cat-disposable-vapes-in-belgium","14":"product_cat-disposable-vapes-in-europe","15":"product_cat-disposable-vapes-in-france","16":"product_cat-disposable-vapes-in-germany","17":"product_cat-disposable-vapes-in-hungary","18":"product_cat-disposable-vapes-in-ltaly","19":"product_cat-disposable-vapes-in-netherlands","20":"product_cat-disposable-vapes-in-norway","21":"product_cat-disposable-vapes-in-poland","22":"product_cat-disposable-vapes-in-portugal","23":"product_cat-disposable-vapes-in-spain","24":"product_cat-disposable-vapes-in-sweden","25":"product_cat-disposable-vapes-in-switzerland","26":"product_cat-dual-mesh-vapes","27":"product_cat-rechargeable-vapes","28":"product_cat-smart-screen-vapes","29":"product_cat-waspe","31":"first","32":"instock","33":"shipping-taxable","34":"purchasable","35":"product-type-variable","36":"has-default-attributes"},"jetpack_sharing_enabled":true,"tiered_pricing_type":"fixed","tiered_pricing_fixed_rules":{"2000":5.5},"tiered_pricing_product_settings":{"layout":"default","base_unit_name":{"singular":null,"plural":null},"default_variation":null},"tiered_pricing_minimum_quantity":1000,"tiered_pricing_roles_data":[],"tiered_pricing_percentage_rules":[],"tiered_pricing_maximum_quantity":null,"tiered_pricing_quantity_step":"10","_links":{"self":[{"href":"https:\/\/volovape.com\/hu\/wp-json\/wp\/v2\/product\/1269","targetHints":{"allow":["GET"]}}],"collection":[{"href":"https:\/\/volovape.com\/hu\/wp-json\/wp\/v2\/product"}],"about":[{"href":"https:\/\/volovape.com\/hu\/wp-json\/wp\/v2\/types\/product"}],"replies":[{"embeddable":true,"href":"https:\/\/volovape.com\/hu\/wp-json\/wp\/v2\/comments?post=1269"}],"wp:featuredmedia":[{"embeddable":true,"href":"https:\/\/volovape.com\/hu\/wp-json\/wp\/v2\/media\/1491"}],"wp:attachment":[{"href":"https:\/\/volovape.com\/hu\/wp-json\/wp\/v2\/media?parent=1269"}],"wp:term":[{"taxonomy":"product_brand","embeddable":true,"href":"https:\/\/volovape.com\/hu\/wp-json\/wp\/v2\/product_brand?post=1269"},{"taxonomy":"product_cat","embeddable":true,"href":"https:\/\/volovape.com\/hu\/wp-json\/wp\/v2\/product_cat?post=1269"},{"taxonomy":"product_tag","embeddable":true,"href":"https:\/\/volovape.com\/hu\/wp-json\/wp\/v2\/product_tag?post=1269"}],"curies":[{"name":"wp","href":"https:\/\/api.w.org\/{rel}","templated":true}]}}