{"id":1242,"date":"2024-11-21T03:39:04","date_gmt":"2024-11-21T03:39:04","guid":{"rendered":"https:\/\/volovape.com\/?post_type=product&#038;p=1242"},"modified":"2025-11-11T03:20:43","modified_gmt":"2025-11-11T03:20:43","slug":"vapme-shisha-pro-max-20000-fujas","status":"publish","type":"product","link":"https:\/\/volovape.com\/hu\/product\/vapme-shisha-pro-max-20000-puffs\/","title":{"rendered":"VAPME Shisha Pro Max 20000 puffs eldobhat\u00f3 vape - 28ml Shisha ihlette \u00edz er\u0151m\u0171"},"content":{"rendered":"<p><strong>VAPME SHISHA PRO MAX 20000 Puffs Eldobhat\u00f3 Vape<\/strong> - Tapasztalja meg a Shisha ihlette \u00edzeket p\u00e1ratlan tart\u00f3ss\u00e1ggal.<\/p>\n<p>Mer\u00fclj\u00f6n el a shisha \u00edzek gazdag, v\u00e1ltozatos vil\u00e1g\u00e1ban a <strong>VAPME SHISHA PRO MAX 20000<\/strong>. Ez a nagy kapacit\u00e1s\u00fa eldobhat\u00f3 vape leny\u0171g\u00f6z\u0151 20.000 puffot biztos\u00edt, amelyet egy hatalmas 28 ml-es e-folyad\u00e9k tart\u00e1ly \u00e9s egy 650mAh \u00fajrat\u00f6lthet\u0151 akkumul\u00e1tor t\u00e1pl\u00e1l, C-t\u00edpus\u00fa t\u00f6lt\u00e9ssel. \u00c9lvezze a hosszan tart\u00f3, kiel\u00e9g\u00edt\u0151 p\u00e1rologtat\u00e1si \u00e9lm\u00e9nyt 24 egyedi \u00edzv\u00e1laszt\u00e9kkal, amelyeket \u00fagy terveztek, hogy a hagyom\u00e1nyos shisha autentikus \u00edz\u00e9t ut\u00e1nozz\u00e1k. T\u00f6k\u00e9letes szem\u00e9lyes haszn\u00e1latra vagy eldobhat\u00f3 vape nagykereskedelemre, ez a k\u00e9sz\u00fcl\u00e9k egyszerre k\u00edn\u00e1l k\u00e9nyelmet \u00e9s kiv\u00e9teles teljes\u00edtm\u00e9nyt.<\/p>\n<h3><strong>VAPME SHISHA PRO MAX 20000 Jellemz\u0151k\uff1a<\/strong><\/h3>\n<ul>\n<li>Puff: 20,000 puffan\u00e1sig<\/li>\n<li>E-folyad\u00e9k Kapacit\u00e1s: 28ml<\/li>\n<li>Akkumul\u00e1tor: 650mAh (\u00fajrat\u00f6lthet\u0151)<\/li>\n<li>T\u00f6lt\u00e9s: C-t\u00edpus\u00fa<\/li>\n<li>24 egyedi Shisha ihlette \u00edzvil\u00e1g<\/li>\n<li>Eldobhat\u00f3 eszk\u00f6z<\/li>\n<\/ul>\n<h4>GYIK<\/h4>\n<h5>Milyen sz\u00e1ll\u00edt\u00e1si m\u00f3dokat haszn\u00e1lnak?<\/h5>\n<p>Egy\u00fcttm\u0171k\u00f6d\u00fcnk a UPS\/DHL\/FEDEX\/DPD-vel, stb. A sz\u00e1ll\u00edt\u00e1si orsz\u00e1gt\u00f3l f\u00fcgg\u0151en kiv\u00e1lasztjuk a megfelel\u0151 sz\u00e1ll\u00edt\u00e1si lehet\u0151s\u00e9get, hogy a lehet\u0151 leggyorsabban megkapja a term\u00e9keket.<\/p>\n<h5>Mennyi id\u0151 alatt \u00e9rkezik meg?<\/h5>\n<p>Ez \u00e1ltal\u00e1ban 7-15 munkanapot vesz ig\u00e9nybe, munkasz\u00fcneti napokon vagy rossz id\u0151j\u00e1r\u00e1si k\u00f6r\u00fclm\u00e9nyek k\u00f6z\u00f6tt ak\u00e1r 20 munkanapot is ig\u00e9nybe vehet.<\/p>\n<h5>\u00c1tmehet a v\u00e1mon, \u00e9s okozhat-e ez nekem b\u00e1rmilyen probl\u00e9m\u00e1t?<\/h5>\n<p>Garant\u00e1ljuk, hogy nem lesz semmi gondja, mivel mi gondoskodunk a v\u00e1mkezel\u00e9sr\u0151l, \u00e9s nem lesznek ad\u00f3k vagy d\u00edjak. Garant\u00e1ljuk, hogy 100% term\u00e9keink v\u00e1mkezel\u00e9sre ker\u00fclnek.<\/p>\n<h5>H\u00e1ny k\u00fcl\u00f6nb\u00f6z\u0151 \u00edzes\u00edt\u00e9s\u0171 term\u00e9k \u00e1ll rendelkez\u00e9sre?<\/h5>\n<p>A VAPME SHISHA PRO MAX 24 egyedi \u00edzb\u0151l \u00e1ll\u00f3 sz\u00e9les v\u00e1laszt\u00e9kot k\u00edn\u00e1l, amelyek mindegyike gondosan kidolgozott, hogy a hagyom\u00e1nyos shisha gazdag \u00e9s v\u00e1ltozatos \u00edz\u00e9t reproduk\u00e1lja.<\/p>\n<h5>Megb\u00edzhatok benne?<\/h5>\n<p>T\u00e1mogatjuk a PayPal fizet\u00e9si \u00e9s v\u00e1s\u00e1rl\u00f3v\u00e9delmi szolg\u00e1ltat\u00e1st.<br \/>\nA k\u00f6vetkez\u0151 oldalakon is megn\u00e9zheti v\u00e9lem\u00e9ny\u00fcnket <a href=\"https:\/\/www.trustpilot.com\/review\/volovape.com?utm_medium=trustbox&amp;utm_source=TrustBoxReviewCollector\">TrustPilot<\/a>.<\/p>","protected":false},"excerpt":{"rendered":"<p>VAPME SHISHA PRO MAX 20000 Puffs eldobhat\u00f3 vape \u00f6mlesztve. \u00c9lvezze a gazdag shisha ihlette \u00edzeket, 28ml e-folyad\u00e9k, gyors t\u00f6lt\u00e9s. T\u00f6k\u00e9letes a nagykereskedelmi vape besz\u00e1ll\u00edt\u00f3k \u00e9s viszontelad\u00f3k sz\u00e1m\u00e1ra.<\/p>","protected":false},"featured_media":1483,"comment_status":"open","ping_status":"closed","template":"","meta":[],"product_brand":[],"product_cat":[49,42,21,18,20,23,24,22,25,26,27,28,29,30,31,32,33,34,35,36,47,40],"product_tag":[],"class_list":{"0":"post-1242","1":"product","2":"type-product","3":"status-publish","4":"has-post-thumbnail","6":"product_cat-vapme","7":"product_cat-20000-puffs-disposable-vape","8":"product_cat-big-puffs-vapes","9":"product_cat-different-puffs-of-disposable-vapes","10":"product_cat-disposable-vape-types","11":"product_cat-disposable-vapes-in-austria","12":"product_cat-disposable-vapes-in-belgium","13":"product_cat-disposable-vapes-in-europe","14":"product_cat-disposable-vapes-in-france","15":"product_cat-disposable-vapes-in-germany","16":"product_cat-disposable-vapes-in-hungary","17":"product_cat-disposable-vapes-in-ltaly","18":"product_cat-disposable-vapes-in-netherlands","19":"product_cat-disposable-vapes-in-norway","20":"product_cat-disposable-vapes-in-poland","21":"product_cat-disposable-vapes-in-portugal","22":"product_cat-disposable-vapes-in-spain","23":"product_cat-disposable-vapes-in-sweden","24":"product_cat-disposable-vapes-in-switzerland","25":"product_cat-rechargeable-vapes","26":"product_cat-shisha-hookah-vapes","27":"product_cat-smart-screen-vapes","29":"first","30":"instock","31":"shipping-taxable","32":"purchasable","33":"product-type-variable","34":"has-default-attributes"},"jetpack_sharing_enabled":true,"tiered_pricing_type":"fixed","tiered_pricing_fixed_rules":{"2000":5.5999999999999996447286321199499070644378662109375},"tiered_pricing_product_settings":{"layout":"default","base_unit_name":{"singular":null,"plural":null},"default_variation":null},"tiered_pricing_minimum_quantity":1000,"tiered_pricing_roles_data":[],"tiered_pricing_percentage_rules":[],"tiered_pricing_maximum_quantity":null,"tiered_pricing_quantity_step":"10","_links":{"self":[{"href":"https:\/\/volovape.com\/hu\/wp-json\/wp\/v2\/product\/1242","targetHints":{"allow":["GET"]}}],"collection":[{"href":"https:\/\/volovape.com\/hu\/wp-json\/wp\/v2\/product"}],"about":[{"href":"https:\/\/volovape.com\/hu\/wp-json\/wp\/v2\/types\/product"}],"replies":[{"embeddable":true,"href":"https:\/\/volovape.com\/hu\/wp-json\/wp\/v2\/comments?post=1242"}],"wp:featuredmedia":[{"embeddable":true,"href":"https:\/\/volovape.com\/hu\/wp-json\/wp\/v2\/media\/1483"}],"wp:attachment":[{"href":"https:\/\/volovape.com\/hu\/wp-json\/wp\/v2\/media?parent=1242"}],"wp:term":[{"taxonomy":"product_brand","embeddable":true,"href":"https:\/\/volovape.com\/hu\/wp-json\/wp\/v2\/product_brand?post=1242"},{"taxonomy":"product_cat","embeddable":true,"href":"https:\/\/volovape.com\/hu\/wp-json\/wp\/v2\/product_cat?post=1242"},{"taxonomy":"product_tag","embeddable":true,"href":"https:\/\/volovape.com\/hu\/wp-json\/wp\/v2\/product_tag?post=1242"}],"curies":[{"name":"wp","href":"https:\/\/api.w.org\/{rel}","templated":true}]}}