{"id":1240,"date":"2024-11-21T03:39:04","date_gmt":"2024-11-21T03:39:04","guid":{"rendered":"https:\/\/volovape.com\/?post_type=product&#038;p=1240"},"modified":"2025-08-07T08:19:48","modified_gmt":"2025-08-07T08:19:48","slug":"elveszett-mary-mo10000","status":"publish","type":"product","link":"https:\/\/volovape.com\/hu\/product\/lost-mary-mo10000\/","title":{"rendered":"Lost Mary MO10000 Eldobhat\u00f3 Vape - 10,000 Puffs, Mesh Coil, Dry Hit megel\u0151z\u00e9s"},"content":{"rendered":"<p><strong>Lost Mary MO10000 Eldobhat\u00f3 Vape<\/strong> - Tapasztalja meg a 10.000 puff tiszta \u00edz\u00e9t a fejlett Dry Hit megel\u0151z\u00e9ssel.<\/p>\n<p>Mer\u00fclj\u00f6n el egy hosszabb vaping utaz\u00e1sba a Lost Mary MO10000-zal, amely ak\u00e1r 10.000 slukkot is biztos\u00edt egy nagyvonal\u00fa 18 ml-es e-folyad\u00e9k kapacit\u00e1ssal. Ez a nagy kapacit\u00e1s\u00fa eldobhat\u00f3 vape 600mAh-s \u00fajrat\u00f6lthet\u0151 akkumul\u00e1torral m\u0171k\u00f6dik, \u00edgy eg\u00e9sz nap \u00e1ram alatt marad. \u00c9lvezze a gazdag, egyenletes \u00edzt a kifinomult h\u00e1l\u00f3s tekercs technol\u00f3gi\u00e1nak k\u00f6sz\u00f6nhet\u0151en, \u00e9s ne agg\u00f3djon az \u00e9gett tal\u00e1latok miatt az innovat\u00edv dry hit prevention funkci\u00f3val. A 15 egyedi \u00edzb\u0151l \u00e1ll\u00f3 v\u00e1ltozatos v\u00e1laszt\u00e9kban kaphat\u00f3, a Blue Dragon Fruit Peach-t\u0151l az Strawberry Grapefruitig, ez a k\u00e9sz\u00fcl\u00e9k minden \u00edzl\u00e9st kiel\u00e9g\u00edt. A Lost Mary MO10000 t\u00f6k\u00e9letes szem\u00e9lyes haszn\u00e1latra vagy nagybani megrendel\u00e9sre, a Lost Mary MO10000 a k\u00e9nyelmet kiv\u00e1l\u00f3 teljes\u00edtm\u00e9nnyel \u00f6tv\u00f6zi. Eleg\u00e1ns, csillog\u00f3, hull\u00e1mos kialak\u00edt\u00e1sa eleganci\u00e1t k\u00f6lcs\u00f6n\u00f6z a p\u00e1rologtat\u00e1s \u00e9lm\u00e9ny\u00e9nek. Ide\u00e1lis azok sz\u00e1m\u00e1ra, akik pr\u00e9mium kateg\u00f3ri\u00e1s eldobhat\u00f3 vape-t keresnek hossz\u00fa t\u00e1v\u00fa teljes\u00edtm\u00e9nnyel.<\/p>\n<h3><strong>Lost Mary MO10000 Jellemz\u0151k:<\/strong><\/h3>\n<ul>\n<li>Puff: 10,000-ig<\/li>\n<li>E-folyad\u00e9k Kapacit\u00e1s: 18ml<\/li>\n<li>Akkumul\u00e1tor: 600mAh (\u00fajrat\u00f6lthet\u0151)<\/li>\n<li>T\u00f6lt\u00e9s: C-t\u00edpus\u00fa<\/li>\n<li>Tekercs: Tekercs: Finom\u00edtott h\u00e1l\u00f3s tekercs<\/li>\n<li>Nikotin er\u0151ss\u00e9g: 5% (20mg\/ml)<\/li>\n<li>Tervez\u00e9s: Shimmering Ripple<\/li>\n<li>Intelligens sz\u00e1raz\u00fct\u00e9s-megel\u0151z\u00e9s<\/li>\n<\/ul>\n<h4>GYIK<\/h4>\n<h5>Hogyan m\u0171k\u00f6dik a dry hit megel\u0151z\u00e9s?<\/h5>\n<p>A Lost Mary MO10000 intelligens technol\u00f3gi\u00e1val k\u00e9sz\u00fclt, amely figyeli a tekercs \u00e9s az e-folyad\u00e9k szintj\u00e9t. Ez a rendszer automatikusan be\u00e1ll\u00edtja az energiaell\u00e1t\u00e1st, hogy megakad\u00e1lyozza a tekercs t\u00falmeleged\u00e9s\u00e9t, biztos\u00edtva az egyenletes \u00edzt \u00e9s megel\u0151zve az \u00e9gett \u00edzeket, minden alkalommal sima \u00e9s \u00e9lvezetes vape-t biztos\u00edtva.<\/p>\n<h5>Milyen sz\u00e1ll\u00edt\u00e1si m\u00f3dokat haszn\u00e1lnak?<\/h5>\n<p>Egy\u00fcttm\u0171k\u00f6d\u00fcnk a UPS\/DHL\/FEDEX\/DPD-vel, stb. A sz\u00e1ll\u00edt\u00e1si orsz\u00e1gt\u00f3l f\u00fcgg\u0151en kiv\u00e1lasztjuk a megfelel\u0151 sz\u00e1ll\u00edt\u00e1si lehet\u0151s\u00e9get, hogy a lehet\u0151 leggyorsabban megkapja a term\u00e9keket.<\/p>\n<h5>Mennyi id\u0151 alatt \u00e9rkezik meg?<\/h5>\n<p>Ez \u00e1ltal\u00e1ban 7-15 munkanapot vesz ig\u00e9nybe, munkasz\u00fcneti napokon vagy rossz id\u0151j\u00e1r\u00e1si k\u00f6r\u00fclm\u00e9nyek k\u00f6z\u00f6tt ak\u00e1r 20 munkanapot is ig\u00e9nybe vehet.<\/p>\n<h5>\u00c1tmehet a v\u00e1mon, \u00e9s okozhat-e ez nekem b\u00e1rmilyen probl\u00e9m\u00e1t?<\/h5>\n<p>Garant\u00e1ljuk, hogy nem lesz semmi gondja, mivel mi gondoskodunk a v\u00e1mkezel\u00e9sr\u0151l, \u00e9s nem lesznek ad\u00f3k vagy d\u00edjak. Garant\u00e1ljuk, hogy 100% term\u00e9keink v\u00e1mkezel\u00e9sre ker\u00fclnek.<\/p>\n<h5>Megb\u00edzhatok benne?<\/h5>\n<p>T\u00e1mogatjuk a PayPal fizet\u00e9si \u00e9s v\u00e1s\u00e1rl\u00f3v\u00e9delmi szolg\u00e1ltat\u00e1st. \u00d6n is ellen\u0151rizze a v\u00e9lem\u00e9ny\u00fcnket a <a href=\"https:\/\/www.trustpilot.com\/review\/volovape.com?utm_medium=trustbox&amp;utm_source=TrustBoxReviewCollector\">TrustPilot<\/a>.<\/p>","protected":false},"excerpt":{"rendered":"<p>Emelje a p\u00e1rologtat\u00e1st a Lost Mary MO10000 eldobhat\u00f3 vape-vel. 18ml e-folyad\u00e9kot, 600mAh akkumul\u00e1tort, h\u00e1l\u00f3s tekercset, dry hit megel\u0151z\u00e9st, 5% nikotint k\u00edn\u00e1l. T\u00f6meges nagykereskedelem, t\u00f6bbf\u00e9le \u00edz, C t\u00edpus\u00fa t\u00f6lt\u00e9s.<\/p>","protected":false},"featured_media":1437,"comment_status":"open","ping_status":"closed","template":"","meta":[],"product_brand":[],"product_cat":[73,57,21,18,20,23,24,22,25,26,27,28,29,30,31,32,33,34,35,36],"product_tag":[],"class_list":{"0":"post-1240","1":"product","2":"type-product","3":"status-publish","4":"has-post-thumbnail","6":"product_cat-lost-mary","7":"product_cat-10000-puffs-disposable-vape","8":"product_cat-big-puffs-vapes","9":"product_cat-different-puffs-of-disposable-vapes","10":"product_cat-disposable-vape-types","11":"product_cat-disposable-vapes-in-austria","12":"product_cat-disposable-vapes-in-belgium","13":"product_cat-disposable-vapes-in-europe","14":"product_cat-disposable-vapes-in-france","15":"product_cat-disposable-vapes-in-germany","16":"product_cat-disposable-vapes-in-hungary","17":"product_cat-disposable-vapes-in-ltaly","18":"product_cat-disposable-vapes-in-netherlands","19":"product_cat-disposable-vapes-in-norway","20":"product_cat-disposable-vapes-in-poland","21":"product_cat-disposable-vapes-in-portugal","22":"product_cat-disposable-vapes-in-spain","23":"product_cat-disposable-vapes-in-sweden","24":"product_cat-disposable-vapes-in-switzerland","25":"product_cat-rechargeable-vapes","27":"first","28":"instock","29":"shipping-taxable","30":"purchasable","31":"product-type-variable","32":"has-default-attributes"},"jetpack_sharing_enabled":true,"tiered_pricing_type":"fixed","tiered_pricing_fixed_rules":{"2000":6.5},"tiered_pricing_product_settings":{"layout":"default","base_unit_name":{"singular":null,"plural":null},"default_variation":null},"tiered_pricing_minimum_quantity":1000,"tiered_pricing_roles_data":[],"tiered_pricing_percentage_rules":[],"tiered_pricing_maximum_quantity":null,"tiered_pricing_quantity_step":"100","_links":{"self":[{"href":"https:\/\/volovape.com\/hu\/wp-json\/wp\/v2\/product\/1240","targetHints":{"allow":["GET"]}}],"collection":[{"href":"https:\/\/volovape.com\/hu\/wp-json\/wp\/v2\/product"}],"about":[{"href":"https:\/\/volovape.com\/hu\/wp-json\/wp\/v2\/types\/product"}],"replies":[{"embeddable":true,"href":"https:\/\/volovape.com\/hu\/wp-json\/wp\/v2\/comments?post=1240"}],"wp:featuredmedia":[{"embeddable":true,"href":"https:\/\/volovape.com\/hu\/wp-json\/wp\/v2\/media\/1437"}],"wp:attachment":[{"href":"https:\/\/volovape.com\/hu\/wp-json\/wp\/v2\/media?parent=1240"}],"wp:term":[{"taxonomy":"product_brand","embeddable":true,"href":"https:\/\/volovape.com\/hu\/wp-json\/wp\/v2\/product_brand?post=1240"},{"taxonomy":"product_cat","embeddable":true,"href":"https:\/\/volovape.com\/hu\/wp-json\/wp\/v2\/product_cat?post=1240"},{"taxonomy":"product_tag","embeddable":true,"href":"https:\/\/volovape.com\/hu\/wp-json\/wp\/v2\/product_tag?post=1240"}],"curies":[{"name":"wp","href":"https:\/\/api.w.org\/{rel}","templated":true}]}}