{"id":1167,"date":"2024-11-21T03:37:57","date_gmt":"2024-11-21T03:37:57","guid":{"rendered":"https:\/\/volovape.com\/?post_type=product&#038;p=1167"},"modified":"2025-07-13T13:48:06","modified_gmt":"2025-07-13T13:48:06","slug":"vapsolo-dg18000-fujas","status":"publish","type":"product","link":"https:\/\/volovape.com\/hu\/product\/vapsolo-dg18000-puffs\/","title":{"rendered":"Vapsolo DG18000 Puffs eldobhat\u00f3 vape - 28ml kapacit\u00e1s, 0.9\u03a9 ellen\u00e1ll\u00e1s"},"content":{"rendered":"<p><iframe title=\"VideoPress Video Player\" aria-label='VideoPress Video Player' width='500' height='281' src='https:\/\/videopress.com\/embed\/ss3cmXiS?hd=0&amp;cover=1' frameborder='0' allowfullscreen allow='clipboard-write'><\/iframe><script src='https:\/\/v0.wordpress.com\/js\/next\/videopress-iframe.js?m=1739540970'><\/script><\/p>\n<p><strong>Vapsolo DG18000 Puffs eldobhat\u00f3 vape<\/strong> - P\u00e1ratlan \u00e9lettartam \u00e9s sima g\u0151z egy nagy kapacit\u00e1s\u00fa k\u00e9sz\u00fcl\u00e9kben.<\/p>\n<p>A <strong>Vapsolo DG18000 Puffok<\/strong> Az eldobhat\u00f3 vape olyan vaperek sz\u00e1m\u00e1ra k\u00e9sz\u00fclt, akik ig\u00e9nylik a hosszabb haszn\u00e1latot \u00e9s a kiv\u00e1l\u00f3 teljes\u00edtm\u00e9nyt. A leny\u0171g\u00f6z\u0151 <strong>18,000 puff<\/strong> kapacit\u00e1s, egy hatalmas <strong>28ml e-folyad\u00e9k tart\u00e1ly<\/strong>\u00e9s a <strong>650mAh \u00fajrat\u00f6lthet\u0151 akkumul\u00e1tor<\/strong>, ez a k\u00e9sz\u00fcl\u00e9k p\u00e1ratlanul hossz\u00fa \u00e9lettartamot \u00e9s k\u00e9nyelmet k\u00edn\u00e1l. Az optimaliz\u00e1lt <strong>0.9\u03a9 ellen\u00e1ll\u00e1s<\/strong> egyenletesen sima \u00e9s \u00edzletes g\u0151ztermel\u00e9st biztos\u00edt. V\u00e1lasszon a k\u00f6vetkez\u0151k k\u00f6z\u00fcl <strong>2% \u00e9s 5% nikotin er\u0151ss\u00e9g\u0171ek<\/strong>. A Vapsolo DG18000 ide\u00e1lis a hossz\u00fa t\u00e1v\u00fa \u00e9lvezetet keres\u0151 p\u00e1rologtat\u00f3k sz\u00e1m\u00e1ra, \u00e9s t\u00f6k\u00e9letes szem\u00e9lyes haszn\u00e1latra. <strong>eldobhat\u00f3 vape nagykereskedelem<\/strong>. <strong>T\u00f6meges rendel\u00e9s<\/strong> lehet\u0151s\u00e9gek \u00e1llnak rendelkez\u00e9sre a kiskeresked\u0151k sz\u00e1m\u00e1ra.<\/p>\n<h3><strong>Vapsolo DG18000 Puffs Jellemz\u0151k:<\/strong><\/h3>\n<ul>\n<li>Puff: 18,000-ig<\/li>\n<li>E-folyad\u00e9k Kapacit\u00e1s: 28ml<\/li>\n<li>Akkumul\u00e1tor: 650mAh (\u00fajrat\u00f6lthet\u0151)<\/li>\n<li>T\u00f6lt\u00e9s: C-t\u00edpus\u00fa<\/li>\n<li>Ellen\u00e1ll\u00e1s: 0.9\u03a9<\/li>\n<li>Nikotin Er\u0151ss\u00e9gek: 2%, 5%<\/li>\n<li>Kaphat\u00f3 \u00edzek: A k\u00f6vetkez\u0151 \u00edzek: Barack Mang\u00f3 Anan\u00e1sz, Passion Fruit Kiwi Ice, \u00c1fonya Cherry Cranberry, G\u00f6r\u00f6gdinnye Ice, Eper Kiwi, Citrom Lime, Eper Ban\u00e1n, Red Bull, Vegyes bogy\u00f3s gy\u00fcm\u00f6lcs\u00f6k, Prime Strawberry Watermelon.<\/li>\n<\/ul>\n<h4>GYIK<\/h4>\n<h5>Hogyan n\u00f6veli a 0,9\u03a9 ellen\u00e1ll\u00e1s a p\u00e1rologtat\u00e1si \u00e9lm\u00e9nyt?<\/h5>\n<p>A 0,9\u03a9-os ellen\u00e1ll\u00e1st kifejezetten \u00fagy tervezt\u00e9k, hogy egyens\u00falyt biztos\u00edtson az \u00edz \u00e9s a g\u0151ztermel\u00e9s k\u00f6z\u00f6tt. Ez az ellen\u00e1ll\u00e1s biztos\u00edtja a k\u00f6vetkezetes \u00e9s egyenletes g\u0151zk\u00e9pz\u0151d\u00e9st, gazdag \u00e9s kiel\u00e9g\u00edt\u0151 \u00edzeket biztos\u00edtva minden egyes slukkol\u00e1ssal. A k\u00e9nyelmes \u00e9s \u00e9lvezetes g\u0151z\u00f6l\u00e9si \u00e9lm\u00e9nyhez van optimaliz\u00e1lva.<\/p>\n<h5>Milyen el\u0151ny\u00f6kkel j\u00e1r a 18 000 puff kapacit\u00e1s \u00e9s a 28 ml-es e-folyad\u00e9k tart\u00e1ly?<\/h5>\n<p>A 18 000 puff kapacit\u00e1s \u00e9s a 28 ml-es e-folyad\u00e9k tart\u00e1ly hosszabb haszn\u00e1latot biztos\u00edt, \u00edgy minim\u00e1lisra cs\u00f6kkentve a gyakori cser\u00e9k sz\u00fcks\u00e9gess\u00e9g\u00e9t. Ez\u00e1ltal a Vapsolo DG18000 ide\u00e1lis azoknak a felhaszn\u00e1l\u00f3knak, akik hossz\u00fa \u00e9lettartam\u00fa \u00e9s k\u00e9nyelmes p\u00e1rologtat\u00e1si megold\u00e1st szeretn\u00e9nek, amely t\u00f6k\u00e9letes utaz\u00e1shoz vagy napi haszn\u00e1latra.<\/p>\n<h5>Milyen gyorsan t\u00f6lt\u0151dik fel a 650mAh-s akkumul\u00e1tor?<\/h5>\n<p>A 650mAh-s akkumul\u00e1tor t\u00e1mogatja a hossz\u00fa g\u0151z\u00f6l\u00e9si munkameneteket, \u00e9s gyorsan felt\u00f6lt\u0151dik a Type-C t\u00f6lt\u00e9sen kereszt\u00fcl. Ez minim\u00e1lis le\u00e1ll\u00e1si id\u0151t biztos\u00edt, \u00edgy hosszas v\u00e1rakoz\u00e1s n\u00e9lk\u00fcl \u00e9lvezheti k\u00e9sz\u00fcl\u00e9k\u00e9t.<\/p>\n<h5>Milyen sz\u00e1ll\u00edt\u00e1si m\u00f3dokat haszn\u00e1lnak?<\/h5>\n<p>A hat\u00e9kony \u00e9s biztons\u00e1gos k\u00e9zbes\u00edt\u00e9s \u00e9rdek\u00e9ben olyan megb\u00edzhat\u00f3 sz\u00e1ll\u00edtm\u00e1nyoz\u00f3kkal dolgozunk egy\u00fctt, mint a UPS, a DHL, a FedEx \u00e9s a DPD. A legmegfelel\u0151bb sz\u00e1ll\u00edt\u00e1si m\u00f3dot v\u00e1lasztjuk ki az \u00d6n tart\u00f3zkod\u00e1si helye alapj\u00e1n, hogy megrendel\u00e9se a lehet\u0151 leggyorsabban eljusson \u00d6nh\u00f6z.<\/p>\n<h5>Megb\u00edzhatok a v\u00e1s\u00e1rl\u00e1somban?<\/h5>\n<p>Els\u0151bbs\u00e9get biztos\u00edtunk az \u00fcgyfelek el\u00e9gedetts\u00e9g\u00e9nek, \u00e9s biztons\u00e1gos fizet\u00e9si lehet\u0151s\u00e9geket k\u00edn\u00e1lunk, bele\u00e9rtve a PayPal-t a v\u00e1s\u00e1rl\u00f3 v\u00e9delm\u00e9vel. A TrustPiloton megtekintheti a v\u00e1s\u00e1rl\u00f3i \u00e9rt\u00e9kel\u00e9seket is: <a href=\"https:\/\/www.trustpilot.com\/review\/volovape.com?utm_medium=trustbox&amp;utm_source=TrustBoxReviewCollector\">TrustPilot<\/a>.<\/p>","protected":false},"excerpt":{"rendered":"<p>K\u00e9szletezze fel az Vapsolo DG18000 Puffs eldobhat\u00f3 vape \u00f6mlesztve. A 28 ml e-folyad\u00e9k, a 2% \u00e9s 5% nikotinopci\u00f3k \u00e9s a sima g\u0151z ide\u00e1lis a nagykereskedelmi vape besz\u00e1ll\u00edt\u00f3k \u00e9s kiskeresked\u0151k sz\u00e1m\u00e1ra.<\/p>","protected":false},"featured_media":1388,"comment_status":"open","ping_status":"closed","template":"","meta":[],"product_brand":[],"product_cat":[72,50,21,18,39,20,23,24,22,25,26,27,28,29,30,31,32,33,34,35,36,40],"product_tag":[],"class_list":{"0":"post-1167","1":"product","2":"type-product","3":"status-publish","4":"has-post-thumbnail","6":"product_cat-vapsolo","7":"product_cat-18000-puffs-disposable-vape","8":"product_cat-big-puffs-vapes","9":"product_cat-different-puffs-of-disposable-vapes","10":"product_cat-digital-box-vapes","11":"product_cat-disposable-vape-types","12":"product_cat-disposable-vapes-in-austria","13":"product_cat-disposable-vapes-in-belgium","14":"product_cat-disposable-vapes-in-europe","15":"product_cat-disposable-vapes-in-france","16":"product_cat-disposable-vapes-in-germany","17":"product_cat-disposable-vapes-in-hungary","18":"product_cat-disposable-vapes-in-ltaly","19":"product_cat-disposable-vapes-in-netherlands","20":"product_cat-disposable-vapes-in-norway","21":"product_cat-disposable-vapes-in-poland","22":"product_cat-disposable-vapes-in-portugal","23":"product_cat-disposable-vapes-in-spain","24":"product_cat-disposable-vapes-in-sweden","25":"product_cat-disposable-vapes-in-switzerland","26":"product_cat-rechargeable-vapes","27":"product_cat-smart-screen-vapes","29":"first","30":"instock","31":"shipping-taxable","32":"purchasable","33":"product-type-variable","34":"has-default-attributes"},"jetpack_sharing_enabled":true,"tiered_pricing_type":"fixed","tiered_pricing_fixed_rules":{"2000":6.9900000000000002131628207280300557613372802734375},"tiered_pricing_product_settings":{"layout":"default","base_unit_name":{"singular":null,"plural":null},"default_variation":null},"tiered_pricing_minimum_quantity":1000,"tiered_pricing_roles_data":[],"tiered_pricing_percentage_rules":[],"tiered_pricing_maximum_quantity":null,"tiered_pricing_quantity_step":"10","_links":{"self":[{"href":"https:\/\/volovape.com\/hu\/wp-json\/wp\/v2\/product\/1167","targetHints":{"allow":["GET"]}}],"collection":[{"href":"https:\/\/volovape.com\/hu\/wp-json\/wp\/v2\/product"}],"about":[{"href":"https:\/\/volovape.com\/hu\/wp-json\/wp\/v2\/types\/product"}],"replies":[{"embeddable":true,"href":"https:\/\/volovape.com\/hu\/wp-json\/wp\/v2\/comments?post=1167"}],"wp:featuredmedia":[{"embeddable":true,"href":"https:\/\/volovape.com\/hu\/wp-json\/wp\/v2\/media\/1388"}],"wp:attachment":[{"href":"https:\/\/volovape.com\/hu\/wp-json\/wp\/v2\/media?parent=1167"}],"wp:term":[{"taxonomy":"product_brand","embeddable":true,"href":"https:\/\/volovape.com\/hu\/wp-json\/wp\/v2\/product_brand?post=1167"},{"taxonomy":"product_cat","embeddable":true,"href":"https:\/\/volovape.com\/hu\/wp-json\/wp\/v2\/product_cat?post=1167"},{"taxonomy":"product_tag","embeddable":true,"href":"https:\/\/volovape.com\/hu\/wp-json\/wp\/v2\/product_tag?post=1167"}],"curies":[{"name":"wp","href":"https:\/\/api.w.org\/{rel}","templated":true}]}}