{"id":1166,"date":"2024-11-21T03:37:57","date_gmt":"2024-11-21T03:37:57","guid":{"rendered":"https:\/\/volovape.com\/?post_type=product&#038;p=1166"},"modified":"2025-08-07T08:19:46","modified_gmt":"2025-08-07T08:19:46","slug":"vapsolo-viking-12000-fujas","status":"publish","type":"product","link":"https:\/\/volovape.com\/hu\/product\/vapsolo-viking-12000-puffs\/","title":{"rendered":"VapSolo Viking 12000 Puffs Eldobhat\u00f3 Vape - \u00c1ll\u00edthat\u00f3 l\u00e9g\u00e1raml\u00e1s, h\u00e1l\u00f3s tekercs, LCD kijelz\u0151"},"content":{"rendered":"<p><iframe title=\"VideoPress Video Player\" aria-label='VideoPress Video Player' width='500' height='281' src='https:\/\/videopress.com\/embed\/ngfVq1VJ?hd=0&amp;cover=1' frameborder='0' allowfullscreen allow='clipboard-write'><\/iframe><script src='https:\/\/v0.wordpress.com\/js\/next\/videopress-iframe.js?m=1739540970'><\/script><\/p>\n<p><strong>VapSolo Viking 12000 Puffs eldobhat\u00f3 vape<\/strong> - Szem\u00e9lyre szabott szaggat\u00e1s \u00e1ll\u00edthat\u00f3 l\u00e9g\u00e1raml\u00e1ssal \u00e9s LCD kijelz\u0151vel.<\/p>\n<p>A <strong>VapSolo Viking 12000 Puffok<\/strong> Az eldobhat\u00f3 vape szem\u00e9lyre szabhat\u00f3 g\u0151z\u00f6l\u00e9si \u00e9lm\u00e9nyt ny\u00fajt a <strong>4 fokozatban \u00e1ll\u00edthat\u00f3 l\u00e9g\u00e1raml\u00e1s<\/strong>, amely lehet\u0151v\u00e9 teszi az MTL \u00e9s DTL st\u00edlusok k\u00f6z\u00f6tti v\u00e1lt\u00e1st. Ak\u00e1r <strong>12,000 puff<\/strong>, egy nagylelk\u0171 <strong>22ml-es e-folyad\u00e9k tart\u00e1ly<\/strong>\u00e9s a <strong>650mAh \u00fajrat\u00f6lthet\u0151 akkumul\u00e1tor<\/strong>, ez a k\u00e9sz\u00fcl\u00e9k kiv\u00e9teles \u00e9rt\u00e9ket \u00e9s hossz\u00fa \u00e9lettartamot k\u00edn\u00e1l. A <strong>1.0\u03a9 h\u00e1l\u00f3s tekercs<\/strong> egyenletesen sima \u00e9s \u00edzletes g\u0151zt biztos\u00edt, m\u00edg a <strong>LCD kijelz\u0151<\/strong> val\u00f3s idej\u0171 fel\u00fcgyeletet biztos\u00edt az akkumul\u00e1tor \u00e9lettartam\u00e1r\u00f3l \u00e9s a vape \u00e1llapot\u00e1r\u00f3l. A szem\u00e9lyre szabott vez\u00e9rl\u00e9st keres\u0151 vaperek sz\u00e1m\u00e1ra ide\u00e1lis, a VapSolo Viking t\u00f6k\u00e9letes szem\u00e9lyes haszn\u00e1latra \u00e9s <strong>eldobhat\u00f3 vape nagykereskedelem<\/strong>. <strong>T\u00f6meges rendel\u00e9s<\/strong> lehet\u0151s\u00e9gek \u00e1llnak rendelkez\u00e9sre a kiskeresked\u0151k sz\u00e1m\u00e1ra.<\/p>\n<h3><strong>VapSolo Viking 12000 Puffs Jellemz\u0151k:<\/strong><\/h3>\n<ul>\n<li>Puff: Ak\u00e1r 12,000<\/li>\n<li>E-folyad\u00e9k kapacit\u00e1s: 22ml<\/li>\n<li>Akkumul\u00e1tor: 650mAh (\u00fajrat\u00f6lthet\u0151)<\/li>\n<li>T\u00f6lt\u00e9s: C-t\u00edpus\u00fa<\/li>\n<li>Tekercs: 1.0\u03a9 Mesh tekercs<\/li>\n<li>L\u00e9g\u00e1raml\u00e1s: \u00c1ll\u00edthat\u00f3 4 szintben<\/li>\n<li>Megjelen\u00edt\u00e9s: LCD (akkumul\u00e1tor \u00e9s vape \u00e1llapot)<\/li>\n<li>Kaphat\u00f3 \u00edzek: Eper m\u00e1lna, \u00e1fonya, cseresznye, g\u00f6r\u00f6gdinnye j\u00e9g, eper kiwi, eper g\u00f6r\u00f6gdinnye, \u00e1fonya cseresznye \u00e1fonya, citromos lime, gumimaci, eper ban\u00e1n, friss menta, eper m\u00e1lna j\u00e9g, citromos barack, piros alma j\u00e9g.<\/li>\n<\/ul>\n<h4>GYIK<\/h4>\n<h5>Hogyan jav\u00edtja a 4 fokozatban \u00e1ll\u00edthat\u00f3 l\u00e9g\u00e1raml\u00e1s a p\u00e1rologtat\u00e1s \u00e9lm\u00e9ny\u00e9t?<\/h5>\n<p>A 4 fokozatban \u00e1ll\u00edthat\u00f3 l\u00e9g\u00e1raml\u00e1s lehet\u0151v\u00e9 teszi a felhaszn\u00e1l\u00f3k sz\u00e1m\u00e1ra, hogy finomhangolj\u00e1k a h\u00faz\u00e1st, v\u00e1ltva a sz\u0171k MTL (sz\u00e1jb\u00f3l a t\u00fcd\u0151be) st\u00edlus k\u00f6z\u00f6tt a koncentr\u00e1ltabb \u00edz\u00e9rt \u00e9s a laz\u00e1bb DTL (k\u00f6zvetlen\u00fcl a t\u00fcd\u0151be) st\u00edlus k\u00f6z\u00f6tt a nagyobb g\u0151zfelh\u0151k\u00e9rt. Ez a sokoldal\u00fas\u00e1g kiszolg\u00e1lja az egy\u00e9ni preferenci\u00e1kat, szem\u00e9lyre szabott \u00e9s kiel\u00e9g\u00edt\u0151 g\u0151z\u00f6l\u00e9si \u00e9lm\u00e9nyt ny\u00fajtva.<\/p>\n<h5>Milyen el\u0151nyei vannak az LCD kijelz\u0151nek?<\/h5>\n<p>Az LCD kijelz\u0151 val\u00f3s idej\u0171 inform\u00e1ci\u00f3kat ny\u00fajt az akkumul\u00e1tor \u00e9lettartam\u00e1r\u00f3l \u00e9s a vape \u00e1llapot\u00e1r\u00f3l, \u00edgy a felhaszn\u00e1l\u00f3k k\u00f6nnyen nyomon k\u00f6vethetik a k\u00e9sz\u00fcl\u00e9k \u00e1llapot\u00e1t. Ez a funkci\u00f3 biztos\u00edtja, hogy mindig t\u00e1j\u00e9kozott legyen, \u00e9s ennek megfelel\u0151en tervezheti meg a p\u00e1rol\u00e1si munkameneteket, n\u00f6velve a k\u00e9nyelmet \u00e9s megel\u0151zve a v\u00e1ratlan megszak\u00edt\u00e1sokat.<\/p>\n<h5>Hogyan j\u00e1rul hozz\u00e1 az 1,0\u03a9-os h\u00e1l\u00f3s tekercs az \u00edzhez \u00e9s a g\u0151ztermel\u00e9shez?<\/h5>\n<p>Az 1,0\u03a9-os h\u00e1l\u00f3s tekercset \u00fagy tervezt\u00e9k, hogy egyenletes \u00e9s egyenletes f\u0171t\u00e9st biztos\u00edtson, ami sima, gazdag \u00e9s \u00edzletes g\u0151ztermel\u00e9st eredm\u00e9nyez. Ez a tekercs biztos\u00edtja, hogy minden egyes slukk kiel\u00e9g\u00edt\u0151 legyen, \u00e9s maximaliz\u00e1lja az e-folyad\u00e9kb\u00f3l sz\u00e1rmaz\u00f3 \u00edzadagol\u00e1st.<\/p>\n<h5>Milyen sz\u00e1ll\u00edt\u00e1si m\u00f3dokat haszn\u00e1lnak?<\/h5>\n<p>A hat\u00e9kony \u00e9s biztons\u00e1gos k\u00e9zbes\u00edt\u00e9s \u00e9rdek\u00e9ben olyan megb\u00edzhat\u00f3 sz\u00e1ll\u00edtm\u00e1nyoz\u00f3kkal dolgozunk egy\u00fctt, mint a UPS, a DHL, a FedEx \u00e9s a DPD. A legmegfelel\u0151bb sz\u00e1ll\u00edt\u00e1si m\u00f3dot v\u00e1lasztjuk ki az \u00d6n tart\u00f3zkod\u00e1si helye alapj\u00e1n, hogy megrendel\u00e9se a lehet\u0151 leggyorsabban eljusson \u00d6nh\u00f6z.<\/p>\n<h5>Megb\u00edzhatok a v\u00e1s\u00e1rl\u00e1somban?<\/h5>\n<p>Els\u0151bbs\u00e9get biztos\u00edtunk az \u00fcgyfelek el\u00e9gedetts\u00e9g\u00e9nek, \u00e9s biztons\u00e1gos fizet\u00e9si lehet\u0151s\u00e9geket k\u00edn\u00e1lunk, bele\u00e9rtve a PayPal-t a v\u00e1s\u00e1rl\u00f3 v\u00e9delm\u00e9vel. A TrustPiloton megtekintheti a v\u00e1s\u00e1rl\u00f3i \u00e9rt\u00e9kel\u00e9seket is: <a href=\"https:\/\/www.trustpilot.com\/review\/volovape.com?utm_medium=trustbox&amp;utm_source=TrustBoxReviewCollector\">TrustPilot<\/a>.<\/p>","protected":false},"excerpt":{"rendered":"<p>VapSolo Viking Viking 12000 Puffs eldobhat\u00f3 vape rendel\u00e9se \u00f6mlesztve. Az \u00e1ll\u00edthat\u00f3 l\u00e9g\u00e1raml\u00e1s, az LCD k\u00e9perny\u0151 \u00e9s a sima \u00edz t\u00f6k\u00e9letes a nagy teljes\u00edtm\u00e9ny\u0171 lehet\u0151s\u00e9geket keres\u0151 nagykereskedelmi vape v\u00e1s\u00e1rl\u00f3k \u00e9s viszontelad\u00f3k sz\u00e1m\u00e1ra.<\/p>","protected":false},"featured_media":1373,"comment_status":"open","ping_status":"closed","template":"","meta":[],"product_brand":[],"product_cat":[72,38,21,18,39,20,23,24,22,25,26,27,28,29,30,31,32,33,34,35,36,40],"product_tag":[],"class_list":{"0":"post-1166","1":"product","2":"type-product","3":"status-publish","4":"has-post-thumbnail","6":"product_cat-vapsolo","7":"product_cat-12000-puffs-disposable-vape","8":"product_cat-big-puffs-vapes","9":"product_cat-different-puffs-of-disposable-vapes","10":"product_cat-digital-box-vapes","11":"product_cat-disposable-vape-types","12":"product_cat-disposable-vapes-in-austria","13":"product_cat-disposable-vapes-in-belgium","14":"product_cat-disposable-vapes-in-europe","15":"product_cat-disposable-vapes-in-france","16":"product_cat-disposable-vapes-in-germany","17":"product_cat-disposable-vapes-in-hungary","18":"product_cat-disposable-vapes-in-ltaly","19":"product_cat-disposable-vapes-in-netherlands","20":"product_cat-disposable-vapes-in-norway","21":"product_cat-disposable-vapes-in-poland","22":"product_cat-disposable-vapes-in-portugal","23":"product_cat-disposable-vapes-in-spain","24":"product_cat-disposable-vapes-in-sweden","25":"product_cat-disposable-vapes-in-switzerland","26":"product_cat-rechargeable-vapes","27":"product_cat-smart-screen-vapes","29":"first","30":"instock","31":"shipping-taxable","32":"purchasable","33":"product-type-variable","34":"has-default-attributes"},"jetpack_sharing_enabled":true,"tiered_pricing_type":"fixed","tiered_pricing_fixed_rules":{"2000":5.6500000000000003552713678800500929355621337890625},"tiered_pricing_product_settings":{"layout":"default","base_unit_name":{"singular":null,"plural":null},"default_variation":null},"tiered_pricing_minimum_quantity":1000,"tiered_pricing_roles_data":[],"tiered_pricing_percentage_rules":[],"tiered_pricing_maximum_quantity":null,"tiered_pricing_quantity_step":"10","_links":{"self":[{"href":"https:\/\/volovape.com\/hu\/wp-json\/wp\/v2\/product\/1166","targetHints":{"allow":["GET"]}}],"collection":[{"href":"https:\/\/volovape.com\/hu\/wp-json\/wp\/v2\/product"}],"about":[{"href":"https:\/\/volovape.com\/hu\/wp-json\/wp\/v2\/types\/product"}],"replies":[{"embeddable":true,"href":"https:\/\/volovape.com\/hu\/wp-json\/wp\/v2\/comments?post=1166"}],"wp:featuredmedia":[{"embeddable":true,"href":"https:\/\/volovape.com\/hu\/wp-json\/wp\/v2\/media\/1373"}],"wp:attachment":[{"href":"https:\/\/volovape.com\/hu\/wp-json\/wp\/v2\/media?parent=1166"}],"wp:term":[{"taxonomy":"product_brand","embeddable":true,"href":"https:\/\/volovape.com\/hu\/wp-json\/wp\/v2\/product_brand?post=1166"},{"taxonomy":"product_cat","embeddable":true,"href":"https:\/\/volovape.com\/hu\/wp-json\/wp\/v2\/product_cat?post=1166"},{"taxonomy":"product_tag","embeddable":true,"href":"https:\/\/volovape.com\/hu\/wp-json\/wp\/v2\/product_tag?post=1166"}],"curies":[{"name":"wp","href":"https:\/\/api.w.org\/{rel}","templated":true}]}}