{"id":1121,"date":"2024-11-21T03:37:34","date_gmt":"2024-11-21T03:37:34","guid":{"rendered":"https:\/\/volovape.com\/?post_type=product&#038;p=1121"},"modified":"2025-07-24T07:11:26","modified_gmt":"2025-07-24T07:11:26","slug":"vapsolo-szuper-15000-fujas","status":"publish","type":"product","link":"https:\/\/volovape.com\/hu\/product\/vapsolo-super-15000-puffs\/","title":{"rendered":"Vapsolo Super 15000 puffs 4 fokozatban \u00e1ll\u00edthat\u00f3 l\u00e9g\u00e1raml\u00e1s\u00fa eldobhat\u00f3 vape - \u00fajrat\u00f6lthet\u0151 C-t\u00edpussal (2%\/5% nikotin)"},"content":{"rendered":"<p><iframe title=\"VideoPress Video Player\" aria-label='VideoPress Video Player' width='421' height='750' src='https:\/\/videopress.com\/embed\/pTqryXkY?hd=0&amp;cover=1' frameborder='0' allowfullscreen allow='clipboard-write'><\/iframe><script src='https:\/\/v0.wordpress.com\/js\/next\/videopress-iframe.js?m=1739540970'><\/script><\/p>\n<p><strong>Vapsolo Super 15000 Puffs Eldobhat\u00f3 Vape<\/strong> - Szem\u00e9lyre szabott szaggat\u00e1s a 4 szinten \u00e1ll\u00edthat\u00f3 l\u00e9g\u00e1raml\u00e1ssal.<\/p>\n<p>A <strong>Vapsolo Super 15000 Puffs<\/strong> Az eldobhat\u00f3 vape testreszabhat\u00f3 g\u0151z\u00f6l\u00e9si \u00e9lm\u00e9nyt k\u00edn\u00e1l a <strong>4 fokozatban \u00e1ll\u00edthat\u00f3 l\u00e9g\u00e1raml\u00e1s<\/strong>, amely lehet\u0151v\u00e9 teszi az MTL \u00e9s DTL st\u00edlusok k\u00f6z\u00f6tti v\u00e1lt\u00e1st. Ak\u00e1r <strong>15.000 f\u00faj\u00e1s<\/strong>, egy nagylelk\u0171 <strong>25ml e-folyad\u00e9k tart\u00e1ly<\/strong>\u00e9s a <strong>650mAh \u00fajrat\u00f6lthet\u0151 akkumul\u00e1tor<\/strong>, ez a k\u00e9sz\u00fcl\u00e9k kiv\u00e9teles \u00e9lettartamot \u00e9s k\u00e9nyelmet biztos\u00edt. A <strong>1.0\u03a9 h\u00e1l\u00f3s tekercs<\/strong> egyenletesen sima \u00e9s \u00edzletes g\u0151zt biztos\u00edt. V\u00e1lasszon a k\u00f6vetkez\u0151k k\u00f6z\u00fcl <strong>2% \u00e9s 5% nikotin er\u0151ss\u00e9g\u0171ek<\/strong>. A Vapsolo Super ide\u00e1lis a szem\u00e9lyre szabott g\u0151z\u00f6l\u00e9st kedvel\u0151 vapersek sz\u00e1m\u00e1ra, a Vapsolo Super t\u00f6k\u00e9letes szem\u00e9lyes haszn\u00e1latra \u00e9s <strong>eldobhat\u00f3 vape nagykereskedelem<\/strong>. <strong>T\u00f6meges rendel\u00e9s<\/strong> lehet\u0151s\u00e9gek \u00e1llnak rendelkez\u00e9sre a kiskeresked\u0151k sz\u00e1m\u00e1ra.<\/p>\n<h3><strong>Vapsolo Super 15000 Puffs Jellemz\u0151k:<\/strong><\/h3>\n<ul>\n<li>Puff: 15,000-ig<\/li>\n<li>E-folyad\u00e9k Kapacit\u00e1s: 25ml<\/li>\n<li>Akkumul\u00e1tor: 650mAh (\u00fajrat\u00f6lthet\u0151)<\/li>\n<li>T\u00f6lt\u00e9s: C-t\u00edpus\u00fa<\/li>\n<li>Tekercs: 1.0\u03a9 Mesh tekercs<\/li>\n<li>L\u00e9g\u00e1raml\u00e1s: \u00c1ll\u00edthat\u00f3 4 szintben<\/li>\n<li>Nikotin Er\u0151ss\u00e9gek: 2%, 5%<\/li>\n<li>Kaphat\u00f3 \u00edzek: Blue Razz, Blueberry Ice, Double Apple, Watermelon Ice, Strawberry Kiwi, Mixed Berry, Red Bull, Blueberry Cherry Cranberry, Lemon Lime, Skittles, Strawberry Banana, Raspberry Watermelon, Blueberry Cherry Cola, Black Ice Dragonfruit Strawberry.<\/li>\n<\/ul>\n<h4>GYIK<\/h4>\n<h5>Hogyan jav\u00edtja a 4 fokozatban \u00e1ll\u00edthat\u00f3 l\u00e9g\u00e1raml\u00e1s a p\u00e1rologtat\u00e1s \u00e9lm\u00e9ny\u00e9t?<\/h5>\n<p>A 4 fokozatban \u00e1ll\u00edthat\u00f3 l\u00e9g\u00e1raml\u00e1s lehet\u0151v\u00e9 teszi a felhaszn\u00e1l\u00f3k sz\u00e1m\u00e1ra, hogy testre szabj\u00e1k a h\u00faz\u00e1st, v\u00e1ltva a sz\u0171k MTL (mouth-to-lung) st\u00edlus k\u00f6z\u00f6tt a koncentr\u00e1ltabb \u00edz\u00e9rt \u00e9s a laz\u00e1bb DTL (direct-to-lung) st\u00edlus k\u00f6z\u00f6tt a nagyobb g\u0151zfelh\u0151k\u00e9rt. Ez a sokoldal\u00fas\u00e1g kiszolg\u00e1lja az egy\u00e9ni preferenci\u00e1kat, szem\u00e9lyre szabott \u00e9s kiel\u00e9g\u00edt\u0151 g\u0151z\u00f6l\u00e9si \u00e9lm\u00e9nyt ny\u00fajtva.<\/p>\n<h5>Milyen el\u0151nyei vannak az 1,0\u03a9-os h\u00e1l\u00f3s tekercsnek?<\/h5>\n<p>Az 1,0\u03a9-os h\u00e1l\u00f3s tekercset \u00fagy tervezt\u00e9k, hogy egyenletes \u00e9s egyenletes f\u0171t\u00e9st biztos\u00edtson, ami sima, gazdag \u00e9s \u00edzletes g\u0151ztermel\u00e9st eredm\u00e9nyez. Ez a tekercs biztos\u00edtja, hogy minden egyes slukk kiel\u00e9g\u00edt\u0151 legyen, \u00e9s maximaliz\u00e1lja az e-folyad\u00e9kb\u00f3l sz\u00e1rmaz\u00f3 \u00edzadagol\u00e1st.<\/p>\n<h5>Mennyi ideig b\u00edrja az akkumul\u00e1tor, \u00e9s milyen gyorsan t\u00f6lt\u0151dik fel?<\/h5>\n<p>A 650mAh-s \u00fajrat\u00f6lthet\u0151 akkumul\u00e1tort hossz\u00fa \u00e9lettartamra tervezt\u00e9k, \u00e9s ak\u00e1r 15 000 slukkot is t\u00e1mogat. A Type-C t\u00f6lt\u00e9snek k\u00f6sz\u00f6nhet\u0151en a k\u00e9sz\u00fcl\u00e9k gyorsan felt\u00f6lt\u0151dik, \u00edgy minim\u00e1lisra cs\u00f6kkentve az \u00e1ll\u00e1sid\u0151t, \u00e9s biztos\u00edtva, hogy hossz\u00fa v\u00e1rakoz\u00e1s n\u00e9lk\u00fcl \u00e9lvezhesse a vape-t.<\/p>\n<h5>Milyen sz\u00e1ll\u00edt\u00e1si m\u00f3dokat haszn\u00e1lnak?<\/h5>\n<p>A hat\u00e9kony \u00e9s biztons\u00e1gos k\u00e9zbes\u00edt\u00e9s \u00e9rdek\u00e9ben olyan megb\u00edzhat\u00f3 sz\u00e1ll\u00edtm\u00e1nyoz\u00f3kkal dolgozunk egy\u00fctt, mint a UPS, a DHL, a FedEx \u00e9s a DPD. A legmegfelel\u0151bb sz\u00e1ll\u00edt\u00e1si m\u00f3dot v\u00e1lasztjuk ki az \u00d6n tart\u00f3zkod\u00e1si helye alapj\u00e1n, hogy megrendel\u00e9se a lehet\u0151 leggyorsabban eljusson \u00d6nh\u00f6z.<\/p>\n<h5>Megb\u00edzhatok a v\u00e1s\u00e1rl\u00e1somban?<\/h5>\n<p>Els\u0151bbs\u00e9get biztos\u00edtunk az \u00fcgyfelek el\u00e9gedetts\u00e9g\u00e9nek, \u00e9s biztons\u00e1gos fizet\u00e9si lehet\u0151s\u00e9geket k\u00edn\u00e1lunk, bele\u00e9rtve a PayPal-t a v\u00e1s\u00e1rl\u00f3 v\u00e9delm\u00e9vel. A TrustPiloton megtekintheti a v\u00e1s\u00e1rl\u00f3i \u00e9rt\u00e9kel\u00e9seket is: <a href=\"https:\/\/www.trustpilot.com\/review\/volovape.com?utm_medium=trustbox&amp;utm_source=TrustBoxReviewCollector\">TrustPilot<\/a>.<\/p>","protected":false},"excerpt":{"rendered":"<p>\u00c9lvezze a szem\u00e9lyre szabott p\u00e1rologtat\u00e1st a Vapsolo Super 15000 Puffs eldobhat\u00f3 vape-vel. 15 000 puff, 25ml, \u00e1ll\u00edthat\u00f3 l\u00e9g\u00e1raml\u00e1s, 1.0\u03a9 h\u00e1l\u00f3s tekercs. 2% \u00e9s 5% nikotin. 15 \u00edzes\u00edt\u00e9s.<\/p>","protected":false},"featured_media":1364,"comment_status":"open","ping_status":"closed","template":"","meta":[],"product_brand":[],"product_cat":[72,41,21,18,20,23,24,22,25,26,27,28,29,30,31,32,33,34,35,36],"product_tag":[],"class_list":{"0":"post-1121","1":"product","2":"type-product","3":"status-publish","4":"has-post-thumbnail","6":"product_cat-vapsolo","7":"product_cat-15000-puffs-disposable-vape","8":"product_cat-big-puffs-vapes","9":"product_cat-different-puffs-of-disposable-vapes","10":"product_cat-disposable-vape-types","11":"product_cat-disposable-vapes-in-austria","12":"product_cat-disposable-vapes-in-belgium","13":"product_cat-disposable-vapes-in-europe","14":"product_cat-disposable-vapes-in-france","15":"product_cat-disposable-vapes-in-germany","16":"product_cat-disposable-vapes-in-hungary","17":"product_cat-disposable-vapes-in-ltaly","18":"product_cat-disposable-vapes-in-netherlands","19":"product_cat-disposable-vapes-in-norway","20":"product_cat-disposable-vapes-in-poland","21":"product_cat-disposable-vapes-in-portugal","22":"product_cat-disposable-vapes-in-spain","23":"product_cat-disposable-vapes-in-sweden","24":"product_cat-disposable-vapes-in-switzerland","25":"product_cat-rechargeable-vapes","27":"first","28":"instock","29":"shipping-taxable","30":"purchasable","31":"product-type-variable","32":"has-default-attributes"},"jetpack_sharing_enabled":true,"tiered_pricing_type":"fixed","tiered_pricing_fixed_rules":{"2000":5.9900000000000002131628207280300557613372802734375},"tiered_pricing_product_settings":{"layout":"default","base_unit_name":{"singular":null,"plural":null},"default_variation":null},"tiered_pricing_minimum_quantity":1000,"tiered_pricing_roles_data":[],"tiered_pricing_percentage_rules":[],"tiered_pricing_maximum_quantity":null,"tiered_pricing_quantity_step":"10","_links":{"self":[{"href":"https:\/\/volovape.com\/hu\/wp-json\/wp\/v2\/product\/1121","targetHints":{"allow":["GET"]}}],"collection":[{"href":"https:\/\/volovape.com\/hu\/wp-json\/wp\/v2\/product"}],"about":[{"href":"https:\/\/volovape.com\/hu\/wp-json\/wp\/v2\/types\/product"}],"replies":[{"embeddable":true,"href":"https:\/\/volovape.com\/hu\/wp-json\/wp\/v2\/comments?post=1121"}],"wp:featuredmedia":[{"embeddable":true,"href":"https:\/\/volovape.com\/hu\/wp-json\/wp\/v2\/media\/1364"}],"wp:attachment":[{"href":"https:\/\/volovape.com\/hu\/wp-json\/wp\/v2\/media?parent=1121"}],"wp:term":[{"taxonomy":"product_brand","embeddable":true,"href":"https:\/\/volovape.com\/hu\/wp-json\/wp\/v2\/product_brand?post=1121"},{"taxonomy":"product_cat","embeddable":true,"href":"https:\/\/volovape.com\/hu\/wp-json\/wp\/v2\/product_cat?post=1121"},{"taxonomy":"product_tag","embeddable":true,"href":"https:\/\/volovape.com\/hu\/wp-json\/wp\/v2\/product_tag?post=1121"}],"curies":[{"name":"wp","href":"https:\/\/api.w.org\/{rel}","templated":true}]}}