{"id":1120,"date":"2024-11-21T03:37:34","date_gmt":"2024-11-21T03:37:34","guid":{"rendered":"https:\/\/volovape.com\/?post_type=product&#038;p=1120"},"modified":"2025-09-08T03:35:10","modified_gmt":"2025-09-08T03:35:10","slug":"vapsolo-twins-20000-puffs-kettos-izu-eldobhato-nagykereskedelem","status":"publish","type":"product","link":"https:\/\/volovape.com\/hu\/product\/vapsolo-twins-20000-puffs-dual-flavor-disposable-wholesale\/","title":{"rendered":"VapSolo Twins 20000 puffs kett\u0151s \u00edz\u0171 eldobhat\u00f3 vape - dupla \u00edz\u0171 \u00fajrat\u00f6lthet\u0151 kijelz\u0151vel"},"content":{"rendered":"<p><iframe title=\"VideoPress Video Player\" aria-label='VideoPress Video Player' width='421' height='750' src='https:\/\/videopress.com\/embed\/q9MmvkxP?hd=0&amp;cover=1' frameborder='0' allowfullscreen allow='clipboard-write'><\/iframe><script src='https:\/\/v0.wordpress.com\/js\/next\/videopress-iframe.js?m=1739540970'><\/script><\/p>\n<p><strong>VapSolo Twins 20000 Puffs kett\u0151s \u00edz\u0171 eldobhat\u00f3 vape<\/strong> - Tapasztalja meg a dupla \u00edzt, dupla el\u00e9gedetts\u00e9get.<\/p>\n<p>A <strong>VapSolo Twins 20000 Puffs<\/strong> Az eldobhat\u00f3 vape forradalmian \u00faj, kett\u0151s \u00edzvil\u00e1g\u00fa kialak\u00edt\u00e1st mutat be, amely lehet\u0151v\u00e9 teszi, hogy k\u00e9t k\u00fcl\u00f6nb\u00f6z\u0151 \u00edz k\u00f6z\u00f6tt v\u00e1ltson egyetlen k\u00e9nyelmes, \u00fajrat\u00f6lthet\u0151 eszk\u00f6zben. Ak\u00e1r <strong>20,000 puff<\/strong>, egy nagylelk\u0171 <strong>25 ml e-liquid \u0171rtartalom<\/strong>\u00e9s a <strong>650mAh \u00fajrat\u00f6lthet\u0151 akkumul\u00e1tor<\/strong>, ez a k\u00e9sz\u00fcl\u00e9k kiv\u00e9teles \u00e9lettartamot \u00e9s v\u00e1ltozatoss\u00e1got k\u00edn\u00e1l. A be\u00e9p\u00edtett kijelz\u0151 val\u00f3s idej\u0171 nyomon k\u00f6vet\u00e9st biztos\u00edt az e-folyad\u00e9k \u00e9s az akkumul\u00e1tor szintj\u00e9r\u0151l, m\u00edg a <strong>1\u03a9 h\u00e1l\u00f3s tekercs<\/strong> biztos\u00edtja a sima, \u00edzletes g\u0151zt. V\u00e1lasszon a k\u00f6vetkez\u0151k k\u00f6z\u00fcl <strong>2% \u00e9s 5% nikotin er\u0151ss\u00e9g\u0171ek<\/strong>. A VapSolo Twins ide\u00e1lis a v\u00e1ltozatoss\u00e1got \u00e9s a tart\u00f3s teljes\u00edtm\u00e9nyt keres\u0151 vaporiz\u00e1l\u00f3k sz\u00e1m\u00e1ra, a VapSolo Twins t\u00f6k\u00e9letes szem\u00e9lyes haszn\u00e1latra \u00e9s <strong>eldobhat\u00f3 vape nagykereskedelem<\/strong>. <strong>T\u00f6meges rendel\u00e9s<\/strong> lehet\u0151s\u00e9gek \u00e1llnak rendelkez\u00e9sre a kiskeresked\u0151k sz\u00e1m\u00e1ra.<\/p>\n<h3><strong>VapSolo Twins 20000 Puffs Jellemz\u0151k:<\/strong><\/h3>\n<ul>\n<li>Puff: 20,000-ig<\/li>\n<li>E-folyad\u00e9k Kapacit\u00e1s: 25ml<\/li>\n<li>Akkumul\u00e1tor: 650mAh (\u00fajrat\u00f6lthet\u0151)<\/li>\n<li>T\u00f6lt\u00e9s: C-t\u00edpus\u00fa<\/li>\n<li>Tekercs: (1\u03a9)<\/li>\n<li>Nikotin Er\u0151ss\u00e9gek: 2%, 5%<\/li>\n<li>Megjelen\u00edt\u00e9s: E-folyad\u00e9k \u00e9s akkumul\u00e1tor szint<\/li>\n<li>\u00cdzes\u00edt\u00e9s t\u00edpusa: \u00cdzes\u00edt\u00e9s: Kett\u0151s \u00edz<\/li>\n<li>Kaphat\u00f3 \u00edzkombin\u00e1ci\u00f3k: Citrom Lime &amp; g\u00f6r\u00f6gdinnye j\u00e9g, sz\u0151l\u0151 j\u00e9g &amp; eper kiwi, anan\u00e1sz k\u00f3kusz &amp; eper ban\u00e1n, narancs mang\u00f3 g\u00f6r\u00f6gdinnye &amp; Red Bull, \u00e1fonya j\u00e9g &amp; Fizzy cseresznye, g\u00f6r\u00f6gdinnye j\u00e9g &amp; vegyes bogy\u00f3s gy\u00fcm\u00f6lcs, eper ban\u00e1n &amp; Fizzy cseresznye, eper m\u00e1lna cseresznye j\u00e9g &amp; sz\u0151l\u0151 j\u00e9g, Blue Razz limon\u00e1d\u00e9 &amp; citrom lime, g\u00f6r\u00f6gdinnye j\u00e9g &amp; eper mang\u00f3.<\/li>\n<\/ul>\n<h4>GYIK<\/h4>\n<h5>Hogyan fokozza a kett\u0151s \u00edzvil\u00e1g\u00fa kialak\u00edt\u00e1s a p\u00e1rologtat\u00e1si \u00e9lm\u00e9nyt?<\/h5>\n<p>A VapSolo Twins kett\u0151s \u00edzvil\u00e1g\u00fa kialak\u00edt\u00e1sa lehet\u0151v\u00e9 teszi a felhaszn\u00e1l\u00f3k sz\u00e1m\u00e1ra, hogy k\u00e9t k\u00fcl\u00f6nb\u00f6z\u0151 \u00edz k\u00f6z\u00f6tt v\u00e1ltsanak an\u00e9lk\u00fcl, hogy t\u00f6bb k\u00e9sz\u00fcl\u00e9kre lenne sz\u00fcks\u00e9g\u00fck. Ez v\u00e1ltozatoss\u00e1got biztos\u00edt \u00e9s megakad\u00e1lyozza az \u00edzek elf\u00e1rad\u00e1s\u00e1t, \u00edgy t\u00f6k\u00e9letes a k\u00fcl\u00f6nb\u00f6z\u0151 \u00edzek felfedez\u00e9s\u00e9t kedvel\u0151 vaperek sz\u00e1m\u00e1ra.<\/p>\n<h5>Milyen el\u0151nyei vannak az integr\u00e1lt kijelz\u0151nek?<\/h5>\n<p>A be\u00e9p\u00edtett kijelz\u0151 val\u00f3s idej\u0171 ellen\u0151rz\u00e9st biztos\u00edt az e-folyad\u00e9k \u00e9s az akkumul\u00e1tor szintj\u00e9r\u0151l, \u00edgy mindig t\u00e1j\u00e9kozott lehet a k\u00e9sz\u00fcl\u00e9k \u00e1llapot\u00e1r\u00f3l. Ez a funkci\u00f3 n\u00f6veli a k\u00e9nyelmet \u00e9s megakad\u00e1lyozza a v\u00e1ratlan megszak\u00edt\u00e1sokat, lehet\u0151v\u00e9 t\u00e9ve a z\u00f6kken\u0151mentes p\u00e1rol\u00e1si \u00e9lm\u00e9nyt.<\/p>\n<h5>Hogyan j\u00e1rul hozz\u00e1 az 1\u03a9-os h\u00e1l\u00f3s tekercs az \u00edzhez \u00e9s a g\u0151ztermel\u00e9shez?<\/h5>\n<p>Az 1\u03a9-os h\u00e1l\u00f3s tekercset \u00fagy tervezt\u00e9k, hogy sima, egyenletes \u00e9s \u00edzletes g\u0151zt biztos\u00edtson. Optimaliz\u00e1lja a h\u0151eloszl\u00e1st \u00e9s az e-folyad\u00e9k elp\u00e1rolg\u00e1s\u00e1t, biztos\u00edtva, hogy minden egyes slukk gazdag \u00e9s kiel\u00e9g\u00edt\u0151 legyen.<\/p>\n<h5>Milyen sz\u00e1ll\u00edt\u00e1si m\u00f3dokat haszn\u00e1lnak?<\/h5>\n<p>A hat\u00e9kony \u00e9s biztons\u00e1gos k\u00e9zbes\u00edt\u00e9s \u00e9rdek\u00e9ben olyan megb\u00edzhat\u00f3 sz\u00e1ll\u00edtm\u00e1nyoz\u00f3kkal dolgozunk egy\u00fctt, mint a UPS, a DHL, a FedEx \u00e9s a DPD. A legmegfelel\u0151bb sz\u00e1ll\u00edt\u00e1si m\u00f3dot v\u00e1lasztjuk ki az \u00d6n tart\u00f3zkod\u00e1si helye alapj\u00e1n, hogy megrendel\u00e9se a lehet\u0151 leggyorsabban eljusson \u00d6nh\u00f6z.<\/p>\n<h5>Megb\u00edzhatok a v\u00e1s\u00e1rl\u00e1somban?<\/h5>\n<p>Els\u0151bbs\u00e9get biztos\u00edtunk az \u00fcgyfelek el\u00e9gedetts\u00e9g\u00e9nek, \u00e9s biztons\u00e1gos fizet\u00e9si lehet\u0151s\u00e9geket k\u00edn\u00e1lunk, bele\u00e9rtve a PayPal-t a v\u00e1s\u00e1rl\u00f3 v\u00e9delm\u00e9vel. A TrustPiloton megtekintheti a v\u00e1s\u00e1rl\u00f3i \u00e9rt\u00e9kel\u00e9seket is: <a href=\"https:\/\/www.trustpilot.com\/review\/volovape.com?utm_medium=trustbox&amp;utm_source=TrustBoxReviewCollector\">TrustPilot<\/a>.<\/p>","protected":false},"excerpt":{"rendered":"<p>Maximaliz\u00e1lja vape elad\u00e1sait a VapSolo Twins 20000 Puffs nagykereskedelemmel! Kett\u0151s \u00edzek, 25ml, kijelz\u0151, 1\u03a9 h\u00e1l\u00f3s tekercs. Rakt\u00e1rozza fel ezt az egyedi, \u00fajrat\u00f6lthet\u0151 eldobhat\u00f3t m\u00e9g ma.<\/p>","protected":false},"featured_media":1330,"comment_status":"open","ping_status":"closed","template":"","meta":[],"product_brand":[],"product_cat":[72,42,21,18,39,20,23,24,22,25,26,27,28,29,30,31,32,33,34,35,64,36,40],"product_tag":[],"class_list":{"0":"post-1120","1":"product","2":"type-product","3":"status-publish","4":"has-post-thumbnail","6":"product_cat-vapsolo","7":"product_cat-20000-puffs-disposable-vape","8":"product_cat-big-puffs-vapes","9":"product_cat-different-puffs-of-disposable-vapes","10":"product_cat-digital-box-vapes","11":"product_cat-disposable-vape-types","12":"product_cat-disposable-vapes-in-austria","13":"product_cat-disposable-vapes-in-belgium","14":"product_cat-disposable-vapes-in-europe","15":"product_cat-disposable-vapes-in-france","16":"product_cat-disposable-vapes-in-germany","17":"product_cat-disposable-vapes-in-hungary","18":"product_cat-disposable-vapes-in-ltaly","19":"product_cat-disposable-vapes-in-netherlands","20":"product_cat-disposable-vapes-in-norway","21":"product_cat-disposable-vapes-in-poland","22":"product_cat-disposable-vapes-in-portugal","23":"product_cat-disposable-vapes-in-spain","24":"product_cat-disposable-vapes-in-sweden","25":"product_cat-disposable-vapes-in-switzerland","26":"product_cat-dual-flavor-vapes","27":"product_cat-rechargeable-vapes","28":"product_cat-smart-screen-vapes","30":"first","31":"instock","32":"shipping-taxable","33":"purchasable","34":"product-type-variable","35":"has-default-attributes"},"jetpack_sharing_enabled":true,"tiered_pricing_type":"fixed","tiered_pricing_fixed_rules":{"2000":7.20000000000000017763568394002504646778106689453125},"tiered_pricing_product_settings":{"layout":"default","base_unit_name":{"singular":null,"plural":null},"default_variation":null},"tiered_pricing_minimum_quantity":1000,"tiered_pricing_roles_data":[],"tiered_pricing_percentage_rules":[],"tiered_pricing_maximum_quantity":null,"tiered_pricing_quantity_step":"10","_links":{"self":[{"href":"https:\/\/volovape.com\/hu\/wp-json\/wp\/v2\/product\/1120","targetHints":{"allow":["GET"]}}],"collection":[{"href":"https:\/\/volovape.com\/hu\/wp-json\/wp\/v2\/product"}],"about":[{"href":"https:\/\/volovape.com\/hu\/wp-json\/wp\/v2\/types\/product"}],"replies":[{"embeddable":true,"href":"https:\/\/volovape.com\/hu\/wp-json\/wp\/v2\/comments?post=1120"}],"wp:featuredmedia":[{"embeddable":true,"href":"https:\/\/volovape.com\/hu\/wp-json\/wp\/v2\/media\/1330"}],"wp:attachment":[{"href":"https:\/\/volovape.com\/hu\/wp-json\/wp\/v2\/media?parent=1120"}],"wp:term":[{"taxonomy":"product_brand","embeddable":true,"href":"https:\/\/volovape.com\/hu\/wp-json\/wp\/v2\/product_brand?post=1120"},{"taxonomy":"product_cat","embeddable":true,"href":"https:\/\/volovape.com\/hu\/wp-json\/wp\/v2\/product_cat?post=1120"},{"taxonomy":"product_tag","embeddable":true,"href":"https:\/\/volovape.com\/hu\/wp-json\/wp\/v2\/product_tag?post=1120"}],"curies":[{"name":"wp","href":"https:\/\/api.w.org\/{rel}","templated":true}]}}