{"id":6024,"date":"2024-11-28T07:46:34","date_gmt":"2024-11-28T07:46:34","guid":{"rendered":"https:\/\/volovape.com\/?page_id=6024"},"modified":"2025-09-02T13:22:17","modified_gmt":"2025-09-02T13:22:17","slug":"visszaterites","status":"publish","type":"page","link":"https:\/\/volovape.com\/hu\/refund\/","title":{"rendered":"Visszat\u00e9r\u00edt\u00e9s"},"content":{"rendered":"","protected":false},"excerpt":{"rendered":"","protected":false},"author":1,"featured_media":0,"parent":0,"menu_order":0,"comment_status":"closed","ping_status":"closed","template":"","meta":{"footnotes":""},"class_list":["post-6024","page","type-page","status-publish","hentry"],"jetpack_sharing_enabled":true,"_links":{"self":[{"href":"https:\/\/volovape.com\/hu\/wp-json\/wp\/v2\/pages\/6024","targetHints":{"allow":["GET"]}}],"collection":[{"href":"https:\/\/volovape.com\/hu\/wp-json\/wp\/v2\/pages"}],"about":[{"href":"https:\/\/volovape.com\/hu\/wp-json\/wp\/v2\/types\/page"}],"author":[{"embeddable":true,"href":"https:\/\/volovape.com\/hu\/wp-json\/wp\/v2\/users\/1"}],"replies":[{"embeddable":true,"href":"https:\/\/volovape.com\/hu\/wp-json\/wp\/v2\/comments?post=6024"}],"version-history":[{"count":5,"href":"https:\/\/volovape.com\/hu\/wp-json\/wp\/v2\/pages\/6024\/revisions"}],"predecessor-version":[{"id":37265,"href":"https:\/\/volovape.com\/hu\/wp-json\/wp\/v2\/pages\/6024\/revisions\/37265"}],"wp:attachment":[{"href":"https:\/\/volovape.com\/hu\/wp-json\/wp\/v2\/media?parent=6024"}],"curies":[{"name":"wp","href":"https:\/\/api.w.org\/{rel}","templated":true}]}}