{"id":94,"date":"2024-11-21T03:26:52","date_gmt":"2024-11-21T03:26:52","guid":{"rendered":"https:\/\/volovape.com\/?post_type=product&#038;p=94"},"modified":"2025-07-07T03:40:21","modified_gmt":"2025-07-07T03:40:21","slug":"elf-box-rgb-14000-puffs","status":"publish","type":"product","link":"https:\/\/volovape.com\/fr\/product\/elf-box-rgb-14000-puffs\/","title":{"rendered":"ELF BOX RGB 14000 Puffs Vape jetable - Mesh Coil, RGB Lighting, Rechargeable"},"content":{"rendered":"<p><iframe title=\"VideoPress Lecteur vid\u00e9o\" aria-label='VideoPress Lecteur vid\u00e9o' width='500' height='281' src='https:\/\/videopress.com\/embed\/xrUp6ZjL?hd=0&amp;cover=1' frameborder='0' allowfullscreen allow='clipboard-write'><\/iframe><script src='https:\/\/v0.wordpress.com\/js\/next\/videopress-iframe.js?m=1739540970'><\/script><\/p>\n<p><strong>ELF BOX RGB 14000 bouff\u00e9es Vape jetable<\/strong> - Vivez une exp\u00e9rience de vaporisation vibrante gr\u00e2ce \u00e0 l'\u00e9clairage RGB et \u00e0 la pr\u00e9cision de la bobine Mesh.<\/p>\n<p>Le <strong>ELF BOX RGB 14000<\/strong> La vape jetable combine de hautes performances avec un design \u00e9l\u00e9gant et accrocheur. Appr\u00e9ciez jusqu'\u00e0 <strong>14 000 bouff\u00e9es<\/strong> avec une g\u00e9n\u00e9reuse <strong>Capacit\u00e9 de 25 ml d'e-liquide<\/strong> et un <strong>Batterie 18250 rechargeable de 600mAh<\/strong>. Les <strong>Bobine \u00e0 mailles de 1,0\u03a9<\/strong> fournit une vapeur toujours douce et savoureuse, tandis que le <strong>\u00e9clairage dynamique RVB<\/strong> ajoute une touche personnalis\u00e9e \u00e0 votre exp\u00e9rience de vapotage. A <strong>cordon pratique<\/strong> est inclus pour faciliter le transport. Disponible en <strong>10 saveurs d\u00e9licieuses<\/strong>Ce dispositif est parfait pour <strong>Vape jetable en gros<\/strong>, <strong>commandes group\u00e9es<\/strong>ou <strong>usage personnel<\/strong>qui offre \u00e0 la fois du style et de la substance.<\/p>\n<h3><strong>ELF BOX RGB 14000 Caract\u00e9ristiques :<\/strong><\/h3>\n<ul>\n<li>Bouff\u00e9es : Jusqu'\u00e0 14 000 bouff\u00e9es<\/li>\n<li>Capacit\u00e9 E-liquide : 25mL<\/li>\n<li>Batterie : 600mAh 18250 (rechargeable)<\/li>\n<li>Chargement : Type-C<\/li>\n<li>Bobine : 1.0\u03a9 Mesh Coil<\/li>\n<li>\u00c9clairage : RVB<\/li>\n<li>Lani\u00e8re : Inclus<\/li>\n<li>Saveurs : 10 options uniques<\/li>\n<li>Dimensions : 35 x 36 x 133.5mm<\/li>\n<li>Dispositif \u00e0 usage unique<\/li>\n<\/ul>\n<h4>FAQ<\/h4>\n<h5>Comment l'\u00e9clairage RVB am\u00e9liore-t-il l'exp\u00e9rience de vapotage ?<\/h5>\n<p>L'\u00e9clairage dynamique RGB ajoute une touche unique et personnalis\u00e9e \u00e0 votre vape. Il offre une exp\u00e9rience visuellement attrayante, faisant ressortir votre appareil et ajoutant un \u00e9l\u00e9ment amusant \u00e0 vos sessions de vapotage.<\/p>\n<h5>Quelles sont les m\u00e9thodes d'exp\u00e9dition utilis\u00e9es ?<\/h5>\n<p>Nous travaillons en partenariat avec des transporteurs fiables tels que UPS, DHL, FedEx et DPD afin de garantir une livraison rapide et s\u00fbre de votre commande. La m\u00e9thode d'exp\u00e9dition la plus efficace est s\u00e9lectionn\u00e9e en fonction de votre localisation afin d'optimiser la rapidit\u00e9 et la fiabilit\u00e9 de la livraison.<\/p>\n<h5>Quel est le d\u00e9lai de livraison de ma commande ?<\/h5>\n<p>Le d\u00e9lai de livraison est g\u00e9n\u00e9ralement de 7 \u00e0 15 jours ouvrables. Toutefois, il faut compter jusqu'\u00e0 20 jours ouvrables en cas de vacances ou de conditions m\u00e9t\u00e9orologiques d\u00e9favorables, ce qui peut entra\u00eener de l\u00e9gers retards dans le transport.<\/p>\n<h5>Aurai-je des probl\u00e8mes de douane ou des frais suppl\u00e9mentaires ?<\/h5>\n<p>Nous nous chargeons de toutes les proc\u00e9dures de d\u00e9douanement, ce qui vous garantit une exp\u00e9rience sans probl\u00e8me. Vous n'aurez pas \u00e0 payer de taxes ou de frais suppl\u00e9mentaires. Nous veillons \u00e0 ce que 100% de nos produits soient d\u00e9douan\u00e9s avec succ\u00e8s.<\/p>\n<h5>Les achats effectu\u00e9s sur votre site sont-ils s\u00fbrs et fiables ?<\/h5>\n<p>Oui, nous proposons des transactions PayPal s\u00e9curis\u00e9es avec protection de l'acheteur. Vous pouvez \u00e9galement v\u00e9rifier notre fiabilit\u00e9 en consultant les avis de nos clients sur <a href=\"https:\/\/www.trustpilot.com\/review\/volovape.com?utm_medium=trustbox&amp;utm_source=TrustBoxReviewCollector\">TrustPilot<\/a>o\u00f9 vous trouverez des t\u00e9moignages de clients satisfaits.<\/p>","protected":false},"excerpt":{"rendered":"<p>Illuminez votre vape avec ELF BOX RGB 14000 Puffs ! \u00c9clairage RVB, maille de 1,0\u03a9, 25 ml, rechargeable, lani\u00e8re incluse. Parfait pour les particuliers ou les grossistes, offrant un plaisir vibrant et durable.<\/p>","protected":false},"featured_media":395,"comment_status":"open","ping_status":"closed","template":"","meta":[],"product_brand":[],"product_cat":[54,56,21,18,20,23,24,22,25,26,27,28,29,30,31,32,33,34,35,36],"product_tag":[],"class_list":{"0":"post-94","1":"product","2":"type-product","3":"status-publish","4":"has-post-thumbnail","6":"product_cat-elf-box","7":"product_cat-14000-puffs-disposable-vape","8":"product_cat-big-puffs-vapes","9":"product_cat-different-puffs-of-disposable-vapes","10":"product_cat-disposable-vape-types","11":"product_cat-disposable-vapes-in-austria","12":"product_cat-disposable-vapes-in-belgium","13":"product_cat-disposable-vapes-in-europe","14":"product_cat-disposable-vapes-in-france","15":"product_cat-disposable-vapes-in-germany","16":"product_cat-disposable-vapes-in-hungary","17":"product_cat-disposable-vapes-in-ltaly","18":"product_cat-disposable-vapes-in-netherlands","19":"product_cat-disposable-vapes-in-norway","20":"product_cat-disposable-vapes-in-poland","21":"product_cat-disposable-vapes-in-portugal","22":"product_cat-disposable-vapes-in-spain","23":"product_cat-disposable-vapes-in-sweden","24":"product_cat-disposable-vapes-in-switzerland","25":"product_cat-rechargeable-vapes","27":"first","28":"instock","29":"shipping-taxable","30":"purchasable","31":"product-type-variable","32":"has-default-attributes"},"jetpack_sharing_enabled":true,"tiered_pricing_type":"fixed","tiered_pricing_fixed_rules":{"2000":5.38999999999999968025576890795491635799407958984375},"tiered_pricing_product_settings":{"layout":"default","base_unit_name":{"singular":null,"plural":null},"default_variation":null},"tiered_pricing_minimum_quantity":1000,"tiered_pricing_roles_data":[],"tiered_pricing_percentage_rules":[],"tiered_pricing_maximum_quantity":null,"tiered_pricing_quantity_step":"10","_links":{"self":[{"href":"https:\/\/volovape.com\/fr\/wp-json\/wp\/v2\/product\/94","targetHints":{"allow":["GET"]}}],"collection":[{"href":"https:\/\/volovape.com\/fr\/wp-json\/wp\/v2\/product"}],"about":[{"href":"https:\/\/volovape.com\/fr\/wp-json\/wp\/v2\/types\/product"}],"replies":[{"embeddable":true,"href":"https:\/\/volovape.com\/fr\/wp-json\/wp\/v2\/comments?post=94"}],"wp:featuredmedia":[{"embeddable":true,"href":"https:\/\/volovape.com\/fr\/wp-json\/wp\/v2\/media\/395"}],"wp:attachment":[{"href":"https:\/\/volovape.com\/fr\/wp-json\/wp\/v2\/media?parent=94"}],"wp:term":[{"taxonomy":"product_brand","embeddable":true,"href":"https:\/\/volovape.com\/fr\/wp-json\/wp\/v2\/product_brand?post=94"},{"taxonomy":"product_cat","embeddable":true,"href":"https:\/\/volovape.com\/fr\/wp-json\/wp\/v2\/product_cat?post=94"},{"taxonomy":"product_tag","embeddable":true,"href":"https:\/\/volovape.com\/fr\/wp-json\/wp\/v2\/product_tag?post=94"}],"curies":[{"name":"wp","href":"https:\/\/api.w.org\/{rel}","templated":true}]}}