{"id":91,"date":"2024-11-21T03:26:52","date_gmt":"2024-11-21T03:26:52","guid":{"rendered":"https:\/\/volovape.com\/?post_type=product&#038;p=91"},"modified":"2025-06-30T01:33:10","modified_gmt":"2025-06-30T01:33:10","slug":"elf-box-pulse-x-25000-puffs","status":"publish","type":"product","link":"https:\/\/volovape.com\/fr\/product\/elf-box-pulse-x-25000-puffs\/","title":{"rendered":"ELF BOX PULSE X 25000 bouff\u00e9es - AI Power, Dual Mesh, 3D Display"},"content":{"rendered":"<p><strong>ELF BOX PULSE X 25000 bouff\u00e9es Vape jetable<\/strong> - Vaping aliment\u00e9 par l'IA et dot\u00e9 d'un \u00e9cran 3D r\u00e9volutionnaire.<\/p>\n<p>Le <strong>BO\u00ceTE \u00c0 ELFES PULSE X 25000<\/strong> introduit une nouvelle \u00e8re de vapotage jetable gr\u00e2ce \u00e0 sa technologie pilot\u00e9e par l'IA et \u00e0 son superbe \u00e9cran 3D incurv\u00e9. Appr\u00e9ciez jusqu'\u00e0 <strong>25 000 bouff\u00e9es en mode normal<\/strong> ou <strong>15 000 bouff\u00e9es en mode puls\u00e9<\/strong>et permet de personnaliser les exp\u00e9riences de vapotage. L'appareil est dot\u00e9 d'un <strong>Capacit\u00e9 de 18mL d'e-liquide<\/strong> et un puissant <strong>Batterie rechargeable de 13 500 mAh<\/strong> pour une utilisation prolong\u00e9e. <strong>Deux bobines de 0,8\u03a9<\/strong> jumel\u00e9 avec <strong>Technologie VPU<\/strong> offrent une saveur et une production de vapeur exceptionnelles. Les <strong>\u00c9cran incurv\u00e9 3D<\/strong> affiche des informations en temps r\u00e9el sur l'autonomie de la batterie, le niveau d'e-liquide, le nombre de bouff\u00e9es et le mode, am\u00e9liorant ainsi le contr\u00f4le de l'utilisateur. Avec des fonctions avanc\u00e9es telles que <strong>R\u00e9glage de la puissance de l'IA<\/strong>, <strong>Puissance d'impulsion<\/strong>et <strong>Super Boost<\/strong>Cet appareil offre une exp\u00e9rience de vapotage vraiment innovante. Disponible en <strong>10 saveurs distinctes<\/strong>Le ELF BOX PULSE X 25000 est parfait pour <strong>Vape jetable en gros<\/strong>, <strong>commandes group\u00e9es<\/strong>ou <strong>usage personnel<\/strong>.<\/p>\n<h3><strong>ELF BOX PULSE X 25000 Caract\u00e9ristiques :<\/strong><\/h3>\n<ul>\n<li>Bouff\u00e9es : Jusqu'\u00e0 25 000 (mode normal) \/ 15 000 (mode puls\u00e9)<\/li>\n<li>Capacit\u00e9 E-liquide : 18mL<\/li>\n<li>Batterie : 13 500mAh (rechargeable)<\/li>\n<li>Chargement : Type-C<\/li>\n<li>Bobine : Double bobine 0.8\u03a9 Mesh Coils<\/li>\n<li>\u00c9cran : \u00c9cran incurv\u00e9 3D<\/li>\n<li>Modes : Mode normal, mode puls\u00e9<\/li>\n<li>Caract\u00e9ristiques : AI Power Adjustment, Pulse Power, Super Boost, VPU Technology<\/li>\n<li>Saveurs : 10 options uniques<\/li>\n<li>Dispositif \u00e0 usage unique<\/li>\n<\/ul>\n<h4>FAQ<\/h4>\n<h5>Comment l'ajustement de la puissance de l'IA am\u00e9liore-t-il l'exp\u00e9rience de vapotage ?<\/h5>\n<p>La fonction AI Power Adjustment analyse intelligemment vos habitudes de vapotage et optimise automatiquement la puissance de sortie pour garantir une production de vapeur et d'ar\u00f4mes homog\u00e8nes. Cette fonction s'adapte \u00e0 votre utilisation et vous offre une exp\u00e9rience de vapotage personnalis\u00e9e et agr\u00e9able \u00e0 chaque bouff\u00e9e.<\/p>\n<h5>Quelles sont les m\u00e9thodes d'exp\u00e9dition utilis\u00e9es ?<\/h5>\n<p>Nous travaillons en partenariat avec des transporteurs r\u00e9put\u00e9s tels que UPS, DHL, FedEx et DPD pour livrer vos commandes rapidement et en toute s\u00e9curit\u00e9. La m\u00e9thode d'exp\u00e9dition la plus efficace est choisie en fonction de votre localisation afin de garantir une livraison dans les d\u00e9lais.<\/p>\n<h5>Quel est le d\u00e9lai de livraison de ma commande ?<\/h5>\n<p>Les commandes sont g\u00e9n\u00e9ralement livr\u00e9es dans un d\u00e9lai de 7 \u00e0 15 jours ouvrables. Toutefois, il faut compter jusqu'\u00e0 20 jours ouvrables en cas de vacances ou de conditions m\u00e9t\u00e9orologiques d\u00e9favorables, ce qui peut entra\u00eener de l\u00e9gers retards dans le transport.<\/p>\n<h5>Aurai-je des probl\u00e8mes de douane ou des frais suppl\u00e9mentaires ?<\/h5>\n<p>Nous nous chargeons de toutes les proc\u00e9dures de d\u00e9douanement, ce qui vous garantit une exp\u00e9rience sans faille et sans tracas. Vous n'aurez pas \u00e0 payer de taxes ou de frais suppl\u00e9mentaires. Nous garantissons que 100% de nos produits sont d\u00e9douan\u00e9s avec succ\u00e8s.<\/p>\n<h5>Les achats effectu\u00e9s sur votre site sont-ils s\u00fbrs et fiables ?<\/h5>\n<p>Oui, nous proposons des transactions PayPal s\u00e9curis\u00e9es avec protection de l'acheteur. Vous pouvez \u00e9galement v\u00e9rifier notre fiabilit\u00e9 en consultant les avis de nos clients sur <a href=\"https:\/\/www.trustpilot.com\/review\/volovape.com?utm_medium=trustbox&amp;utm_source=TrustBoxReviewCollector\">TrustPilot<\/a>o\u00f9 vous trouverez des t\u00e9moignages de clients satisfaits.<\/p>","protected":false},"excerpt":{"rendered":"<p>Entrez dans le futur avec ELF BOX PULSE X 25000 bouff\u00e9es. Puissance AI, double mesh, \u00e9cran 3D, batterie 13 500mAh. Id\u00e9ale pour les particuliers ou les grossistes, elle offre un syst\u00e8me de vapotage \u00e0 la pointe de la technologie.<\/p>","protected":false},"featured_media":360,"comment_status":"open","ping_status":"closed","template":"","meta":[],"product_brand":[],"product_cat":[54,45,21,18,39,20,23,24,22,25,26,27,28,29,30,31,32,33,34,35,44,36,40],"product_tag":[],"class_list":{"0":"post-91","1":"product","2":"type-product","3":"status-publish","4":"has-post-thumbnail","6":"product_cat-elf-box","7":"product_cat-25000-puffs-disposable-vape","8":"product_cat-big-puffs-vapes","9":"product_cat-different-puffs-of-disposable-vapes","10":"product_cat-digital-box-vapes","11":"product_cat-disposable-vape-types","12":"product_cat-disposable-vapes-in-austria","13":"product_cat-disposable-vapes-in-belgium","14":"product_cat-disposable-vapes-in-europe","15":"product_cat-disposable-vapes-in-france","16":"product_cat-disposable-vapes-in-germany","17":"product_cat-disposable-vapes-in-hungary","18":"product_cat-disposable-vapes-in-ltaly","19":"product_cat-disposable-vapes-in-netherlands","20":"product_cat-disposable-vapes-in-norway","21":"product_cat-disposable-vapes-in-poland","22":"product_cat-disposable-vapes-in-portugal","23":"product_cat-disposable-vapes-in-spain","24":"product_cat-disposable-vapes-in-sweden","25":"product_cat-disposable-vapes-in-switzerland","26":"product_cat-dual-mesh-vapes","27":"product_cat-rechargeable-vapes","28":"product_cat-smart-screen-vapes","30":"first","31":"instock","32":"featured","33":"shipping-taxable","34":"purchasable","35":"product-type-variable","36":"has-default-attributes"},"jetpack_sharing_enabled":true,"tiered_pricing_type":"fixed","tiered_pricing_fixed_rules":{"2000":7.4900000000000002131628207280300557613372802734375},"tiered_pricing_product_settings":{"layout":"default","base_unit_name":{"singular":null,"plural":null},"default_variation":null},"tiered_pricing_minimum_quantity":1000,"tiered_pricing_roles_data":[],"tiered_pricing_percentage_rules":[],"tiered_pricing_maximum_quantity":null,"tiered_pricing_quantity_step":"10","_links":{"self":[{"href":"https:\/\/volovape.com\/fr\/wp-json\/wp\/v2\/product\/91","targetHints":{"allow":["GET"]}}],"collection":[{"href":"https:\/\/volovape.com\/fr\/wp-json\/wp\/v2\/product"}],"about":[{"href":"https:\/\/volovape.com\/fr\/wp-json\/wp\/v2\/types\/product"}],"replies":[{"embeddable":true,"href":"https:\/\/volovape.com\/fr\/wp-json\/wp\/v2\/comments?post=91"}],"wp:featuredmedia":[{"embeddable":true,"href":"https:\/\/volovape.com\/fr\/wp-json\/wp\/v2\/media\/360"}],"wp:attachment":[{"href":"https:\/\/volovape.com\/fr\/wp-json\/wp\/v2\/media?parent=91"}],"wp:term":[{"taxonomy":"product_brand","embeddable":true,"href":"https:\/\/volovape.com\/fr\/wp-json\/wp\/v2\/product_brand?post=91"},{"taxonomy":"product_cat","embeddable":true,"href":"https:\/\/volovape.com\/fr\/wp-json\/wp\/v2\/product_cat?post=91"},{"taxonomy":"product_tag","embeddable":true,"href":"https:\/\/volovape.com\/fr\/wp-json\/wp\/v2\/product_tag?post=91"}],"curies":[{"name":"wp","href":"https:\/\/api.w.org\/{rel}","templated":true}]}}