{"id":90,"date":"2024-11-21T03:26:52","date_gmt":"2024-11-21T03:26:52","guid":{"rendered":"https:\/\/volovape.com\/?post_type=product&#038;p=90"},"modified":"2025-08-07T08:19:55","modified_gmt":"2025-08-07T08:19:55","slug":"sora-25k-dual-mesh","status":"publish","type":"product","link":"https:\/\/volovape.com\/fr\/product\/sora-25k-dual-mesh\/","title":{"rendered":"SORA 25K jetable vape en gros - dual mesh, affichage LCD, 25 000 bouff\u00e9es"},"content":{"rendered":"<p><strong>SORA 25K Vape jetable<\/strong> - Capacit\u00e9 de bouff\u00e9e in\u00e9gal\u00e9e gr\u00e2ce \u00e0 la pr\u00e9cision de la double maille et \u00e0 l'affichage intelligent.<\/p>\n<p>Le <strong>SORA 25K<\/strong> red\u00e9finit le vaping jetable avec une \u00e9tonnante <strong>25 000 bouff\u00e9es<\/strong>, un nombre substantiel de <strong>Capacit\u00e9 de 20mL d'e-liquide<\/strong>et d'une solide <strong>Batterie rechargeable de 900mAh<\/strong>. Faites l'exp\u00e9rience d'une production de vapeur et d'une intensit\u00e9 de go\u00fbt sup\u00e9rieures avec son <strong>technologie avanc\u00e9e de bobine \u00e0 double maille<\/strong>. Le syst\u00e8me int\u00e9gr\u00e9 <strong>\u00c9cran LCD<\/strong> fournit des informations instantan\u00e9es sur l'autonomie de la batterie et le nombre de bouff\u00e9es, am\u00e9liorant ainsi le contr\u00f4le de l'utilisateur. Avec un <strong>5% taux de nicotine<\/strong> et une gamme vari\u00e9e de <strong>9 saveurs uniques<\/strong>Avec une gamme compl\u00e8te de produits de vapotage, comprenant des m\u00e9langes exotiques et des classiques, cet appareil s'adresse aux vapoteurs exigeants. Id\u00e9al pour <strong>Vape jetable en gros<\/strong>, <strong>achat en gros<\/strong>ou <strong>usage personnel<\/strong>Le SORA 25K allie haute performance et commodit\u00e9 ultime.<\/p>\n<h3><strong>SORA 25K Caract\u00e9ristiques :<\/strong><\/h3>\n<ul>\n<li>Bouff\u00e9es : Jusqu'\u00e0 25 000 bouff\u00e9es<\/li>\n<li>Capacit\u00e9 E-liquide : 20mL<\/li>\n<li>Batterie : 900mAh (rechargeable)<\/li>\n<li>Chargement : Type-C<\/li>\n<li>Bobine : Double bobine en maille<\/li>\n<li>Affichage : LCD (batterie et nombre de bouff\u00e9es)<\/li>\n<li>Taux de Nicotine : 5%<\/li>\n<li>Saveurs : 9 options uniques<\/li>\n<li>Dispositif \u00e0 usage unique<\/li>\n<\/ul>\n<h4>FAQ<\/h4>\n<h5>Comment la technologie de la bobine \u00e0 double maille am\u00e9liore-t-elle la saveur et la production de vapeur ?<\/h5>\n<p>La conception de la bobine \u00e0 double maille augmente la surface de chauffe, assurant une distribution uniforme de la chaleur et maximisant la vaporisation de l'e-liquide. Il en r\u00e9sulte des saveurs plus riches et plus intenses et des nuages de vapeur plus denses, offrant une exp\u00e9rience de vapotage sup\u00e9rieure \u00e0 celle des appareils \u00e0 simple bobine.<\/p>\n<h5>Quelles sont les m\u00e9thodes d'exp\u00e9dition utilis\u00e9es ?<\/h5>\n<p>Nous travaillons en partenariat avec des transporteurs fiables tels que UPS, DHL, FedEx et DPD afin de garantir une livraison rapide de votre commande. La m\u00e9thode d'exp\u00e9dition la plus efficace est s\u00e9lectionn\u00e9e en fonction de votre localisation afin d'optimiser la vitesse de livraison.<\/p>\n<h5>Quel est le d\u00e9lai de livraison de ma commande ?<\/h5>\n<p>Le d\u00e9lai de livraison est g\u00e9n\u00e9ralement de 7 \u00e0 15 jours ouvrables. Toutefois, il faut compter jusqu'\u00e0 20 jours ouvrables en cas de vacances ou de conditions m\u00e9t\u00e9orologiques d\u00e9favorables, ce qui peut entra\u00eener de l\u00e9gers retards dans le transport.<\/p>\n<h5>Aurai-je des probl\u00e8mes de douane ou des frais suppl\u00e9mentaires ?<\/h5>\n<p>Nous nous chargeons de toutes les proc\u00e9dures de d\u00e9douanement, ce qui vous garantit une exp\u00e9rience sans probl\u00e8me. Vous n'aurez pas \u00e0 payer de taxes ou de frais suppl\u00e9mentaires. Nous veillons \u00e0 ce que 100% de nos produits soient d\u00e9douan\u00e9s avec succ\u00e8s.<\/p>\n<h5>Les achats effectu\u00e9s sur votre site sont-ils s\u00fbrs et fiables ?<\/h5>\n<p>Oui, nous proposons des transactions PayPal s\u00e9curis\u00e9es avec protection de l'acheteur. Vous pouvez \u00e9galement v\u00e9rifier notre fiabilit\u00e9 en consultant les avis de nos clients sur <a href=\"https:\/\/www.trustpilot.com\/review\/volovape.com?utm_medium=trustbox&amp;utm_source=TrustBoxReviewCollector\">TrustPilot<\/a>o\u00f9 vous trouverez des t\u00e9moignages de clients satisfaits.<\/p>","protected":false},"excerpt":{"rendered":"<p>Am\u00e9liorez votre exp\u00e9rience de la vape avec SORA 25K Disposable. Double bobine, \u00e9cran LCD, 20ml, 900mAh rechargeable. Parfait pour les particuliers ou les grossistes, il offre des bouff\u00e9es durables et savoureuses.<\/p>","protected":false},"featured_media":348,"comment_status":"open","ping_status":"closed","template":"","meta":[],"product_brand":[],"product_cat":[53,45,21,18,39,20,23,24,22,25,26,27,28,29,30,31,32,33,34,35,44,36,40],"product_tag":[],"class_list":{"0":"post-90","1":"product","2":"type-product","3":"status-publish","4":"has-post-thumbnail","6":"product_cat-sora","7":"product_cat-25000-puffs-disposable-vape","8":"product_cat-big-puffs-vapes","9":"product_cat-different-puffs-of-disposable-vapes","10":"product_cat-digital-box-vapes","11":"product_cat-disposable-vape-types","12":"product_cat-disposable-vapes-in-austria","13":"product_cat-disposable-vapes-in-belgium","14":"product_cat-disposable-vapes-in-europe","15":"product_cat-disposable-vapes-in-france","16":"product_cat-disposable-vapes-in-germany","17":"product_cat-disposable-vapes-in-hungary","18":"product_cat-disposable-vapes-in-ltaly","19":"product_cat-disposable-vapes-in-netherlands","20":"product_cat-disposable-vapes-in-norway","21":"product_cat-disposable-vapes-in-poland","22":"product_cat-disposable-vapes-in-portugal","23":"product_cat-disposable-vapes-in-spain","24":"product_cat-disposable-vapes-in-sweden","25":"product_cat-disposable-vapes-in-switzerland","26":"product_cat-dual-mesh-vapes","27":"product_cat-rechargeable-vapes","28":"product_cat-smart-screen-vapes","30":"first","31":"instock","32":"shipping-taxable","33":"purchasable","34":"product-type-variable","35":"has-default-attributes"},"jetpack_sharing_enabled":true,"tiered_pricing_type":"fixed","tiered_pricing_fixed_rules":{"2000":5.62000000000000010658141036401502788066864013671875},"tiered_pricing_product_settings":{"layout":"default","base_unit_name":{"singular":null,"plural":null},"default_variation":null},"tiered_pricing_minimum_quantity":1000,"tiered_pricing_roles_data":[],"tiered_pricing_percentage_rules":[],"tiered_pricing_maximum_quantity":null,"tiered_pricing_quantity_step":"5","_links":{"self":[{"href":"https:\/\/volovape.com\/fr\/wp-json\/wp\/v2\/product\/90","targetHints":{"allow":["GET"]}}],"collection":[{"href":"https:\/\/volovape.com\/fr\/wp-json\/wp\/v2\/product"}],"about":[{"href":"https:\/\/volovape.com\/fr\/wp-json\/wp\/v2\/types\/product"}],"replies":[{"embeddable":true,"href":"https:\/\/volovape.com\/fr\/wp-json\/wp\/v2\/comments?post=90"}],"wp:featuredmedia":[{"embeddable":true,"href":"https:\/\/volovape.com\/fr\/wp-json\/wp\/v2\/media\/348"}],"wp:attachment":[{"href":"https:\/\/volovape.com\/fr\/wp-json\/wp\/v2\/media?parent=90"}],"wp:term":[{"taxonomy":"product_brand","embeddable":true,"href":"https:\/\/volovape.com\/fr\/wp-json\/wp\/v2\/product_brand?post=90"},{"taxonomy":"product_cat","embeddable":true,"href":"https:\/\/volovape.com\/fr\/wp-json\/wp\/v2\/product_cat?post=90"},{"taxonomy":"product_tag","embeddable":true,"href":"https:\/\/volovape.com\/fr\/wp-json\/wp\/v2\/product_tag?post=90"}],"curies":[{"name":"wp","href":"https:\/\/api.w.org\/{rel}","templated":true}]}}