{"id":89,"date":"2024-11-21T03:26:52","date_gmt":"2024-11-21T03:26:52","guid":{"rendered":"https:\/\/volovape.com\/?post_type=product&#038;p=89"},"modified":"2025-10-30T05:03:05","modified_gmt":"2025-10-30T05:03:05","slug":"randm-digital-box-12000-puffs","status":"publish","type":"product","link":"https:\/\/volovape.com\/fr\/product\/randm-digital-box-12000-puffs\/","title":{"rendered":"RandM Digital Box 12000 bouff\u00e9es Vape jetable - Rechargeable avec \u00e9cran LCD"},"content":{"rendered":"<p><iframe title=\"VideoPress Lecteur vid\u00e9o\" aria-label='VideoPress Lecteur vid\u00e9o' width='500' height='281' src='https:\/\/videopress.com\/embed\/UzJBu0bw?hd=0&amp;cover=1' frameborder='0' allowfullscreen allow='clipboard-write'><\/iframe><script src='https:\/\/v0.wordpress.com\/js\/next\/videopress-iframe.js?m=1739540970'><\/script><\/p>\n<p><strong>RandM Digital Box 12000 bouff\u00e9es Vape jetable<\/strong> - Vaping \u00e0 haute capacit\u00e9 avec contr\u00f4le LCD intelligent.<\/p>\n<p>Le <strong>RandM Digital Box 12000<\/strong> \u00e9tablit une nouvelle norme pour les vapes jetables, d\u00e9livrant une impressionnante <strong>12 000 bouff\u00e9es<\/strong> et une g\u00e9n\u00e9reuse <strong>Capacit\u00e9 de 20mL d'e-liquide<\/strong>. \u00c9quip\u00e9 d'un <strong>Batterie rechargeable de 850mAh<\/strong> et <strong>Chargement de type C<\/strong>Il garantit des performances durables. La caract\u00e9ristique principale est la <strong>\u00e9cran LCD int\u00e9gr\u00e9<\/strong>qui fournit des mises \u00e0 jour en temps r\u00e9el sur l'autonomie de la batterie et le nombre de bouff\u00e9es, offrant ainsi un contr\u00f4le in\u00e9gal\u00e9. L'appareil <strong>Bobine \u00e0 mailles de 1\u03a9<\/strong> garantit une vapeur douce et savoureuse, am\u00e9liorant chaque bouff\u00e9e. Disponible en <strong>6 saveurs distinctes<\/strong>Avec une gamme de produits allant des m\u00e9langes fruit\u00e9s \u00e0 la menthe rafra\u00eechissante, cet appareil r\u00e9pond aux pr\u00e9f\u00e9rences les plus diverses. Id\u00e9al pour <strong>Vape jetable en gros<\/strong>, <strong>commandes group\u00e9es<\/strong>ou <strong>usage personnel<\/strong>Le RandM Digital Box 12000 allie une technologie de pointe \u00e0 une commodit\u00e9 exceptionnelle.<\/p>\n<h3><strong>RandM Digital Box 12000 Caract\u00e9ristiques :<\/strong><\/h3>\n<ul>\n<li>Bouff\u00e9es : Jusqu'\u00e0 12 000 bouff\u00e9es<\/li>\n<li>Capacit\u00e9 E-liquide : 20mL<\/li>\n<li>Batterie : 850mAh (rechargeable)<\/li>\n<li>Chargement : Type-C<\/li>\n<li>Bobine : 1\u03a9 Mesh Coil<\/li>\n<li>Affichage : LCD (batterie et nombre de bouff\u00e9es)<\/li>\n<li>Saveurs : 6 options uniques<\/li>\n<li>Dispositif \u00e0 usage unique<\/li>\n<\/ul>\n<h4>FAQ<\/h4>\n<h5>Comment l'\u00e9cran LCD am\u00e9liore-t-il l'exp\u00e9rience de l'utilisateur ?<\/h5>\n<p>L'\u00e9cran LCD fournit des informations en temps r\u00e9el sur le niveau de la batterie et le nombre de bouff\u00e9es, ce qui vous permet de contr\u00f4ler votre utilisation et de planifier en cons\u00e9quence. Cette fonction ajoute un niveau de commodit\u00e9 et de contr\u00f4le, vous assurant de ne jamais \u00eatre pris au d\u00e9pourvu par une batterie d\u00e9charg\u00e9e ou un r\u00e9servoir vide.<\/p>\n<h5>Quelles sont les m\u00e9thodes d'exp\u00e9dition utilis\u00e9es ?<\/h5>\n<p>Nous travaillons avec des transporteurs de confiance comme UPS, DHL, FedEx et DPD pour livrer vos commandes rapidement. Nous s\u00e9lectionnons l'option d'exp\u00e9dition la plus efficace en fonction de votre localisation afin de garantir une livraison rapide et fiable.<\/p>\n<h5>Quel est le d\u00e9lai de livraison de ma commande ?<\/h5>\n<p>Les commandes sont g\u00e9n\u00e9ralement livr\u00e9es dans un d\u00e9lai de 7 \u00e0 15 jours ouvrables. Toutefois, il faut compter jusqu'\u00e0 20 jours ouvrables pendant les jours f\u00e9ri\u00e9s ou en cas de conditions m\u00e9t\u00e9orologiques d\u00e9favorables, ce qui peut entra\u00eener de l\u00e9gers retards.<\/p>\n<h5>Aurai-je des probl\u00e8mes de douane ou des frais suppl\u00e9mentaires ?<\/h5>\n<p>Nous nous chargeons de toutes les proc\u00e9dures de d\u00e9douanement, ce qui vous garantit une exp\u00e9rience sans tracas. Vous n'aurez pas \u00e0 payer de taxes ou de frais suppl\u00e9mentaires. Nous garantissons que 100% de nos produits sont d\u00e9douan\u00e9s avec succ\u00e8s.<\/p>\n<h5>Les achats effectu\u00e9s sur votre site sont-ils s\u00fbrs et fiables ?<\/h5>\n<p>Oui, nous acceptons les transactions s\u00e9curis\u00e9es par PayPal avec protection de l'acheteur. Vous pouvez \u00e9galement v\u00e9rifier notre fiabilit\u00e9 en lisant les commentaires des clients sur <a href=\"https:\/\/www.trustpilot.com\/review\/volovape.com?utm_medium=trustbox&amp;utm_source=TrustBoxReviewCollector\">TrustPilot<\/a>o\u00f9 vous trouverez des t\u00e9moignages de clients satisfaits.<\/p>","protected":false},"excerpt":{"rendered":"<p>Passez \u00e0 la vaporisation num\u00e9rique avec la RandM Digital Box 12000 Puffs. Ecran LCD, 1\u03a9 mesh, 20ml, 850mAh rechargeable. Id\u00e9ale pour les particuliers ou les grossistes, elle permet de vaper en douceur et en toute connaissance de cause.<\/p>","protected":false},"featured_media":341,"comment_status":"open","ping_status":"closed","template":"","meta":[],"product_brand":[],"product_cat":[52,38,21,18,39,20,23,24,22,25,26,27,28,29,30,31,32,33,34,35,36,40],"product_tag":[],"class_list":{"0":"post-89","1":"product","2":"type-product","3":"status-publish","4":"has-post-thumbnail","6":"product_cat-randm","7":"product_cat-12000-puffs-disposable-vape","8":"product_cat-big-puffs-vapes","9":"product_cat-different-puffs-of-disposable-vapes","10":"product_cat-digital-box-vapes","11":"product_cat-disposable-vape-types","12":"product_cat-disposable-vapes-in-austria","13":"product_cat-disposable-vapes-in-belgium","14":"product_cat-disposable-vapes-in-europe","15":"product_cat-disposable-vapes-in-france","16":"product_cat-disposable-vapes-in-germany","17":"product_cat-disposable-vapes-in-hungary","18":"product_cat-disposable-vapes-in-ltaly","19":"product_cat-disposable-vapes-in-netherlands","20":"product_cat-disposable-vapes-in-norway","21":"product_cat-disposable-vapes-in-poland","22":"product_cat-disposable-vapes-in-portugal","23":"product_cat-disposable-vapes-in-spain","24":"product_cat-disposable-vapes-in-sweden","25":"product_cat-disposable-vapes-in-switzerland","26":"product_cat-rechargeable-vapes","27":"product_cat-smart-screen-vapes","29":"first","30":"instock","31":"shipping-taxable","32":"purchasable","33":"product-type-variable","34":"has-default-attributes"},"jetpack_sharing_enabled":true,"tiered_pricing_type":"fixed","tiered_pricing_fixed_rules":{"30":7.32000000000000028421709430404007434844970703125,"50":6.8499999999999996447286321199499070644378662109375,"100":6.2599999999999997868371792719699442386627197265625,"200":5.95999999999999996447286321199499070644378662109375,"400":5.55999999999999960920149533194489777088165283203125},"tiered_pricing_product_settings":{"layout":"default","base_unit_name":{"singular":null,"plural":null},"default_variation":null},"tiered_pricing_minimum_quantity":10,"tiered_pricing_roles_data":[],"tiered_pricing_percentage_rules":[],"tiered_pricing_maximum_quantity":null,"tiered_pricing_quantity_step":"10","_links":{"self":[{"href":"https:\/\/volovape.com\/fr\/wp-json\/wp\/v2\/product\/89","targetHints":{"allow":["GET"]}}],"collection":[{"href":"https:\/\/volovape.com\/fr\/wp-json\/wp\/v2\/product"}],"about":[{"href":"https:\/\/volovape.com\/fr\/wp-json\/wp\/v2\/types\/product"}],"replies":[{"embeddable":true,"href":"https:\/\/volovape.com\/fr\/wp-json\/wp\/v2\/comments?post=89"}],"wp:featuredmedia":[{"embeddable":true,"href":"https:\/\/volovape.com\/fr\/wp-json\/wp\/v2\/media\/341"}],"wp:attachment":[{"href":"https:\/\/volovape.com\/fr\/wp-json\/wp\/v2\/media?parent=89"}],"wp:term":[{"taxonomy":"product_brand","embeddable":true,"href":"https:\/\/volovape.com\/fr\/wp-json\/wp\/v2\/product_brand?post=89"},{"taxonomy":"product_cat","embeddable":true,"href":"https:\/\/volovape.com\/fr\/wp-json\/wp\/v2\/product_cat?post=89"},{"taxonomy":"product_tag","embeddable":true,"href":"https:\/\/volovape.com\/fr\/wp-json\/wp\/v2\/product_tag?post=89"}],"curies":[{"name":"wp","href":"https:\/\/api.w.org\/{rel}","templated":true}]}}