{"id":88,"date":"2024-11-21T03:26:51","date_gmt":"2024-11-21T03:26:51","guid":{"rendered":"https:\/\/volovape.com\/?post_type=product&#038;p=88"},"modified":"2025-07-04T02:52:02","modified_gmt":"2025-07-04T02:52:02","slug":"vapme-fire-9000-puffs","status":"publish","type":"product","link":"https:\/\/volovape.com\/fr\/product\/vapme-fire-9000-puffs\/","title":{"rendered":"VAPME FIRE 9000 Puffs Vape jetable - Rechargeable, 0.8\u03a9 Mesh Coil"},"content":{"rendered":"<p><strong>VAPME FIRE 9000 Puffs Vape jetable<\/strong> - Vivez une exp\u00e9rience de vaporisation prolong\u00e9e et savoureuse gr\u00e2ce \u00e0 l'avantage de la recharge.<\/p>\n<p>Le <strong>VAPME FIRE 9000<\/strong> fournit un impressionnant <strong>9000+ bouff\u00e9es<\/strong> avec un nombre substantiel de <strong>Capacit\u00e9 de 15mL d'e-liquide<\/strong>pour un plaisir prolong\u00e9. Ses <strong>Batterie rechargeable de 850mAh<\/strong> et <strong>Chargement de type C<\/strong> offrent la commodit\u00e9 d'une utilisation continue sans remplacements fr\u00e9quents. Les <strong>Bobine \u00e0 mailles de 0,8\u03a9<\/strong> est con\u00e7u pour une saveur et une production de vapeur optimales, offrant une exp\u00e9rience de vapotage toujours douce. Avec une gamme vari\u00e9e de <strong>16 saveurs uniques<\/strong>Cet appareil permet de satisfaire tous les palais, des m\u00e9langes fruit\u00e9s aux sensations glac\u00e9es. Id\u00e9al pour <strong>Vape jetable en gros<\/strong>, <strong>commande group\u00e9e<\/strong>ou <strong>usage personnel<\/strong>Le VAPME FIRE 9000 combine des performances \u00e9lev\u00e9es avec une portabilit\u00e9 ultime.<\/p>\n<p><iframe title=\"VideoPress Lecteur vid\u00e9o\" aria-label='VideoPress Lecteur vid\u00e9o' width='421' height='750' src='https:\/\/videopress.com\/embed\/Cl4SK2ke?hd=0&amp;cover=1' frameborder='0' allowfullscreen allow='clipboard-write'><\/iframe><script src='https:\/\/v0.wordpress.com\/js\/next\/videopress-iframe.js?m=1739540970'><\/script><\/p>\n<h3><strong>VAPME FIRE 9000 Caract\u00e9ristiques\uff1a<\/strong><\/h3>\n<ul>\n<li>Puffs : Plus de 9000 bouff\u00e9es<\/li>\n<li>Capacit\u00e9 E-liquide : 15mL<\/li>\n<li>Batterie : 850mAh (rechargeable)<\/li>\n<li>Chargement : Type-C<\/li>\n<li>Bobine : 0.8\u03a9 Mesh Coil<\/li>\n<li>Saveurs : 16 options uniques<\/li>\n<li>Dispositif \u00e0 usage unique<\/li>\n<\/ul>\n<h4>FAQ<\/h4>\n<h5>Comment la bobine \u00e0 mailles de 0,8\u03a9 am\u00e9liore-t-elle l'exp\u00e9rience de vapotage ?<\/h5>\n<p>La bobine \u00e0 mailles de 0,8\u03a9 est con\u00e7ue pour fournir un chauffage uniforme et une surface accrue, ce qui entra\u00eene une production de vapeur plus fluide et une diffusion de saveurs plus intense. Cela garantit une vape toujours satisfaisante \u00e0 chaque bouff\u00e9e, maximisant le plaisir de chaque saveur.<\/p>\n<h5>Quelles sont les m\u00e9thodes d'exp\u00e9dition utilis\u00e9es ?<\/h5>\n<p>Nous travaillons en partenariat avec des transporteurs de premier plan tels que UPS, DHL, FedEx et DPD afin de garantir que votre commande arrive rapidement et en toute s\u00e9curit\u00e9. Nous s\u00e9lectionnons la meilleure m\u00e9thode d'exp\u00e9dition en fonction de votre situation g\u00e9ographique afin d'optimiser les d\u00e9lais de livraison.<\/p>\n<h5>Combien de temps faut-il pour qu'il arrive ?<\/h5>\n<p>Le d\u00e9lai de livraison est g\u00e9n\u00e9ralement de 7 \u00e0 15 jours ouvrables. Toutefois, il faut compter jusqu'\u00e0 20 jours ouvrables en cas de vacances ou de conditions m\u00e9t\u00e9orologiques d\u00e9favorables, car cela peut avoir une incidence sur les d\u00e9lais de livraison.<\/p>\n<h5>Aurai-je des probl\u00e8mes de douane ou des frais suppl\u00e9mentaires ?<\/h5>\n<p>Non, nous garantissons une proc\u00e9dure de d\u00e9douanement sans probl\u00e8me. Nous nous occupons de toutes les proc\u00e9dures douani\u00e8res et vous n'aurez pas \u00e0 payer de taxes ou de frais suppl\u00e9mentaires. Soyez assur\u00e9 que 100% de nos produits sont d\u00e9douan\u00e9s avec succ\u00e8s.<\/p>\n<h5>Puis-je faire confiance \u00e0 ce produit et \u00e0 votre service ?<\/h5>\n<p>Absolument. Nous acceptons les paiements s\u00e9curis\u00e9s par PayPal avec protection de l'acheteur. Vous pouvez \u00e9galement v\u00e9rifier notre cr\u00e9dibilit\u00e9 en consultant les avis de nos clients sur <a href=\"https:\/\/www.trustpilot.com\/review\/volovape.com?utm_medium=trustbox&amp;utm_source=TrustBoxReviewCollector\">TrustPilot<\/a>o\u00f9 vous trouverez des t\u00e9moignages de clients satisfaits.<\/p>","protected":false},"excerpt":{"rendered":"<p>Allumez une saveur durable avec le VAPME FIRE 9000 Puffs. 0.8\u03a9 mesh, 15ml, 850mAh rechargeable. Id\u00e9al pour les particuliers ou les grossistes, d\u00e9livrant une vapeur douce et riche.<\/p>","protected":false},"featured_media":333,"comment_status":"open","ping_status":"closed","template":"","meta":[],"product_brand":[],"product_cat":[49,48,21,18,20,23,24,22,25,26,27,28,29,30,31,32,33,34,35,36],"product_tag":[],"class_list":{"0":"post-88","1":"product","2":"type-product","3":"status-publish","4":"has-post-thumbnail","6":"product_cat-vapme","7":"product_cat-9000-puffs-disposable-vape","8":"product_cat-big-puffs-vapes","9":"product_cat-different-puffs-of-disposable-vapes","10":"product_cat-disposable-vape-types","11":"product_cat-disposable-vapes-in-austria","12":"product_cat-disposable-vapes-in-belgium","13":"product_cat-disposable-vapes-in-europe","14":"product_cat-disposable-vapes-in-france","15":"product_cat-disposable-vapes-in-germany","16":"product_cat-disposable-vapes-in-hungary","17":"product_cat-disposable-vapes-in-ltaly","18":"product_cat-disposable-vapes-in-netherlands","19":"product_cat-disposable-vapes-in-norway","20":"product_cat-disposable-vapes-in-poland","21":"product_cat-disposable-vapes-in-portugal","22":"product_cat-disposable-vapes-in-spain","23":"product_cat-disposable-vapes-in-sweden","24":"product_cat-disposable-vapes-in-switzerland","25":"product_cat-rechargeable-vapes","27":"first","28":"instock","29":"shipping-taxable","30":"purchasable","31":"product-type-variable","32":"has-default-attributes"},"jetpack_sharing_enabled":true,"tiered_pricing_type":"fixed","tiered_pricing_fixed_rules":{"2000":5.20000000000000017763568394002504646778106689453125},"tiered_pricing_product_settings":{"layout":"default","base_unit_name":{"singular":null,"plural":null},"default_variation":null},"tiered_pricing_minimum_quantity":1000,"tiered_pricing_roles_data":[],"tiered_pricing_percentage_rules":[],"tiered_pricing_maximum_quantity":null,"tiered_pricing_quantity_step":"10","_links":{"self":[{"href":"https:\/\/volovape.com\/fr\/wp-json\/wp\/v2\/product\/88","targetHints":{"allow":["GET"]}}],"collection":[{"href":"https:\/\/volovape.com\/fr\/wp-json\/wp\/v2\/product"}],"about":[{"href":"https:\/\/volovape.com\/fr\/wp-json\/wp\/v2\/types\/product"}],"replies":[{"embeddable":true,"href":"https:\/\/volovape.com\/fr\/wp-json\/wp\/v2\/comments?post=88"}],"wp:featuredmedia":[{"embeddable":true,"href":"https:\/\/volovape.com\/fr\/wp-json\/wp\/v2\/media\/333"}],"wp:attachment":[{"href":"https:\/\/volovape.com\/fr\/wp-json\/wp\/v2\/media?parent=88"}],"wp:term":[{"taxonomy":"product_brand","embeddable":true,"href":"https:\/\/volovape.com\/fr\/wp-json\/wp\/v2\/product_brand?post=88"},{"taxonomy":"product_cat","embeddable":true,"href":"https:\/\/volovape.com\/fr\/wp-json\/wp\/v2\/product_cat?post=88"},{"taxonomy":"product_tag","embeddable":true,"href":"https:\/\/volovape.com\/fr\/wp-json\/wp\/v2\/product_tag?post=88"}],"curies":[{"name":"wp","href":"https:\/\/api.w.org\/{rel}","templated":true}]}}