{"id":854,"date":"2024-11-21T03:33:53","date_gmt":"2024-11-21T03:33:53","guid":{"rendered":"https:\/\/volovape.com\/?post_type=product&#038;p=854"},"modified":"2025-07-06T04:15:38","modified_gmt":"2025-07-06T04:15:38","slug":"elfworld-mx-25000-puffs","status":"publish","type":"product","link":"https:\/\/volovape.com\/fr\/product\/elfworld-mx-25000-puffs\/","title":{"rendered":"ELFWORLD MX 25000 bouff\u00e9es vape jetable - mesh coil, affichage digital, airflow r\u00e9glable"},"content":{"rendered":"<p><strong>ELFWORLD MX 25000 bouff\u00e9es Vape jetable<\/strong> - Vaping personnalis\u00e9 avec une grande capacit\u00e9 et une pr\u00e9cision num\u00e9rique.<\/p>\n<p>Le <strong>ELFWORLD MX 25000 bouff\u00e9es<\/strong> La vape jetable offre une exp\u00e9rience de vapotage exceptionnelle avec une \u00e9norme <strong>25 000 bouff\u00e9es<\/strong> capacit\u00e9, une g\u00e9n\u00e9reuse <strong>R\u00e9servoir d'e-liquide de 25ml<\/strong>et d'un puissant <strong>Batterie rechargeable de 850mAh<\/strong>. Le syst\u00e8me avanc\u00e9 <strong>bobine de maille<\/strong> garantit une vapeur toujours douce et savoureuse, tandis que la technologie <strong>affichage num\u00e9rique<\/strong> permet de contr\u00f4ler en temps r\u00e9el les niveaux de la batterie et de l'e-liquide. Les <strong>d\u00e9bit d'air r\u00e9glable<\/strong> permet de personnaliser le tirage au sort en fonction des pr\u00e9f\u00e9rences de chacun. Vous avez le choix entre <strong>0%, 2%, 3%, ou 5% taux de nicotine<\/strong>. Id\u00e9al pour un usage personnel et <strong>Vape jetable en gros<\/strong>Cet appareil offre \u00e0 la fois performance et personnalisation. <strong>Commande en vrac<\/strong> sont disponibles pour les d\u00e9taillants.<\/p>\n<h3><strong>ELFWORLD MX 25000 Puffs Caract\u00e9ristiques :<\/strong><\/h3>\n<ul>\n<li>Bouff\u00e9es : Jusqu'\u00e0 25 000<\/li>\n<li>Capacit\u00e9 E-liquide : 25ml<\/li>\n<li>Batterie : 850mAh (rechargeable)<\/li>\n<li>Chargement : Type-C<\/li>\n<li>Bobine : Bobine de maille<\/li>\n<li>Affichage : Affichage num\u00e9rique (niveaux de batterie et d'e-liquide)<\/li>\n<li>Flux d'air : R\u00e9glable<\/li>\n<li>Points forts de la nicotine : 0%, 2%, 3%, 5%<\/li>\n<li>Saveurs disponibles : Fraise glac\u00e9e, past\u00e8que glac\u00e9e, raisin glac\u00e9, menthe, double pomme, p\u00eache juteuse glac\u00e9e, glace Blue Razz, limonade rose, baies m\u00e9lang\u00e9es, past\u00e8que aux myrtilles, orange aux baies de citron vert, p\u00eache framboise citron vert, mangue ananas acidul\u00e9e, p\u00eache bleue glac\u00e9e.<\/li>\n<\/ul>\n<h4>FAQ<\/h4>\n<h5>Comment le flux d'air r\u00e9glable am\u00e9liore-t-il l'exp\u00e9rience de vapotage ?<\/h5>\n<p>Le flux d'air r\u00e9glable permet aux utilisateurs d'ajuster la r\u00e9sistance au tirage selon leurs pr\u00e9f\u00e9rences, offrant un contr\u00f4le personnalis\u00e9 sur la densit\u00e9 de la vapeur et l'intensit\u00e9 de la saveur. Cette personnalisation garantit une exp\u00e9rience de vapotage plus satisfaisante et mieux adapt\u00e9e.<\/p>\n<h5>Quels sont les avantages de l'affichage num\u00e9rique de cet appareil ?<\/h5>\n<p>L'affichage num\u00e9rique permet de contr\u00f4ler en temps r\u00e9el les niveaux de batterie et d'e-liquide, ce qui permet aux utilisateurs de suivre facilement l'\u00e9tat de leur appareil. Cette fonction vous permet d'\u00eatre toujours inform\u00e9 et de planifier vos sessions de vapotage en cons\u00e9quence, ce qui est plus pratique et \u00e9vite les interruptions inattendues.<\/p>\n<h5>En quoi la capacit\u00e9 de 25 000 bouff\u00e9es et la batterie de 850 mAh sont-elles utiles aux utilisateurs ?<\/h5>\n<p>La capacit\u00e9 de 25 000 bouff\u00e9es et la batterie rechargeable de 850mAh permettent une utilisation prolong\u00e9e, minimisant le besoin de remplacements ou de recharges fr\u00e9quents. Cette combinaison offre une long\u00e9vit\u00e9 et une commodit\u00e9 exceptionnelles, ce qui fait de l'ELFWORLD MX 25000 l'appareil id\u00e9al pour les sessions de vapotage prolong\u00e9es.<\/p>\n<h5>Quelles sont les m\u00e9thodes d'exp\u00e9dition utilis\u00e9es ?<\/h5>\n<p>Nous travaillons en partenariat avec des transporteurs fiables tels que UPS, DHL, FedEx et DPD afin de garantir une livraison efficace et s\u00fbre. Nous s\u00e9lectionnons la m\u00e9thode d'exp\u00e9dition la plus appropri\u00e9e en fonction de votre situation g\u00e9ographique pour que votre commande vous parvienne le plus rapidement possible.<\/p>\n<h5>Puis-je faire confiance \u00e0 mon achat ?<\/h5>\n<p>Nous donnons la priorit\u00e9 \u00e0 la satisfaction de nos clients et offrons des options de paiement s\u00e9curis\u00e9es, y compris PayPal avec protection de l'acheteur. Vous pouvez \u00e9galement consulter les avis des clients sur TrustPilot : <a href=\"https:\/\/www.trustpilot.com\/review\/volovape.com?utm_medium=trustbox&amp;utm_source=TrustBoxReviewCollector\">TrustPilot<\/a>.<\/p>","protected":false},"excerpt":{"rendered":"<p>Stock ELFWORLD MX 25000 bouff\u00e9es Vapes jetables. 25 000 bouff\u00e9es, 25ml d'e-liquide, batterie 850mAh, mesh coil, affichage digital, airflow r\u00e9glable. Choisissez parmi 15 saveurs.<\/p>","protected":false},"featured_media":1296,"comment_status":"open","ping_status":"closed","template":"","meta":[],"product_brand":[],"product_cat":[69,45,21,18,39,20,23,24,22,25,26,27,28,29,30,31,32,33,34,35,44,36,40],"product_tag":[],"class_list":{"0":"post-854","1":"product","2":"type-product","3":"status-publish","4":"has-post-thumbnail","6":"product_cat-elfworld","7":"product_cat-25000-puffs-disposable-vape","8":"product_cat-big-puffs-vapes","9":"product_cat-different-puffs-of-disposable-vapes","10":"product_cat-digital-box-vapes","11":"product_cat-disposable-vape-types","12":"product_cat-disposable-vapes-in-austria","13":"product_cat-disposable-vapes-in-belgium","14":"product_cat-disposable-vapes-in-europe","15":"product_cat-disposable-vapes-in-france","16":"product_cat-disposable-vapes-in-germany","17":"product_cat-disposable-vapes-in-hungary","18":"product_cat-disposable-vapes-in-ltaly","19":"product_cat-disposable-vapes-in-netherlands","20":"product_cat-disposable-vapes-in-norway","21":"product_cat-disposable-vapes-in-poland","22":"product_cat-disposable-vapes-in-portugal","23":"product_cat-disposable-vapes-in-spain","24":"product_cat-disposable-vapes-in-sweden","25":"product_cat-disposable-vapes-in-switzerland","26":"product_cat-dual-mesh-vapes","27":"product_cat-rechargeable-vapes","28":"product_cat-smart-screen-vapes","30":"first","31":"instock","32":"shipping-taxable","33":"purchasable","34":"product-type-variable","35":"has-default-attributes"},"jetpack_sharing_enabled":true,"tiered_pricing_type":"fixed","tiered_pricing_fixed_rules":{"2000":5.20000000000000017763568394002504646778106689453125},"tiered_pricing_product_settings":{"layout":"default","base_unit_name":{"singular":null,"plural":null},"default_variation":null},"tiered_pricing_minimum_quantity":1000,"tiered_pricing_roles_data":[],"tiered_pricing_percentage_rules":[],"tiered_pricing_maximum_quantity":null,"tiered_pricing_quantity_step":"10","_links":{"self":[{"href":"https:\/\/volovape.com\/fr\/wp-json\/wp\/v2\/product\/854","targetHints":{"allow":["GET"]}}],"collection":[{"href":"https:\/\/volovape.com\/fr\/wp-json\/wp\/v2\/product"}],"about":[{"href":"https:\/\/volovape.com\/fr\/wp-json\/wp\/v2\/types\/product"}],"replies":[{"embeddable":true,"href":"https:\/\/volovape.com\/fr\/wp-json\/wp\/v2\/comments?post=854"}],"wp:featuredmedia":[{"embeddable":true,"href":"https:\/\/volovape.com\/fr\/wp-json\/wp\/v2\/media\/1296"}],"wp:attachment":[{"href":"https:\/\/volovape.com\/fr\/wp-json\/wp\/v2\/media?parent=854"}],"wp:term":[{"taxonomy":"product_brand","embeddable":true,"href":"https:\/\/volovape.com\/fr\/wp-json\/wp\/v2\/product_brand?post=854"},{"taxonomy":"product_cat","embeddable":true,"href":"https:\/\/volovape.com\/fr\/wp-json\/wp\/v2\/product_cat?post=854"},{"taxonomy":"product_tag","embeddable":true,"href":"https:\/\/volovape.com\/fr\/wp-json\/wp\/v2\/product_tag?post=854"}],"curies":[{"name":"wp","href":"https:\/\/api.w.org\/{rel}","templated":true}]}}