{"id":853,"date":"2024-11-21T03:33:53","date_gmt":"2024-11-21T03:33:53","guid":{"rendered":"https:\/\/volovape.com\/?post_type=product&#038;p=853"},"modified":"2025-07-06T04:14:47","modified_gmt":"2025-07-06T04:14:47","slug":"hzko-supernova-25000-bouffees","status":"publish","type":"product","link":"https:\/\/volovape.com\/fr\/product\/hzko-supernova-25000-puffs\/","title":{"rendered":"HZKO Supernova 25000 bouff\u00e9es vape jetable - affichage digital, airflow r\u00e9glable, mesh coil"},"content":{"rendered":"<p><strong>HZKO Supernova 25000 bouff\u00e9es Vape jetable<\/strong> - Profitez d'un contr\u00f4le optimal et d'une long\u00e9vit\u00e9 accrue gr\u00e2ce \u00e0 l'affichage num\u00e9rique et au flux d'air r\u00e9glable.<\/p>\n<p>Le <strong>HZKO Supernova 25000 bouff\u00e9es<\/strong> La vape jetable offre une exp\u00e9rience de vapotage in\u00e9gal\u00e9e avec une impressionnante <strong>25 000 bouff\u00e9es<\/strong> capacit\u00e9, une g\u00e9n\u00e9reuse <strong>R\u00e9servoir d'e-liquide de 25ml<\/strong>et d'un puissant <strong>Batterie rechargeable de 850mAh<\/strong>. Le syst\u00e8me int\u00e9gr\u00e9 <strong>affichage num\u00e9rique<\/strong> permet de contr\u00f4ler en temps r\u00e9el les niveaux de la batterie et de l'e-liquide. <strong>d\u00e9bit d'air r\u00e9glable<\/strong> permet de personnaliser les sessions de vapotage. Le syst\u00e8me avanc\u00e9 de <strong>bobine de maille<\/strong> assure une production de vapeur douce et savoureuse. Choisissez parmi <strong>0%, 2%, 3%, ou 5% taux de nicotine<\/strong>. Id\u00e9al pour un usage personnel et <strong>Vape jetable en gros<\/strong>Ce dispositif offre \u00e0 la fois commodit\u00e9 et contr\u00f4le. <strong>Commande en vrac<\/strong> sont disponibles pour les d\u00e9taillants.<\/p>\n<h3><strong>HZKO Supernova 25000 Puffs Caract\u00e9ristiques :<\/strong><\/h3>\n<ul>\n<li>Bouff\u00e9es : Jusqu'\u00e0 25 000<\/li>\n<li>Capacit\u00e9 E-liquide : 25ml<\/li>\n<li>Batterie : 850mAh (rechargeable)<\/li>\n<li>Chargement : Type-C<\/li>\n<li>Bobine : Bobine de maille<\/li>\n<li>Affichage : Affichage num\u00e9rique (niveaux de batterie et d'e-liquide)<\/li>\n<li>Flux d'air : R\u00e9glable<\/li>\n<li>Points forts de la nicotine : 0%, 2%, 3%, 5%<\/li>\n<li>Saveurs disponibles : Peach Blue Slushy, Grapefruit Refresher, Sour Mango Pineapple, Lime Berry Orange, Watermelon Ice, Miami Mint, Blue Razz Ice, Sour Apple Ice, Mixed Berries, Raspberry Peach Lime.<\/li>\n<\/ul>\n<h4>FAQ<\/h4>\n<h5>Comment l'affichage num\u00e9rique am\u00e9liore-t-il l'exp\u00e9rience de l'utilisateur ?<\/h5>\n<p>L'\u00e9cran num\u00e9rique fournit des informations en temps r\u00e9el sur les niveaux de batterie et d'e-liquide, ce qui permet aux utilisateurs de contr\u00f4ler l'\u00e9tat de leur appareil d'un seul coup d'\u0153il. Cette fonction vous permet d'\u00eatre toujours au courant de l'\u00e9tat de votre appareil, d'\u00e9viter les interruptions inattendues et d'am\u00e9liorer le confort d'utilisation.<\/p>\n<h5>Quels sont les avantages d'un d\u00e9bit d'air r\u00e9glable dans cet appareil ?<\/h5>\n<p>Le d\u00e9bit d'air r\u00e9glable permet aux utilisateurs de personnaliser leur exp\u00e9rience de vapotage en ajustant la r\u00e9sistance \u00e0 l'aspiration. Que vous pr\u00e9f\u00e9riez un tirage serr\u00e9 ou l\u00e2che, cette fonction permet un contr\u00f4le personnalis\u00e9, ce qui se traduit par une session de vapotage plus satisfaisante et plus agr\u00e9able.<\/p>\n<h5>Comment la batterie de 850mAh et la capacit\u00e9 de 25ml d'e-liquide contribuent-elles \u00e0 la long\u00e9vit\u00e9 de l'appareil ?<\/h5>\n<p>La batterie rechargeable de 850mAh et la capacit\u00e9 de 25ml d'e-liquide sont con\u00e7ues pour supporter le nombre \u00e9lev\u00e9 de bouff\u00e9es de l'appareil, garantissant une utilisation prolong\u00e9e sans recharges ou remplissages fr\u00e9quents. Cette combinaison offre une commodit\u00e9 et une long\u00e9vit\u00e9 exceptionnelles, faisant du HZKO Supernova 25000 l'appareil id\u00e9al pour les sessions de vapotage prolong\u00e9es.<\/p>\n<h5>Quelles sont les m\u00e9thodes d'exp\u00e9dition utilis\u00e9es ?<\/h5>\n<p>Nous travaillons en partenariat avec des transporteurs fiables tels que UPS, DHL, FedEx et DPD afin de garantir une livraison efficace et s\u00fbre. Nous s\u00e9lectionnons la m\u00e9thode d'exp\u00e9dition la plus appropri\u00e9e en fonction de votre situation g\u00e9ographique pour que votre commande vous parvienne le plus rapidement possible.<\/p>\n<h5>Puis-je faire confiance \u00e0 mon achat ?<\/h5>\n<p>Nous donnons la priorit\u00e9 \u00e0 la satisfaction de nos clients et offrons des options de paiement s\u00e9curis\u00e9es, y compris PayPal avec protection de l'acheteur. Vous pouvez \u00e9galement consulter les avis des clients sur TrustPilot : <a href=\"https:\/\/www.trustpilot.com\/review\/volovape.com?utm_medium=trustbox&amp;utm_source=TrustBoxReviewCollector\">TrustPilot<\/a>.<\/p>","protected":false},"excerpt":{"rendered":"<p>Fourniture HZKO Supernova 25000 bouff\u00e9es Vapes jetables. 25 000 bouff\u00e9es, 25ml d'e-liquide, batterie 850mAh, affichage digital, airflow r\u00e9glable, mesh coil. Nicotine vari\u00e9e. Explorer les saveurs.<\/p>","protected":false},"featured_media":1281,"comment_status":"open","ping_status":"closed","template":"","meta":[],"product_brand":[],"product_cat":[70,45,21,18,39,20,23,24,22,25,26,27,28,29,30,31,32,33,34,35,44,36,40],"product_tag":[],"class_list":{"0":"post-853","1":"product","2":"type-product","3":"status-publish","4":"has-post-thumbnail","6":"product_cat-hzkd","7":"product_cat-25000-puffs-disposable-vape","8":"product_cat-big-puffs-vapes","9":"product_cat-different-puffs-of-disposable-vapes","10":"product_cat-digital-box-vapes","11":"product_cat-disposable-vape-types","12":"product_cat-disposable-vapes-in-austria","13":"product_cat-disposable-vapes-in-belgium","14":"product_cat-disposable-vapes-in-europe","15":"product_cat-disposable-vapes-in-france","16":"product_cat-disposable-vapes-in-germany","17":"product_cat-disposable-vapes-in-hungary","18":"product_cat-disposable-vapes-in-ltaly","19":"product_cat-disposable-vapes-in-netherlands","20":"product_cat-disposable-vapes-in-norway","21":"product_cat-disposable-vapes-in-poland","22":"product_cat-disposable-vapes-in-portugal","23":"product_cat-disposable-vapes-in-spain","24":"product_cat-disposable-vapes-in-sweden","25":"product_cat-disposable-vapes-in-switzerland","26":"product_cat-dual-mesh-vapes","27":"product_cat-rechargeable-vapes","28":"product_cat-smart-screen-vapes","30":"first","31":"instock","32":"shipping-taxable","33":"purchasable","34":"product-type-variable","35":"has-default-attributes"},"jetpack_sharing_enabled":true,"tiered_pricing_type":"fixed","tiered_pricing_fixed_rules":{"2000":5.20000000000000017763568394002504646778106689453125},"tiered_pricing_product_settings":{"layout":"default","base_unit_name":{"singular":null,"plural":null},"default_variation":null},"tiered_pricing_minimum_quantity":1000,"tiered_pricing_roles_data":[],"tiered_pricing_percentage_rules":[],"tiered_pricing_maximum_quantity":null,"tiered_pricing_quantity_step":"10","_links":{"self":[{"href":"https:\/\/volovape.com\/fr\/wp-json\/wp\/v2\/product\/853","targetHints":{"allow":["GET"]}}],"collection":[{"href":"https:\/\/volovape.com\/fr\/wp-json\/wp\/v2\/product"}],"about":[{"href":"https:\/\/volovape.com\/fr\/wp-json\/wp\/v2\/types\/product"}],"replies":[{"embeddable":true,"href":"https:\/\/volovape.com\/fr\/wp-json\/wp\/v2\/comments?post=853"}],"wp:featuredmedia":[{"embeddable":true,"href":"https:\/\/volovape.com\/fr\/wp-json\/wp\/v2\/media\/1281"}],"wp:attachment":[{"href":"https:\/\/volovape.com\/fr\/wp-json\/wp\/v2\/media?parent=853"}],"wp:term":[{"taxonomy":"product_brand","embeddable":true,"href":"https:\/\/volovape.com\/fr\/wp-json\/wp\/v2\/product_brand?post=853"},{"taxonomy":"product_cat","embeddable":true,"href":"https:\/\/volovape.com\/fr\/wp-json\/wp\/v2\/product_cat?post=853"},{"taxonomy":"product_tag","embeddable":true,"href":"https:\/\/volovape.com\/fr\/wp-json\/wp\/v2\/product_tag?post=853"}],"curies":[{"name":"wp","href":"https:\/\/api.w.org\/{rel}","templated":true}]}}