{"id":826,"date":"2024-11-21T03:33:30","date_gmt":"2024-11-21T03:33:30","guid":{"rendered":"https:\/\/volovape.com\/?post_type=product&#038;p=826"},"modified":"2025-06-19T03:45:17","modified_gmt":"2025-06-19T03:45:17","slug":"elfworld-al-22000-puffs","status":"publish","type":"product","link":"https:\/\/volovape.com\/fr\/product\/elfworld-al-22000-puffs\/","title":{"rendered":"ELFWORLD AL 22000 Puffs Vape jetable - Dual Mesh, affichage num\u00e9rique, flux d'air r\u00e9glable"},"content":{"rendered":"<p><strong>ELFWORLD AL 22000 Puffs Vape jetable<\/strong> - Contr\u00f4le ultime de la combustion gr\u00e2ce aux bobines \u00e0 double maille et \u00e0 l'affichage num\u00e9rique.<\/p>\n<p>Le <strong>ELFWORLD AL 22000 Puffs<\/strong> La vape jetable red\u00e9finit le vapotage gr\u00e2ce \u00e0 ses caract\u00e9ristiques exceptionnelles. <strong>22 000 bouff\u00e9es<\/strong> de la capacit\u00e9 de production, une <strong>R\u00e9servoir d'e-liquide de 26ml<\/strong>et d'une solide <strong>Batterie rechargeable de 650mAh<\/strong>. En vedette <strong>double bobine de 1,0\u03a9<\/strong>Cet appareil offre une saveur et une production de vapeur in\u00e9gal\u00e9es. Le syst\u00e8me de vaporisation <strong>affichage num\u00e9rique<\/strong> permet de contr\u00f4ler en temps r\u00e9el les niveaux de la batterie et de l'e-liquide. <strong>d\u00e9bit d'air r\u00e9glable<\/strong> permet une exp\u00e9rience de vapotage enti\u00e8rement personnalisable. Choisissez parmi <strong>0%, 2%, 3%, ou 5% taux de nicotine<\/strong>. Id\u00e9al pour un usage personnel et <strong>Vape jetable en gros<\/strong>Cet appareil offre le summum de la commodit\u00e9 et de la performance en mati\u00e8re de vapotage. <strong>Commande en vrac<\/strong> sont disponibles pour les d\u00e9taillants.<\/p>\n<h3><strong>ELFWORLD AL 22000 Puffs Caract\u00e9ristiques :<\/strong><\/h3>\n<ul>\n<li>Bouff\u00e9es : Jusqu'\u00e0 22 000<\/li>\n<li>Capacit\u00e9 E-liquide : 26ml<\/li>\n<li>Batterie : 650mAh (rechargeable)<\/li>\n<li>Chargement : Type-C<\/li>\n<li>Bobine : Deux bobines de 1.0\u03a9 Mesh Coils<\/li>\n<li>Affichage : Affichage num\u00e9rique (niveaux de batterie et d'e-liquide)<\/li>\n<li>Flux d'air : R\u00e9glable<\/li>\n<li>Points forts de la nicotine : 0%, 2%, 3%, 5%<\/li>\n<li>Saveurs disponibles : Mangue Pomme Poire, Mangue Fra\u00eeche, Pomme Verte, Glace Myrtille, Menthe, M\u00e9lange de Baies, Glace Raisin, Glace Past\u00e8que, Menthe Myrtille.<\/li>\n<\/ul>\n<h4>FAQ<\/h4>\n<h5>Comment les dual mesh coils am\u00e9liorent-ils l'exp\u00e9rience de vapotage ?<\/h5>\n<p>Les doubles bobines \u00e0 mailles de 1,0\u03a9 offrent une meilleure efficacit\u00e9 de chauffage et une vaporisation uniforme, ce qui permet d'obtenir des saveurs plus riches et plus intenses, ainsi que des nuages de vapeur plus denses. Cette technologie garantit une exp\u00e9rience de vapotage r\u00e9guli\u00e8re et satisfaisante tout au long de la dur\u00e9e de vie de l'appareil.<\/p>\n<h5>Quels sont les avantages de l'affichage num\u00e9rique et du d\u00e9bit d'air r\u00e9glable ?<\/h5>\n<p>L'affichage num\u00e9rique permet aux utilisateurs de contr\u00f4ler les niveaux de batterie et d'e-liquide en temps r\u00e9el, afin de ne jamais \u00eatre pris au d\u00e9pourvu. Le flux d'air r\u00e9glable permet de personnaliser la r\u00e9sistance \u00e0 l'aspiration, ce qui permet aux utilisateurs d'adapter leur exp\u00e9rience de vapotage \u00e0 leurs pr\u00e9f\u00e9rences exactes.<\/p>\n<h5>Quels sont les avantages de la capacit\u00e9 de 22 000 bouff\u00e9es et du r\u00e9servoir d'e-liquide de 26 ml pour les utilisateurs ?<\/h5>\n<p>La capacit\u00e9 de 22 000 bouff\u00e9es et le r\u00e9servoir d'e-liquide de 26 ml permettent une utilisation prolong\u00e9e, minimisant ainsi le besoin de remplacements fr\u00e9quents. Le ELFWORLD AL 22000 est donc parfait pour les utilisateurs qui souhaitent une exp\u00e9rience de vapotage durable et sans souci.<\/p>\n<h5>Quelles sont les m\u00e9thodes d'exp\u00e9dition utilis\u00e9es ?<\/h5>\n<p>Nous travaillons en partenariat avec des transporteurs fiables tels que UPS, DHL, FedEx et DPD afin de garantir une livraison efficace et s\u00fbre. Nous s\u00e9lectionnons la m\u00e9thode d'exp\u00e9dition la plus appropri\u00e9e en fonction de votre situation g\u00e9ographique pour que votre commande vous parvienne le plus rapidement possible.<\/p>\n<h5>Puis-je faire confiance \u00e0 mon achat ?<\/h5>\n<p>Nous donnons la priorit\u00e9 \u00e0 la satisfaction de nos clients et offrons des options de paiement s\u00e9curis\u00e9es, y compris PayPal avec protection de l'acheteur. Vous pouvez \u00e9galement consulter les avis des clients sur TrustPilot : <a href=\"https:\/\/www.trustpilot.com\/review\/volovape.com?utm_medium=trustbox&amp;utm_source=TrustBoxReviewCollector\">TrustPilot<\/a>.<\/p>","protected":false},"excerpt":{"rendered":"<p>Obtenez en gros des Vapes jetables ELFWORLD AL 22000 Puffs. 22 000 bouff\u00e9es, 26 ml d'e-liquide, double coils mesh, affichage num\u00e9rique et flux d'air r\u00e9glable. D\u00e9couvrez 10 saveurs.<\/p>","protected":false},"featured_media":1271,"comment_status":"open","ping_status":"closed","template":"","meta":[],"product_brand":[],"product_cat":[69,42,45,21,18,39,20,23,24,22,25,26,27,28,29,30,31,32,33,34,35,44,36,40],"product_tag":[],"class_list":{"0":"post-826","1":"product","2":"type-product","3":"status-publish","4":"has-post-thumbnail","6":"product_cat-elfworld","7":"product_cat-20000-puffs-disposable-vape","8":"product_cat-25000-puffs-disposable-vape","9":"product_cat-big-puffs-vapes","10":"product_cat-different-puffs-of-disposable-vapes","11":"product_cat-digital-box-vapes","12":"product_cat-disposable-vape-types","13":"product_cat-disposable-vapes-in-austria","14":"product_cat-disposable-vapes-in-belgium","15":"product_cat-disposable-vapes-in-europe","16":"product_cat-disposable-vapes-in-france","17":"product_cat-disposable-vapes-in-germany","18":"product_cat-disposable-vapes-in-hungary","19":"product_cat-disposable-vapes-in-ltaly","20":"product_cat-disposable-vapes-in-netherlands","21":"product_cat-disposable-vapes-in-norway","22":"product_cat-disposable-vapes-in-poland","23":"product_cat-disposable-vapes-in-portugal","24":"product_cat-disposable-vapes-in-spain","25":"product_cat-disposable-vapes-in-sweden","26":"product_cat-disposable-vapes-in-switzerland","27":"product_cat-dual-mesh-vapes","28":"product_cat-rechargeable-vapes","29":"product_cat-smart-screen-vapes","31":"first","32":"instock","33":"shipping-taxable","34":"purchasable","35":"product-type-variable","36":"has-default-attributes"},"jetpack_sharing_enabled":true,"tiered_pricing_type":"fixed","tiered_pricing_fixed_rules":{"2000":6.88999999999999968025576890795491635799407958984375},"tiered_pricing_product_settings":{"layout":"default","base_unit_name":{"singular":null,"plural":null},"default_variation":null},"tiered_pricing_minimum_quantity":1000,"tiered_pricing_roles_data":[],"tiered_pricing_percentage_rules":[],"tiered_pricing_maximum_quantity":null,"tiered_pricing_quantity_step":"10","_links":{"self":[{"href":"https:\/\/volovape.com\/fr\/wp-json\/wp\/v2\/product\/826","targetHints":{"allow":["GET"]}}],"collection":[{"href":"https:\/\/volovape.com\/fr\/wp-json\/wp\/v2\/product"}],"about":[{"href":"https:\/\/volovape.com\/fr\/wp-json\/wp\/v2\/types\/product"}],"replies":[{"embeddable":true,"href":"https:\/\/volovape.com\/fr\/wp-json\/wp\/v2\/comments?post=826"}],"wp:featuredmedia":[{"embeddable":true,"href":"https:\/\/volovape.com\/fr\/wp-json\/wp\/v2\/media\/1271"}],"wp:attachment":[{"href":"https:\/\/volovape.com\/fr\/wp-json\/wp\/v2\/media?parent=826"}],"wp:term":[{"taxonomy":"product_brand","embeddable":true,"href":"https:\/\/volovape.com\/fr\/wp-json\/wp\/v2\/product_brand?post=826"},{"taxonomy":"product_cat","embeddable":true,"href":"https:\/\/volovape.com\/fr\/wp-json\/wp\/v2\/product_cat?post=826"},{"taxonomy":"product_tag","embeddable":true,"href":"https:\/\/volovape.com\/fr\/wp-json\/wp\/v2\/product_tag?post=826"}],"curies":[{"name":"wp","href":"https:\/\/api.w.org\/{rel}","templated":true}]}}