{"id":825,"date":"2024-11-21T03:33:30","date_gmt":"2024-11-21T03:33:30","guid":{"rendered":"https:\/\/volovape.com\/?post_type=product&#038;p=825"},"modified":"2025-07-06T04:09:11","modified_gmt":"2025-07-06T04:09:11","slug":"elfworld-plus-20000-puffs","status":"publish","type":"product","link":"https:\/\/volovape.com\/fr\/product\/elfworld-plus-20000-puffs\/","title":{"rendered":"ELFWORLD PLUS+ 20000 bouff\u00e9es - bulk discount, mesh coil, rechargeable"},"content":{"rendered":"<p><strong>ELFWORLD PLUS+ 20000 bouff\u00e9es Vape jetable<\/strong> - Long\u00e9vit\u00e9 et saveur in\u00e9gal\u00e9es gr\u00e2ce \u00e0 la technologie avanc\u00e9e Mesh Coil.<\/p>\n<p>Le <strong>ELFWORLD PLUS+ 20000 bouff\u00e9es<\/strong> La vape jetable offre une exp\u00e9rience de vapotage exceptionnelle avec une impressionnante <strong>20 000 bouff\u00e9es<\/strong> capacit\u00e9, une g\u00e9n\u00e9reuse <strong>R\u00e9servoir d'e-liquide de 22ml<\/strong>et d'un puissant <strong>Batterie rechargeable de 650mAh<\/strong>. Le syst\u00e8me avanc\u00e9 <strong>bobine de maille<\/strong> garantit une vapeur toujours douce, riche et satisfaisante, ce qui le rend parfait pour une utilisation prolong\u00e9e. Choisissez parmi <strong>0%, 2%, 3%, ou 5% taux de nicotine<\/strong> pour r\u00e9pondre \u00e0 vos pr\u00e9f\u00e9rences. Id\u00e9al pour un usage personnel et <strong>Vape jetable en gros<\/strong>Ce dispositif offre \u00e0 la fois long\u00e9vit\u00e9 et commodit\u00e9. <strong>Commande en vrac<\/strong> sont disponibles pour les d\u00e9taillants.<\/p>\n<h3><strong>ELFWORLD PLUS+ 20000 Puffs Caract\u00e9ristiques :<\/strong><\/h3>\n<ul>\n<li>Bouff\u00e9es : Jusqu'\u00e0 20 000<\/li>\n<li>Capacit\u00e9 E-liquide : 22ml<\/li>\n<li>Batterie : 650mAh (rechargeable)<\/li>\n<li>Chargement : Type-C<\/li>\n<li>Bobine : Bobine de maille<\/li>\n<li>Points forts de la nicotine : 0%, 2%, 3%, 5%<\/li>\n<li>Saveurs disponibles : Citron de raisin, Bombe de cerises, P\u00eache juteuse glac\u00e9e, Bliss de baies, Glace bleue, Past\u00e8que aux myrtilles, Limonade rose, Mangue du Mexique, Banane aux fraises, Glace \u00e0 la past\u00e8que, Gomme blanche, Mangue aux fraises, Menthe de Miami.<\/li>\n<\/ul>\n<h4>FAQ<\/h4>\n<h5>Comment la bobine en maille am\u00e9liore-t-elle l'exp\u00e9rience de vapotage dans cet appareil \u00e0 forte aspiration ?<\/h5>\n<p>Le mesh coil du ELFWORLD PLUS+ 20000 est con\u00e7u pour fournir une chaleur homog\u00e8ne et une vaporisation efficace, garantissant une saveur et une production de vapeur constantes tout au long de la dur\u00e9e de vie de l'appareil. Cette technologie permet une exp\u00e9rience fluide et satisfaisante, m\u00eame avec un nombre \u00e9lev\u00e9 de bouff\u00e9es.<\/p>\n<h5>Quels sont les avantages d'une capacit\u00e9 de 20 000 bouff\u00e9es ?<\/h5>\n<p>La capacit\u00e9 de 20 000 bouff\u00e9es permet une utilisation prolong\u00e9e, r\u00e9duisant ainsi le besoin de remplacements fr\u00e9quents. Le ELFWORLD PLUS+ 20000 est donc id\u00e9al pour les utilisateurs qui recherchent une solution de vapotage durable et pratique, parfaite pour les voyages ou l'usage quotidien.<\/p>\n<h5>Quelle est la vitesse de recharge de la batterie de 650 mAh ?<\/h5>\n<p>La batterie de 650mAh prend en charge de longues sessions de vapotage et se recharge rapidement via le chargement Type-C. Cela garantit un temps d'arr\u00eat minimal, vous permettant de profiter de votre appareil sans longues attentes.<\/p>\n<h5>Quelles sont les m\u00e9thodes d'exp\u00e9dition utilis\u00e9es ?<\/h5>\n<p>Nous travaillons en partenariat avec des transporteurs fiables tels que UPS, DHL, FedEx et DPD afin de garantir une livraison efficace et s\u00fbre. Nous s\u00e9lectionnons la meilleure option d'exp\u00e9dition en fonction de votre situation g\u00e9ographique pour que votre commande vous parvienne le plus rapidement possible.<\/p>\n<h5>Puis-je faire confiance \u00e0 mon achat ?<\/h5>\n<p>Nous donnons la priorit\u00e9 \u00e0 la satisfaction de nos clients et offrons des options de paiement s\u00e9curis\u00e9es, y compris PayPal avec protection de l'acheteur. Vous pouvez \u00e9galement consulter les avis des clients sur TrustPilot : <a href=\"https:\/\/www.trustpilot.com\/review\/volovape.com?utm_medium=trustbox&amp;utm_source=TrustBoxReviewCollector\">TrustPilot<\/a>.<\/p>","protected":false},"excerpt":{"rendered":"<p>Grossiste ELFWORLD PLUS+ 20000 bouff\u00e9es Vapes jetables. 20 000 bouff\u00e9es, 22ml d'e-liquide, mesh coil, rechargeable. Options de nicotine vari\u00e9es. Explorez 15 saveurs.<\/p>","protected":false},"featured_media":1254,"comment_status":"open","ping_status":"closed","template":"","meta":[],"product_brand":[],"product_cat":[69,42,21,18,39,20,23,24,22,25,26,27,28,29,30,31,32,33,34,35,44,36,40],"product_tag":[],"class_list":{"0":"post-825","1":"product","2":"type-product","3":"status-publish","4":"has-post-thumbnail","6":"product_cat-elfworld","7":"product_cat-20000-puffs-disposable-vape","8":"product_cat-big-puffs-vapes","9":"product_cat-different-puffs-of-disposable-vapes","10":"product_cat-digital-box-vapes","11":"product_cat-disposable-vape-types","12":"product_cat-disposable-vapes-in-austria","13":"product_cat-disposable-vapes-in-belgium","14":"product_cat-disposable-vapes-in-europe","15":"product_cat-disposable-vapes-in-france","16":"product_cat-disposable-vapes-in-germany","17":"product_cat-disposable-vapes-in-hungary","18":"product_cat-disposable-vapes-in-ltaly","19":"product_cat-disposable-vapes-in-netherlands","20":"product_cat-disposable-vapes-in-norway","21":"product_cat-disposable-vapes-in-poland","22":"product_cat-disposable-vapes-in-portugal","23":"product_cat-disposable-vapes-in-spain","24":"product_cat-disposable-vapes-in-sweden","25":"product_cat-disposable-vapes-in-switzerland","26":"product_cat-dual-mesh-vapes","27":"product_cat-rechargeable-vapes","28":"product_cat-smart-screen-vapes","30":"first","31":"instock","32":"shipping-taxable","33":"purchasable","34":"product-type-variable","35":"has-default-attributes"},"jetpack_sharing_enabled":true,"tiered_pricing_type":"fixed","tiered_pricing_fixed_rules":{"2000":6.19000000000000039079850466805510222911834716796875},"tiered_pricing_product_settings":{"layout":"default","base_unit_name":{"singular":null,"plural":null},"default_variation":null},"tiered_pricing_minimum_quantity":1000,"tiered_pricing_roles_data":[],"tiered_pricing_percentage_rules":[],"tiered_pricing_maximum_quantity":null,"tiered_pricing_quantity_step":"10","_links":{"self":[{"href":"https:\/\/volovape.com\/fr\/wp-json\/wp\/v2\/product\/825","targetHints":{"allow":["GET"]}}],"collection":[{"href":"https:\/\/volovape.com\/fr\/wp-json\/wp\/v2\/product"}],"about":[{"href":"https:\/\/volovape.com\/fr\/wp-json\/wp\/v2\/types\/product"}],"replies":[{"embeddable":true,"href":"https:\/\/volovape.com\/fr\/wp-json\/wp\/v2\/comments?post=825"}],"wp:featuredmedia":[{"embeddable":true,"href":"https:\/\/volovape.com\/fr\/wp-json\/wp\/v2\/media\/1254"}],"wp:attachment":[{"href":"https:\/\/volovape.com\/fr\/wp-json\/wp\/v2\/media?parent=825"}],"wp:term":[{"taxonomy":"product_brand","embeddable":true,"href":"https:\/\/volovape.com\/fr\/wp-json\/wp\/v2\/product_brand?post=825"},{"taxonomy":"product_cat","embeddable":true,"href":"https:\/\/volovape.com\/fr\/wp-json\/wp\/v2\/product_cat?post=825"},{"taxonomy":"product_tag","embeddable":true,"href":"https:\/\/volovape.com\/fr\/wp-json\/wp\/v2\/product_tag?post=825"}],"curies":[{"name":"wp","href":"https:\/\/api.w.org\/{rel}","templated":true}]}}