{"id":824,"date":"2024-11-21T03:33:30","date_gmt":"2024-11-21T03:33:30","guid":{"rendered":"https:\/\/volovape.com\/?post_type=product&#038;p=824"},"modified":"2025-07-06T04:22:09","modified_gmt":"2025-07-06T04:22:09","slug":"elfworld-15pro-12000-bouffees","status":"publish","type":"product","link":"https:\/\/volovape.com\/fr\/product\/elfworld-15pro-12000-puffs\/","title":{"rendered":"ELFWORLD 15PRO 12000 bouff\u00e9es vape jetable avec affichage digital et airflow r\u00e9glable"},"content":{"rendered":"<p><strong>ELFWORLD 15PRO 12000 bouff\u00e9es Vape jetable<\/strong> - Vaping intelligent avec affichage num\u00e9rique et flux d'air r\u00e9glable.<\/p>\n<p>Le <strong>ELFWORLD 15PRO 12000 bouff\u00e9es<\/strong> La vape jetable combine de hautes performances avec des fonctions intelligentes, offrant jusqu'\u00e0 <strong>12 000 bouff\u00e9es<\/strong>, un <strong>Capacit\u00e9 de 18 ml d'e-liquide<\/strong>et un <strong>Batterie rechargeable de 600mAh<\/strong>. Le syst\u00e8me int\u00e9gr\u00e9 <strong>affichage num\u00e9rique<\/strong> permet de contr\u00f4ler en temps r\u00e9el les niveaux de la batterie et de l'e-liquide. <strong>d\u00e9bit d'air r\u00e9glable<\/strong> permet de personnaliser les exp\u00e9riences de vapotage. Le syst\u00e8me avanc\u00e9 de <strong>bobine de maille<\/strong> garantit une vapeur douce et savoureuse. Choisissez parmi <strong>0%, 2%, 3%, ou 5% taux de nicotine<\/strong>. Id\u00e9al pour un usage personnel et <strong>Vape jetable en gros<\/strong>Ce dispositif offre \u00e0 la fois commodit\u00e9 et contr\u00f4le. <strong>Commande en vrac<\/strong> sont disponibles pour les d\u00e9taillants.<\/p>\n<h3><strong>ELFWORLD 15PRO 12000 Puffs Caract\u00e9ristiques :<\/strong><\/h3>\n<ul>\n<li>Bouff\u00e9es : Jusqu'\u00e0 12 000<\/li>\n<li>Capacit\u00e9 E-liquide : 18ml<\/li>\n<li>Batterie : 600mAh (rechargeable)<\/li>\n<li>Chargement : Type-C<\/li>\n<li>Bobine : Bobine de maille<\/li>\n<li>Affichage : Affichage num\u00e9rique (niveaux de batterie et d'e-liquide)<\/li>\n<li>Flux d'air : R\u00e9glable<\/li>\n<li>Points forts de la nicotine : 0%, 2%, 3%, 5%<\/li>\n<li>Saveurs disponibles : Past\u00e8que Ice, Blue Razz Ice, Strawberry Ice, Vanilla Casta Tobacco, Dragon Fruit Berry, Sakura Grape, Peach Mango, Candy Rainbow, Mint, Mixed Berries, Watermelon Bubble Gum, Kiwi Passionfruit Guava, Raspberry Watermelon, Double Apple, Strawberry Ice Cream.<\/li>\n<\/ul>\n<h4>FAQ<\/h4>\n<h5>Comment l'affichage num\u00e9rique am\u00e9liore-t-il l'exp\u00e9rience de vapotage ?<\/h5>\n<p>L'\u00e9cran num\u00e9rique fournit des informations en temps r\u00e9el sur les niveaux de batterie et d'e-liquide, permettant aux utilisateurs de contr\u00f4ler l'\u00e9tat de leur appareil d'un seul coup d'\u0153il. Cette fonction vous permet de ne jamais \u00eatre pris au d\u00e9pourvu et de planifier vos sessions de vapotage en cons\u00e9quence, am\u00e9liorant ainsi la commodit\u00e9 et le contr\u00f4le de l'ensemble.<\/p>\n<h5>Quels sont les avantages d'un d\u00e9bit d'air r\u00e9glable ?<\/h5>\n<p>Le flux d'air r\u00e9glable permet aux utilisateurs de personnaliser leur exp\u00e9rience de vapotage en ajustant la r\u00e9sistance \u00e0 l'aspiration. Que vous pr\u00e9f\u00e9riez un tirage plus ou moins serr\u00e9, cette fonction vous permet de personnaliser votre vape en fonction de vos pr\u00e9f\u00e9rences, ce qui se traduit par une exp\u00e9rience plus satisfaisante et plus agr\u00e9able.<\/p>\n<h5>Comment la bobine en maille contribue-t-elle \u00e0 la saveur et \u00e0 la production de vapeur ?<\/h5>\n<p>La bobine \u00e0 mailles est con\u00e7ue pour fournir un chauffage uniforme et une vaporisation optimale de l'e-liquide, ce qui permet d'obtenir une vapeur toujours douce et savoureuse. Cette technologie am\u00e9liore l'exp\u00e9rience globale du vapotage en produisant des nuages riches et satisfaisants \u00e0 chaque bouff\u00e9e.<\/p>\n<h5>Quelles sont les m\u00e9thodes d'exp\u00e9dition utilis\u00e9es ?<\/h5>\n<p>Nous travaillons en partenariat avec des transporteurs de confiance tels que UPS, DHL, FedEx et DPD afin de garantir une livraison fiable et efficace. Nous s\u00e9lectionnons la m\u00e9thode d'exp\u00e9dition la plus appropri\u00e9e en fonction de votre situation g\u00e9ographique pour que votre commande vous parvienne le plus rapidement possible.<\/p>\n<h5>Puis-je faire confiance \u00e0 mon achat ?<\/h5>\n<p>Nous donnons la priorit\u00e9 \u00e0 la satisfaction de nos clients et offrons des options de paiement s\u00e9curis\u00e9es, y compris PayPal avec protection de l'acheteur. Vous pouvez \u00e9galement consulter les avis des clients sur TrustPilot : <a href=\"https:\/\/www.trustpilot.com\/review\/volovape.com?utm_medium=trustbox&amp;utm_source=TrustBoxReviewCollector\">TrustPilot<\/a>.<\/p>","protected":false},"excerpt":{"rendered":"<p>Distribuer les vapes jetables ELFWORLD 15PRO 12000 bouff\u00e9es. 12 000 bouff\u00e9es, 18ml d'e-liquide, affichage digital, airflow r\u00e9glable, mesh coil. Nicotine vari\u00e9e. D\u00e9couvrez 15 saveurs.<\/p>","protected":false},"featured_media":1243,"comment_status":"open","ping_status":"closed","template":"","meta":[],"product_brand":[],"product_cat":[69,38,21,18,39,20,23,24,22,25,26,27,28,29,30,31,32,33,34,35,36,40],"product_tag":[],"class_list":{"0":"post-824","1":"product","2":"type-product","3":"status-publish","4":"has-post-thumbnail","6":"product_cat-elfworld","7":"product_cat-12000-puffs-disposable-vape","8":"product_cat-big-puffs-vapes","9":"product_cat-different-puffs-of-disposable-vapes","10":"product_cat-digital-box-vapes","11":"product_cat-disposable-vape-types","12":"product_cat-disposable-vapes-in-austria","13":"product_cat-disposable-vapes-in-belgium","14":"product_cat-disposable-vapes-in-europe","15":"product_cat-disposable-vapes-in-france","16":"product_cat-disposable-vapes-in-germany","17":"product_cat-disposable-vapes-in-hungary","18":"product_cat-disposable-vapes-in-ltaly","19":"product_cat-disposable-vapes-in-netherlands","20":"product_cat-disposable-vapes-in-norway","21":"product_cat-disposable-vapes-in-poland","22":"product_cat-disposable-vapes-in-portugal","23":"product_cat-disposable-vapes-in-spain","24":"product_cat-disposable-vapes-in-sweden","25":"product_cat-disposable-vapes-in-switzerland","26":"product_cat-rechargeable-vapes","27":"product_cat-smart-screen-vapes","29":"first","30":"instock","31":"shipping-taxable","32":"purchasable","33":"product-type-variable","34":"has-default-attributes"},"jetpack_sharing_enabled":true,"tiered_pricing_type":"fixed","tiered_pricing_fixed_rules":{"2000":5.20000000000000017763568394002504646778106689453125},"tiered_pricing_product_settings":{"layout":"default","base_unit_name":{"singular":null,"plural":null},"default_variation":null},"tiered_pricing_minimum_quantity":1000,"tiered_pricing_roles_data":[],"tiered_pricing_percentage_rules":[],"tiered_pricing_maximum_quantity":null,"tiered_pricing_quantity_step":"10","_links":{"self":[{"href":"https:\/\/volovape.com\/fr\/wp-json\/wp\/v2\/product\/824","targetHints":{"allow":["GET"]}}],"collection":[{"href":"https:\/\/volovape.com\/fr\/wp-json\/wp\/v2\/product"}],"about":[{"href":"https:\/\/volovape.com\/fr\/wp-json\/wp\/v2\/types\/product"}],"replies":[{"embeddable":true,"href":"https:\/\/volovape.com\/fr\/wp-json\/wp\/v2\/comments?post=824"}],"wp:featuredmedia":[{"embeddable":true,"href":"https:\/\/volovape.com\/fr\/wp-json\/wp\/v2\/media\/1243"}],"wp:attachment":[{"href":"https:\/\/volovape.com\/fr\/wp-json\/wp\/v2\/media?parent=824"}],"wp:term":[{"taxonomy":"product_brand","embeddable":true,"href":"https:\/\/volovape.com\/fr\/wp-json\/wp\/v2\/product_brand?post=824"},{"taxonomy":"product_cat","embeddable":true,"href":"https:\/\/volovape.com\/fr\/wp-json\/wp\/v2\/product_cat?post=824"},{"taxonomy":"product_tag","embeddable":true,"href":"https:\/\/volovape.com\/fr\/wp-json\/wp\/v2\/product_tag?post=824"}],"curies":[{"name":"wp","href":"https:\/\/api.w.org\/{rel}","templated":true}]}}