{"id":81,"date":"2024-11-21T03:26:51","date_gmt":"2024-11-21T03:26:51","guid":{"rendered":"https:\/\/volovape.com\/?post_type=product&#038;p=81"},"modified":"2025-10-28T03:23:45","modified_gmt":"2025-10-28T03:23:45","slug":"fihp-12000-bouffees","status":"publish","type":"product","link":"https:\/\/volovape.com\/fr\/product\/fihp-12000-puffs\/","title":{"rendered":"FIHP 12000 Puffs Vape jetable - Rechargeable, Mesh Coil, LED Display"},"content":{"rendered":"<p><iframe title=\"VideoPress Lecteur vid\u00e9o\" aria-label='VideoPress Lecteur vid\u00e9o' width='421' height='750' src='https:\/\/videopress.com\/embed\/mhBUnzpJ?hd=0&amp;cover=1' frameborder='0' allowfullscreen allow='clipboard-write'><\/iframe><script src='https:\/\/v0.wordpress.com\/js\/next\/videopress-iframe.js?m=1739540970'><\/script><\/p>\n<p><strong>FIHP 12000 bouff\u00e9es Vape jetable rechargeable avec affichage LED<\/strong> - La dur\u00e9e d'utilisation est prolong\u00e9e gr\u00e2ce \u00e0 l'Advanced Mesh Coil (bobine en maille).<\/p>\n<p>Le <strong>FIHP 12000 bouff\u00e9es<\/strong> La vape jetable offre une exp\u00e9rience de vaporisation pratique et de longue dur\u00e9e avec jusqu'\u00e0 <strong>12 000 bouff\u00e9es<\/strong>, a <strong>Capacit\u00e9 de 20 ml d'e-liquide<\/strong>et un <strong>Batterie rechargeable de 650mAh<\/strong> avec <strong>Chargement de type C<\/strong>. Les <strong>technologie avanc\u00e9e de la bobine de maille<\/strong> garantit une vapeur toujours douce et savoureuse. Une <strong>Affichage LED<\/strong> permet de contr\u00f4ler en temps r\u00e9el la dur\u00e9e de vie et l'utilisation de la batterie. Vous avez le choix entre <strong>2% ou 5%, taux de nicotine<\/strong> et profiter <strong>10 saveurs d\u00e9licieuses<\/strong>Le choix de la couleur et de l'intensit\u00e9 de l'eau, y compris la past\u00e8que et le kiwi, le fruit de la passion et la goyave, est important. Id\u00e9al pour un usage personnel ou <strong>Vape jetable en gros<\/strong>Cet appareil allie performance et commodit\u00e9. Pour les <strong>commande group\u00e9e<\/strong> veuillez nous contacter.<\/p>\n<h3><strong>FIHP 12000 Caract\u00e9ristiques :<\/strong><\/h3>\n<ul>\n<li>Bouff\u00e9es : Jusqu'\u00e0 12 000<\/li>\n<li>Capacit\u00e9 E-liquide : 20ml<\/li>\n<li>Batterie : 650mAh (rechargeable)<\/li>\n<li>Chargement : Type-C<\/li>\n<li>Bobine : Bobine de maille<\/li>\n<li>Affichage : Affichage LED<\/li>\n<li>Points forts de la nicotine : 2%, 5%<\/li>\n<li>10 options de saveurs<\/li>\n<\/ul>\n<h4>FAQ<\/h4>\n<h5>Comment la technologie avanc\u00e9e de la bobine \u00e0 mailles am\u00e9liore-t-elle l'exp\u00e9rience de vapotage ?<\/h5>\n<p>La technologie avanc\u00e9e de la bobine \u00e0 mailles maximise la surface de chauffe, ce qui permet une chauffe homog\u00e8ne et r\u00e9guli\u00e8re. Cela garantit une production de vapeur douce, riche et savoureuse, am\u00e9liorant ainsi l'exp\u00e9rience globale de vapotage \u00e0 chaque bouff\u00e9e.<\/p>\n<h5>Quelles sont les m\u00e9thodes d'exp\u00e9dition utilis\u00e9es ?<\/h5>\n<p>Nous travaillons en partenariat avec des transporteurs fiables tels que UPS, DHL, FedEx et DPD afin de garantir une livraison efficace de vos commandes. La m\u00e9thode d'exp\u00e9dition est s\u00e9lectionn\u00e9e en fonction de votre situation g\u00e9ographique afin d'optimiser la rapidit\u00e9 et la fiabilit\u00e9 de la livraison.<\/p>\n<h5>Quel est le d\u00e9lai de livraison habituel ?<\/h5>\n<p>Le d\u00e9lai d'exp\u00e9dition est g\u00e9n\u00e9ralement de 7 \u00e0 15 jours ouvrables. En haute saison ou en cas de conditions m\u00e9t\u00e9orologiques d\u00e9favorables, le d\u00e9lai peut aller jusqu'\u00e0 20 jours ouvrables.<\/p>\n<h5>Aurai-je des probl\u00e8mes de douane ou des frais suppl\u00e9mentaires ?<\/h5>\n<p>Nous nous chargeons de toutes les proc\u00e9dures de d\u00e9douanement et veillons \u00e0 ce que votre envoi passe sans encombre. Vous n'aurez pas \u00e0 payer de taxes ou de frais suppl\u00e9mentaires. Nous garantissons le d\u00e9douanement de 100%.<\/p>\n<h5>Comment puis-je \u00eatre assur\u00e9 de la qualit\u00e9 et de la fiabilit\u00e9 du produit ?<\/h5>\n<p>Nous acceptons les paiements s\u00e9curis\u00e9s par PayPal avec protection de l'acheteur. Vous pouvez \u00e9galement lire les commentaires des clients sur <a href=\"https:\/\/www.trustpilot.com\/review\/volovape.com?utm_medium=trustbox&amp;utm_source=TrustBoxReviewCollector\">TrustPilot<\/a>o\u00f9 de nombreux clients ont fait part de leurs exp\u00e9riences positives avec nos produits et services.<\/p>","protected":false},"excerpt":{"rendered":"<p>Faites l'exp\u00e9rience d'une saveur durable avec le FIHP 12000 Puffs. Affichage LED, mesh coil, 20ml, rechargeable. Id\u00e9al pour les particuliers ou les grossistes, offrant une vapeur douce et des taux de nicotine vari\u00e9s.<\/p>","protected":false},"featured_media":248,"comment_status":"open","ping_status":"closed","template":"","meta":[],"product_brand":[],"product_cat":[38,21,18,39,20,23,24,22,25,26,27,28,29,30,31,32,33,34,35,46,36,40],"product_tag":[],"class_list":{"0":"post-81","1":"product","2":"type-product","3":"status-publish","4":"has-post-thumbnail","6":"product_cat-12000-puffs-disposable-vape","7":"product_cat-big-puffs-vapes","8":"product_cat-different-puffs-of-disposable-vapes","9":"product_cat-digital-box-vapes","10":"product_cat-disposable-vape-types","11":"product_cat-disposable-vapes-in-austria","12":"product_cat-disposable-vapes-in-belgium","13":"product_cat-disposable-vapes-in-europe","14":"product_cat-disposable-vapes-in-france","15":"product_cat-disposable-vapes-in-germany","16":"product_cat-disposable-vapes-in-hungary","17":"product_cat-disposable-vapes-in-ltaly","18":"product_cat-disposable-vapes-in-netherlands","19":"product_cat-disposable-vapes-in-norway","20":"product_cat-disposable-vapes-in-poland","21":"product_cat-disposable-vapes-in-portugal","22":"product_cat-disposable-vapes-in-spain","23":"product_cat-disposable-vapes-in-sweden","24":"product_cat-disposable-vapes-in-switzerland","25":"product_cat-fihp","26":"product_cat-rechargeable-vapes","27":"product_cat-smart-screen-vapes","29":"first","30":"instock","31":"shipping-taxable","32":"purchasable","33":"product-type-variable","34":"has-default-attributes"},"jetpack_sharing_enabled":true,"tiered_pricing_type":"fixed","tiered_pricing_fixed_rules":{"30":6.70000000000000017763568394002504646778106689453125,"50":5.92999999999999971578290569595992565155029296875,"100":5.45999999999999996447286321199499070644378662109375,"200":5.160000000000000142108547152020037174224853515625,"400":4.13999999999999968025576890795491635799407958984375},"tiered_pricing_product_settings":{"layout":"default","base_unit_name":{"singular":null,"plural":null},"default_variation":null},"tiered_pricing_minimum_quantity":10,"tiered_pricing_roles_data":[],"tiered_pricing_percentage_rules":[],"tiered_pricing_maximum_quantity":null,"tiered_pricing_quantity_step":"10","_links":{"self":[{"href":"https:\/\/volovape.com\/fr\/wp-json\/wp\/v2\/product\/81","targetHints":{"allow":["GET"]}}],"collection":[{"href":"https:\/\/volovape.com\/fr\/wp-json\/wp\/v2\/product"}],"about":[{"href":"https:\/\/volovape.com\/fr\/wp-json\/wp\/v2\/types\/product"}],"replies":[{"embeddable":true,"href":"https:\/\/volovape.com\/fr\/wp-json\/wp\/v2\/comments?post=81"}],"wp:featuredmedia":[{"embeddable":true,"href":"https:\/\/volovape.com\/fr\/wp-json\/wp\/v2\/media\/248"}],"wp:attachment":[{"href":"https:\/\/volovape.com\/fr\/wp-json\/wp\/v2\/media?parent=81"}],"wp:term":[{"taxonomy":"product_brand","embeddable":true,"href":"https:\/\/volovape.com\/fr\/wp-json\/wp\/v2\/product_brand?post=81"},{"taxonomy":"product_cat","embeddable":true,"href":"https:\/\/volovape.com\/fr\/wp-json\/wp\/v2\/product_cat?post=81"},{"taxonomy":"product_tag","embeddable":true,"href":"https:\/\/volovape.com\/fr\/wp-json\/wp\/v2\/product_tag?post=81"}],"curies":[{"name":"wp","href":"https:\/\/api.w.org\/{rel}","templated":true}]}}