{"id":79,"date":"2024-11-21T03:26:51","date_gmt":"2024-11-21T03:26:51","guid":{"rendered":"https:\/\/volovape.com\/?post_type=product&#038;p=79"},"modified":"2025-06-30T01:33:51","modified_gmt":"2025-06-30T01:33:51","slug":"fihp-shisha-narguile-15000-pro-puffs","status":"publish","type":"product","link":"https:\/\/volovape.com\/fr\/product\/fihp-shisha-hookah-15000-pro-puffs\/","title":{"rendered":"FIHP Shisha Hookah 15000 Pro Puffs Vape jetable - 0.6\u03a9 Mesh Coil, LED Display"},"content":{"rendered":"<p><iframe title=\"VideoPress Lecteur vid\u00e9o\" aria-label='VideoPress Lecteur vid\u00e9o' width='421' height='750' src='https:\/\/videopress.com\/embed\/C7JPYAA7?hd=0&amp;cover=1' frameborder='0' allowfullscreen allow='clipboard-write'><\/iframe><script src='https:\/\/v0.wordpress.com\/js\/next\/videopress-iframe.js?m=1739540970'><\/script><\/p>\n<p><strong>FIHP Shisha Hookah 15000 Pro Puffs Premium Vape jetable avec LED<\/strong> - Vaping avanc\u00e9 inspir\u00e9 de la Shisha.<\/p>\n<p>Le <strong>FIHP Shisha Hookah 15000 Pro Puffs<\/strong> La vape jetable offre une exp\u00e9rience de vapotage am\u00e9lior\u00e9e avec jusqu'\u00e0 <strong>15 000 bouff\u00e9es<\/strong>, a <strong>Capacit\u00e9 de 22 ml d'e-liquide<\/strong>et un <strong>Batterie rechargeable de 650mAh<\/strong> avec <strong>Chargement de type C<\/strong>. Les <strong>Bobine \u00e0 mailles de 0,6\u03a9<\/strong> offre une saveur intense, semblable \u00e0 celle d'une shisha, et une vapeur dense. Une <strong>Affichage LED<\/strong> permet de contr\u00f4ler facilement l'\u00e9tat de l'appareil. Avec un <strong>0,6% (6mg) taux de nicotine<\/strong>Il offre une exp\u00e9rience \u00e9quilibr\u00e9e. Choisissez parmi <strong>10 saveurs inspir\u00e9es de la chicha<\/strong>Les fruits et l\u00e9gumes les plus populaires sont la p\u00eache, la mangue et l'ananas, ainsi que la past\u00e8que et la fraise. Id\u00e9al pour un usage personnel ou <strong>Vape jetable en gros<\/strong>Cet appareil associe des fonctions avanc\u00e9es \u00e0 la commodit\u00e9. Pour les <strong>commande group\u00e9e<\/strong> veuillez nous contacter.<\/p>\n<h3><strong>FIHP Shisha Hookah 15000 Pro Caract\u00e9ristiques :<\/strong><\/h3>\n<ul>\n<li>Bouff\u00e9es : Jusqu'\u00e0 15 000<\/li>\n<li>Capacit\u00e9 E-liquide : 22ml<\/li>\n<li>Batterie : 650mAh (rechargeable)<\/li>\n<li>Chargement : Type-C<\/li>\n<li>Bobine : 0.6\u03a9 Mesh Coil<\/li>\n<li>Affichage : Affichage LED<\/li>\n<li>Taux de nicotine : 0.6% (6mg)<\/li>\n<li>10 options de saveurs<\/li>\n<\/ul>\n<h4>FAQ<\/h4>\n<h5>Qu'est-ce qui diff\u00e9rencie la version \"Pro\" du narguil\u00e9 standard FIHP Shisha Hookah 15000 ?<\/h5>\n<p>La version \"Pro\" est con\u00e7ue pour les vapoteurs exigeants et met l'accent sur l'am\u00e9lioration des performances et de l'exp\u00e9rience utilisateur. Elle est dot\u00e9e d'une bobine optimis\u00e9e et d'un \u00e9cran LED de contr\u00f4le avanc\u00e9, garantissant une session de vapotage plus coh\u00e9rente et plus informative.<\/p>\n<h5>Quelles sont les m\u00e9thodes d'exp\u00e9dition utilis\u00e9es ?<\/h5>\n<p>Nous travaillons en partenariat avec des transporteurs r\u00e9put\u00e9s tels que UPS, DHL, FedEx et DPD afin de garantir une livraison efficace de vos commandes. La m\u00e9thode d'exp\u00e9dition est s\u00e9lectionn\u00e9e en fonction de votre situation g\u00e9ographique afin d'optimiser la rapidit\u00e9 et la fiabilit\u00e9 de la livraison.<\/p>\n<h5>Quel est le d\u00e9lai de livraison habituel ?<\/h5>\n<p>Le d\u00e9lai d'exp\u00e9dition est g\u00e9n\u00e9ralement de 7 \u00e0 15 jours ouvrables. En haute saison ou en cas de conditions m\u00e9t\u00e9orologiques d\u00e9favorables, le d\u00e9lai peut aller jusqu'\u00e0 20 jours ouvrables.<\/p>\n<h5>Aurai-je des probl\u00e8mes de douane ou des frais suppl\u00e9mentaires ?<\/h5>\n<p>Nous nous chargeons de toutes les proc\u00e9dures de d\u00e9douanement et veillons \u00e0 ce que votre envoi passe sans encombre. Vous n'aurez pas \u00e0 payer de taxes ou de frais suppl\u00e9mentaires. Nous garantissons le d\u00e9douanement de 100%.<\/p>\n<h5>Comment puis-je \u00eatre assur\u00e9 de la qualit\u00e9 et de la fiabilit\u00e9 du produit ?<\/h5>\n<p>Nous acceptons les paiements s\u00e9curis\u00e9s par PayPal avec protection de l'acheteur. Vous pouvez \u00e9galement lire les commentaires des clients sur <a href=\"https:\/\/www.trustpilot.com\/review\/volovape.com?utm_medium=trustbox&amp;utm_source=TrustBoxReviewCollector\">TrustPilot<\/a>o\u00f9 de nombreux clients ont fait part de leurs exp\u00e9riences positives avec nos produits et services.<\/p>","protected":false},"excerpt":{"rendered":"<p>Appr\u00e9ciez la saveur de la shisha avec le narguil\u00e9 FIHP 15000 Pro. Affichage LED, maille de 0.6\u03a9, 22ml, rechargeable. Parfait pour les particuliers ou les grossistes, d\u00e9livrant des nuages intenses et un go\u00fbt authentique.<\/p>","protected":false},"featured_media":222,"comment_status":"open","ping_status":"closed","template":"","meta":[],"product_brand":[],"product_cat":[46,41,21,18,20,23,24,22,25,26,27,28,29,30,31,32,33,34,35,36,47,40],"product_tag":[],"class_list":{"0":"post-79","1":"product","2":"type-product","3":"status-publish","4":"has-post-thumbnail","6":"product_cat-fihp","7":"product_cat-15000-puffs-disposable-vape","8":"product_cat-big-puffs-vapes","9":"product_cat-different-puffs-of-disposable-vapes","10":"product_cat-disposable-vape-types","11":"product_cat-disposable-vapes-in-austria","12":"product_cat-disposable-vapes-in-belgium","13":"product_cat-disposable-vapes-in-europe","14":"product_cat-disposable-vapes-in-france","15":"product_cat-disposable-vapes-in-germany","16":"product_cat-disposable-vapes-in-hungary","17":"product_cat-disposable-vapes-in-ltaly","18":"product_cat-disposable-vapes-in-netherlands","19":"product_cat-disposable-vapes-in-norway","20":"product_cat-disposable-vapes-in-poland","21":"product_cat-disposable-vapes-in-portugal","22":"product_cat-disposable-vapes-in-spain","23":"product_cat-disposable-vapes-in-sweden","24":"product_cat-disposable-vapes-in-switzerland","25":"product_cat-rechargeable-vapes","26":"product_cat-shisha-hookah-vapes","27":"product_cat-smart-screen-vapes","29":"first","30":"instock","31":"shipping-taxable","32":"purchasable","33":"product-type-variable","34":"has-default-attributes"},"jetpack_sharing_enabled":true,"tiered_pricing_type":"fixed","tiered_pricing_fixed_rules":{"2000":5.19000000000000039079850466805510222911834716796875},"tiered_pricing_product_settings":{"layout":"default","base_unit_name":{"singular":null,"plural":null},"default_variation":null},"tiered_pricing_minimum_quantity":1000,"tiered_pricing_roles_data":[],"tiered_pricing_percentage_rules":[],"tiered_pricing_maximum_quantity":null,"tiered_pricing_quantity_step":"10","_links":{"self":[{"href":"https:\/\/volovape.com\/fr\/wp-json\/wp\/v2\/product\/79","targetHints":{"allow":["GET"]}}],"collection":[{"href":"https:\/\/volovape.com\/fr\/wp-json\/wp\/v2\/product"}],"about":[{"href":"https:\/\/volovape.com\/fr\/wp-json\/wp\/v2\/types\/product"}],"replies":[{"embeddable":true,"href":"https:\/\/volovape.com\/fr\/wp-json\/wp\/v2\/comments?post=79"}],"wp:featuredmedia":[{"embeddable":true,"href":"https:\/\/volovape.com\/fr\/wp-json\/wp\/v2\/media\/222"}],"wp:attachment":[{"href":"https:\/\/volovape.com\/fr\/wp-json\/wp\/v2\/media?parent=79"}],"wp:term":[{"taxonomy":"product_brand","embeddable":true,"href":"https:\/\/volovape.com\/fr\/wp-json\/wp\/v2\/product_brand?post=79"},{"taxonomy":"product_cat","embeddable":true,"href":"https:\/\/volovape.com\/fr\/wp-json\/wp\/v2\/product_cat?post=79"},{"taxonomy":"product_tag","embeddable":true,"href":"https:\/\/volovape.com\/fr\/wp-json\/wp\/v2\/product_tag?post=79"}],"curies":[{"name":"wp","href":"https:\/\/api.w.org\/{rel}","templated":true}]}}