{"id":785,"date":"2024-11-21T03:33:06","date_gmt":"2024-11-21T03:33:06","guid":{"rendered":"https:\/\/volovape.com\/?post_type=product&#038;p=785"},"modified":"2025-06-19T03:45:15","modified_gmt":"2025-06-19T03:45:15","slug":"aivono-aim-plus-800-bouffees","status":"publish","type":"product","link":"https:\/\/volovape.com\/fr\/product\/aivono-aim-plus-800-puffs\/","title":{"rendered":"Aivono Aim Plus 800 Puffs Vape jetable - Mesh Coil, TPD Certified"},"content":{"rendered":"<p><strong>Aivono Aim Plus 800 Puffs Vape jetable<\/strong> - Fiable, savoureux et certifi\u00e9 DPT pour l'assurance qualit\u00e9.<\/p>\n<p>Le <strong>Aivono Aim Plus 800 Puffs<\/strong> La vape jetable offre une exp\u00e9rience de vapotage simple et satisfaisante avec jusqu'\u00e0 <strong>800 bouff\u00e9es<\/strong>, a <strong>Capacit\u00e9 de 3,2 ml d'e-liquide<\/strong>et un <strong>Batterie de 550mAh<\/strong>. Les <strong>Bobine \u00e0 mailles de 1,8\u03a9<\/strong> assure une production de vapeur r\u00e9guli\u00e8re et savoureuse. Cet appareil est certifi\u00e9 TPD, ce qui garantit le respect de normes de qualit\u00e9 et de s\u00e9curit\u00e9 \u00e9lev\u00e9es. Choisissez parmi <strong>0%, 2% ou 5% (taux de nicotine)<\/strong>. Id\u00e9al pour un usage personnel et <strong>Vape jetable en gros<\/strong>L'Aivono Aim Plus offre fiabilit\u00e9 et saveur dans un emballage pratique. <strong>Commande en vrac<\/strong> sont disponibles pour les d\u00e9taillants.<\/p>\n<h3><strong>Aivono Aim Plus 800 Puffs Caract\u00e9ristiques :<\/strong><\/h3>\n<ul>\n<li>Bouff\u00e9es : Jusqu'\u00e0 800<\/li>\n<li>Capacit\u00e9 E-liquide : 3.2ml<\/li>\n<li>Batterie : 550mAh<\/li>\n<li>Bobine : 1.8\u03a9 Mesh Coil<\/li>\n<li>Points forts de la nicotine : 0%, 2%, 5%<\/li>\n<li>Certification : Certifi\u00e9 DPT<\/li>\n<li>Saveurs disponibles : Menthe fra\u00eeche, glace luxuriante, barbe \u00e0 papa, glace \u00e0 la mandarine, fraise-melon d'eau, bleuet-framboise-citron, m\u00e9lange de baies, p\u00eache glac\u00e9e, banane glac\u00e9e, bleuet sur glace, raisin glac\u00e9, mangue glac\u00e9e, fraise glac\u00e9e, pomme glac\u00e9e, litchi glac\u00e9, limonade rose, Pineapple Colada, Cola Ice, Red Bull, Strawberry Banana, Guava Ice, Strawberry Passion Fruit, Strawberry Kiwi, Mango Lychee, White Peach Grapefruit, Mango Pineapple Peach, Orange Passion Fruit Guava, Watermelon Bubble Gum, Blueberry Cheesecake.<\/li>\n<\/ul>\n<h4>FAQ<\/h4>\n<h5>Que signifie la certification TPD pour cette vape ?<\/h5>\n<p>La certification TPD (Tobacco Products Directive) signifie que l'Aivono Aim Plus 800 r\u00e9pond aux normes strictes de qualit\u00e9 et de s\u00e9curit\u00e9 \u00e9tablies par l'Union europ\u00e9enne. Cela garantit que le produit a subi des tests rigoureux et qu'il est conforme aux r\u00e9glementations relatives aux ingr\u00e9dients, aux \u00e9missions et \u00e0 l'emballage, offrant ainsi aux utilisateurs une exp\u00e9rience de vapotage s\u00fbre et fiable.<\/p>\n<h5>Comment la bobine de 1,8\u03a9 contribue-t-elle \u00e0 l'exp\u00e9rience de vapotage ?<\/h5>\n<p>La bobine \u00e0 mailles de 1,8\u03a9 est con\u00e7ue pour offrir une exp\u00e9rience de vapotage fluide et coh\u00e9rente. Elle optimise la diffusion des ar\u00f4mes et la production de vapeur, garantissant que chaque bouff\u00e9e est satisfaisante et savoureuse. Cette bobine est id\u00e9ale pour les utilisateurs qui pr\u00e9f\u00e8rent une session de vapotage plus contr\u00f4l\u00e9e et plus agr\u00e9able.<\/p>\n<h5>Quelle est la dur\u00e9e de vie de la batterie et quelle est la capacit\u00e9 de l'e-liquide ?<\/h5>\n<p>La batterie de 550mAh permet de tirer jusqu'\u00e0 800 bouff\u00e9es, offrant ainsi une alimentation fiable pour une utilisation prolong\u00e9e. L'appareil dispose d'une capacit\u00e9 de 3,2 ml d'e-liquide, ce qui vous permet de disposer d'une quantit\u00e9 suffisante d'e-liquide pour toute la dur\u00e9e de vie de l'appareil.<\/p>\n<h5>Quelles sont les m\u00e9thodes d'exp\u00e9dition utilis\u00e9es ?<\/h5>\n<p>Nous travaillons en partenariat avec des transporteurs de confiance tels que UPS, DHL, FedEx et DPD afin de garantir une livraison fiable et efficace. Nous s\u00e9lectionnons la m\u00e9thode d'exp\u00e9dition la plus appropri\u00e9e en fonction de votre situation g\u00e9ographique pour que votre commande vous parvienne le plus rapidement possible.<\/p>\n<h5>Puis-je faire confiance \u00e0 mon achat ?<\/h5>\n<p>Nous donnons la priorit\u00e9 \u00e0 la satisfaction de nos clients et offrons des options de paiement s\u00e9curis\u00e9es, y compris PayPal avec protection de l'acheteur. Vous pouvez \u00e9galement consulter les avis des clients sur TrustPilot : <a href=\"https:\/\/www.trustpilot.com\/review\/volovape.com?utm_medium=trustbox&amp;utm_source=TrustBoxReviewCollector\">TrustPilot<\/a>.<\/p>","protected":false},"excerpt":{"rendered":"<p>Achetez Aivono Aim Plus 800 Puffs Disposable Vape en gros. Avec 3,2 ml d'e-liquide, un mesh coil, une certification TPD et plusieurs options de nicotine, il est parfait pour les fournisseurs et revendeurs de vape en gros.<\/p>","protected":false},"featured_media":1213,"comment_status":"open","ping_status":"closed","template":"","meta":[],"product_brand":[],"product_cat":[67,59,18,20,23,24,22,25,26,27,28,29,30,31,32,33,34,35,60],"product_tag":[],"class_list":{"0":"post-785","1":"product","2":"type-product","3":"status-publish","4":"has-post-thumbnail","6":"product_cat-aivono","7":"product_cat-800-puffs-disposable-vape","8":"product_cat-different-puffs-of-disposable-vapes","9":"product_cat-disposable-vape-types","10":"product_cat-disposable-vapes-in-austria","11":"product_cat-disposable-vapes-in-belgium","12":"product_cat-disposable-vapes-in-europe","13":"product_cat-disposable-vapes-in-france","14":"product_cat-disposable-vapes-in-germany","15":"product_cat-disposable-vapes-in-hungary","16":"product_cat-disposable-vapes-in-ltaly","17":"product_cat-disposable-vapes-in-netherlands","18":"product_cat-disposable-vapes-in-norway","19":"product_cat-disposable-vapes-in-poland","20":"product_cat-disposable-vapes-in-portugal","21":"product_cat-disposable-vapes-in-spain","22":"product_cat-disposable-vapes-in-sweden","23":"product_cat-disposable-vapes-in-switzerland","24":"product_cat-mini-puffs-vapes","26":"first","27":"instock","28":"shipping-taxable","29":"purchasable","30":"product-type-variable","31":"has-default-attributes"},"jetpack_sharing_enabled":true,"tiered_pricing_type":"fixed","tiered_pricing_fixed_rules":{"2000":3.04000000000000003552713678800500929355621337890625},"tiered_pricing_product_settings":{"layout":"default","base_unit_name":{"singular":null,"plural":null},"default_variation":null},"tiered_pricing_minimum_quantity":1000,"tiered_pricing_roles_data":[],"tiered_pricing_percentage_rules":[],"tiered_pricing_maximum_quantity":null,"tiered_pricing_quantity_step":"10","_links":{"self":[{"href":"https:\/\/volovape.com\/fr\/wp-json\/wp\/v2\/product\/785","targetHints":{"allow":["GET"]}}],"collection":[{"href":"https:\/\/volovape.com\/fr\/wp-json\/wp\/v2\/product"}],"about":[{"href":"https:\/\/volovape.com\/fr\/wp-json\/wp\/v2\/types\/product"}],"replies":[{"embeddable":true,"href":"https:\/\/volovape.com\/fr\/wp-json\/wp\/v2\/comments?post=785"}],"wp:featuredmedia":[{"embeddable":true,"href":"https:\/\/volovape.com\/fr\/wp-json\/wp\/v2\/media\/1213"}],"wp:attachment":[{"href":"https:\/\/volovape.com\/fr\/wp-json\/wp\/v2\/media?parent=785"}],"wp:term":[{"taxonomy":"product_brand","embeddable":true,"href":"https:\/\/volovape.com\/fr\/wp-json\/wp\/v2\/product_brand?post=785"},{"taxonomy":"product_cat","embeddable":true,"href":"https:\/\/volovape.com\/fr\/wp-json\/wp\/v2\/product_cat?post=785"},{"taxonomy":"product_tag","embeddable":true,"href":"https:\/\/volovape.com\/fr\/wp-json\/wp\/v2\/product_tag?post=785"}],"curies":[{"name":"wp","href":"https:\/\/api.w.org\/{rel}","templated":true}]}}