{"id":784,"date":"2024-11-21T03:33:06","date_gmt":"2024-11-21T03:33:06","guid":{"rendered":"https:\/\/volovape.com\/?post_type=product&#038;p=784"},"modified":"2025-06-19T03:45:13","modified_gmt":"2025-06-19T03:45:13","slug":"aivono-mini-boxx-600-bouffees","status":"publish","type":"product","link":"https:\/\/volovape.com\/fr\/product\/aivono-mini-boxx-600-puffs\/","title":{"rendered":"Aivono Mini Boxx 600 Puffs Vape jetable - Rechargeable, Mesh Coil"},"content":{"rendered":"<p><strong>Aivono Mini Boxx 600 Puffs Vape jetable<\/strong> - Compact, rechargeable et savoureux, il permet de vaper sur le pouce.<\/p>\n<p>Le <strong>Aivono Mini Boxx 600 Puffs<\/strong> La vape jetable est con\u00e7ue pour ceux qui privil\u00e9gient la portabilit\u00e9 et la commodit\u00e9 sans compromettre la saveur. Avec jusqu'\u00e0 <strong>600 bouff\u00e9es<\/strong>, a <strong>Capacit\u00e9 de 2 ml d'e-liquide<\/strong>et un <strong>Batterie rechargeable de 400mAh<\/strong>Cet appareil offre une exp\u00e9rience de vapotage satisfaisante dans un design \u00e9l\u00e9gant et compact. Les <strong>Bobine \u00e0 mailles de 1,2\u03a9<\/strong> garantit une vapeur douce et savoureuse, parfaite pour une utilisation quotidienne. Choisissez parmi <strong>0%, 2% ou 5% (taux de nicotine)<\/strong>. Id\u00e9al pour un usage personnel et <strong>Vape jetable en gros<\/strong>Le Mini Boxx d'Aivono est un m\u00e9lange parfait de commodit\u00e9 et de performance. <strong>Commande en vrac<\/strong> sont disponibles pour les d\u00e9taillants.<\/p>\n<h3><strong>Aivono Mini Boxx 600 Puffs Caract\u00e9ristiques :<\/strong><\/h3>\n<ul>\n<li>Bouff\u00e9es : Jusqu'\u00e0 600<\/li>\n<li>Capacit\u00e9 E-liquide : 2ml<\/li>\n<li>Batterie : 400mAh (rechargeable)<\/li>\n<li>Chargement : Type-C<\/li>\n<li>Bobine : 1.2\u03a9 Mesh Coil<\/li>\n<li>Points forts de la nicotine : 0%, 2%, 5%<\/li>\n<li>Saveurs disponibles : Glace fraise, citron menthe, glace fraise kiwi, glace alo\u00e8s m\u00fbre, glace past\u00e8que bubble gum, glace fraise, boisson \u00e9nerg\u00e9tique, p\u00eache blanche pamplemousse, cerise cantaloup, glace ananas noix de coco.<\/li>\n<\/ul>\n<h4>FAQ<\/h4>\n<h5>Qu'est-ce qui fait de l'Aivono Mini Boxx la solution id\u00e9ale pour le vapotage en d\u00e9placement ?<\/h5>\n<p>L'Aivono Mini Boxx est con\u00e7u pour \u00eatre compact et l\u00e9ger, ce qui le rend extr\u00eamement portable et parfait pour les utilisateurs qui ont besoin d'une solution de vapotage discr\u00e8te et pratique. Sa petite taille se glisse facilement dans les poches ou les sacs, ce qui vous permet de profiter de vos saveurs pr\u00e9f\u00e9r\u00e9es n'importe o\u00f9 et n'importe quand.<\/p>\n<h5>Comment la bobine \u00e0 mailles de 1,2\u03a9 am\u00e9liore-t-elle l'exp\u00e9rience gustative ?<\/h5>\n<p>La bobine \u00e0 mailles de 1,2\u03a9 est optimis\u00e9e pour la diffusion des ar\u00f4mes, offrant une exp\u00e9rience de vapotage douce et coh\u00e9rente. Cette bobine chauffe efficacement l'e-liquide, garantissant que chaque bouff\u00e9e est riche et savoureuse, am\u00e9liorant ainsi la satisfaction globale de chaque session de vapotage.<\/p>\n<h5>Quelle est la dur\u00e9e de vie de la batterie et \u00e0 quelle vitesse se recharge-t-elle ?<\/h5>\n<p>La batterie rechargeable de 400mAh est con\u00e7ue pour supporter jusqu'\u00e0 600 bouff\u00e9es. Gr\u00e2ce au chargement Type-C, l'appareil se recharge rapidement, ce qui minimise les temps d'arr\u00eat et vous permet de recommencer \u00e0 vaper plus rapidement.<\/p>\n<h5>Quelles sont les m\u00e9thodes d'exp\u00e9dition utilis\u00e9es ?<\/h5>\n<p>Nous travaillons en partenariat avec des transporteurs fiables tels que UPS, DHL, FedEx et DPD afin d'assurer une livraison efficace et s\u00fbre. Nous s\u00e9lectionnons la meilleure option d'exp\u00e9dition en fonction de votre localisation afin de garantir que votre commande arrive rapidement.<\/p>\n<h5>Puis-je faire confiance \u00e0 mon achat ?<\/h5>\n<p>Nous donnons la priorit\u00e9 \u00e0 la satisfaction de nos clients et offrons des options de paiement s\u00e9curis\u00e9es, y compris PayPal avec protection de l'acheteur. Vous pouvez \u00e9galement consulter les avis des clients sur TrustPilot : <a href=\"https:\/\/www.trustpilot.com\/review\/volovape.com?utm_medium=trustbox&amp;utm_source=TrustBoxReviewCollector\">TrustPilot<\/a>.<\/p>","protected":false},"excerpt":{"rendered":"<p>Achetez Aivono Mini Boxx 600 Puffs Vape jetable en vrac. Avec ses 2ml d'e-liquide, son mesh coil et son design compact, c'est une option de vente en gros id\u00e9ale pour les distributeurs de vape et les d\u00e9taillants.<\/p>","protected":false},"featured_media":1203,"comment_status":"open","ping_status":"closed","template":"","meta":[],"product_brand":[],"product_cat":[67,59,18,20,23,24,22,25,26,27,28,29,30,31,32,33,34,35,60],"product_tag":[],"class_list":{"0":"post-784","1":"product","2":"type-product","3":"status-publish","4":"has-post-thumbnail","6":"product_cat-aivono","7":"product_cat-800-puffs-disposable-vape","8":"product_cat-different-puffs-of-disposable-vapes","9":"product_cat-disposable-vape-types","10":"product_cat-disposable-vapes-in-austria","11":"product_cat-disposable-vapes-in-belgium","12":"product_cat-disposable-vapes-in-europe","13":"product_cat-disposable-vapes-in-france","14":"product_cat-disposable-vapes-in-germany","15":"product_cat-disposable-vapes-in-hungary","16":"product_cat-disposable-vapes-in-ltaly","17":"product_cat-disposable-vapes-in-netherlands","18":"product_cat-disposable-vapes-in-norway","19":"product_cat-disposable-vapes-in-poland","20":"product_cat-disposable-vapes-in-portugal","21":"product_cat-disposable-vapes-in-spain","22":"product_cat-disposable-vapes-in-sweden","23":"product_cat-disposable-vapes-in-switzerland","24":"product_cat-mini-puffs-vapes","26":"first","27":"instock","28":"shipping-taxable","29":"purchasable","30":"product-type-variable","31":"has-default-attributes"},"jetpack_sharing_enabled":true,"tiered_pricing_type":"fixed","tiered_pricing_fixed_rules":{"2000":3.45999999999999996447286321199499070644378662109375},"tiered_pricing_product_settings":{"layout":"default","base_unit_name":{"singular":null,"plural":null},"default_variation":null},"tiered_pricing_minimum_quantity":1000,"tiered_pricing_roles_data":[],"tiered_pricing_percentage_rules":[],"tiered_pricing_maximum_quantity":null,"tiered_pricing_quantity_step":"10","_links":{"self":[{"href":"https:\/\/volovape.com\/fr\/wp-json\/wp\/v2\/product\/784","targetHints":{"allow":["GET"]}}],"collection":[{"href":"https:\/\/volovape.com\/fr\/wp-json\/wp\/v2\/product"}],"about":[{"href":"https:\/\/volovape.com\/fr\/wp-json\/wp\/v2\/types\/product"}],"replies":[{"embeddable":true,"href":"https:\/\/volovape.com\/fr\/wp-json\/wp\/v2\/comments?post=784"}],"wp:featuredmedia":[{"embeddable":true,"href":"https:\/\/volovape.com\/fr\/wp-json\/wp\/v2\/media\/1203"}],"wp:attachment":[{"href":"https:\/\/volovape.com\/fr\/wp-json\/wp\/v2\/media?parent=784"}],"wp:term":[{"taxonomy":"product_brand","embeddable":true,"href":"https:\/\/volovape.com\/fr\/wp-json\/wp\/v2\/product_brand?post=784"},{"taxonomy":"product_cat","embeddable":true,"href":"https:\/\/volovape.com\/fr\/wp-json\/wp\/v2\/product_cat?post=784"},{"taxonomy":"product_tag","embeddable":true,"href":"https:\/\/volovape.com\/fr\/wp-json\/wp\/v2\/product_tag?post=784"}],"curies":[{"name":"wp","href":"https:\/\/api.w.org\/{rel}","templated":true}]}}