{"id":783,"date":"2024-11-21T03:33:06","date_gmt":"2024-11-21T03:33:06","guid":{"rendered":"https:\/\/volovape.com\/?post_type=product&#038;p=783"},"modified":"2025-08-06T08:14:48","modified_gmt":"2025-08-06T08:14:48","slug":"aivono-fatman-shisha-15000-bouffees","status":"publish","type":"product","link":"https:\/\/volovape.com\/fr\/product\/aivono-fatman-shisha-15000-puffs\/","title":{"rendered":"Aivono Fatman Shisha 15000 bouff\u00e9es vape jetable - riches saveurs Shisha, rechargeable, remise en vrac"},"content":{"rendered":"<p><strong>Aivono Fatman Shisha 15000 bouff\u00e9es Vape jetable<\/strong> - D\u00e9couvrez les ar\u00f4mes riches de la Shisha avec un syst\u00e8me de vaporisation haute performance.<\/p>\n<p>Le <strong>Aivono Fatman Shisha 15000 bouff\u00e9es<\/strong> La vape jetable offre une exp\u00e9rience authentique de la shisha gr\u00e2ce \u00e0 son impressionnant syst\u00e8me d'aspiration. <strong>15 000 bouff\u00e9es<\/strong> capacit\u00e9, une g\u00e9n\u00e9reuse <strong>R\u00e9servoir d'e-liquide de 24ml<\/strong>et d'un <strong>Batterie rechargeable de 600mAh<\/strong>. L'optimisation des <strong>Bobine \u00e0 mailles de 0,6\u03a9<\/strong> garantit une vapeur dense et des saveurs riches et satisfaisantes, reproduisant l'essence de la shisha traditionnelle. Choisissez parmi <strong>0%, 2%, 3%, ou 5% taux de nicotine<\/strong> pour r\u00e9pondre \u00e0 vos pr\u00e9f\u00e9rences. Cet appareil est parfait pour un usage personnel et <strong>Vape jetable en gros<\/strong>Le syst\u00e8me d'alimentation en eau est un syst\u00e8me de gestion de l'eau, qui offre \u00e0 la fois commodit\u00e9 et performance. <strong>Commande en vrac<\/strong> sont disponibles pour les d\u00e9taillants \u00e0 la recherche de vapes jetables de haute qualit\u00e9.<\/p>\n<h3><strong>Aivono Fatman Shisha 15000 bouff\u00e9es Caract\u00e9ristiques :<\/strong><\/h3>\n<ul>\n<li>Bouff\u00e9es : Jusqu'\u00e0 15 000<\/li>\n<li>Capacit\u00e9 E-liquide : 24ml<\/li>\n<li>Batterie : 600mAh (rechargeable)<\/li>\n<li>Chargement : Type-C<\/li>\n<li>Bobine : 0.6\u03a9 Mesh Coil<\/li>\n<li>Points forts de la nicotine : 0%, 2%, 3%, 5%<\/li>\n<li>Saveurs disponibles : Fraise glac\u00e9e, past\u00e8que glac\u00e9e, fraise framboise, p\u00eache juteuse, myrtille glac\u00e9e, mangue fruit de la passion, cerise past\u00e8que gel\u00e9e.<\/li>\n<\/ul>\n<h4>FAQ<\/h4>\n<h5>Comment la bobine \u00e0 mailles de 0,6\u03a9 am\u00e9liore-t-elle l'exp\u00e9rience de vapotage de la shisha ?<\/h5>\n<p>La bobine \u00e0 mailles de 0,6\u03a9 est sp\u00e9cialement con\u00e7ue pour maximiser la production de vapeur et l'intensit\u00e9 des ar\u00f4mes, offrant un nuage dense et savoureux qui reproduit fid\u00e8lement l'exp\u00e9rience de la shisha traditionnelle. Cette bobine assure un chauffage homog\u00e8ne et une diffusion optimale des ar\u00f4mes.<\/p>\n<h5>Quelle est l'autonomie de la batterie et le temps de charge ?<\/h5>\n<p>La batterie rechargeable de 600mAh fournit une puissance durable pour jusqu'\u00e0 15 000 bouff\u00e9es. Gr\u00e2ce au chargement Type-C, vous pouvez recharger l'appareil rapidement et efficacement, en minimisant les temps d'arr\u00eat et en maximisant votre plaisir de vapoter.<\/p>\n<h5>Quels sont les ar\u00f4mes disponibles ?<\/h5>\n<p>L'Aivono Fatman Shisha 15000 offre une vari\u00e9t\u00e9 de saveurs inspir\u00e9es de la shisha, y compris Strawberry Ice, Watermelon Ice, Strawberry Raspberry, Juicy Peach, Blueberry Ice, Mango Passion Fruit, et Cherry Watermelon Jelly. Chaque ar\u00f4me est con\u00e7u pour offrir une exp\u00e9rience de vapotage unique et satisfaisante.<\/p>\n<h5>Quelles sont les m\u00e9thodes d'exp\u00e9dition utilis\u00e9es ?<\/h5>\n<p>Nous travaillons en partenariat avec des transporteurs fiables tels que UPS, DHL, FedEx et DPD afin de garantir une livraison rapide et s\u00fbre. Nous s\u00e9lectionnons la m\u00e9thode d'exp\u00e9dition la plus appropri\u00e9e en fonction de votre situation g\u00e9ographique pour que votre commande vous parvienne le plus rapidement possible.<\/p>\n<h5>Puis-je faire confiance \u00e0 mon achat ?<\/h5>\n<p>Nous donnons la priorit\u00e9 \u00e0 la satisfaction de nos clients et offrons des options de paiement s\u00e9curis\u00e9es, y compris PayPal avec protection de l'acheteur. Vous pouvez \u00e9galement consulter les avis des clients sur TrustPilot : <a href=\"https:\/\/www.trustpilot.com\/review\/volovape.com?utm_medium=trustbox&amp;utm_source=TrustBoxReviewCollector\">TrustPilot<\/a>.<\/p>","protected":false},"excerpt":{"rendered":"<p>Vente en gros Aivono Fatman Shisha 15000 bouff\u00e9es Vape jetable. 15 000 bouff\u00e9es, 24ml d'e-liquide, rechargeable. Coil en maille, nicotine vari\u00e9e. D\u00e9couvrez les saveurs de la shisha maintenant.<\/p>","protected":false},"featured_media":1191,"comment_status":"open","ping_status":"closed","template":"","meta":[],"product_brand":[],"product_cat":[67,41,21,18,20,23,24,22,25,26,27,28,29,30,31,32,33,34,35,36,47],"product_tag":[],"class_list":{"0":"post-783","1":"product","2":"type-product","3":"status-publish","4":"has-post-thumbnail","6":"product_cat-aivono","7":"product_cat-15000-puffs-disposable-vape","8":"product_cat-big-puffs-vapes","9":"product_cat-different-puffs-of-disposable-vapes","10":"product_cat-disposable-vape-types","11":"product_cat-disposable-vapes-in-austria","12":"product_cat-disposable-vapes-in-belgium","13":"product_cat-disposable-vapes-in-europe","14":"product_cat-disposable-vapes-in-france","15":"product_cat-disposable-vapes-in-germany","16":"product_cat-disposable-vapes-in-hungary","17":"product_cat-disposable-vapes-in-ltaly","18":"product_cat-disposable-vapes-in-netherlands","19":"product_cat-disposable-vapes-in-norway","20":"product_cat-disposable-vapes-in-poland","21":"product_cat-disposable-vapes-in-portugal","22":"product_cat-disposable-vapes-in-spain","23":"product_cat-disposable-vapes-in-sweden","24":"product_cat-disposable-vapes-in-switzerland","25":"product_cat-rechargeable-vapes","26":"product_cat-shisha-hookah-vapes","28":"first","29":"instock","30":"shipping-taxable","31":"purchasable","32":"product-type-variable","33":"has-default-attributes"},"jetpack_sharing_enabled":true,"tiered_pricing_type":"fixed","tiered_pricing_fixed_rules":{"2000":5.4900000000000002131628207280300557613372802734375},"tiered_pricing_product_settings":{"layout":"default","base_unit_name":{"singular":null,"plural":null},"default_variation":null},"tiered_pricing_minimum_quantity":1000,"tiered_pricing_roles_data":[],"tiered_pricing_percentage_rules":[],"tiered_pricing_maximum_quantity":null,"tiered_pricing_quantity_step":"10","_links":{"self":[{"href":"https:\/\/volovape.com\/fr\/wp-json\/wp\/v2\/product\/783","targetHints":{"allow":["GET"]}}],"collection":[{"href":"https:\/\/volovape.com\/fr\/wp-json\/wp\/v2\/product"}],"about":[{"href":"https:\/\/volovape.com\/fr\/wp-json\/wp\/v2\/types\/product"}],"replies":[{"embeddable":true,"href":"https:\/\/volovape.com\/fr\/wp-json\/wp\/v2\/comments?post=783"}],"wp:featuredmedia":[{"embeddable":true,"href":"https:\/\/volovape.com\/fr\/wp-json\/wp\/v2\/media\/1191"}],"wp:attachment":[{"href":"https:\/\/volovape.com\/fr\/wp-json\/wp\/v2\/media?parent=783"}],"wp:term":[{"taxonomy":"product_brand","embeddable":true,"href":"https:\/\/volovape.com\/fr\/wp-json\/wp\/v2\/product_brand?post=783"},{"taxonomy":"product_cat","embeddable":true,"href":"https:\/\/volovape.com\/fr\/wp-json\/wp\/v2\/product_cat?post=783"},{"taxonomy":"product_tag","embeddable":true,"href":"https:\/\/volovape.com\/fr\/wp-json\/wp\/v2\/product_tag?post=783"}],"curies":[{"name":"wp","href":"https:\/\/api.w.org\/{rel}","templated":true}]}}