{"id":78,"date":"2024-11-21T03:26:51","date_gmt":"2024-11-21T03:26:51","guid":{"rendered":"https:\/\/volovape.com\/?post_type=product&#038;p=78"},"modified":"2025-07-04T02:51:41","modified_gmt":"2025-07-04T02:51:41","slug":"fihp-shisha-narguile-15000-bouffees","status":"publish","type":"product","link":"https:\/\/volovape.com\/fr\/product\/fihp-shisha-hookah-15000-puffs\/","title":{"rendered":"FIHP Shisha Hookah 15000 bouff\u00e9es Vape jetable - Mesh Coil, LED Display"},"content":{"rendered":"<p><strong>FIHP Shisha Hookah 15000 bouff\u00e9es Premium Vape jetable avec LED<\/strong> - Vaping \u00e0 haute capacit\u00e9 inspir\u00e9 de la Shisha.<\/p>\n<p>Le <strong>FIHP Shisha Hookah 15000 bouff\u00e9es<\/strong> La vape jetable offre une exp\u00e9rience de vaporisation prolong\u00e9e avec jusqu'\u00e0 <strong>15 000 bouff\u00e9es<\/strong>, a <strong>Capacit\u00e9 de 25 ml d'e-liquide<\/strong>et un <strong>Batterie rechargeable de 650mAh<\/strong> avec <strong>Chargement de type C<\/strong>. Les <strong>Bobine \u00e0 mailles de 0,6\u03a9<\/strong> offre une saveur riche, semblable \u00e0 celle d'une shisha, et une vapeur dense. Une <strong>Affichage LED<\/strong> permet de contr\u00f4ler facilement l'\u00e9tat de l'appareil. Avec un <strong>0,6% (6mg) taux de nicotine<\/strong>Il offre une exp\u00e9rience \u00e9quilibr\u00e9e. Choisissez parmi <strong>10 saveurs inspir\u00e9es de la chicha<\/strong>Les fruits et l\u00e9gumes les plus populaires sont la p\u00eache, la mangue et l'ananas, ainsi que la past\u00e8que et la fraise. Id\u00e9al pour un usage personnel ou <strong>Vape jetable en gros<\/strong>Cet appareil allie performance et commodit\u00e9. Pour les <strong>commande group\u00e9e<\/strong> veuillez nous contacter.<\/p>\n<h3><strong>FIHP Shisha Hookah 15000 Caract\u00e9ristiques :<\/strong><\/h3>\n<ul>\n<li>Bouff\u00e9es : Jusqu'\u00e0 15 000<\/li>\n<li>Capacit\u00e9 E-liquide : 25ml<\/li>\n<li>Batterie : 650mAh (rechargeable)<\/li>\n<li>Chargement : Type-C<\/li>\n<li>Bobine : 0.6\u03a9 Mesh Coil<\/li>\n<li>Affichage : Affichage LED<\/li>\n<li>Taux de nicotine : 0.6% (6mg)<\/li>\n<li>10 options de saveurs<\/li>\n<\/ul>\n<h4>FAQ<\/h4>\n<h5>Comment la bobine \u00e0 mailles de 0,6\u03a9 am\u00e9liore-t-elle l'exp\u00e9rience de vapotage de type shisha ?<\/h5>\n<p>La bobine de 0,6\u03a9 est con\u00e7ue pour produire des nuages plus grands et plus denses et des saveurs plus riches, imitant les tirages doux et savoureux de la shisha traditionnelle. Cela garantit une vape toujours satisfaisante \u00e0 chaque bouff\u00e9e.<\/p>\n<h5>Quelles sont les m\u00e9thodes d'exp\u00e9dition utilis\u00e9es ?<\/h5>\n<p>Nous travaillons en partenariat avec des transporteurs r\u00e9put\u00e9s tels que UPS, DHL, FedEx et DPD afin de garantir une livraison efficace de vos commandes. La m\u00e9thode d'exp\u00e9dition est s\u00e9lectionn\u00e9e en fonction de votre situation g\u00e9ographique afin d'optimiser la rapidit\u00e9 et la fiabilit\u00e9 de la livraison.<\/p>\n<h5>Quel est le d\u00e9lai de livraison habituel ?<\/h5>\n<p>Le d\u00e9lai d'exp\u00e9dition est g\u00e9n\u00e9ralement de 7 \u00e0 15 jours ouvrables. En haute saison ou en cas de conditions m\u00e9t\u00e9orologiques d\u00e9favorables, le d\u00e9lai peut aller jusqu'\u00e0 20 jours ouvrables.<\/p>\n<h5>Aurai-je des probl\u00e8mes de douane ou des frais suppl\u00e9mentaires ?<\/h5>\n<p>Nous nous chargeons de toutes les proc\u00e9dures de d\u00e9douanement et veillons \u00e0 ce que votre envoi passe sans encombre. Vous n'aurez pas \u00e0 payer de taxes ou de frais suppl\u00e9mentaires. Nous garantissons le d\u00e9douanement de 100%.<\/p>\n<h5>Comment puis-je \u00eatre assur\u00e9 de la qualit\u00e9 et de la fiabilit\u00e9 du produit ?<\/h5>\n<p>Nous acceptons les paiements s\u00e9curis\u00e9s par PayPal avec protection de l'acheteur. Vous pouvez \u00e9galement lire les commentaires des clients sur <a href=\"https:\/\/www.trustpilot.com\/review\/volovape.com?utm_medium=trustbox&amp;utm_source=TrustBoxReviewCollector\">TrustPilot<\/a>o\u00f9 de nombreux clients ont fait part de leurs exp\u00e9riences positives avec nos produits et services.<\/p>","protected":false},"excerpt":{"rendered":"<p>Profitez d'une chicha moderne avec le narguil\u00e9 FIHP 15000 bouff\u00e9es. Affichage LED, 0.6\u03a9 mesh, 25ml, rechargeable. Id\u00e9al pour les particuliers ou les grossistes, d\u00e9livrant une saveur riche et des nuages impressionnants.<\/p>","protected":false},"featured_media":211,"comment_status":"open","ping_status":"closed","template":"","meta":[],"product_brand":[],"product_cat":[46,41,21,18,20,23,24,22,25,26,27,28,29,30,31,32,33,34,35,36,47,40],"product_tag":[],"class_list":{"0":"post-78","1":"product","2":"type-product","3":"status-publish","4":"has-post-thumbnail","6":"product_cat-fihp","7":"product_cat-15000-puffs-disposable-vape","8":"product_cat-big-puffs-vapes","9":"product_cat-different-puffs-of-disposable-vapes","10":"product_cat-disposable-vape-types","11":"product_cat-disposable-vapes-in-austria","12":"product_cat-disposable-vapes-in-belgium","13":"product_cat-disposable-vapes-in-europe","14":"product_cat-disposable-vapes-in-france","15":"product_cat-disposable-vapes-in-germany","16":"product_cat-disposable-vapes-in-hungary","17":"product_cat-disposable-vapes-in-ltaly","18":"product_cat-disposable-vapes-in-netherlands","19":"product_cat-disposable-vapes-in-norway","20":"product_cat-disposable-vapes-in-poland","21":"product_cat-disposable-vapes-in-portugal","22":"product_cat-disposable-vapes-in-spain","23":"product_cat-disposable-vapes-in-sweden","24":"product_cat-disposable-vapes-in-switzerland","25":"product_cat-rechargeable-vapes","26":"product_cat-shisha-hookah-vapes","27":"product_cat-smart-screen-vapes","29":"first","30":"instock","31":"shipping-taxable","32":"purchasable","33":"product-type-variable","34":"has-default-attributes"},"jetpack_sharing_enabled":true,"tiered_pricing_type":"fixed","tiered_pricing_fixed_rules":{"2000":4.9900000000000002131628207280300557613372802734375},"tiered_pricing_product_settings":{"layout":"default","base_unit_name":{"singular":null,"plural":null},"default_variation":null},"tiered_pricing_minimum_quantity":1000,"tiered_pricing_roles_data":[],"tiered_pricing_percentage_rules":[],"tiered_pricing_maximum_quantity":null,"tiered_pricing_quantity_step":"10","_links":{"self":[{"href":"https:\/\/volovape.com\/fr\/wp-json\/wp\/v2\/product\/78","targetHints":{"allow":["GET"]}}],"collection":[{"href":"https:\/\/volovape.com\/fr\/wp-json\/wp\/v2\/product"}],"about":[{"href":"https:\/\/volovape.com\/fr\/wp-json\/wp\/v2\/types\/product"}],"replies":[{"embeddable":true,"href":"https:\/\/volovape.com\/fr\/wp-json\/wp\/v2\/comments?post=78"}],"wp:featuredmedia":[{"embeddable":true,"href":"https:\/\/volovape.com\/fr\/wp-json\/wp\/v2\/media\/211"}],"wp:attachment":[{"href":"https:\/\/volovape.com\/fr\/wp-json\/wp\/v2\/media?parent=78"}],"wp:term":[{"taxonomy":"product_brand","embeddable":true,"href":"https:\/\/volovape.com\/fr\/wp-json\/wp\/v2\/product_brand?post=78"},{"taxonomy":"product_cat","embeddable":true,"href":"https:\/\/volovape.com\/fr\/wp-json\/wp\/v2\/product_cat?post=78"},{"taxonomy":"product_tag","embeddable":true,"href":"https:\/\/volovape.com\/fr\/wp-json\/wp\/v2\/product_tag?post=78"}],"curies":[{"name":"wp","href":"https:\/\/api.w.org\/{rel}","templated":true}]}}