{"id":750,"date":"2024-11-21T03:32:38","date_gmt":"2024-11-21T03:32:38","guid":{"rendered":"https:\/\/volovape.com\/?post_type=product&#038;p=750"},"modified":"2025-07-06T04:26:20","modified_gmt":"2025-07-06T04:26:20","slug":"evappe-shisha-deluxe-bar-18000-bouffees","status":"publish","type":"product","link":"https:\/\/volovape.com\/fr\/product\/evappe-shisha-deluxe-bar-18000-puffs\/","title":{"rendered":"EVAPPE Shisha Deluxe Bar 18000 bouff\u00e9es - 0.6\u03a9 mesh coil, rechargeable (0-5% nicotine)"},"content":{"rendered":"<p><strong>EVAPPE Shisha Deluxe Bar 18000 bouff\u00e9es Vape jetable<\/strong> - Vivez une exp\u00e9rience de vaporisation inspir\u00e9e de la Shisha avec une long\u00e9vit\u00e9 in\u00e9gal\u00e9e.<\/p>\n<p>Le <strong>EVAPPE Shisha Deluxe Bar 18000 bouff\u00e9es<\/strong> La vape jetable apporte l'exp\u00e9rience riche et savoureuse de la shisha dans un format pratique et portable. Avec un volume impressionnant de <strong>18 000 bouff\u00e9es<\/strong>, une g\u00e9n\u00e9reuse <strong>Capacit\u00e9 de 25 ml d'e-liquide<\/strong>et d'une solide <strong>Batterie rechargeable de 600mAh<\/strong>Cet appareil permet de prolonger les sessions de vapotage. Le syst\u00e8me avanc\u00e9 de <strong>Bobine \u00e0 mailles de 0,6\u03a9<\/strong> d\u00e9livre une vapeur dense et douce, capturant l'essence des saveurs classiques de la shisha. Choisissez parmi <strong>0%, 2%, 3%, ou 5% taux de nicotine<\/strong> pour personnaliser votre exp\u00e9rience. Id\u00e9al pour le plaisir personnel et <strong>Vape jetable en gros<\/strong>Cet appareil \u00e9l\u00e9gant est parfait pour ceux qui recherchent un mode de vapotage haut de gamme. <strong>Commande en vrac<\/strong> sont disponibles pour les d\u00e9taillants.<\/p>\n<h3><strong>EVAPPE Shisha Deluxe Bar 18000 bouff\u00e9es Caract\u00e9ristiques :<\/strong><\/h3>\n<ul>\n<li>Bouff\u00e9es : Jusqu'\u00e0 18 000<\/li>\n<li>Capacit\u00e9 E-liquide : 25ml<\/li>\n<li>Batterie : 600mAh (rechargeable)<\/li>\n<li>Chargement : Type-C<\/li>\n<li>Bobine : 0.6\u03a9 Mesh Coil<\/li>\n<li>Points forts de la nicotine : 0%, 2%, 3%, 5%<\/li>\n<li>Saveurs disponibles : Deux pommes, glace aux baies, gomme aux bleuets, menthe au raisin, glace luxuriante, cerise framboise, glace \u00e0 la p\u00eache, punch aux fraises.<\/li>\n<\/ul>\n<h4>FAQ<\/h4>\n<h5>Comment la bobine \u00e0 mailles de 0,6\u03a9 am\u00e9liore-t-elle la saveur inspir\u00e9e de la shisha ?<\/h5>\n<p>La bobine \u00e0 mailles de 0,6\u03a9 est con\u00e7ue pour fournir une distribution optimale de la chaleur, am\u00e9liorant les saveurs riches et complexes des m\u00e9langes de shisha. Il en r\u00e9sulte une vapeur plus dense et plus savoureuse, offrant une exp\u00e9rience de vapotage vraiment immersive rappelant la shisha traditionnelle.<\/p>\n<h5>Quels sont les taux de nicotine disponibles ?<\/h5>\n<p>L'EVAPPE Shisha Deluxe Bar 18000 bouff\u00e9es offre des taux de nicotine de 0%, 2%, 3% et 5%, ce qui vous permet de choisir le taux qui convient le mieux \u00e0 vos pr\u00e9f\u00e9rences et \u00e0 vos besoins.<\/p>\n<h5>Quelle est la dur\u00e9e de vie de la batterie et \u00e0 quelle vitesse se recharge-t-elle ?<\/h5>\n<p>La batterie rechargeable de 600mAh est con\u00e7ue pour des performances durables, supportant jusqu'\u00e0 18 000 bouff\u00e9es. Gr\u00e2ce au chargement Type-C, vous pouvez recharger rapidement et efficacement votre appareil, en minimisant les temps d'arr\u00eat.<\/p>\n<h5>Quelles sont les m\u00e9thodes d'exp\u00e9dition utilis\u00e9es ?<\/h5>\n<p>Nous travaillons en partenariat avec des transporteurs r\u00e9put\u00e9s tels que UPS, DHL, FedEx et DPD afin de garantir une livraison fiable et efficace. Nous s\u00e9lectionnons la meilleure option d'exp\u00e9dition en fonction de votre situation g\u00e9ographique pour que votre commande vous parvienne le plus rapidement possible.<\/p>\n<h5>Puis-je faire confiance \u00e0 mon achat ?<\/h5>\n<p>Nous donnons la priorit\u00e9 \u00e0 la satisfaction de nos clients et offrons des options de paiement s\u00e9curis\u00e9es, y compris PayPal, avec protection de l'acheteur. Vous pouvez \u00e9galement lire les avis de nos clients satisfaits sur TrustPilot : <a href=\"https:\/\/www.trustpilot.com\/review\/volovape.com?utm_medium=trustbox&amp;utm_source=TrustBoxReviewCollector\">TrustPilot<\/a>.<\/p>","protected":false},"excerpt":{"rendered":"<p>EVAPPE Shisha Deluxe Bar 18000 Puffs Vape jetable en vrac. Avec 25ml d'e-liquide, une bobine lisse et des saveurs inspir\u00e9es de la shisha, elle est parfaite pour les revendeurs et fournisseurs de vape en gros.<\/p>","protected":false},"featured_media":1169,"comment_status":"open","ping_status":"closed","template":"","meta":[],"product_brand":[],"product_cat":[68,50,21,18,20,23,24,22,25,26,27,28,29,30,31,32,33,34,35,36,47],"product_tag":[],"class_list":{"0":"post-750","1":"product","2":"type-product","3":"status-publish","4":"has-post-thumbnail","6":"product_cat-evappe","7":"product_cat-18000-puffs-disposable-vape","8":"product_cat-big-puffs-vapes","9":"product_cat-different-puffs-of-disposable-vapes","10":"product_cat-disposable-vape-types","11":"product_cat-disposable-vapes-in-austria","12":"product_cat-disposable-vapes-in-belgium","13":"product_cat-disposable-vapes-in-europe","14":"product_cat-disposable-vapes-in-france","15":"product_cat-disposable-vapes-in-germany","16":"product_cat-disposable-vapes-in-hungary","17":"product_cat-disposable-vapes-in-ltaly","18":"product_cat-disposable-vapes-in-netherlands","19":"product_cat-disposable-vapes-in-norway","20":"product_cat-disposable-vapes-in-poland","21":"product_cat-disposable-vapes-in-portugal","22":"product_cat-disposable-vapes-in-spain","23":"product_cat-disposable-vapes-in-sweden","24":"product_cat-disposable-vapes-in-switzerland","25":"product_cat-rechargeable-vapes","26":"product_cat-shisha-hookah-vapes","28":"first","29":"instock","30":"shipping-taxable","31":"purchasable","32":"product-type-variable","33":"has-default-attributes"},"jetpack_sharing_enabled":true,"tiered_pricing_type":"fixed","tiered_pricing_fixed_rules":{"2000":5.70000000000000017763568394002504646778106689453125},"tiered_pricing_product_settings":{"layout":"default","base_unit_name":{"singular":null,"plural":null},"default_variation":null},"tiered_pricing_minimum_quantity":1000,"tiered_pricing_roles_data":[],"tiered_pricing_percentage_rules":[],"tiered_pricing_maximum_quantity":null,"tiered_pricing_quantity_step":"10","_links":{"self":[{"href":"https:\/\/volovape.com\/fr\/wp-json\/wp\/v2\/product\/750","targetHints":{"allow":["GET"]}}],"collection":[{"href":"https:\/\/volovape.com\/fr\/wp-json\/wp\/v2\/product"}],"about":[{"href":"https:\/\/volovape.com\/fr\/wp-json\/wp\/v2\/types\/product"}],"replies":[{"embeddable":true,"href":"https:\/\/volovape.com\/fr\/wp-json\/wp\/v2\/comments?post=750"}],"wp:featuredmedia":[{"embeddable":true,"href":"https:\/\/volovape.com\/fr\/wp-json\/wp\/v2\/media\/1169"}],"wp:attachment":[{"href":"https:\/\/volovape.com\/fr\/wp-json\/wp\/v2\/media?parent=750"}],"wp:term":[{"taxonomy":"product_brand","embeddable":true,"href":"https:\/\/volovape.com\/fr\/wp-json\/wp\/v2\/product_brand?post=750"},{"taxonomy":"product_cat","embeddable":true,"href":"https:\/\/volovape.com\/fr\/wp-json\/wp\/v2\/product_cat?post=750"},{"taxonomy":"product_tag","embeddable":true,"href":"https:\/\/volovape.com\/fr\/wp-json\/wp\/v2\/product_tag?post=750"}],"curies":[{"name":"wp","href":"https:\/\/api.w.org\/{rel}","templated":true}]}}