{"id":75,"date":"2024-11-21T03:26:51","date_gmt":"2024-11-21T03:26:51","guid":{"rendered":"https:\/\/volovape.com\/?post_type=product&#038;p=75"},"modified":"2025-09-08T03:35:16","modified_gmt":"2025-09-08T03:35:16","slug":"waspe-20000-puffs","status":"publish","type":"product","link":"https:\/\/volovape.com\/fr\/product\/waspe-20000-puffs\/","title":{"rendered":"Waspe 20000 bouff\u00e9es dual mesh box jetable - rechargeable avec LCD (0-5% nicotine)"},"content":{"rendered":"<p><iframe title=\"VideoPress Lecteur vid\u00e9o\" aria-label='VideoPress Lecteur vid\u00e9o' width='421' height='750' src='https:\/\/videopress.com\/embed\/TWxHNXPl?hd=0&amp;cover=1' frameborder='0' allowfullscreen allow='clipboard-write'><\/iframe><script src='https:\/\/v0.wordpress.com\/js\/next\/videopress-iframe.js?m=1739540970'><\/script><\/p>\n<p><strong>Waspe 20000 Puffs Dual Mesh Box Rechargeable Disposable Vape with LCD<\/strong> - Performance et saveur ultimes.<\/p>\n<p>Le <strong>Waspe 20000 Puffs Dual Mesh Box<\/strong> offre une exp\u00e9rience de vapotage exceptionnelle gr\u00e2ce \u00e0 son <strong>20 000 bouff\u00e9es<\/strong> capacit\u00e9 et <strong>R\u00e9servoir d'e-liquide de 24ml<\/strong>. Aliment\u00e9 par un <strong>Batterie rechargeable de 900mAh<\/strong> avec <strong>Chargement de type C<\/strong>Il garantit des performances durables. L'innovation <strong>technologie de la bobine \u00e0 double maille<\/strong> offre une saveur et une production de vapeur sup\u00e9rieures. Le syst\u00e8me int\u00e9gr\u00e9 de <strong>\u00c9cran LCD<\/strong> vous permet de contr\u00f4ler facilement l'autonomie de la batterie et le nombre de bouff\u00e9es. Vous avez le choix entre <strong>0%, 2%, 3%, ou 5% taux de nicotine<\/strong> et profiter <strong>12 saveurs d\u00e9licieuses<\/strong>Le choix de la couleur et de l'intensit\u00e9 de la couleur est tr\u00e8s vari\u00e9, incluant Kiwi, Fruit de la Passion, Goyave et Past\u00e8que. Id\u00e9al pour un usage personnel ou <strong>Vape jetable en gros<\/strong>Cet appareil offre des performances et une commodit\u00e9 in\u00e9gal\u00e9es. Pour les <strong>commande group\u00e9e<\/strong> veuillez nous contacter.<\/p>\n<h3><strong>Waspe 20000 Caract\u00e9ristiques :<\/strong><\/h3>\n<ul>\n<li>Bouff\u00e9es : Jusqu'\u00e0 20 000<\/li>\n<li>Capacit\u00e9 E-liquide : 24ml<\/li>\n<li>Batterie : 900mAh (rechargeable)<\/li>\n<li>Chargement : Type-C<\/li>\n<li>Bobine : Bobine Dual Mesh<\/li>\n<li>Points forts de la nicotine : 0%, 2%, 3%, 5%<\/li>\n<li>Affichage : LCD (batterie et nombre de bouff\u00e9es)<\/li>\n<li>12 options de saveurs<\/li>\n<\/ul>\n<h4>FAQ<\/h4>\n<h5>Comment la technologie de la bobine \u00e0 double maille am\u00e9liore-t-elle l'exp\u00e9rience de vapotage ?<\/h5>\n<p>La technologie de la bobine \u00e0 double maille offre une plus grande surface de chauffe, ce qui permet une chauffe plus homog\u00e8ne et une meilleure production d'ar\u00f4mes. Cela garantit une vapeur riche et homog\u00e8ne \u00e0 chaque bouff\u00e9e, pour une exp\u00e9rience de vapotage de premier ordre.<\/p>\n<h5>Quels sont les modes d'exp\u00e9dition disponibles ?<\/h5>\n<p>Nous travaillons en partenariat avec des transporteurs fiables tels que UPS, DHL, FedEx et DPD afin de garantir une livraison efficace de vos commandes. La m\u00e9thode d'exp\u00e9dition est s\u00e9lectionn\u00e9e en fonction de votre situation g\u00e9ographique afin de garantir une rapidit\u00e9 et une fiabilit\u00e9 de livraison optimales.<\/p>\n<h5>Quel est le d\u00e9lai de livraison habituel ?<\/h5>\n<p>Le d\u00e9lai d'exp\u00e9dition est g\u00e9n\u00e9ralement de 7 \u00e0 15 jours ouvrables. En haute saison ou en cas de conditions m\u00e9t\u00e9orologiques d\u00e9favorables, le d\u00e9lai peut aller jusqu'\u00e0 20 jours ouvrables.<\/p>\n<h5>Aurai-je des probl\u00e8mes de douane ou des frais suppl\u00e9mentaires ?<\/h5>\n<p>Nous nous chargeons de toutes les proc\u00e9dures de d\u00e9douanement et veillons \u00e0 ce que votre envoi passe sans encombre. Vous n'aurez pas \u00e0 payer de taxes ou de frais suppl\u00e9mentaires. Nous garantissons le d\u00e9douanement de 100%.<\/p>\n<h5>Comment puis-je \u00eatre assur\u00e9 de la qualit\u00e9 et de la fiabilit\u00e9 du produit ?<\/h5>\n<p>Nous acceptons les paiements s\u00e9curis\u00e9s par PayPal avec protection de l'acheteur. Vous pouvez \u00e9galement lire les commentaires des clients sur <a href=\"https:\/\/www.trustpilot.com\/review\/volovape.com?utm_medium=trustbox&amp;utm_source=TrustBoxReviewCollector\">TrustPilot<\/a>o\u00f9 de nombreux clients ont fait part de leurs exp\u00e9riences positives avec nos produits et services.<\/p>","protected":false},"excerpt":{"rendered":"<p>Laissez-vous tenter par une exp\u00e9rience de vapotage sup\u00e9rieure avec la Waspe 20000 Puffs Dual Mesh Box. Dual Mesh Coils, \u00e9cran LCD, 24ml, 900mAh rechargeable. Parfaite pour les particuliers ou les grossistes, elle offre une saveur exceptionnelle.<\/p>","protected":false},"featured_media":169,"comment_status":"open","ping_status":"closed","template":"","meta":[],"product_brand":[],"product_cat":[17,42,21,43,18,39,20,23,24,22,25,26,27,28,29,30,31,32,33,34,35,44,36,40],"product_tag":[],"class_list":{"0":"post-75","1":"product","2":"type-product","3":"status-publish","4":"has-post-thumbnail","6":"product_cat-waspe","7":"product_cat-20000-puffs-disposable-vape","8":"product_cat-big-puffs-vapes","9":"product_cat-crystal-vapes","10":"product_cat-different-puffs-of-disposable-vapes","11":"product_cat-digital-box-vapes","12":"product_cat-disposable-vape-types","13":"product_cat-disposable-vapes-in-austria","14":"product_cat-disposable-vapes-in-belgium","15":"product_cat-disposable-vapes-in-europe","16":"product_cat-disposable-vapes-in-france","17":"product_cat-disposable-vapes-in-germany","18":"product_cat-disposable-vapes-in-hungary","19":"product_cat-disposable-vapes-in-ltaly","20":"product_cat-disposable-vapes-in-netherlands","21":"product_cat-disposable-vapes-in-norway","22":"product_cat-disposable-vapes-in-poland","23":"product_cat-disposable-vapes-in-portugal","24":"product_cat-disposable-vapes-in-spain","25":"product_cat-disposable-vapes-in-sweden","26":"product_cat-disposable-vapes-in-switzerland","27":"product_cat-dual-mesh-vapes","28":"product_cat-rechargeable-vapes","29":"product_cat-smart-screen-vapes","31":"first","32":"instock","33":"shipping-taxable","34":"purchasable","35":"product-type-variable","36":"has-default-attributes"},"jetpack_sharing_enabled":true,"tiered_pricing_type":"fixed","tiered_pricing_fixed_rules":{"2000":5.589999999999999857891452847979962825775146484375},"tiered_pricing_product_settings":{"layout":"default","base_unit_name":{"singular":null,"plural":null},"default_variation":null},"tiered_pricing_minimum_quantity":1000,"tiered_pricing_roles_data":[],"tiered_pricing_percentage_rules":[],"tiered_pricing_maximum_quantity":null,"tiered_pricing_quantity_step":"10","_links":{"self":[{"href":"https:\/\/volovape.com\/fr\/wp-json\/wp\/v2\/product\/75","targetHints":{"allow":["GET"]}}],"collection":[{"href":"https:\/\/volovape.com\/fr\/wp-json\/wp\/v2\/product"}],"about":[{"href":"https:\/\/volovape.com\/fr\/wp-json\/wp\/v2\/types\/product"}],"replies":[{"embeddable":true,"href":"https:\/\/volovape.com\/fr\/wp-json\/wp\/v2\/comments?post=75"}],"wp:featuredmedia":[{"embeddable":true,"href":"https:\/\/volovape.com\/fr\/wp-json\/wp\/v2\/media\/169"}],"wp:attachment":[{"href":"https:\/\/volovape.com\/fr\/wp-json\/wp\/v2\/media?parent=75"}],"wp:term":[{"taxonomy":"product_brand","embeddable":true,"href":"https:\/\/volovape.com\/fr\/wp-json\/wp\/v2\/product_brand?post=75"},{"taxonomy":"product_cat","embeddable":true,"href":"https:\/\/volovape.com\/fr\/wp-json\/wp\/v2\/product_cat?post=75"},{"taxonomy":"product_tag","embeddable":true,"href":"https:\/\/volovape.com\/fr\/wp-json\/wp\/v2\/product_tag?post=75"}],"curies":[{"name":"wp","href":"https:\/\/api.w.org\/{rel}","templated":true}]}}