{"id":749,"date":"2024-11-21T03:32:38","date_gmt":"2024-11-21T03:32:38","guid":{"rendered":"https:\/\/volovape.com\/?post_type=product&#038;p=749"},"modified":"2025-06-19T03:45:11","modified_gmt":"2025-06-19T03:45:11","slug":"fumot-randm-cristal-12000-bouffees","status":"publish","type":"product","link":"https:\/\/volovape.com\/fr\/product\/fumot-randm-crystal-12000-puffs\/","title":{"rendered":"FUMOT RandM Crystal 12000 bouff\u00e9es Vape jetable - Mesh Coil, Rechargeable"},"content":{"rendered":"<p><iframe title=\"VideoPress Lecteur vid\u00e9o\" aria-label='VideoPress Lecteur vid\u00e9o' width='500' height='281' src='https:\/\/videopress.com\/embed\/yQX23W0R?hd=0&amp;cover=1' frameborder='0' allowfullscreen allow='clipboard-write'><\/iframe><script src='https:\/\/v0.wordpress.com\/js\/next\/videopress-iframe.js?m=1739540970'><\/script><\/p>\n<p><strong>FUMOT RandM Crystal 12000 bouff\u00e9es Vape jetable<\/strong> - Vivez l'exp\u00e9rience d'un vapotage prolong\u00e9 avec style et performance.<\/p>\n<p>Le <strong>FUMOT RandM Crystal 12000 bouff\u00e9es<\/strong> La vape jetable offre une impressionnante <strong>12 000 bouff\u00e9es<\/strong>Le projet, qui comprend un nombre substantiel de <strong>Capacit\u00e9 de 20 ml d'e-liquide<\/strong> et un puissant <strong>Batterie rechargeable de 650mAh<\/strong>. Con\u00e7u pour le style et la commodit\u00e9, cet appareil garantit un plaisir durable gr\u00e2ce \u00e0 ses fonctions avanc\u00e9es. <strong>technologie des bobines de maille<\/strong> pour une vapeur toujours douce et savoureuse. Choisissez votre taux de nicotine pr\u00e9f\u00e9r\u00e9 parmi <strong>0%, 2%, 3% ou 5%<\/strong>Le design en cristal est tr\u00e8s \u00e9l\u00e9gant. Parfait pour un usage personnel et <strong>Vape jetable en gros<\/strong>Cet appareil offre un rapport qualit\u00e9-prix exceptionnel. <strong>Commande en vrac<\/strong> sont \u00e9galement disponibles.<\/p>\n<h3><strong>FUMOT RandM Crystal 12000 bouff\u00e9es Caract\u00e9ristiques :<\/strong><\/h3>\n<ul>\n<li>Bouff\u00e9es : Jusqu'\u00e0 12 000<\/li>\n<li>Capacit\u00e9 E-liquide : 20ml<\/li>\n<li>Batterie : 650mAh (rechargeable)<\/li>\n<li>Chargement : Type-C<\/li>\n<li>Bobine : Bobine de maille<\/li>\n<li>Points forts de la nicotine : 0%, 2%, 3%, 5%<\/li>\n<li>Saveurs disponibles : Aloe Grape, Blue Razz Ice, Rainbow Candy, Peachy Mango Watermelon, Cool Mint, Strawberry Kiwi, Lush Ice.<\/li>\n<\/ul>\n<h4>FAQ<\/h4>\n<h5>Comment la bobine \u00e0 mailles am\u00e9liore-t-elle l'exp\u00e9rience de vapotage ?<\/h5>\n<p>Le mesh coil du FUMOT RandM Crystal 12000 offre une plus grande surface de chauffe, ce qui permet une chauffe plus homog\u00e8ne et une meilleure diffusion des ar\u00f4mes. Cette technologie assure une production de vapeur riche et r\u00e9guli\u00e8re, maximisant votre plaisir \u00e0 chaque bouff\u00e9e.<\/p>\n<h5>Quelles sont les m\u00e9thodes d'exp\u00e9dition utilis\u00e9es ?<\/h5>\n<p>Nous travaillons en partenariat avec des transporteurs de confiance tels que UPS, DHL, FedEx et DPD. Nous s\u00e9lectionnons l'option d'exp\u00e9dition la plus efficace en fonction de votre lieu de livraison afin de garantir que votre commande arrive rapidement.<\/p>\n<h5>Quel est le d\u00e9lai de livraison de ma commande ?<\/h5>\n<p>Le d\u00e9lai de livraison est g\u00e9n\u00e9ralement de 7 \u00e0 15 jours ouvrables. Toutefois, en cas de jours f\u00e9ri\u00e9s ou de conditions m\u00e9t\u00e9orologiques d\u00e9favorables, le d\u00e9lai peut aller jusqu'\u00e0 20 jours ouvrables.<\/p>\n<h5>Aurai-je des probl\u00e8mes d'ordre douanier ou fiscal ?<\/h5>\n<p>Nous vous garantissons un d\u00e9douanement sans probl\u00e8me. Nous nous occupons de tous les processus douaniers, ce qui vous permet de ne pas payer de taxes ou de frais suppl\u00e9mentaires. Nous tenons notre promesse de d\u00e9douaner 100%.<\/p>\n<h5>Puis-je faire confiance \u00e0 mon achat ?<\/h5>\n<p>Nous proposons des options de paiement s\u00e9curis\u00e9es via PayPal et assurons la protection de l'acheteur. Vous pouvez \u00e9galement lire les commentaires de nos clients sur notre page TrustPilot : <a href=\"https:\/\/www.trustpilot.com\/review\/volovape.com?utm_medium=trustbox&amp;utm_source=TrustBoxReviewCollector\">TrustPilot<\/a>.<\/p>","protected":false},"excerpt":{"rendered":"<p>Acheter FUMOT RandM Crystal 12000 Puffs Vape jetable en vrac. Avec 20ml d'e-liquide, une bobine en maille et un design en cristal, c'est une option \u00e9l\u00e9gante pour les d\u00e9taillants et les distributeurs.<\/p>","protected":false},"featured_media":1152,"comment_status":"open","ping_status":"closed","template":"","meta":[],"product_brand":[],"product_cat":[52,38,21,43,18,39,20,23,24,22,25,26,27,28,29,30,31,32,33,34,35,36,40],"product_tag":[],"class_list":{"0":"post-749","1":"product","2":"type-product","3":"status-publish","4":"has-post-thumbnail","6":"product_cat-randm","7":"product_cat-12000-puffs-disposable-vape","8":"product_cat-big-puffs-vapes","9":"product_cat-crystal-vapes","10":"product_cat-different-puffs-of-disposable-vapes","11":"product_cat-digital-box-vapes","12":"product_cat-disposable-vape-types","13":"product_cat-disposable-vapes-in-austria","14":"product_cat-disposable-vapes-in-belgium","15":"product_cat-disposable-vapes-in-europe","16":"product_cat-disposable-vapes-in-france","17":"product_cat-disposable-vapes-in-germany","18":"product_cat-disposable-vapes-in-hungary","19":"product_cat-disposable-vapes-in-ltaly","20":"product_cat-disposable-vapes-in-netherlands","21":"product_cat-disposable-vapes-in-norway","22":"product_cat-disposable-vapes-in-poland","23":"product_cat-disposable-vapes-in-portugal","24":"product_cat-disposable-vapes-in-spain","25":"product_cat-disposable-vapes-in-sweden","26":"product_cat-disposable-vapes-in-switzerland","27":"product_cat-rechargeable-vapes","28":"product_cat-smart-screen-vapes","30":"first","31":"instock","32":"shipping-taxable","33":"purchasable","34":"product-type-variable","35":"has-default-attributes"},"jetpack_sharing_enabled":true,"tiered_pricing_type":"fixed","tiered_pricing_fixed_rules":{"2000":6.20000000000000017763568394002504646778106689453125},"tiered_pricing_product_settings":{"layout":"default","base_unit_name":{"singular":null,"plural":null},"default_variation":null},"tiered_pricing_minimum_quantity":1000,"tiered_pricing_roles_data":[],"tiered_pricing_percentage_rules":[],"tiered_pricing_maximum_quantity":null,"tiered_pricing_quantity_step":"10","_links":{"self":[{"href":"https:\/\/volovape.com\/fr\/wp-json\/wp\/v2\/product\/749","targetHints":{"allow":["GET"]}}],"collection":[{"href":"https:\/\/volovape.com\/fr\/wp-json\/wp\/v2\/product"}],"about":[{"href":"https:\/\/volovape.com\/fr\/wp-json\/wp\/v2\/types\/product"}],"replies":[{"embeddable":true,"href":"https:\/\/volovape.com\/fr\/wp-json\/wp\/v2\/comments?post=749"}],"wp:featuredmedia":[{"embeddable":true,"href":"https:\/\/volovape.com\/fr\/wp-json\/wp\/v2\/media\/1152"}],"wp:attachment":[{"href":"https:\/\/volovape.com\/fr\/wp-json\/wp\/v2\/media?parent=749"}],"wp:term":[{"taxonomy":"product_brand","embeddable":true,"href":"https:\/\/volovape.com\/fr\/wp-json\/wp\/v2\/product_brand?post=749"},{"taxonomy":"product_cat","embeddable":true,"href":"https:\/\/volovape.com\/fr\/wp-json\/wp\/v2\/product_cat?post=749"},{"taxonomy":"product_tag","embeddable":true,"href":"https:\/\/volovape.com\/fr\/wp-json\/wp\/v2\/product_tag?post=749"}],"curies":[{"name":"wp","href":"https:\/\/api.w.org\/{rel}","templated":true}]}}