{"id":748,"date":"2024-11-21T03:32:38","date_gmt":"2024-11-21T03:32:38","guid":{"rendered":"https:\/\/volovape.com\/?post_type=product&#038;p=748"},"modified":"2025-07-13T13:47:58","modified_gmt":"2025-07-13T13:47:58","slug":"fumot-randm-supbliss-bingo-8000-puffs","status":"publish","type":"product","link":"https:\/\/volovape.com\/fr\/product\/fumot-randm-supbliss-bingo-8000-puffs\/","title":{"rendered":"FUMOT RandM Supbliss Bingo 8000 bouff\u00e9es Vape jetable - Mesh Coil, Rechargeable"},"content":{"rendered":"<p><iframe title=\"VideoPress Lecteur vid\u00e9o\" aria-label='VideoPress Lecteur vid\u00e9o' width='500' height='281' src='https:\/\/videopress.com\/embed\/HYtqBAv2?hd=0&amp;cover=1' frameborder='0' allowfullscreen allow='clipboard-write'><\/iframe><script src='https:\/\/v0.wordpress.com\/js\/next\/videopress-iframe.js?m=1739540970'><\/script><\/p>\n<p><strong>FUMOT RandM Supbliss Bingo 8000 Puffs Mesh Coil Disposable Vape<\/strong> - Profitez d'une vape \u00e9l\u00e9gante et durable avec le FUMOT RandM Supbliss Bingo 8000. Cette vape jetable d\u00e9livre jusqu'\u00e0 8 000 bouff\u00e9es, avec un r\u00e9servoir d'e-liquide de 16mL et une batterie rechargeable de 600mAh. La technologie avanc\u00e9e du mesh coil assure une vapeur toujours douce et savoureuse, id\u00e9ale pour l'usage personnel et les commandes en gros de vape jetable. Choisissez parmi les taux de nicotine 0%, 2%, 3%, ou 5% et une s\u00e9lection de 12 saveurs d\u00e9licieuses.<\/p>\n<h3><strong>FUMOT RandM Supbliss Bingo 8000 Puffs Caract\u00e9ristiques :<\/strong><\/h3>\n<ul>\n<li>Bouff\u00e9es : 8000 bouff\u00e9es<\/li>\n<li>Capacit\u00e9 E-liquide : 16mL<\/li>\n<li>Batterie : 600mAh (rechargeable)<\/li>\n<li>Chargement : Type-C<\/li>\n<li>Bobine : Bobine de maille<\/li>\n<li>Points forts de la nicotine : 0%, 2%, 3%, 5%<\/li>\n<li>Options d'ar\u00f4mes : Boisson \u00e9nerg\u00e9tique, fraise kiwi, fraise past\u00e8que, raisin Sakura, p\u00eache mangue, cerise Blue Razz, cr\u00e8me glac\u00e9e \u00e0 la fraise, ourson gommeux, melon miel, m\u00e9lange de fruits, litchi cola, citron rose.<\/li>\n<\/ul>\n<h4>FAQ<\/h4>\n<h5>Comment la bobine \u00e0 mailles am\u00e9liore-t-elle l'exp\u00e9rience de vapotage ?<\/h5>\n<p>La conception du mesh coil offre une plus grande surface de chauffe, ce qui permet de chauffer plus uniform\u00e9ment et d'am\u00e9liorer la saveur et la production de vapeur. Cette technologie garantit une exp\u00e9rience de vapotage toujours douce et satisfaisante.<\/p>\n<h5>Quels sont les modes d'exp\u00e9dition disponibles ?<\/h5>\n<p>Nous travaillons en partenariat avec des transporteurs fiables, notamment UPS, DHL, FedEx et DPD, afin d'offrir un service d'exp\u00e9dition efficace et fiable. La m\u00e9thode d'exp\u00e9dition la plus appropri\u00e9e est s\u00e9lectionn\u00e9e en fonction de votre lieu de livraison.<\/p>\n<h5>Quel est le d\u00e9lai de livraison habituel ?<\/h5>\n<p>Le d\u00e9lai de livraison est g\u00e9n\u00e9ralement de 7 \u00e0 15 jours ouvrables, mais il peut aller jusqu'\u00e0 20 jours ouvrables en cas de vacances ou de conditions m\u00e9t\u00e9orologiques d\u00e9favorables.<\/p>\n<h5>Devrai-je payer des frais de douane ou des taxes ?<\/h5>\n<p>Nous nous occupons de tous les d\u00e9douanements, ce qui vous garantit que vous n'aurez pas \u00e0 payer de taxes ou de frais suppl\u00e9mentaires. 100% de nos produits sont d\u00e9douan\u00e9s sans probl\u00e8me.<\/p>\n<h5>Mon achat est-il s\u00fbr et fiable ?<\/h5>\n<p>Nous offrons des transactions s\u00e9curis\u00e9es gr\u00e2ce \u00e0 la protection des acheteurs de PayPal. Vous pouvez \u00e9galement v\u00e9rifier notre fiabilit\u00e9 en consultant les avis des clients sur <a href=\"https:\/\/www.trustpilot.com\/review\/volovape.com?utm_medium=trustbox&amp;utm_source=TrustBoxReviewCollector\">TrustPilot<\/a>.<\/p>","protected":false},"excerpt":{"rendered":"<p>Achetez FUMOT RandM Supbliss Bingo 8000 Puffs Vape jetable en gros. Avec sa technologie mesh coil, son design \u00e9l\u00e9gant et ses multiples options de nicotine, c'est un choix de gros pour les d\u00e9taillants et les fournisseurs de vape.<\/p>","protected":false},"featured_media":1133,"comment_status":"open","ping_status":"closed","template":"","meta":[],"product_brand":[],"product_cat":[52,37,21,18,20,23,24,22,25,26,27,28,29,30,31,32,33,34,35],"product_tag":[],"class_list":{"0":"post-748","1":"product","2":"type-product","3":"status-publish","4":"has-post-thumbnail","6":"product_cat-randm","7":"product_cat-8000-puffs-disposable-vape","8":"product_cat-big-puffs-vapes","9":"product_cat-different-puffs-of-disposable-vapes","10":"product_cat-disposable-vape-types","11":"product_cat-disposable-vapes-in-austria","12":"product_cat-disposable-vapes-in-belgium","13":"product_cat-disposable-vapes-in-europe","14":"product_cat-disposable-vapes-in-france","15":"product_cat-disposable-vapes-in-germany","16":"product_cat-disposable-vapes-in-hungary","17":"product_cat-disposable-vapes-in-ltaly","18":"product_cat-disposable-vapes-in-netherlands","19":"product_cat-disposable-vapes-in-norway","20":"product_cat-disposable-vapes-in-poland","21":"product_cat-disposable-vapes-in-portugal","22":"product_cat-disposable-vapes-in-spain","23":"product_cat-disposable-vapes-in-sweden","24":"product_cat-disposable-vapes-in-switzerland","26":"first","27":"instock","28":"shipping-taxable","29":"purchasable","30":"product-type-variable","31":"has-default-attributes"},"jetpack_sharing_enabled":true,"tiered_pricing_type":"fixed","tiered_pricing_fixed_rules":{"2000":7.9000000000000003552713678800500929355621337890625},"tiered_pricing_product_settings":{"layout":"default","base_unit_name":{"singular":null,"plural":null},"default_variation":null},"tiered_pricing_minimum_quantity":1000,"tiered_pricing_roles_data":[],"tiered_pricing_percentage_rules":[],"tiered_pricing_maximum_quantity":null,"tiered_pricing_quantity_step":"100","_links":{"self":[{"href":"https:\/\/volovape.com\/fr\/wp-json\/wp\/v2\/product\/748","targetHints":{"allow":["GET"]}}],"collection":[{"href":"https:\/\/volovape.com\/fr\/wp-json\/wp\/v2\/product"}],"about":[{"href":"https:\/\/volovape.com\/fr\/wp-json\/wp\/v2\/types\/product"}],"replies":[{"embeddable":true,"href":"https:\/\/volovape.com\/fr\/wp-json\/wp\/v2\/comments?post=748"}],"wp:featuredmedia":[{"embeddable":true,"href":"https:\/\/volovape.com\/fr\/wp-json\/wp\/v2\/media\/1133"}],"wp:attachment":[{"href":"https:\/\/volovape.com\/fr\/wp-json\/wp\/v2\/media?parent=748"}],"wp:term":[{"taxonomy":"product_brand","embeddable":true,"href":"https:\/\/volovape.com\/fr\/wp-json\/wp\/v2\/product_brand?post=748"},{"taxonomy":"product_cat","embeddable":true,"href":"https:\/\/volovape.com\/fr\/wp-json\/wp\/v2\/product_cat?post=748"},{"taxonomy":"product_tag","embeddable":true,"href":"https:\/\/volovape.com\/fr\/wp-json\/wp\/v2\/product_tag?post=748"}],"curies":[{"name":"wp","href":"https:\/\/api.w.org\/{rel}","templated":true}]}}