{"id":747,"date":"2024-11-21T03:32:38","date_gmt":"2024-11-21T03:32:38","guid":{"rendered":"https:\/\/volovape.com\/?post_type=product&#038;p=747"},"modified":"2025-09-08T03:35:35","modified_gmt":"2025-09-08T03:35:35","slug":"randm-tornado-9000-puffs","status":"publish","type":"product","link":"https:\/\/volovape.com\/fr\/product\/randm-tornado-9000-puffs\/","title":{"rendered":"RandM Tornado 9000 bouff\u00e9es avec lumi\u00e8re RGB - Rechargeable (0-5% Nicotine)"},"content":{"rendered":"<p><strong>RandM Tornado 9000 Puffs RGB Lighting Rechargeable Disposable Vape<\/strong> - Le RandM Tornado 9000 vous permet d'am\u00e9liorer votre exp\u00e9rience de vapotage gr\u00e2ce \u00e0 un \u00e9clairage RGB vibrant et \u00e0 des performances de haute capacit\u00e9. Cette vape jetable rechargeable d\u00e9livre jusqu'\u00e0 9 000 bouff\u00e9es, avec un r\u00e9servoir d'e-liquide de 18mL et une batterie de 850mAh. La technologie mesh coil assure une vapeur toujours douce et savoureuse, id\u00e9ale pour un usage personnel et pour les commandes en gros de vape jetable. Choisissez parmi les taux de nicotine 0%, 2%, 3% ou 5% et une vaste s\u00e9lection de plus de 40 saveurs d\u00e9licieuses.<\/p>\n<h3><strong>RandM Tornado 9000 Puffs Caract\u00e9ristiques :<\/strong><\/h3>\n<ul>\n<li>Bouff\u00e9es : 9000 bouff\u00e9es<\/li>\n<li>Capacit\u00e9 E-liquide : 18mL<\/li>\n<li>Batterie : 850mAh (rechargeable)<\/li>\n<li>Chargement : Type-C<\/li>\n<li>Bobine : Bobine de maille<\/li>\n<li>Points forts de la nicotine : 0%, 2%, 3%, 5%<\/li>\n<li>\u00c9clairage : RVB<\/li>\n<li>Options d'ar\u00f4mes : Lush Ice, Blue Razz Ice, Strawberry Watermelon, Pina Colada, Sour Apple, Cotton Pear, Skittles Candy, Cool Mint, et bien d'autres encore.<\/li>\n<\/ul>\n<h4>FAQ<\/h4>\n<h5>Comment l'\u00e9clairage RVB am\u00e9liore-t-il l'exp\u00e9rience de vapotage ?<\/h5>\n<p>L'\u00e9clairage RGB personnalisable ajoute un \u00e9l\u00e9ment visuel \u00e9l\u00e9gant et dynamique \u00e0 votre exp\u00e9rience de vapotage. Il vous permet de personnaliser votre appareil et de profiter d'une esth\u00e9tique unique pendant que vous vapotez.<\/p>\n<h5>Quels sont les modes d'exp\u00e9dition disponibles ?<\/h5>\n<p>Nous travaillons en partenariat avec des transporteurs fiables, notamment UPS, DHL, FedEx et DPD, afin d'offrir un service d'exp\u00e9dition efficace et fiable. La m\u00e9thode d'exp\u00e9dition la plus appropri\u00e9e est s\u00e9lectionn\u00e9e en fonction de votre lieu de livraison.<\/p>\n<h5>Quel est le d\u00e9lai de livraison habituel ?<\/h5>\n<p>Le d\u00e9lai de livraison est g\u00e9n\u00e9ralement de 7 \u00e0 15 jours ouvrables, mais il peut aller jusqu'\u00e0 20 jours ouvrables en cas de vacances ou de conditions m\u00e9t\u00e9orologiques d\u00e9favorables.<\/p>\n<h5>Devrai-je payer des frais de douane ou des taxes ?<\/h5>\n<p>Nous nous occupons de tous les d\u00e9douanements, ce qui vous garantit que vous n'aurez pas \u00e0 payer de taxes ou de frais suppl\u00e9mentaires. 100% de nos produits sont d\u00e9douan\u00e9s sans probl\u00e8me.<\/p>\n<h5>Mon achat est-il s\u00fbr et fiable ?<\/h5>\n<p>Nous offrons des transactions s\u00e9curis\u00e9es gr\u00e2ce \u00e0 la protection des acheteurs de PayPal. Vous pouvez \u00e9galement v\u00e9rifier notre fiabilit\u00e9 en consultant les avis des clients sur <a href=\"https:\/\/www.trustpilot.com\/review\/volovape.com?utm_medium=trustbox&amp;utm_source=TrustBoxReviewCollector\">TrustPilot<\/a>.<\/p>","protected":false},"excerpt":{"rendered":"<p>Commandez RandM Tornado 9000 Puffs Rechargeable Disposable Vape en gros. Avec son \u00e9clairage RGB, sa bobine mesh et son e-liquide de 18 ml, c'est une excellente option de vente en gros pour les distributeurs de vape et les d\u00e9taillants.<\/p>","protected":false},"featured_media":1122,"comment_status":"open","ping_status":"closed","template":"","meta":[],"product_brand":[],"product_cat":[52,48,21,18,20,23,24,22,25,26,27,28,29,30,31,32,33,34,35],"product_tag":[],"class_list":{"0":"post-747","1":"product","2":"type-product","3":"status-publish","4":"has-post-thumbnail","6":"product_cat-randm","7":"product_cat-9000-puffs-disposable-vape","8":"product_cat-big-puffs-vapes","9":"product_cat-different-puffs-of-disposable-vapes","10":"product_cat-disposable-vape-types","11":"product_cat-disposable-vapes-in-austria","12":"product_cat-disposable-vapes-in-belgium","13":"product_cat-disposable-vapes-in-europe","14":"product_cat-disposable-vapes-in-france","15":"product_cat-disposable-vapes-in-germany","16":"product_cat-disposable-vapes-in-hungary","17":"product_cat-disposable-vapes-in-ltaly","18":"product_cat-disposable-vapes-in-netherlands","19":"product_cat-disposable-vapes-in-norway","20":"product_cat-disposable-vapes-in-poland","21":"product_cat-disposable-vapes-in-portugal","22":"product_cat-disposable-vapes-in-spain","23":"product_cat-disposable-vapes-in-sweden","24":"product_cat-disposable-vapes-in-switzerland","26":"first","27":"instock","28":"shipping-taxable","29":"purchasable","30":"product-type-variable","31":"has-default-attributes"},"jetpack_sharing_enabled":true,"tiered_pricing_type":"fixed","tiered_pricing_fixed_rules":{"2000":7.0999999999999996447286321199499070644378662109375},"tiered_pricing_product_settings":{"layout":"default","base_unit_name":{"singular":null,"plural":null},"default_variation":null},"tiered_pricing_minimum_quantity":1000,"tiered_pricing_roles_data":[],"tiered_pricing_percentage_rules":[],"tiered_pricing_maximum_quantity":null,"tiered_pricing_quantity_step":"10","_links":{"self":[{"href":"https:\/\/volovape.com\/fr\/wp-json\/wp\/v2\/product\/747","targetHints":{"allow":["GET"]}}],"collection":[{"href":"https:\/\/volovape.com\/fr\/wp-json\/wp\/v2\/product"}],"about":[{"href":"https:\/\/volovape.com\/fr\/wp-json\/wp\/v2\/types\/product"}],"replies":[{"embeddable":true,"href":"https:\/\/volovape.com\/fr\/wp-json\/wp\/v2\/comments?post=747"}],"wp:featuredmedia":[{"embeddable":true,"href":"https:\/\/volovape.com\/fr\/wp-json\/wp\/v2\/media\/1122"}],"wp:attachment":[{"href":"https:\/\/volovape.com\/fr\/wp-json\/wp\/v2\/media?parent=747"}],"wp:term":[{"taxonomy":"product_brand","embeddable":true,"href":"https:\/\/volovape.com\/fr\/wp-json\/wp\/v2\/product_brand?post=747"},{"taxonomy":"product_cat","embeddable":true,"href":"https:\/\/volovape.com\/fr\/wp-json\/wp\/v2\/product_cat?post=747"},{"taxonomy":"product_tag","embeddable":true,"href":"https:\/\/volovape.com\/fr\/wp-json\/wp\/v2\/product_tag?post=747"}],"curies":[{"name":"wp","href":"https:\/\/api.w.org\/{rel}","templated":true}]}}