{"id":74,"date":"2024-11-21T03:26:51","date_gmt":"2024-11-21T03:26:51","guid":{"rendered":"https:\/\/volovape.com\/?post_type=product&#038;p=74"},"modified":"2025-09-08T03:35:12","modified_gmt":"2025-09-08T03:35:12","slug":"waspe-15000-puffs","status":"publish","type":"product","link":"https:\/\/volovape.com\/fr\/product\/waspe-15000-puffs\/","title":{"rendered":"Waspe 15000 bouff\u00e9es Vape jetable rechargeable avec \u00e9cran LCD (0-5% Nicotine)"},"content":{"rendered":"<p><iframe title=\"VideoPress Lecteur vid\u00e9o\" aria-label='VideoPress Lecteur vid\u00e9o' width='500' height='281' src='https:\/\/videopress.com\/embed\/8ucqlbSL?hd=0&amp;cover=1' frameborder='0' allowfullscreen allow='clipboard-write'><\/iframe><script src='https:\/\/v0.wordpress.com\/js\/next\/videopress-iframe.js?m=1739540970'><\/script><\/p>\n<p><strong>Waspe 15000 Puffs Vape jetable rechargeable avec \u00e9cran LCD<\/strong> - Vaping \u00e0 haute capacit\u00e9 avec surveillance intelligente.<\/p>\n<p>Le <strong>Waspe 15000 Puffs<\/strong> La vape jetable d\u00e9livre une impressionnante <strong>15 000 bouff\u00e9es<\/strong>Le b\u00e2timent est dot\u00e9 d'une grande salle d'exposition. <strong>Capacit\u00e9 de 22mL d'e-liquide<\/strong> et un <strong>Batterie rechargeable de 850mAh<\/strong> avec <strong>Chargement de type C<\/strong> pour une utilisation prolong\u00e9e. Le syst\u00e8me int\u00e9gr\u00e9 de <strong>\u00c9cran LCD<\/strong> vous permet de suivre facilement l'autonomie de la batterie et le nombre de bouff\u00e9es. Les <strong>Bobine \u00e0 mailles de 0,8\u03a9<\/strong> assure une production de vapeur homog\u00e8ne et r\u00e9guli\u00e8re, disponible en <strong>0%, 2%, 3%, ou 5% taux de nicotine<\/strong>. Choisissez parmi <strong>12 saveurs diff\u00e9rentes<\/strong>y compris Orange Soda et Blue Razz Lemon. Id\u00e9al pour le plaisir personnel ou <strong>Vape jetable en gros<\/strong>Cet appareil est \u00e0 la fois performant et pratique. Pour les <strong>commande group\u00e9e<\/strong> veuillez nous contacter.<\/p>\n<h3><strong>Waspe 15000 Caract\u00e9ristiques :<\/strong><\/h3>\n<ul>\n<li>Bouff\u00e9es : Jusqu'\u00e0 15 000<\/li>\n<li>Capacit\u00e9 E-liquide : 22ml<\/li>\n<li>Batterie : 850mAh (rechargeable)<\/li>\n<li>Chargement : Type-C<\/li>\n<li>Bobine : 0.8\u03a9 Mesh Coil<\/li>\n<li>Points forts de la nicotine : 0%, 2%, 3%, 5%<\/li>\n<li>Affichage : LCD (batterie et nombre de bouff\u00e9es)<\/li>\n<li>12 options de saveurs<\/li>\n<\/ul>\n<h4>FAQ<\/h4>\n<h5>Comment l'\u00e9cran LCD am\u00e9liore-t-il la convivialit\u00e9 ?<\/h5>\n<p>L'\u00e9cran LCD fournit des mises \u00e0 jour en temps r\u00e9el sur le niveau de la batterie et le nombre de bouff\u00e9es, ce qui vous permet de surveiller votre utilisation et de planifier efficacement vos sessions de vapotage. Cette fonction est tr\u00e8s pratique et vous permet d'\u00eatre toujours au courant de l'\u00e9tat de votre appareil.<\/p>\n<h5>Quels sont les modes d'exp\u00e9dition disponibles ?<\/h5>\n<p>Nous travaillons avec des transporteurs de confiance tels que UPS, DHL, FedEx et DPD pour livrer vos commandes. La m\u00e9thode d'exp\u00e9dition la plus appropri\u00e9e est s\u00e9lectionn\u00e9e en fonction de votre situation g\u00e9ographique afin de garantir une livraison efficace et fiable.<\/p>\n<h5>Quelle est la dur\u00e9e habituelle de l'exp\u00e9dition ?<\/h5>\n<p>Le d\u00e9lai d'exp\u00e9dition est g\u00e9n\u00e9ralement de 7 \u00e0 15 jours ouvrables. En cas de vacances ou de conditions m\u00e9t\u00e9orologiques d\u00e9favorables, le d\u00e9lai peut aller jusqu'\u00e0 20 jours ouvrables.<\/p>\n<h5>Y a-t-il des probl\u00e8mes de douane ou de frais suppl\u00e9mentaires ?<\/h5>\n<p>Nous g\u00e9rons toutes les proc\u00e9dures de d\u00e9douanement et veillons \u00e0 ce que votre envoi passe sans encombre. Il n'y a pas de taxes ou de frais suppl\u00e9mentaires. Nous garantissons le d\u00e9douanement de 100%.<\/p>\n<h5>Comment puis-je v\u00e9rifier la qualit\u00e9 et la fiabilit\u00e9 du produit ?<\/h5>\n<p>Nous acceptons les paiements s\u00e9curis\u00e9s par PayPal avec protection de l'acheteur. Vous pouvez \u00e9galement lire les commentaires des clients sur <a href=\"https:\/\/www.trustpilot.com\/review\/volovape.com?utm_medium=trustbox&amp;utm_source=TrustBoxReviewCollector\">TrustPilot<\/a>o\u00f9 de nombreux clients ont fait part de leurs exp\u00e9riences positives avec nos produits et services.<\/p>","protected":false},"excerpt":{"rendered":"<p>Faites l'exp\u00e9rience d'un vapotage prolong\u00e9 avec Waspe 15000 Puffs. \u00c9cran LCD, maille de 0,8\u03a9, 22ml, 850mAh rechargeable. Id\u00e9al pour les particuliers ou les grossistes, offrant une vapeur douce et diverses options de nicotine.<\/p>","protected":false},"featured_media":154,"comment_status":"open","ping_status":"closed","template":"","meta":[],"product_brand":[],"product_cat":[17,41,21,18,20,23,24,22,25,26,27,28,29,30,31,32,33,34,35,36,40],"product_tag":[],"class_list":{"0":"post-74","1":"product","2":"type-product","3":"status-publish","4":"has-post-thumbnail","6":"product_cat-waspe","7":"product_cat-15000-puffs-disposable-vape","8":"product_cat-big-puffs-vapes","9":"product_cat-different-puffs-of-disposable-vapes","10":"product_cat-disposable-vape-types","11":"product_cat-disposable-vapes-in-austria","12":"product_cat-disposable-vapes-in-belgium","13":"product_cat-disposable-vapes-in-europe","14":"product_cat-disposable-vapes-in-france","15":"product_cat-disposable-vapes-in-germany","16":"product_cat-disposable-vapes-in-hungary","17":"product_cat-disposable-vapes-in-ltaly","18":"product_cat-disposable-vapes-in-netherlands","19":"product_cat-disposable-vapes-in-norway","20":"product_cat-disposable-vapes-in-poland","21":"product_cat-disposable-vapes-in-portugal","22":"product_cat-disposable-vapes-in-spain","23":"product_cat-disposable-vapes-in-sweden","24":"product_cat-disposable-vapes-in-switzerland","25":"product_cat-rechargeable-vapes","26":"product_cat-smart-screen-vapes","28":"first","29":"instock","30":"shipping-taxable","31":"purchasable","32":"product-type-variable","33":"has-default-attributes"},"jetpack_sharing_enabled":true,"tiered_pricing_type":"fixed","tiered_pricing_fixed_rules":{"2000":4.75},"tiered_pricing_product_settings":{"layout":"default","base_unit_name":{"singular":null,"plural":null},"default_variation":null},"tiered_pricing_minimum_quantity":1000,"tiered_pricing_roles_data":[],"tiered_pricing_percentage_rules":[],"tiered_pricing_maximum_quantity":null,"tiered_pricing_quantity_step":"10","_links":{"self":[{"href":"https:\/\/volovape.com\/fr\/wp-json\/wp\/v2\/product\/74","targetHints":{"allow":["GET"]}}],"collection":[{"href":"https:\/\/volovape.com\/fr\/wp-json\/wp\/v2\/product"}],"about":[{"href":"https:\/\/volovape.com\/fr\/wp-json\/wp\/v2\/types\/product"}],"replies":[{"embeddable":true,"href":"https:\/\/volovape.com\/fr\/wp-json\/wp\/v2\/comments?post=74"}],"wp:featuredmedia":[{"embeddable":true,"href":"https:\/\/volovape.com\/fr\/wp-json\/wp\/v2\/media\/154"}],"wp:attachment":[{"href":"https:\/\/volovape.com\/fr\/wp-json\/wp\/v2\/media?parent=74"}],"wp:term":[{"taxonomy":"product_brand","embeddable":true,"href":"https:\/\/volovape.com\/fr\/wp-json\/wp\/v2\/product_brand?post=74"},{"taxonomy":"product_cat","embeddable":true,"href":"https:\/\/volovape.com\/fr\/wp-json\/wp\/v2\/product_cat?post=74"},{"taxonomy":"product_tag","embeddable":true,"href":"https:\/\/volovape.com\/fr\/wp-json\/wp\/v2\/product_tag?post=74"}],"curies":[{"name":"wp","href":"https:\/\/api.w.org\/{rel}","templated":true}]}}