{"id":71,"date":"2024-11-21T03:26:50","date_gmt":"2024-11-21T03:26:50","guid":{"rendered":"https:\/\/volovape.com\/?post_type=product&#038;p=71"},"modified":"2025-09-08T03:35:08","modified_gmt":"2025-09-08T03:35:08","slug":"waspe-12000-puffs-digital-box","status":"publish","type":"product","link":"https:\/\/volovape.com\/fr\/product\/waspe-12000-puffs-digital-box\/","title":{"rendered":"WASPE 12000 Puffs Digital Box vape jetable - rechargeable longue dur\u00e9e avec \u00e9cran intelligent"},"content":{"rendered":"<p><iframe title=\"VideoPress Lecteur vid\u00e9o\" aria-label='VideoPress Lecteur vid\u00e9o' width='500' height='281' src='https:\/\/videopress.com\/embed\/XcRvhlS5?hd=0&amp;cover=1' frameborder='0' allowfullscreen allow='clipboard-write'><\/iframe><script src='https:\/\/v0.wordpress.com\/js\/next\/videopress-iframe.js?m=1739540970'><\/script><\/p>\n<p><strong>WASPE 12000 Puffs Digital Box Rechargeable Disposable Vape<\/strong> - Vaping \u00e0 haute capacit\u00e9 avec affichage intelligent.<\/p>\n<p>Le <strong>WASPE 12000 Puffs Digital Box<\/strong> offre un nombre impressionnant de <strong>12 000 bouff\u00e9es<\/strong> et une g\u00e9n\u00e9reuse <strong>Capacit\u00e9 de 20mL d'e-liquide<\/strong>parfait pour les sessions de vapotage prolong\u00e9es. Dot\u00e9 d'un <strong>Batterie rechargeable de 650mAh<\/strong> avec <strong>Chargement de type C<\/strong>Cet appareil garantit une puissance constante et des recharges rapides. Le syst\u00e8me int\u00e9gr\u00e9 de <strong>\u00c9cran LCD<\/strong> vous permet de contr\u00f4ler facilement l'autonomie de la batterie et le nombre de bouff\u00e9es. Les <strong>Bobine \u00e0 mailles de 0,8\u03a9<\/strong> d\u00e9livre une vapeur douce et savoureuse, disponible en <strong>0%, 2%, 3%, ou 5% taux de nicotine<\/strong>. Choisissez parmi <strong>10 saveurs uniques<\/strong>Les jus de fruits et de l\u00e9gumes sont vari\u00e9s, allant de la glace de past\u00e8que rafra\u00eechissante au jus de poire au vin rouge sophistiqu\u00e9. Id\u00e9al pour un usage personnel ou <strong>Vape jetable en gros<\/strong>Cet appareil associe des performances \u00e9lev\u00e9es \u00e0 des fonctions conviviales. Pour les <strong>commande group\u00e9e<\/strong> veuillez nous contacter.<\/p>\n<h3><strong>WASPE 12000 Caract\u00e9ristiques :<\/strong><\/h3>\n<ul>\n<li>Bouff\u00e9es : Jusqu'\u00e0 12 000<\/li>\n<li>Capacit\u00e9 E-liquide : 20ml<\/li>\n<li>Batterie : 650mAh (rechargeable)<\/li>\n<li>Chargement : Type-C<\/li>\n<li>Bobine : 0.8\u03a9 Mesh Coil<\/li>\n<li>Points forts de la nicotine : 0%, 2%, 3%, 5%<\/li>\n<li>Affichage : LCD (batterie et nombre de bouff\u00e9es)<\/li>\n<li>10 options de saveurs<\/li>\n<\/ul>\n<h4>FAQ<\/h4>\n<h5>Comment l'\u00e9cran LCD am\u00e9liore-t-il l'exp\u00e9rience de l'utilisateur ?<\/h5>\n<p>L'\u00e9cran LCD fournit des informations en temps r\u00e9el sur le niveau de la batterie et le nombre de bouff\u00e9es, ce qui vous permet de g\u00e9rer plus efficacement votre exp\u00e9rience de vapotage. Vous saurez exactement quand recharger et combien de bouff\u00e9es vous avez tir\u00e9es, ce qui ajoutera un niveau de confort et de contr\u00f4le.<\/p>\n<h5>Quelles sont les m\u00e9thodes d'exp\u00e9dition utilis\u00e9es ?<\/h5>\n<p>Nous travaillons avec des transporteurs de premier plan tels que UPS, DHL, FedEx et DPD pour garantir une livraison efficace de vos commandes. La m\u00e9thode d'exp\u00e9dition est choisie en fonction de votre situation g\u00e9ographique afin d'optimiser la rapidit\u00e9 et la fiabilit\u00e9 de la livraison.<\/p>\n<h5>Quel est le d\u00e9lai de livraison habituel ?<\/h5>\n<p>Le d\u00e9lai d'exp\u00e9dition est g\u00e9n\u00e9ralement de 7 \u00e0 15 jours ouvrables. En cas de vacances ou de conditions m\u00e9t\u00e9orologiques d\u00e9favorables, le d\u00e9lai peut aller jusqu'\u00e0 20 jours ouvrables.<\/p>\n<h5>Y a-t-il des inqui\u00e9tudes concernant les droits de douane ou des frais suppl\u00e9mentaires ?<\/h5>\n<p>Nous nous occupons de toutes les proc\u00e9dures douani\u00e8res, ce qui garantit que votre envoi passera sans probl\u00e8me. Il n'y a pas de taxes ou de frais suppl\u00e9mentaires. Nous assurons le d\u00e9douanement de 100%.<\/p>\n<h5>Comment puis-je \u00eatre assur\u00e9 de la qualit\u00e9 et de la fiabilit\u00e9 du produit ?<\/h5>\n<p>Nous acceptons les paiements s\u00e9curis\u00e9s par PayPal avec protection de l'acheteur. Vous pouvez \u00e9galement consulter les commentaires de nos clients sur <a href=\"https:\/\/www.trustpilot.com\/review\/volovape.com?utm_medium=trustbox&amp;utm_source=TrustBoxReviewCollector\">TrustPilot<\/a>o\u00f9 de nombreux clients ont fait part de leurs exp\u00e9riences positives avec nos produits et services.<\/p>","protected":false},"excerpt":{"rendered":"<p>Faites l'exp\u00e9rience d'un vapotage inform\u00e9 et prolong\u00e9 avec la WASPE 12000 Puffs Digital Box. Affichage LCD, maille de 0,8\u03a9, 20ml, rechargeable. Id\u00e9al pour le plaisir personnel ou la vente en gros, avec des options de nicotine vari\u00e9es.<\/p>","protected":false},"featured_media":111,"comment_status":"open","ping_status":"closed","template":"","meta":[],"product_brand":[],"product_cat":[17,38,21,18,39,20,23,24,22,25,26,27,28,29,30,31,32,33,34,35,36,40],"product_tag":[],"class_list":{"0":"post-71","1":"product","2":"type-product","3":"status-publish","4":"has-post-thumbnail","6":"product_cat-waspe","7":"product_cat-12000-puffs-disposable-vape","8":"product_cat-big-puffs-vapes","9":"product_cat-different-puffs-of-disposable-vapes","10":"product_cat-digital-box-vapes","11":"product_cat-disposable-vape-types","12":"product_cat-disposable-vapes-in-austria","13":"product_cat-disposable-vapes-in-belgium","14":"product_cat-disposable-vapes-in-europe","15":"product_cat-disposable-vapes-in-france","16":"product_cat-disposable-vapes-in-germany","17":"product_cat-disposable-vapes-in-hungary","18":"product_cat-disposable-vapes-in-ltaly","19":"product_cat-disposable-vapes-in-netherlands","20":"product_cat-disposable-vapes-in-norway","21":"product_cat-disposable-vapes-in-poland","22":"product_cat-disposable-vapes-in-portugal","23":"product_cat-disposable-vapes-in-spain","24":"product_cat-disposable-vapes-in-sweden","25":"product_cat-disposable-vapes-in-switzerland","26":"product_cat-rechargeable-vapes","27":"product_cat-smart-screen-vapes","29":"first","30":"instock","31":"shipping-taxable","32":"purchasable","33":"product-type-variable","34":"has-default-attributes"},"jetpack_sharing_enabled":true,"tiered_pricing_type":"fixed","tiered_pricing_fixed_rules":{"2000":4.13999999999999968025576890795491635799407958984375},"tiered_pricing_product_settings":{"layout":"default","base_unit_name":{"singular":null,"plural":null},"default_variation":null},"tiered_pricing_minimum_quantity":1000,"tiered_pricing_roles_data":[],"tiered_pricing_percentage_rules":[],"tiered_pricing_maximum_quantity":null,"tiered_pricing_quantity_step":"10","_links":{"self":[{"href":"https:\/\/volovape.com\/fr\/wp-json\/wp\/v2\/product\/71","targetHints":{"allow":["GET"]}}],"collection":[{"href":"https:\/\/volovape.com\/fr\/wp-json\/wp\/v2\/product"}],"about":[{"href":"https:\/\/volovape.com\/fr\/wp-json\/wp\/v2\/types\/product"}],"replies":[{"embeddable":true,"href":"https:\/\/volovape.com\/fr\/wp-json\/wp\/v2\/comments?post=71"}],"wp:featuredmedia":[{"embeddable":true,"href":"https:\/\/volovape.com\/fr\/wp-json\/wp\/v2\/media\/111"}],"wp:attachment":[{"href":"https:\/\/volovape.com\/fr\/wp-json\/wp\/v2\/media?parent=71"}],"wp:term":[{"taxonomy":"product_brand","embeddable":true,"href":"https:\/\/volovape.com\/fr\/wp-json\/wp\/v2\/product_brand?post=71"},{"taxonomy":"product_cat","embeddable":true,"href":"https:\/\/volovape.com\/fr\/wp-json\/wp\/v2\/product_cat?post=71"},{"taxonomy":"product_tag","embeddable":true,"href":"https:\/\/volovape.com\/fr\/wp-json\/wp\/v2\/product_tag?post=71"}],"curies":[{"name":"wp","href":"https:\/\/api.w.org\/{rel}","templated":true}]}}