{"id":70,"date":"2024-11-21T03:26:50","date_gmt":"2024-11-21T03:26:50","guid":{"rendered":"https:\/\/volovape.com\/?post_type=product&#038;p=70"},"modified":"2025-06-30T01:32:46","modified_gmt":"2025-06-30T01:32:46","slug":"waspe-8000-puffs","status":"publish","type":"product","link":"https:\/\/volovape.com\/fr\/product\/waspe-8000-puffs\/","title":{"rendered":"WASPE 8000 Puffs Vape jetable - Rechargeable, 0.8\u03a9 Mesh Coil"},"content":{"rendered":"<p><strong>WASPE 8000 Puffs Vape jetable rechargeable<\/strong> - Vivez une exp\u00e9rience de vaporisation prolong\u00e9e et savoureuse.<\/p>\n<p>Le <strong>WASPE 8000<\/strong> fournit jusqu'\u00e0 <strong>8 000 bouff\u00e9es<\/strong> avec un nombre substantiel de <strong>Capacit\u00e9 de 16mL d'e-liquide<\/strong>pour un plaisir prolong\u00e9. Ses <strong>Batterie rechargeable de 650mAh<\/strong> et <strong>Chargement de type C<\/strong> fournissent une alimentation fiable, tandis que les <strong>Bobine \u00e0 mailles de 0,8\u03a9<\/strong> am\u00e9liore la saveur et la production de vapeur. Choisissez parmi <strong>0%, 2%, 3%, ou 5% taux de nicotine<\/strong>et de profiter d'une vari\u00e9t\u00e9 de <strong>10 saveurs uniques<\/strong>Les glaces peuvent aller de la glace \u00e0 la past\u00e8que rafra\u00eechissante \u00e0 la glace au litchi exotique. Id\u00e9al pour un usage personnel et <strong>Vape jetable en gros<\/strong>Chaque unit\u00e9 offre commodit\u00e9 et qualit\u00e9. Pour les <strong>commande group\u00e9e<\/strong> contactez-nous pour obtenir des prix comp\u00e9titifs.<\/p>\n<h3><strong>WASPE 8000 Caract\u00e9ristiques :<\/strong><\/h3>\n<ul>\n<li>Bouff\u00e9es : Jusqu'\u00e0 8 000<\/li>\n<li>Capacit\u00e9 E-liquide : 16ml<\/li>\n<li>Batterie : 650mAh (rechargeable)<\/li>\n<li>Chargement : Type-C<\/li>\n<li>Bobine : 0.8\u03a9 Mesh Coil<\/li>\n<li>Points forts de la nicotine : 0%, 2%, 3%, 5%<\/li>\n<li>10 options de saveurs<\/li>\n<\/ul>\n<h4>FAQ<\/h4>\n<h5>Comment la batterie rechargeable am\u00e9liore-t-elle mon exp\u00e9rience de vapotage ?<\/h5>\n<p>La batterie rechargeable de 650mAh, associ\u00e9e au chargement Type-C, vous permet d'utiliser l'int\u00e9gralit\u00e9 des 8 000 bouff\u00e9es sans craindre que l'appareil ne meure pr\u00e9matur\u00e9ment. Cette caract\u00e9ristique fait du WASPE 8000 un choix fiable et durable par rapport aux e-liquides standard, maximisant ainsi le plaisir que vous procure l'e-liquide de 16 ml.<\/p>\n<h5>Quelles sont les m\u00e9thodes d'exp\u00e9dition utilis\u00e9es ?<\/h5>\n<p>Nous travaillons en partenariat avec des transporteurs de confiance tels que UPS, DHL, FedEx et DPD pour livrer vos commandes. La m\u00e9thode d'exp\u00e9dition la plus appropri\u00e9e est s\u00e9lectionn\u00e9e en fonction de votre lieu de livraison afin de garantir une livraison rapide et fiable.<\/p>\n<h5>Combien de temps dure l'exp\u00e9dition ?<\/h5>\n<p>Le d\u00e9lai d'exp\u00e9dition est g\u00e9n\u00e9ralement de 7 \u00e0 15 jours ouvrables. Toutefois, pendant les vacances ou en cas de conditions m\u00e9t\u00e9orologiques d\u00e9favorables, le d\u00e9lai peut atteindre 20 jours ouvrables.<\/p>\n<h5>Aurai-je des probl\u00e8mes d'ordre douanier ou fiscal ?<\/h5>\n<p>Nous nous chargeons de toutes les proc\u00e9dures de d\u00e9douanement, ce qui garantit que votre envoi passera sans probl\u00e8me. Vous n'aurez pas \u00e0 payer de taxes ou de frais suppl\u00e9mentaires. Nous assurons le d\u00e9douanement de 100%.<\/p>\n<h5>Puis-je faire confiance \u00e0 la qualit\u00e9 et \u00e0 la fiabilit\u00e9 du WASPE 8000 ?<\/h5>\n<p>Nous acceptons les paiements s\u00e9curis\u00e9s par PayPal avec protection de l'acheteur. Vous pouvez \u00e9galement consulter les avis de nos clients sur <a href=\"https:\/\/www.trustpilot.com\/review\/volovape.com?utm_medium=trustbox&amp;utm_source=TrustBoxReviewCollector\">TrustPilot<\/a> pour voir les exp\u00e9riences positives de nos clients.<\/p>","protected":false},"excerpt":{"rendered":"<p>Savourez des saveurs \u00e9tendues avec le WASPE 8000 Puffs. Maille de 0,8\u03a9, 16 ml, rechargeable. Parfait pour les particuliers ou les grossistes, offrant une vapeur douce et diverses options de nicotine.<\/p>","protected":false},"featured_media":103,"comment_status":"open","ping_status":"closed","template":"","meta":[],"product_brand":[],"product_cat":[17,37,21,18,20,23,24,22,25,26,27,28,29,30,31,32,33,34,35,36],"product_tag":[],"class_list":{"0":"post-70","1":"product","2":"type-product","3":"status-publish","4":"has-post-thumbnail","6":"product_cat-waspe","7":"product_cat-8000-puffs-disposable-vape","8":"product_cat-big-puffs-vapes","9":"product_cat-different-puffs-of-disposable-vapes","10":"product_cat-disposable-vape-types","11":"product_cat-disposable-vapes-in-austria","12":"product_cat-disposable-vapes-in-belgium","13":"product_cat-disposable-vapes-in-europe","14":"product_cat-disposable-vapes-in-france","15":"product_cat-disposable-vapes-in-germany","16":"product_cat-disposable-vapes-in-hungary","17":"product_cat-disposable-vapes-in-ltaly","18":"product_cat-disposable-vapes-in-netherlands","19":"product_cat-disposable-vapes-in-norway","20":"product_cat-disposable-vapes-in-poland","21":"product_cat-disposable-vapes-in-portugal","22":"product_cat-disposable-vapes-in-spain","23":"product_cat-disposable-vapes-in-sweden","24":"product_cat-disposable-vapes-in-switzerland","25":"product_cat-rechargeable-vapes","27":"first","28":"instock","29":"shipping-taxable","30":"purchasable","31":"product-type-variable","32":"has-default-attributes"},"jetpack_sharing_enabled":true,"tiered_pricing_type":"fixed","tiered_pricing_fixed_rules":{"2000":4.5999999999999996447286321199499070644378662109375},"tiered_pricing_product_settings":{"layout":"default","base_unit_name":{"singular":null,"plural":null},"default_variation":null},"tiered_pricing_minimum_quantity":1000,"tiered_pricing_roles_data":[],"tiered_pricing_percentage_rules":[],"tiered_pricing_maximum_quantity":null,"tiered_pricing_quantity_step":"100","_links":{"self":[{"href":"https:\/\/volovape.com\/fr\/wp-json\/wp\/v2\/product\/70","targetHints":{"allow":["GET"]}}],"collection":[{"href":"https:\/\/volovape.com\/fr\/wp-json\/wp\/v2\/product"}],"about":[{"href":"https:\/\/volovape.com\/fr\/wp-json\/wp\/v2\/types\/product"}],"replies":[{"embeddable":true,"href":"https:\/\/volovape.com\/fr\/wp-json\/wp\/v2\/comments?post=70"}],"wp:featuredmedia":[{"embeddable":true,"href":"https:\/\/volovape.com\/fr\/wp-json\/wp\/v2\/media\/103"}],"wp:attachment":[{"href":"https:\/\/volovape.com\/fr\/wp-json\/wp\/v2\/media?parent=70"}],"wp:term":[{"taxonomy":"product_brand","embeddable":true,"href":"https:\/\/volovape.com\/fr\/wp-json\/wp\/v2\/product_brand?post=70"},{"taxonomy":"product_cat","embeddable":true,"href":"https:\/\/volovape.com\/fr\/wp-json\/wp\/v2\/product_cat?post=70"},{"taxonomy":"product_tag","embeddable":true,"href":"https:\/\/volovape.com\/fr\/wp-json\/wp\/v2\/product_tag?post=70"}],"curies":[{"name":"wp","href":"https:\/\/api.w.org\/{rel}","templated":true}]}}