{"id":69,"date":"2024-11-21T03:26:50","date_gmt":"2024-11-21T03:26:50","guid":{"rendered":"https:\/\/volovape.com\/?post_type=product&#038;p=69"},"modified":"2025-07-01T01:20:11","modified_gmt":"2025-07-01T01:20:11","slug":"waspe-5000-puffs","status":"publish","type":"product","link":"https:\/\/volovape.com\/fr\/product\/waspe-5000-puffs\/","title":{"rendered":"WASPE 5000 Puffs Vape jetable - Rechargeable, Mesh Coil"},"content":{"rendered":"<p><strong>WASPE 5000 Puffs Vape jetable rechargeable<\/strong> - Faites l'exp\u00e9rience d'une saveur et d'une commodit\u00e9 accrues.<\/p>\n<p>Le <strong>WASPE 5000<\/strong> red\u00e9finit le vaping jetable gr\u00e2ce \u00e0 son impressionnant <strong>5000 bouff\u00e9es<\/strong> et d'une g\u00e9n\u00e9reuse <strong>13mL e-liquide<\/strong> r\u00e9servoir. Profitez d'une vapeur homog\u00e8ne et savoureuse gr\u00e2ce \u00e0 la technologie <strong>bobine de maille avanc\u00e9e<\/strong>et s\u00e9lectionnez votre taux de nicotine pr\u00e9f\u00e9r\u00e9 parmi les options suivantes <strong>0%, 2% ou 5%<\/strong>. Les <strong>Batterie rechargeable de 650mAh<\/strong> avec <strong>Chargement de type C<\/strong> vous permet de profiter de chaque bouff\u00e9e. Parfait pour un usage personnel ou <strong>Vape jetable en gros<\/strong>Cet appareil offre \u00e0 la fois performance et portabilit\u00e9. Explorer <strong>10 saveurs uniques<\/strong> et d\u00e9couvrez votre nouveau favori.<\/p>\n<h3><strong>WASPE 5000 Puffs Caract\u00e9ristiques :<\/strong><\/h3>\n<ul>\n<li>Bouff\u00e9es : Jusqu'\u00e0 5000<\/li>\n<li>Capacit\u00e9 E-liquide : 13mL<\/li>\n<li>Batterie : 650mAh (rechargeable)<\/li>\n<li>Chargement : Type-C<\/li>\n<li>Bobine : Bobine de maille<\/li>\n<li>Points forts de la nicotine : 0%, 2%, 5%<\/li>\n<li>Ar\u00f4mes : Menthe, Glace myrtille, Glace cola, Fraise mangue, Fraise past\u00e8que, Baies m\u00e9lang\u00e9es, Glace litchi, Glace past\u00e8que, Glace raisin.<\/li>\n<\/ul>\n<h4>FAQ<\/h4>\n<h5>Comment la fonction rechargeable am\u00e9liore-t-elle le WASPE 5000 ?<\/h5>\n<p>La batterie rechargeable de 650mAh, coupl\u00e9e au chargement Type-C, vous permet d'utiliser pleinement l'e-liquide de 13mL, vous assurant un maximum de 5000 bouff\u00e9es. Cela \u00e9limine le probl\u00e8me courant des vapes jetables qui se retrouvent \u00e0 court de batterie avant que l'e-liquide ne soit \u00e9puis\u00e9, offrant ainsi une exp\u00e9rience de vapotage plus durable et plus satisfaisante.<\/p>\n<h5>Quelles sont les m\u00e9thodes d'exp\u00e9dition utilis\u00e9es ?<\/h5>\n<p>Nous coop\u00e9rons avec UPS\/DHL\/FEDEX\/DPD, etc. Nous choisirons l'option d'exp\u00e9dition appropri\u00e9e en fonction du pays de livraison afin de nous assurer que vous recevrez vos produits le plus rapidement possible.<\/p>\n<h5>Combien de temps faut-il pour qu'il arrive ?<\/h5>\n<p>Ce d\u00e9lai est g\u00e9n\u00e9ralement de 7 \u00e0 15 jours ouvrables et peut aller jusqu'\u00e0 20 jours ouvrables les jours f\u00e9ri\u00e9s ou en cas de mauvaises conditions m\u00e9t\u00e9orologiques.<\/p>\n<h5>Peut-il passer la douane et me causera-t-il des probl\u00e8mes ?<\/h5>\n<p>Nous vous garantissons que vous n'aurez aucun probl\u00e8me puisque nous nous occupons du d\u00e9douanement et qu'il n'y aura pas de taxes ou de frais. Nous garantissons que 100% de nos produits seront d\u00e9douan\u00e9s.<\/p>\n<h5>Puis-je lui faire confiance ?<\/h5>\n<p>Nous acceptons les paiements par PayPal et le service de protection des acheteurs. Vous pouvez \u00e9galement consulter nos avis sur <a href=\"https:\/\/www.trustpilot.com\/review\/volovape.com?utm_medium=trustbox&amp;utm_source=TrustBoxReviewCollector\">TrustPilot<\/a>.<\/p>","protected":false},"excerpt":{"rendered":"<p>Le WASPE 5000 Puffs vous permet de vaper de mani\u00e8re pratique et savoureuse. Bobine en maille, 13ml, rechargeable. Id\u00e9al pour un usage personnel ou en gros, offrant une vapeur douce et des taux de nicotine vari\u00e9s.<\/p>","protected":false},"featured_media":99,"comment_status":"open","ping_status":"closed","template":"","meta":[],"product_brand":[],"product_cat":[19,21,18,20,23,24,22,25,26,27,28,29,30,31,32,33,34,35,36,17],"product_tag":[],"class_list":{"0":"post-69","1":"product","2":"type-product","3":"status-publish","4":"has-post-thumbnail","6":"product_cat-5000-puffs-disposable-vape","7":"product_cat-big-puffs-vapes","8":"product_cat-different-puffs-of-disposable-vapes","9":"product_cat-disposable-vape-types","10":"product_cat-disposable-vapes-in-austria","11":"product_cat-disposable-vapes-in-belgium","12":"product_cat-disposable-vapes-in-europe","13":"product_cat-disposable-vapes-in-france","14":"product_cat-disposable-vapes-in-germany","15":"product_cat-disposable-vapes-in-hungary","16":"product_cat-disposable-vapes-in-ltaly","17":"product_cat-disposable-vapes-in-netherlands","18":"product_cat-disposable-vapes-in-norway","19":"product_cat-disposable-vapes-in-poland","20":"product_cat-disposable-vapes-in-portugal","21":"product_cat-disposable-vapes-in-spain","22":"product_cat-disposable-vapes-in-sweden","23":"product_cat-disposable-vapes-in-switzerland","24":"product_cat-rechargeable-vapes","25":"product_cat-waspe","27":"first","28":"instock","29":"shipping-taxable","30":"purchasable","31":"product-type-variable","32":"has-default-attributes"},"jetpack_sharing_enabled":true,"tiered_pricing_type":"fixed","tiered_pricing_fixed_rules":{"2000":3.79999999999999982236431605997495353221893310546875},"tiered_pricing_product_settings":{"layout":"default","base_unit_name":{"singular":null,"plural":null},"default_variation":null},"tiered_pricing_minimum_quantity":1000,"tiered_pricing_roles_data":[],"tiered_pricing_percentage_rules":[],"tiered_pricing_maximum_quantity":null,"tiered_pricing_quantity_step":"10","_links":{"self":[{"href":"https:\/\/volovape.com\/fr\/wp-json\/wp\/v2\/product\/69","targetHints":{"allow":["GET"]}}],"collection":[{"href":"https:\/\/volovape.com\/fr\/wp-json\/wp\/v2\/product"}],"about":[{"href":"https:\/\/volovape.com\/fr\/wp-json\/wp\/v2\/types\/product"}],"replies":[{"embeddable":true,"href":"https:\/\/volovape.com\/fr\/wp-json\/wp\/v2\/comments?post=69"}],"wp:featuredmedia":[{"embeddable":true,"href":"https:\/\/volovape.com\/fr\/wp-json\/wp\/v2\/media\/99"}],"wp:attachment":[{"href":"https:\/\/volovape.com\/fr\/wp-json\/wp\/v2\/media?parent=69"}],"wp:term":[{"taxonomy":"product_brand","embeddable":true,"href":"https:\/\/volovape.com\/fr\/wp-json\/wp\/v2\/product_brand?post=69"},{"taxonomy":"product_cat","embeddable":true,"href":"https:\/\/volovape.com\/fr\/wp-json\/wp\/v2\/product_cat?post=69"},{"taxonomy":"product_tag","embeddable":true,"href":"https:\/\/volovape.com\/fr\/wp-json\/wp\/v2\/product_tag?post=69"}],"curies":[{"name":"wp","href":"https:\/\/api.w.org\/{rel}","templated":true}]}}