{"id":661,"date":"2024-11-21T03:31:47","date_gmt":"2024-11-21T03:31:47","guid":{"rendered":"https:\/\/volovape.com\/?post_type=product&#038;p=661"},"modified":"2025-07-11T04:40:31","modified_gmt":"2025-07-11T04:40:31","slug":"aivono-aim-puff-star-6500-puffs","status":"publish","type":"product","link":"https:\/\/volovape.com\/fr\/product\/aivono-aim-puff-star-6500-puffs\/","title":{"rendered":"AIVONO AIM PUFF STAR 6500 Puffs Vape jetable - Mesh Coil, Rechargeable"},"content":{"rendered":"<p><strong>AIVONO AIM PUFF STAR 6500 Puffs Mesh Coil Jetable Vape<\/strong> - Profitez d'une exp\u00e9rience de vapotage pratique et savoureuse avec l'AIVONO AIM PUFF STAR 6500. Cette vape jetable offre jusqu'\u00e0 6500 bouff\u00e9es, avec un r\u00e9servoir d'e-liquide de 13mL et une batterie rechargeable de 400mAh. La bobine mesh de 1,2\u03a9 assure une vapeur toujours douce et savoureuse, id\u00e9ale pour l'usage personnel et les commandes en gros de vape jetable. Choisissez parmi les taux de nicotine 0%, 2% ou 5% et une s\u00e9lection de 10 saveurs d\u00e9licieuses.<\/p>\n<h3><strong>AIVONO AIM PUFF STAR 6500 Puffs Caract\u00e9ristiques :<\/strong><\/h3>\n<ul>\n<li>Bouff\u00e9es : 6500 bouff\u00e9es<\/li>\n<li>Capacit\u00e9 E-liquide : 13mL<\/li>\n<li>Batterie : 400mAh (rechargeable)<\/li>\n<li>Chargement : Type-C<\/li>\n<li>Bobine : 1.2\u03a9 Mesh Coil<\/li>\n<li>Points forts de la nicotine : 0%, 2%, 5%<\/li>\n<li>Options d'ar\u00f4mes : Baies m\u00e9lang\u00e9es, bonbon au menthol, fraise kiwi, mangue m\u00e9lang\u00e9e, past\u00e8que, fraise glac\u00e9e, boisson \u00e9nergisante, baies bleues, melon de coco, jus de p\u00eache.<\/li>\n<\/ul>\n<h4>FAQ<\/h4>\n<h5>Comment la bobine \u00e0 mailles de 1,2\u03a9 am\u00e9liore-t-elle l'exp\u00e9rience de vapotage ?<\/h5>\n<p>La bobine mesh de 1,2\u03a9 est con\u00e7ue pour offrir une exp\u00e9rience de vapotage \u00e9quilibr\u00e9e, d\u00e9livrant une vapeur douce et savoureuse avec des performances constantes. Cette bobine assure une diffusion optimale des saveurs et un tirage satisfaisant.<\/p>\n<h5>Quels sont les modes d'exp\u00e9dition disponibles ?<\/h5>\n<p>Nous travaillons en partenariat avec des transporteurs fiables, notamment UPS, DHL, FedEx et DPD, afin d'offrir un service d'exp\u00e9dition efficace et fiable. La m\u00e9thode d'exp\u00e9dition la plus appropri\u00e9e est s\u00e9lectionn\u00e9e en fonction de votre lieu de livraison.<\/p>\n<h5>Quel est le d\u00e9lai de livraison habituel ?<\/h5>\n<p>Le d\u00e9lai de livraison est g\u00e9n\u00e9ralement de 7 \u00e0 15 jours ouvrables, mais il peut aller jusqu'\u00e0 20 jours ouvrables en cas de vacances ou de conditions m\u00e9t\u00e9orologiques d\u00e9favorables.<\/p>\n<h5>Devrai-je payer des frais de douane ou des taxes ?<\/h5>\n<p>Nous nous occupons de tous les d\u00e9douanements, ce qui vous garantit que vous n'aurez pas \u00e0 payer de taxes ou de frais suppl\u00e9mentaires. 100% de nos produits sont d\u00e9douan\u00e9s sans probl\u00e8me.<\/p>\n<h5>Mon achat est-il s\u00fbr et fiable ?<\/h5>\n<p>Nous offrons des transactions s\u00e9curis\u00e9es gr\u00e2ce \u00e0 la protection des acheteurs de PayPal. Vous pouvez \u00e9galement v\u00e9rifier notre fiabilit\u00e9 en consultant les avis des clients sur <a href=\"https:\/\/www.trustpilot.com\/review\/volovape.com?utm_medium=trustbox&amp;utm_source=TrustBoxReviewCollector\">TrustPilot<\/a>.<\/p>","protected":false},"excerpt":{"rendered":"<p>Obtenez une saveur pratique avec le AIVONO AIM PUFF STAR 6500 Puffs. 1.2\u03a9 mesh coil, 13ml, rechargeable. Id\u00e9al pour le plaisir personnel ou la distribution en gros.<\/p>","protected":false},"featured_media":1038,"comment_status":"open","ping_status":"closed","template":"","meta":[],"product_brand":[],"product_cat":[19,37,67,21,18,20,23,24,22,25,26,27,28,29,30,31,32,33,34,35,36],"product_tag":[],"class_list":{"0":"post-661","1":"product","2":"type-product","3":"status-publish","4":"has-post-thumbnail","6":"product_cat-5000-puffs-disposable-vape","7":"product_cat-8000-puffs-disposable-vape","8":"product_cat-aivono","9":"product_cat-big-puffs-vapes","10":"product_cat-different-puffs-of-disposable-vapes","11":"product_cat-disposable-vape-types","12":"product_cat-disposable-vapes-in-austria","13":"product_cat-disposable-vapes-in-belgium","14":"product_cat-disposable-vapes-in-europe","15":"product_cat-disposable-vapes-in-france","16":"product_cat-disposable-vapes-in-germany","17":"product_cat-disposable-vapes-in-hungary","18":"product_cat-disposable-vapes-in-ltaly","19":"product_cat-disposable-vapes-in-netherlands","20":"product_cat-disposable-vapes-in-norway","21":"product_cat-disposable-vapes-in-poland","22":"product_cat-disposable-vapes-in-portugal","23":"product_cat-disposable-vapes-in-spain","24":"product_cat-disposable-vapes-in-sweden","25":"product_cat-disposable-vapes-in-switzerland","26":"product_cat-rechargeable-vapes","28":"first","29":"instock","30":"shipping-taxable","31":"purchasable","32":"product-type-variable","33":"has-default-attributes"},"jetpack_sharing_enabled":true,"tiered_pricing_type":"fixed","tiered_pricing_fixed_rules":{"2000":5.589999999999999857891452847979962825775146484375},"tiered_pricing_product_settings":{"layout":"default","base_unit_name":{"singular":null,"plural":null},"default_variation":null},"tiered_pricing_minimum_quantity":1000,"tiered_pricing_roles_data":[],"tiered_pricing_percentage_rules":[],"tiered_pricing_maximum_quantity":null,"tiered_pricing_quantity_step":"10","_links":{"self":[{"href":"https:\/\/volovape.com\/fr\/wp-json\/wp\/v2\/product\/661","targetHints":{"allow":["GET"]}}],"collection":[{"href":"https:\/\/volovape.com\/fr\/wp-json\/wp\/v2\/product"}],"about":[{"href":"https:\/\/volovape.com\/fr\/wp-json\/wp\/v2\/types\/product"}],"replies":[{"embeddable":true,"href":"https:\/\/volovape.com\/fr\/wp-json\/wp\/v2\/comments?post=661"}],"wp:featuredmedia":[{"embeddable":true,"href":"https:\/\/volovape.com\/fr\/wp-json\/wp\/v2\/media\/1038"}],"wp:attachment":[{"href":"https:\/\/volovape.com\/fr\/wp-json\/wp\/v2\/media?parent=661"}],"wp:term":[{"taxonomy":"product_brand","embeddable":true,"href":"https:\/\/volovape.com\/fr\/wp-json\/wp\/v2\/product_brand?post=661"},{"taxonomy":"product_cat","embeddable":true,"href":"https:\/\/volovape.com\/fr\/wp-json\/wp\/v2\/product_cat?post=661"},{"taxonomy":"product_tag","embeddable":true,"href":"https:\/\/volovape.com\/fr\/wp-json\/wp\/v2\/product_tag?post=661"}],"curies":[{"name":"wp","href":"https:\/\/api.w.org\/{rel}","templated":true}]}}