{"id":660,"date":"2024-11-21T03:31:46","date_gmt":"2024-11-21T03:31:46","guid":{"rendered":"https:\/\/volovape.com\/?post_type=product&#038;p=660"},"modified":"2025-07-11T04:40:21","modified_gmt":"2025-07-11T04:40:21","slug":"aivono-aim-xxl-9000-puffs","status":"publish","type":"product","link":"https:\/\/volovape.com\/fr\/product\/aivono-aim-xxl-9000-puffs\/","title":{"rendered":"AIVONO AIM XXL 9000 Puffs Vape jetable - Mesh Coil, LCD, Child Lock"},"content":{"rendered":"<p><strong>AIVONO AIM XXL 9000 Puffs Mesh Coil LCD Child Lock Vape jetable<\/strong> - Le AIVONO AIM XXL 9000 vous permet de vaper de mani\u00e8re prolong\u00e9e tout en b\u00e9n\u00e9ficiant de fonctions de s\u00e9curit\u00e9 suppl\u00e9mentaires. Cette vape jetable offre jusqu'\u00e0 9 000 bouff\u00e9es, avec un r\u00e9servoir d'e-liquide de 19mL et une batterie rechargeable de 650mAh. La bobine mesh de 1,2\u03a9 assure une vapeur douce et savoureuse, tandis que l'\u00e9cran LCD et la s\u00e9curit\u00e9 enfant renforcent la s\u00e9curit\u00e9 et la commodit\u00e9. Id\u00e9al pour l'usage personnel et les commandes en gros de vape jetable, cet appareil offre des taux de nicotine de 0%, 2%, 3%, ou 5% et une s\u00e9lection de 10 saveurs d\u00e9licieuses.<\/p>\n<h3><strong>AIVONO AIM XXL 9000 Puffs Caract\u00e9ristiques :<\/strong><\/h3>\n<ul>\n<li>Bouff\u00e9es : 9000 bouff\u00e9es<\/li>\n<li>Capacit\u00e9 E-liquide : 19mL<\/li>\n<li>Batterie : 650mAh (rechargeable)<\/li>\n<li>Chargement : Type-C<\/li>\n<li>Bobine : 1.2\u03a9 Mesh Coil<\/li>\n<li>Affichage : LCD (batterie et nombre de bouff\u00e9es)<\/li>\n<li>Dispositif de s\u00e9curit\u00e9 : Verrouillage pour enfants<\/li>\n<li>Points forts de la nicotine : 0%, 2%, 3%, 5%<\/li>\n<li>Options d'ar\u00f4mes : Fraise-melon d'eau, glace ananas-coco, menthe-mojito, raisin-cassis, baies m\u00e9lang\u00e9es, mangue-ananas-p\u00eache, glace melon d'eau, glace bleue, glace myrtille, cerise-cantaloup.<\/li>\n<\/ul>\n<h4>FAQ<\/h4>\n<h5>Comment la fonction de verrouillage des enfants am\u00e9liore-t-elle la s\u00e9curit\u00e9 ?<\/h5>\n<p>La fonction de verrouillage pour enfants emp\u00eache toute activation accidentelle, ce qui renforce la s\u00e9curit\u00e9 et la tranquillit\u00e9 d'esprit, en particulier pour les m\u00e9nages ayant des enfants ou des animaux domestiques. Cette fonction garantit la s\u00e9curit\u00e9 de l'appareil lorsqu'il n'est pas utilis\u00e9.<\/p>\n<h5>Quelles sont les m\u00e9thodes d'exp\u00e9dition utilis\u00e9es ?<\/h5>\n<p>Nous travaillons en partenariat avec des transporteurs fiables, notamment UPS, DHL, FedEx et DPD, afin d'offrir un service d'exp\u00e9dition efficace et fiable. La m\u00e9thode d'exp\u00e9dition la plus appropri\u00e9e est s\u00e9lectionn\u00e9e en fonction de votre lieu de livraison.<\/p>\n<h5>Quel est le d\u00e9lai de livraison habituel ?<\/h5>\n<p>Le d\u00e9lai de livraison est g\u00e9n\u00e9ralement de 7 \u00e0 15 jours ouvrables, mais il peut aller jusqu'\u00e0 20 jours ouvrables en cas de vacances ou de conditions m\u00e9t\u00e9orologiques d\u00e9favorables.<\/p>\n<h5>Devrai-je payer des frais de douane ou des taxes ?<\/h5>\n<p>Nous nous occupons de tous les d\u00e9douanements, ce qui vous garantit que vous n'aurez pas \u00e0 payer de taxes ou de frais suppl\u00e9mentaires. 100% de nos produits sont d\u00e9douan\u00e9s sans probl\u00e8me.<\/p>\n<h5>Mon achat est-il s\u00fbr et fiable ?<\/h5>\n<p>Nous offrons des transactions s\u00e9curis\u00e9es gr\u00e2ce \u00e0 la protection des acheteurs de PayPal. Vous pouvez \u00e9galement v\u00e9rifier notre fiabilit\u00e9 en consultant les avis des clients sur <a href=\"https:\/\/www.trustpilot.com\/review\/volovape.com?utm_medium=trustbox&amp;utm_source=TrustBoxReviewCollector\">TrustPilot<\/a>.<\/p>","protected":false},"excerpt":{"rendered":"<p>Le AIVONO AIM XXL 9000 Puffs vous permet de vaper en toute s\u00e9curit\u00e9 et de mani\u00e8re prolong\u00e9e. S\u00e9curit\u00e9 enfant, \u00e9cran LCD, maille de 1,2\u03a9, 19ml, rechargeable. Parfait pour un usage personnel ou pour la vente en gros.<\/p>","protected":false},"featured_media":1028,"comment_status":"open","ping_status":"closed","template":"","meta":[],"product_brand":[],"product_cat":[67,48,21,18,20,23,24,22,25,26,27,28,29,30,31,32,33,34,35,36],"product_tag":[],"class_list":{"0":"post-660","1":"product","2":"type-product","3":"status-publish","4":"has-post-thumbnail","6":"product_cat-aivono","7":"product_cat-9000-puffs-disposable-vape","8":"product_cat-big-puffs-vapes","9":"product_cat-different-puffs-of-disposable-vapes","10":"product_cat-disposable-vape-types","11":"product_cat-disposable-vapes-in-austria","12":"product_cat-disposable-vapes-in-belgium","13":"product_cat-disposable-vapes-in-europe","14":"product_cat-disposable-vapes-in-france","15":"product_cat-disposable-vapes-in-germany","16":"product_cat-disposable-vapes-in-hungary","17":"product_cat-disposable-vapes-in-ltaly","18":"product_cat-disposable-vapes-in-netherlands","19":"product_cat-disposable-vapes-in-norway","20":"product_cat-disposable-vapes-in-poland","21":"product_cat-disposable-vapes-in-portugal","22":"product_cat-disposable-vapes-in-spain","23":"product_cat-disposable-vapes-in-sweden","24":"product_cat-disposable-vapes-in-switzerland","25":"product_cat-rechargeable-vapes","27":"first","28":"instock","29":"shipping-taxable","30":"purchasable","31":"product-type-variable","32":"has-default-attributes"},"jetpack_sharing_enabled":true,"tiered_pricing_type":"fixed","tiered_pricing_fixed_rules":{"2000":5.9900000000000002131628207280300557613372802734375},"tiered_pricing_product_settings":{"layout":"default","base_unit_name":{"singular":null,"plural":null},"default_variation":null},"tiered_pricing_minimum_quantity":1000,"tiered_pricing_roles_data":[],"tiered_pricing_percentage_rules":[],"tiered_pricing_maximum_quantity":null,"tiered_pricing_quantity_step":"10","_links":{"self":[{"href":"https:\/\/volovape.com\/fr\/wp-json\/wp\/v2\/product\/660","targetHints":{"allow":["GET"]}}],"collection":[{"href":"https:\/\/volovape.com\/fr\/wp-json\/wp\/v2\/product"}],"about":[{"href":"https:\/\/volovape.com\/fr\/wp-json\/wp\/v2\/types\/product"}],"replies":[{"embeddable":true,"href":"https:\/\/volovape.com\/fr\/wp-json\/wp\/v2\/comments?post=660"}],"wp:featuredmedia":[{"embeddable":true,"href":"https:\/\/volovape.com\/fr\/wp-json\/wp\/v2\/media\/1028"}],"wp:attachment":[{"href":"https:\/\/volovape.com\/fr\/wp-json\/wp\/v2\/media?parent=660"}],"wp:term":[{"taxonomy":"product_brand","embeddable":true,"href":"https:\/\/volovape.com\/fr\/wp-json\/wp\/v2\/product_brand?post=660"},{"taxonomy":"product_cat","embeddable":true,"href":"https:\/\/volovape.com\/fr\/wp-json\/wp\/v2\/product_cat?post=660"},{"taxonomy":"product_tag","embeddable":true,"href":"https:\/\/volovape.com\/fr\/wp-json\/wp\/v2\/product_tag?post=660"}],"curies":[{"name":"wp","href":"https:\/\/api.w.org\/{rel}","templated":true}]}}