{"id":639,"date":"2024-11-21T03:31:25","date_gmt":"2024-11-21T03:31:25","guid":{"rendered":"https:\/\/volovape.com\/?post_type=product&#038;p=639"},"modified":"2025-07-06T04:19:59","modified_gmt":"2025-07-06T04:19:59","slug":"aivono-aim-tank-9500-bouffees","status":"publish","type":"product","link":"https:\/\/volovape.com\/fr\/product\/aivono-aim-tank-9500-puffs\/","title":{"rendered":"AIVONO AIM TANK 9500 bouff\u00e9es vape jetable - mesh coil avec LCD &amp; child lock"},"content":{"rendered":"<p><strong>AIVONO AIM TANK 9500 Puffs Mesh Coil LCD Child Lock Vape jetable<\/strong> - Faites l'exp\u00e9rience d'un vapotage s\u00fbr et satisfaisant avec l'AIVONO AIM TANK 9500. Cette vape jetable offre jusqu'\u00e0 9 500 bouff\u00e9es, avec un r\u00e9servoir d'e-liquide de 18mL et une batterie rechargeable de 650mAh. La bobine mesh de 1,2\u03a9 assure une vapeur douce et savoureuse, tandis que l'\u00e9cran LCD et la fonction de verrouillage enfant offrent une s\u00e9curit\u00e9 et une commodit\u00e9 accrues. Id\u00e9al pour l'usage personnel et les commandes en gros de vape jetable, cet appareil offre des taux de nicotine de 0%, 2%, 3%, ou 5% et une large s\u00e9lection de 15 saveurs d\u00e9licieuses.<\/p>\n<h3><strong>AIVONO AIM TANK 9500 Puffs Caract\u00e9ristiques :<\/strong><\/h3>\n<ul>\n<li>Bouff\u00e9es : 9500 bouff\u00e9es<\/li>\n<li>Capacit\u00e9 E-liquide : 18mL<\/li>\n<li>Batterie : 650mAh (rechargeable)<\/li>\n<li>Chargement : Type-C<\/li>\n<li>Bobine : 1.2\u03a9 Mesh Coil<\/li>\n<li>Affichage : LCD (batterie et nombre de bouff\u00e9es)<\/li>\n<li>Dispositif de s\u00e9curit\u00e9 : Verrouillage pour enfants<\/li>\n<li>Points forts de la nicotine : 0%, 2%, 3%, 5%<\/li>\n<li>Options d'ar\u00f4mes : Past\u00e8que fraise, mangue ananas, citron menthe, raisin Sakura, fraise kiwi, framboise myrtille, glace past\u00e8que, cerise cantaloup, past\u00e8que bubble gum, pomme baie, guimauve bleue, p\u00eache poire, glace ananas noix de coco, glace fraise, mangue tropicale.<\/li>\n<\/ul>\n<h4>FAQ<\/h4>\n<h5>Comment la fonction de verrouillage des enfants am\u00e9liore-t-elle la s\u00e9curit\u00e9 ?<\/h5>\n<p>La fonction de verrouillage pour enfants emp\u00eache toute activation accidentelle, ce qui renforce la s\u00e9curit\u00e9 et la tranquillit\u00e9 d'esprit, en particulier pour les m\u00e9nages ayant des enfants ou des animaux domestiques. Cette fonction garantit la s\u00e9curit\u00e9 de l'appareil lorsqu'il n'est pas utilis\u00e9.<\/p>\n<h5>Quels sont les modes d'exp\u00e9dition disponibles ?<\/h5>\n<p>Nous travaillons en partenariat avec des transporteurs fiables, notamment UPS, DHL, FedEx et DPD, afin d'offrir un service d'exp\u00e9dition efficace et fiable. La m\u00e9thode d'exp\u00e9dition la plus appropri\u00e9e est s\u00e9lectionn\u00e9e en fonction de votre lieu de livraison.<\/p>\n<h5>Quel est le d\u00e9lai de livraison habituel ?<\/h5>\n<p>Le d\u00e9lai de livraison est g\u00e9n\u00e9ralement de 7 \u00e0 15 jours ouvrables, mais il peut aller jusqu'\u00e0 20 jours ouvrables en cas de vacances ou de conditions m\u00e9t\u00e9orologiques d\u00e9favorables.<\/p>\n<h5>Devrai-je payer des frais de douane ou des taxes ?<\/h5>\n<p>Nous nous occupons de tous les d\u00e9douanements, ce qui vous garantit que vous n'aurez pas \u00e0 payer de taxes ou de frais suppl\u00e9mentaires. 100% de nos produits sont d\u00e9douan\u00e9s sans probl\u00e8me.<\/p>\n<h5>Mon achat est-il s\u00fbr et fiable ?<\/h5>\n<p>Nous offrons des transactions s\u00e9curis\u00e9es gr\u00e2ce \u00e0 la protection des acheteurs de PayPal. Vous pouvez \u00e9galement v\u00e9rifier notre fiabilit\u00e9 en consultant les avis des clients sur <a href=\"https:\/\/www.trustpilot.com\/review\/volovape.com?utm_medium=trustbox&amp;utm_source=TrustBoxReviewCollector\">TrustPilot<\/a>.<\/p>","protected":false},"excerpt":{"rendered":"<p>Profitez d'un vapotage s\u00fbr et savoureux avec le AIVONO AIM TANK 9500 Puffs. Affichage LCD, s\u00e9curit\u00e9 enfant, 1.2\u03a9 mesh coil, 18ml, rechargeable. Id\u00e9al pour un usage personnel ou pour la vente en gros.<\/p>","protected":false},"featured_media":1009,"comment_status":"open","ping_status":"closed","template":"","meta":[],"product_brand":[],"product_cat":[67,57,48,21,18,39,20,23,24,22,25,26,27,28,29,30,31,32,33,34,35,36,40],"product_tag":[],"class_list":{"0":"post-639","1":"product","2":"type-product","3":"status-publish","4":"has-post-thumbnail","6":"product_cat-aivono","7":"product_cat-10000-puffs-disposable-vape","8":"product_cat-9000-puffs-disposable-vape","9":"product_cat-big-puffs-vapes","10":"product_cat-different-puffs-of-disposable-vapes","11":"product_cat-digital-box-vapes","12":"product_cat-disposable-vape-types","13":"product_cat-disposable-vapes-in-austria","14":"product_cat-disposable-vapes-in-belgium","15":"product_cat-disposable-vapes-in-europe","16":"product_cat-disposable-vapes-in-france","17":"product_cat-disposable-vapes-in-germany","18":"product_cat-disposable-vapes-in-hungary","19":"product_cat-disposable-vapes-in-ltaly","20":"product_cat-disposable-vapes-in-netherlands","21":"product_cat-disposable-vapes-in-norway","22":"product_cat-disposable-vapes-in-poland","23":"product_cat-disposable-vapes-in-portugal","24":"product_cat-disposable-vapes-in-spain","25":"product_cat-disposable-vapes-in-sweden","26":"product_cat-disposable-vapes-in-switzerland","27":"product_cat-rechargeable-vapes","28":"product_cat-smart-screen-vapes","30":"first","31":"instock","32":"shipping-taxable","33":"purchasable","34":"product-type-variable","35":"has-default-attributes"},"jetpack_sharing_enabled":true,"tiered_pricing_type":"fixed","tiered_pricing_fixed_rules":{"2000":5.37999999999999989341858963598497211933135986328125},"tiered_pricing_product_settings":{"layout":"default","base_unit_name":{"singular":null,"plural":null},"default_variation":null},"tiered_pricing_minimum_quantity":1000,"tiered_pricing_roles_data":[],"tiered_pricing_percentage_rules":[],"tiered_pricing_maximum_quantity":null,"tiered_pricing_quantity_step":"10","_links":{"self":[{"href":"https:\/\/volovape.com\/fr\/wp-json\/wp\/v2\/product\/639","targetHints":{"allow":["GET"]}}],"collection":[{"href":"https:\/\/volovape.com\/fr\/wp-json\/wp\/v2\/product"}],"about":[{"href":"https:\/\/volovape.com\/fr\/wp-json\/wp\/v2\/types\/product"}],"replies":[{"embeddable":true,"href":"https:\/\/volovape.com\/fr\/wp-json\/wp\/v2\/comments?post=639"}],"wp:featuredmedia":[{"embeddable":true,"href":"https:\/\/volovape.com\/fr\/wp-json\/wp\/v2\/media\/1009"}],"wp:attachment":[{"href":"https:\/\/volovape.com\/fr\/wp-json\/wp\/v2\/media?parent=639"}],"wp:term":[{"taxonomy":"product_brand","embeddable":true,"href":"https:\/\/volovape.com\/fr\/wp-json\/wp\/v2\/product_brand?post=639"},{"taxonomy":"product_cat","embeddable":true,"href":"https:\/\/volovape.com\/fr\/wp-json\/wp\/v2\/product_cat?post=639"},{"taxonomy":"product_tag","embeddable":true,"href":"https:\/\/volovape.com\/fr\/wp-json\/wp\/v2\/product_tag?post=639"}],"curies":[{"name":"wp","href":"https:\/\/api.w.org\/{rel}","templated":true}]}}