{"id":637,"date":"2024-11-21T03:31:25","date_gmt":"2024-11-21T03:31:25","guid":{"rendered":"https:\/\/volovape.com\/?post_type=product&#038;p=637"},"modified":"2025-10-10T06:57:22","modified_gmt":"2025-10-10T06:57:22","slug":"aivono-aim-magic-20000-bouffees","status":"publish","type":"product","link":"https:\/\/volovape.com\/fr\/product\/aivono-aim-magic-20000-puffs\/","title":{"rendered":"AIVONO AIM MAGIC 20000 bouff\u00e9es vape jetable - dual mesh, \u00e9cran LCD"},"content":{"rendered":"<p><strong>AIVONO AIM MAGIC 20000 bouff\u00e9es Dual Mesh LCD Vape jetable<\/strong> - Vivez l'exp\u00e9rience magique de la vape avec l'AIVONO AIM MAGIC 20000. Cette vape jetable haute performance d\u00e9livre jusqu'\u00e0 20 000 bouff\u00e9es, avec un r\u00e9servoir d'e-liquide de 26mL et une batterie rechargeable de 600mAh. La technologie avanc\u00e9e de la double bobine assure une vapeur riche et savoureuse, tandis que l'\u00e9cran LCD fournit des informations en temps r\u00e9el sur le niveau de la batterie et de l'e-liquide. Id\u00e9al pour l'usage personnel et les commandes en gros de vape jetable, cet appareil offre des taux de nicotine de 0%, 2%, 3%, ou 5% et une s\u00e9lection de 10 saveurs d\u00e9licieuses.<\/p>\n<h3><strong>AIVONO AIM MAGIC 20000 Puffs Caract\u00e9ristiques :<\/strong><\/h3>\n<ul>\n<li>Bouff\u00e9es : 20000 bouff\u00e9es<\/li>\n<li>Capacit\u00e9 E-liquide : 26mL<\/li>\n<li>Batterie : 600mAh (rechargeable)<\/li>\n<li>Chargement : Type-C<\/li>\n<li>Bobine : Double bobine en maille<\/li>\n<li>Affichage : LCD (niveaux de batterie et d'e-liquide)<\/li>\n<li>Points forts de la nicotine : 0%, 2%, 3%, 5%<\/li>\n<li>Options d'ar\u00f4mes : Glace aux myrtilles, glace aux fraises, glace \u00e0 la past\u00e8que, glace \u00e0 l'ananas et \u00e0 la noix de coco, glace \u00e0 l'ananas et \u00e0 la mangue, m\u00e9lange de baies, past\u00e8que \u00e0 la fraise, glace Blue Razz, glace \u00e0 la p\u00eache, cr\u00e8me glac\u00e9e \u00e0 la fraise.<\/li>\n<\/ul>\n<h4>FAQ<\/h4>\n<h5>Comment la technologie de la bobine \u00e0 double maille am\u00e9liore-t-elle l'exp\u00e9rience de vapotage ?<\/h5>\n<p>La conception de la bobine \u00e0 double maille offre une plus grande surface de chauffe, ce qui se traduit par une chauffe plus homog\u00e8ne et une production de vapeur et d'ar\u00f4mes nettement am\u00e9lior\u00e9e. Cela garantit une exp\u00e9rience de vapotage toujours douce et satisfaisante.<\/p>\n<h5>Quelles sont les m\u00e9thodes d'exp\u00e9dition utilis\u00e9es ?<\/h5>\n<p>Nous travaillons en partenariat avec des transporteurs fiables, notamment UPS, DHL, FedEx et DPD, afin d'offrir un service d'exp\u00e9dition efficace et fiable. La m\u00e9thode d'exp\u00e9dition la plus appropri\u00e9e est s\u00e9lectionn\u00e9e en fonction de votre lieu de livraison.<\/p>\n<h5>Quel est le d\u00e9lai de livraison habituel ?<\/h5>\n<p>Le d\u00e9lai de livraison est g\u00e9n\u00e9ralement de 7 \u00e0 15 jours ouvrables, mais il peut aller jusqu'\u00e0 20 jours ouvrables en cas de vacances ou de conditions m\u00e9t\u00e9orologiques d\u00e9favorables.<\/p>\n<h5>Devrai-je payer des frais de douane ou des taxes ?<\/h5>\n<p>Nous nous occupons de tous les d\u00e9douanements, ce qui vous garantit que vous n'aurez pas \u00e0 payer de taxes ou de frais suppl\u00e9mentaires. 100% de nos produits sont d\u00e9douan\u00e9s sans probl\u00e8me.<\/p>\n<h5>Mon achat est-il s\u00fbr et fiable ?<\/h5>\n<p>Nous offrons des transactions s\u00e9curis\u00e9es gr\u00e2ce \u00e0 la protection des acheteurs de PayPal. Vous pouvez \u00e9galement v\u00e9rifier notre fiabilit\u00e9 en consultant les avis des clients sur <a href=\"https:\/\/www.trustpilot.com\/review\/volovape.com?utm_medium=trustbox&amp;utm_source=TrustBoxReviewCollector\">TrustPilot<\/a>.<\/p>","protected":false},"excerpt":{"rendered":"<p>D\u00e9couvrez la magie du vapotage avec l'AIVONO AIM MAGIC 20000 Puffs. Double coils mesh, \u00e9cran LCD, 26ml, rechargeable. Id\u00e9al pour le plaisir personnel ou les commandes en gros.<\/p>","protected":false},"featured_media":980,"comment_status":"open","ping_status":"closed","template":"","meta":[],"product_brand":[],"product_cat":[67,42,21,18,39,20,23,24,22,25,26,27,28,29,30,31,32,33,34,35,44,36,40],"product_tag":[],"class_list":{"0":"post-637","1":"product","2":"type-product","3":"status-publish","4":"has-post-thumbnail","6":"product_cat-aivono","7":"product_cat-20000-puffs-disposable-vape","8":"product_cat-big-puffs-vapes","9":"product_cat-different-puffs-of-disposable-vapes","10":"product_cat-digital-box-vapes","11":"product_cat-disposable-vape-types","12":"product_cat-disposable-vapes-in-austria","13":"product_cat-disposable-vapes-in-belgium","14":"product_cat-disposable-vapes-in-europe","15":"product_cat-disposable-vapes-in-france","16":"product_cat-disposable-vapes-in-germany","17":"product_cat-disposable-vapes-in-hungary","18":"product_cat-disposable-vapes-in-ltaly","19":"product_cat-disposable-vapes-in-netherlands","20":"product_cat-disposable-vapes-in-norway","21":"product_cat-disposable-vapes-in-poland","22":"product_cat-disposable-vapes-in-portugal","23":"product_cat-disposable-vapes-in-spain","24":"product_cat-disposable-vapes-in-sweden","25":"product_cat-disposable-vapes-in-switzerland","26":"product_cat-dual-mesh-vapes","27":"product_cat-rechargeable-vapes","28":"product_cat-smart-screen-vapes","30":"first","31":"instock","32":"shipping-taxable","33":"purchasable","34":"product-type-variable","35":"has-default-attributes"},"jetpack_sharing_enabled":true,"tiered_pricing_type":"fixed","tiered_pricing_fixed_rules":{"30":7.160000000000000142108547152020037174224853515625,"50":6.6699999999999999289457264239899814128875732421875,"100":5.92999999999999971578290569595992565155029296875,"200":5.55999999999999960920149533194489777088165283203125,"400":5.05999999999999960920149533194489777088165283203125},"tiered_pricing_product_settings":{"layout":"default","base_unit_name":{"singular":null,"plural":null},"default_variation":null},"tiered_pricing_minimum_quantity":10,"tiered_pricing_roles_data":[],"tiered_pricing_percentage_rules":[],"tiered_pricing_maximum_quantity":null,"tiered_pricing_quantity_step":"10","_links":{"self":[{"href":"https:\/\/volovape.com\/fr\/wp-json\/wp\/v2\/product\/637","targetHints":{"allow":["GET"]}}],"collection":[{"href":"https:\/\/volovape.com\/fr\/wp-json\/wp\/v2\/product"}],"about":[{"href":"https:\/\/volovape.com\/fr\/wp-json\/wp\/v2\/types\/product"}],"replies":[{"embeddable":true,"href":"https:\/\/volovape.com\/fr\/wp-json\/wp\/v2\/comments?post=637"}],"wp:featuredmedia":[{"embeddable":true,"href":"https:\/\/volovape.com\/fr\/wp-json\/wp\/v2\/media\/980"}],"wp:attachment":[{"href":"https:\/\/volovape.com\/fr\/wp-json\/wp\/v2\/media?parent=637"}],"wp:term":[{"taxonomy":"product_brand","embeddable":true,"href":"https:\/\/volovape.com\/fr\/wp-json\/wp\/v2\/product_brand?post=637"},{"taxonomy":"product_cat","embeddable":true,"href":"https:\/\/volovape.com\/fr\/wp-json\/wp\/v2\/product_cat?post=637"},{"taxonomy":"product_tag","embeddable":true,"href":"https:\/\/volovape.com\/fr\/wp-json\/wp\/v2\/product_tag?post=637"}],"curies":[{"name":"wp","href":"https:\/\/api.w.org\/{rel}","templated":true}]}}