{"id":6250,"date":"2024-11-29T04:36:13","date_gmt":"2024-11-29T04:36:13","guid":{"rendered":"https:\/\/volovape.com\/?post_type=product&#038;p=6250"},"modified":"2025-08-07T08:19:53","modified_gmt":"2025-08-07T08:19:53","slug":"jnr-shisha-max-22000-22k-puffs","status":"publish","type":"product","link":"https:\/\/volovape.com\/fr\/product\/jnr-shisha-max-22000-22k-puffs\/","title":{"rendered":"JNR Shisha Max 22000 bouff\u00e9es Edition Narguil\u00e9 Vape jetable - Triple Mesh, Airflow ajustable"},"content":{"rendered":"<p><iframe title=\"VideoPress Lecteur vid\u00e9o\" aria-label='VideoPress Lecteur vid\u00e9o' width='421' height='750' src='https:\/\/videopress.com\/embed\/WoXrFsri?hd=0&amp;cover=1' frameborder='0' allowfullscreen allow='clipboard-write'><\/iframe><script src='https:\/\/v0.wordpress.com\/js\/next\/videopress-iframe.js?m=1739540970'><\/script><\/p>\n<p><strong>JNR Shisha Max 22000 bouff\u00e9es Vape jetable<\/strong> - Vivez une exp\u00e9rience de vaporisation inspir\u00e9e du narguil\u00e9 gr\u00e2ce \u00e0 la technologie Triple Mesh Coil.<\/p>\n<p>Le <strong>JNR Shisha Max 22000 bouff\u00e9es<\/strong> apporte l'exp\u00e9rience riche et savoureuse du narguil\u00e9 traditionnel dans un vaporisateur jetable moderne et pratique. Offrant un impressionnant <strong>22 000 bouff\u00e9es<\/strong> et une g\u00e9n\u00e9reuse <strong>Capacit\u00e9 de 29 ml d'e-liquide<\/strong>Cet appareil garantit une exp\u00e9rience durable et satisfaisante. Aliment\u00e9 par un robuste <strong>Batterie rechargeable 1100mAh<\/strong> avec <strong>Chargement de type C<\/strong>Il permet une utilisation prolong\u00e9e et des recharges rapides. L'innovation <strong>bobine \u00e0 triple maille<\/strong> d\u00e9livre une saveur intense et une vapeur dense, reproduisant la satisfaction profonde d'une s\u00e9ance de narguil\u00e9. Avec <strong>d\u00e9bit d'air r\u00e9glable<\/strong> et d'une <strong>batterie et affichage liquide<\/strong>Vous pouvez ainsi personnaliser et contr\u00f4ler votre exp\u00e9rience de vapotage. Disponible en <strong>15 saveurs uniques<\/strong>, le <strong>JNR Shisha Max 22000 bouff\u00e9es<\/strong> est parfait pour ceux qui recherchent une vape de qualit\u00e9 sup\u00e9rieure, inspir\u00e9e du narguil\u00e9, id\u00e9ale \u00e0 la fois pour le plaisir personnel et pour la consommation d'alcool. <strong>Vape jetable en gros<\/strong>.<\/p>\n<h3><strong>JNR Shisha Max 22000 bouff\u00e9es Caract\u00e9ristiques :<\/strong><\/h3>\n<ul>\n<li>Bouff\u00e9es : Jusqu'\u00e0 22 000<\/li>\n<li>Capacit\u00e9 E-liquide : 29ml<\/li>\n<li>Batterie : 1100mAh (rechargeable)<\/li>\n<li>Chargement : Type-C<\/li>\n<li>Bobine : Bobine Triple Mesh<\/li>\n<li>Flux d'air : R\u00e9glable<\/li>\n<li>Affichage : Batterie et \u00e9cran liquide<\/li>\n<li>Taux de Nicotine : 2%<\/li>\n<\/ul>\n<h4>FAQ<\/h4>\n<h5>Comment la bobine \u00e0 triple maille am\u00e9liore-t-elle l'exp\u00e9rience de vapotage ?<\/h5>\n<p>Le syst\u00e8me de bobine \u00e0 triple maille de la JNR Shisha Max 22000 Puffs est con\u00e7u pour maximiser la saveur et la production de vapeur. Il assure un chauffage uniforme et une plus grande surface de vaporisation de l'e-liquide, d\u00e9livrant une saveur riche et intense et une vapeur dense et douce, rappelant une session de narguil\u00e9 traditionnelle.<\/p>\n<h5>Puis-je vraiment obtenir 22 000 bouff\u00e9es avec un seul appareil ?<\/h5>\n<p>Oui ! La JNR Shisha Max 22000 Puffs est con\u00e7ue pour une utilisation prolong\u00e9e, offrant jusqu'\u00e0 22 000 bouff\u00e9es. Cette capacit\u00e9 \u00e9lev\u00e9e, associ\u00e9e \u00e0 un r\u00e9servoir d'e-liquide de 29 ml et \u00e0 une puissante batterie rechargeable de 1100 mAh, en fait un choix durable et fiable, parfait pour <strong>commande group\u00e9e<\/strong> besoins.<\/p>\n<h5>Qu'est-ce qui rend la batterie et l'affichage liquide si utiles ?<\/h5>\n<p>L'affichage int\u00e9gr\u00e9 de la batterie et du liquide fournit des informations en temps r\u00e9el sur le niveau de la batterie et la consommation d'e-liquide. Cette fonction vous permet de surveiller votre appareil et de ne jamais \u00eatre pris au d\u00e9pourvu, ce qui am\u00e9liore le confort et l'exp\u00e9rience de l'utilisateur.<\/p>\n<h5>Comment puis-je \u00eatre assur\u00e9 de la qualit\u00e9 du produit et de l'assistance \u00e0 la client\u00e8le ?<\/h5>\n<p>Nous acceptons les paiements par PayPal et le service de protection des acheteurs. Vous pouvez \u00e9galement consulter nos avis sur <a href=\"https:\/\/www.trustpilot.com\/review\/volovape.com?utm_medium=trustbox&amp;utm_source=TrustBoxReviewCollector\">TrustPilot<\/a>.<\/p>","protected":false},"excerpt":{"rendered":"<p>Savourez la JNR Shisha Max 22000 Puffs Vape jetable, un dispositif inspir\u00e9 du narguil\u00e9 avec 29ml d'e-liquide, une batterie 1100mAh, des coils triple mesh, 2% de nicotine. Vente en gros, 15 saveurs, chargeur Type-C.<\/p>","protected":false},"featured_media":6342,"comment_status":"open","ping_status":"closed","template":"","meta":[],"product_brand":[],"product_cat":[79,63,21,18,20,23,24,22,25,26,27,28,29,30,31,32,33,34,35,36,47,40],"product_tag":[],"class_list":{"0":"post-6250","1":"product","2":"type-product","3":"status-publish","4":"has-post-thumbnail","6":"product_cat-jnr","7":"product_cat-30000-puffs-disposable-vape","8":"product_cat-big-puffs-vapes","9":"product_cat-different-puffs-of-disposable-vapes","10":"product_cat-disposable-vape-types","11":"product_cat-disposable-vapes-in-austria","12":"product_cat-disposable-vapes-in-belgium","13":"product_cat-disposable-vapes-in-europe","14":"product_cat-disposable-vapes-in-france","15":"product_cat-disposable-vapes-in-germany","16":"product_cat-disposable-vapes-in-hungary","17":"product_cat-disposable-vapes-in-ltaly","18":"product_cat-disposable-vapes-in-netherlands","19":"product_cat-disposable-vapes-in-norway","20":"product_cat-disposable-vapes-in-poland","21":"product_cat-disposable-vapes-in-portugal","22":"product_cat-disposable-vapes-in-spain","23":"product_cat-disposable-vapes-in-sweden","24":"product_cat-disposable-vapes-in-switzerland","25":"product_cat-rechargeable-vapes","26":"product_cat-shisha-hookah-vapes","27":"product_cat-smart-screen-vapes","29":"first","30":"instock","31":"shipping-taxable","32":"purchasable","33":"product-type-variable","34":"has-default-attributes"},"jetpack_sharing_enabled":true,"tiered_pricing_type":"fixed","tiered_pricing_fixed_rules":{"2000":6.8499999999999996447286321199499070644378662109375},"tiered_pricing_product_settings":{"layout":"default","base_unit_name":{"singular":null,"plural":null},"default_variation":null},"tiered_pricing_minimum_quantity":1000,"tiered_pricing_roles_data":[],"tiered_pricing_percentage_rules":[],"tiered_pricing_maximum_quantity":null,"tiered_pricing_quantity_step":"10","_links":{"self":[{"href":"https:\/\/volovape.com\/fr\/wp-json\/wp\/v2\/product\/6250","targetHints":{"allow":["GET"]}}],"collection":[{"href":"https:\/\/volovape.com\/fr\/wp-json\/wp\/v2\/product"}],"about":[{"href":"https:\/\/volovape.com\/fr\/wp-json\/wp\/v2\/types\/product"}],"replies":[{"embeddable":true,"href":"https:\/\/volovape.com\/fr\/wp-json\/wp\/v2\/comments?post=6250"}],"wp:featuredmedia":[{"embeddable":true,"href":"https:\/\/volovape.com\/fr\/wp-json\/wp\/v2\/media\/6342"}],"wp:attachment":[{"href":"https:\/\/volovape.com\/fr\/wp-json\/wp\/v2\/media?parent=6250"}],"wp:term":[{"taxonomy":"product_brand","embeddable":true,"href":"https:\/\/volovape.com\/fr\/wp-json\/wp\/v2\/product_brand?post=6250"},{"taxonomy":"product_cat","embeddable":true,"href":"https:\/\/volovape.com\/fr\/wp-json\/wp\/v2\/product_cat?post=6250"},{"taxonomy":"product_tag","embeddable":true,"href":"https:\/\/volovape.com\/fr\/wp-json\/wp\/v2\/product_tag?post=6250"}],"curies":[{"name":"wp","href":"https:\/\/api.w.org\/{rel}","templated":true}]}}