{"id":6248,"date":"2024-11-29T04:36:13","date_gmt":"2024-11-29T04:36:13","guid":{"rendered":"https:\/\/volovape.com\/?post_type=product&#038;p=6248"},"modified":"2025-08-07T08:19:51","modified_gmt":"2025-08-07T08:19:51","slug":"jnr-phone-vape-30000-30k-puffs","status":"publish","type":"product","link":"https:\/\/volovape.com\/fr\/product\/jnr-phone-vape-30000-30k-puffs\/","title":{"rendered":"JNR Phone Vape 30000 Puffs - Vape jetable intelligente avec \u00e9cran tactile (Appels, Textes, Appareil photo)"},"content":{"rendered":"<p><iframe title=\"VideoPress Lecteur vid\u00e9o\" aria-label='VideoPress Lecteur vid\u00e9o' width='500' height='281' src='https:\/\/videopress.com\/embed\/tgY6TILp?hd=0&amp;cover=1' frameborder='0' allowfullscreen allow='clipboard-write'><\/iframe><script src='https:\/\/v0.wordpress.com\/js\/next\/videopress-iframe.js?m=1739540970'><\/script><\/p>\n<p><strong>JNR Phone Vape 30000 Puffs<\/strong> - Le premier vaporisateur intelligent jetable au monde avec \u00e9cran tactile.<\/p>\n<p>D\u00e9couvrez l'avenir du vapotage avec le <strong>JNR Phone Vape 30000 Puffs<\/strong>La vape est un appareil r\u00e9volutionnaire qui associe de mani\u00e8re transparente une technologie de vapotage de pointe \u00e0 la commodit\u00e9 d'un smartphone. Il ne s'agit pas d'un simple vaporisateur jetable, mais d'un compagnon intelligent offrant une vaporisation et une connectivit\u00e9 exceptionnelles. Choisissez entre le mode normal (jusqu'\u00e0 30 000 bouff\u00e9es) et le mode puls\u00e9 (jusqu'\u00e0 18 000 bouff\u00e9es) pour une exp\u00e9rience personnalis\u00e9e. Dot\u00e9 d'un \u00e9cran tactile convivial, de fonctions d'appel et de texte, d'un contr\u00f4le \u00e0 distance de la cam\u00e9ra et d'une fonction de recherche de t\u00e9l\u00e9phone, cet appareil vous permet de rester connect\u00e9 tout en offrant des performances sup\u00e9rieures. Avec une capacit\u00e9 de 19 ml d'e-liquide, une batterie rechargeable de 850 mAh et un flux d'air r\u00e9glable, le JNR Phone Vape est con\u00e7u pour \u00eatre \u00e0 la fois pratique et satisfaisant. Disponible en 10 saveurs d\u00e9licieuses, cet appareil est parfait pour le plaisir personnel et la satisfaction. <strong>Vape jetable en gros<\/strong>.<\/p>\n<h3><strong>JNR Phone Vape 30000 Puffs Caract\u00e9ristiques :<\/strong><\/h3>\n<ul>\n<li>Deux modes de vapotage : Mode r\u00e9gulier (jusqu'\u00e0 30 000 bouff\u00e9es) \/ Mode puls\u00e9 (jusqu'\u00e0 18 000 bouff\u00e9es)<\/li>\n<li>Capacit\u00e9 E-liquide : 19ml<\/li>\n<li>Batterie : 850mAh (rechargeable)<\/li>\n<li>Chargement : Type-C<\/li>\n<li>Taux de nicotine : 2% (20mg)<\/li>\n<li>Fonctionnement : Activ\u00e9 par tirage au sort<\/li>\n<li>\u00c9cran : \u00c9cran tactile<\/li>\n<li>Flux d'air : R\u00e9glable<\/li>\n<li>Fonctionnalit\u00e9s intelligentes : Appel, Texte, Cam\u00e9ra \u00e0 distance, Trouver le t\u00e9l\u00e9phone, Verrouillage priv\u00e9, Smooth App<\/li>\n<\/ul>\n<h4>FAQ<\/h4>\n<h5>Comment l'\u00e9cran tactile am\u00e9liore-t-il l'exp\u00e9rience de vapotage ?<\/h5>\n<p>Le JNR Phone Vape 30000 Puffs est dot\u00e9 d'un \u00e9cran tactile convivial qui permet un contr\u00f4le intuitif des fonctions intelligentes de l'appareil et des param\u00e8tres de vapotage. La navigation dans les fonctions d'appel, de texte, d'appareil photo \u00e0 distance et d'autres fonctions est simple et transparente, ce qui la diff\u00e9rencie des autres vapes jetables.<\/p>\n<h5>Quels sont les avantages d'un double mode de vapotage ?<\/h5>\n<p>Le JNR Phone Vape 30000 Puffs offre deux modes de vapotage : Mode r\u00e9gulier (jusqu'\u00e0 30 000 bouff\u00e9es) et Mode puls\u00e9 (jusqu'\u00e0 18 000 bouff\u00e9es). Cela vous permet de personnaliser votre exp\u00e9rience de vapotage en fonction de vos pr\u00e9f\u00e9rences, que vous privil\u00e9giez la long\u00e9vit\u00e9 ou l'am\u00e9lioration de la saveur et de la production de vapeur. Cette polyvalence le rend id\u00e9al pour <strong>commande group\u00e9e<\/strong> besoins.<\/p>\n<h5>Puis-je vraiment t\u00e9l\u00e9phoner et envoyer des textes avec cette vape ?<\/h5>\n<p>Oui ! Le JNR Phone Vape 30000 Puffs int\u00e8gre les fonctionnalit\u00e9s d'un smartphone, ce qui vous permet de passer et de recevoir des appels, d'envoyer et de recevoir des messages texte, de contr\u00f4ler l'appareil photo de votre t\u00e9l\u00e9phone \u00e0 distance et m\u00eame de localiser votre smartphone \u00e9gar\u00e9. Ces fonctionnalit\u00e9s, combin\u00e9es \u00e0 une interface d'application fluide, en font un appareil vraiment innovant.<\/p>\n<h5>Comment puis-je \u00eatre assur\u00e9 de la qualit\u00e9 du produit et de l'assistance \u00e0 la client\u00e8le ?<\/h5>\n<p>Nous acceptons les paiements par PayPal et le service de protection des acheteurs. Vous pouvez \u00e9galement consulter nos avis sur <a href=\"https:\/\/www.trustpilot.com\/review\/volovape.com?utm_medium=trustbox&amp;utm_source=TrustBoxReviewCollector\">TrustPilot<\/a>.<\/p>","protected":false},"excerpt":{"rendered":"<p>D\u00e9couvrez le JNR Phone Vape 30000 Puffs, le premier combo smartphone-vape. Comprend 19ml d'e-liquide, une batterie de 850mAh, un \u00e9cran tactile, des fonctions intelligentes, 2% de nicotine. Boutique en gros, 10 saveurs, chargeur Type-C.<\/p>","protected":false},"featured_media":6318,"comment_status":"open","ping_status":"closed","template":"","meta":[],"product_brand":[],"product_cat":[79,63,21,18,39,20,23,24,22,25,26,27,28,29,30,31,32,33,34,35,36,40],"product_tag":[],"class_list":{"0":"post-6248","1":"product","2":"type-product","3":"status-publish","4":"has-post-thumbnail","6":"product_cat-jnr","7":"product_cat-30000-puffs-disposable-vape","8":"product_cat-big-puffs-vapes","9":"product_cat-different-puffs-of-disposable-vapes","10":"product_cat-digital-box-vapes","11":"product_cat-disposable-vape-types","12":"product_cat-disposable-vapes-in-austria","13":"product_cat-disposable-vapes-in-belgium","14":"product_cat-disposable-vapes-in-europe","15":"product_cat-disposable-vapes-in-france","16":"product_cat-disposable-vapes-in-germany","17":"product_cat-disposable-vapes-in-hungary","18":"product_cat-disposable-vapes-in-ltaly","19":"product_cat-disposable-vapes-in-netherlands","20":"product_cat-disposable-vapes-in-norway","21":"product_cat-disposable-vapes-in-poland","22":"product_cat-disposable-vapes-in-portugal","23":"product_cat-disposable-vapes-in-spain","24":"product_cat-disposable-vapes-in-sweden","25":"product_cat-disposable-vapes-in-switzerland","26":"product_cat-rechargeable-vapes","27":"product_cat-smart-screen-vapes","29":"first","30":"instock","31":"shipping-taxable","32":"purchasable","33":"product-type-variable","34":"has-default-attributes"},"jetpack_sharing_enabled":true,"tiered_pricing_type":"fixed","tiered_pricing_fixed_rules":{"2000":12.589999999999999857891452847979962825775146484375},"tiered_pricing_product_settings":{"layout":"default","base_unit_name":{"singular":null,"plural":null},"default_variation":null},"tiered_pricing_minimum_quantity":1000,"tiered_pricing_roles_data":[],"tiered_pricing_percentage_rules":[],"tiered_pricing_maximum_quantity":null,"tiered_pricing_quantity_step":"10","_links":{"self":[{"href":"https:\/\/volovape.com\/fr\/wp-json\/wp\/v2\/product\/6248","targetHints":{"allow":["GET"]}}],"collection":[{"href":"https:\/\/volovape.com\/fr\/wp-json\/wp\/v2\/product"}],"about":[{"href":"https:\/\/volovape.com\/fr\/wp-json\/wp\/v2\/types\/product"}],"replies":[{"embeddable":true,"href":"https:\/\/volovape.com\/fr\/wp-json\/wp\/v2\/comments?post=6248"}],"wp:featuredmedia":[{"embeddable":true,"href":"https:\/\/volovape.com\/fr\/wp-json\/wp\/v2\/media\/6318"}],"wp:attachment":[{"href":"https:\/\/volovape.com\/fr\/wp-json\/wp\/v2\/media?parent=6248"}],"wp:term":[{"taxonomy":"product_brand","embeddable":true,"href":"https:\/\/volovape.com\/fr\/wp-json\/wp\/v2\/product_brand?post=6248"},{"taxonomy":"product_cat","embeddable":true,"href":"https:\/\/volovape.com\/fr\/wp-json\/wp\/v2\/product_cat?post=6248"},{"taxonomy":"product_tag","embeddable":true,"href":"https:\/\/volovape.com\/fr\/wp-json\/wp\/v2\/product_tag?post=6248"}],"curies":[{"name":"wp","href":"https:\/\/api.w.org\/{rel}","templated":true}]}}