{"id":6247,"date":"2024-11-29T04:36:13","date_gmt":"2024-11-29T04:36:13","guid":{"rendered":"https:\/\/volovape.com\/?post_type=product&#038;p=6247"},"modified":"2025-08-07T08:19:50","modified_gmt":"2025-08-07T08:19:50","slug":"jnr-media-max-40000-40k-puffs","status":"publish","type":"product","link":"https:\/\/volovape.com\/fr\/product\/jnr-media-max-40000-40k-puffs\/","title":{"rendered":"JNR Media Max 40000 Puffs Smart Vape jetable - Appels, Textes, Contr\u00f4le de la cam\u00e9ra"},"content":{"rendered":"<p><strong>JNR Media Max 40000 bouff\u00e9es<\/strong> - La Vape jetable intelligente avec des caract\u00e9ristiques in\u00e9gal\u00e9es.<\/p>\n<p>Le <strong>JNR Media Max 40000 bouff\u00e9es<\/strong> red\u00e9finit le vapotage jetable en int\u00e9grant des fonctionnalit\u00e9s similaires \u00e0 celles d'un smartphone dans un appareil de grande capacit\u00e9. Offrant une \u00e9tonnante <strong>40 000 bouff\u00e9es<\/strong> et un nombre substantiel de <strong>Capacit\u00e9 de 21 ml d'e-liquide<\/strong>Cette vape est con\u00e7ue pour un plaisir prolong\u00e9. Aliment\u00e9 par un robuste <strong>Batterie rechargeable de 1000mAh<\/strong> avec <strong>Chargement de type C<\/strong>Il garantit des performances fiables. La technologie de pointe <strong>technologie de la bobine \u00e0 double maille<\/strong> offre une saveur et une production de vapeur exceptionnelles. Des fonctions intelligentes uniques, telles que la possibilit\u00e9 de t\u00e9l\u00e9phoner et d'envoyer des SMS, le contr\u00f4le \u00e0 distance de l'appareil photo et une fonction de recherche de t\u00e9l\u00e9phone\/vapeur, toutes accessibles par le biais d'un bouton surdimensionn\u00e9. <strong>\u00c9cran HD de 2,4 pouces<\/strong>Le syst\u00e8me d'alarme de l'appareil se distingue des autres. Disponible en <strong>10 saveurs d\u00e9licieuses<\/strong>, le <strong>JNR Media Max 40000 bouff\u00e9es<\/strong> est parfait pour les utilisateurs \u00e0 la recherche d'une exp\u00e9rience de vapotage multifonctionnelle et performante, id\u00e9ale \u00e0 la fois pour un usage personnel et pour une utilisation \u00e0 l'ext\u00e9rieur. <strong>Vape jetable en gros<\/strong>.<\/p>\n<h3><strong>JNR Media Max 40000 Puffs Caract\u00e9ristiques :<\/strong><\/h3>\n<ul>\n<li>Fonctions intelligentes : Appel, texte, cam\u00e9ra \u00e0 distance, recherche de t\u00e9l\u00e9phone\/vapeur<\/li>\n<li>Bouff\u00e9es : Jusqu'\u00e0 40 000 bouff\u00e9es<\/li>\n<li>Capacit\u00e9 E-liquide : 21ml<\/li>\n<li>Batterie : 1000mAh (rechargeable)<\/li>\n<li>Chargement : Type-C<\/li>\n<li>Bobine : Bobine Dual Mesh<\/li>\n<li>Flux d'air : R\u00e9glable<\/li>\n<li>Ecran : 2.4\u2033 Ecran HD<\/li>\n<li>Taux de Nicotine : 5%<\/li>\n<\/ul>\n<h4>FAQ<\/h4>\n<h5>Comment les fonctions intelligentes am\u00e9liorent-elles mon exp\u00e9rience de vapotage ?<\/h5>\n<p>Le JNR Media Max 40000 Puffs va au-del\u00e0 du vapotage classique en offrant des fonctions intelligentes int\u00e9gr\u00e9es telles que la possibilit\u00e9 de passer des appels, d'envoyer des textes et de contr\u00f4ler \u00e0 distance l'appareil photo de votre t\u00e9l\u00e9phone. Cela transforme votre vape en un gadget multifonctionnel, ajoutant de la commodit\u00e9 \u00e0 votre vie quotidienne. La fonction \"retrouver le t\u00e9l\u00e9phone\/la vape\" est particuli\u00e8rement pratique pour \u00e9viter de l'\u00e9garer.<\/p>\n<h5>Peut-on vraiment obtenir 40 000 bouff\u00e9es avec un seul appareil ?<\/h5>\n<p>Oui ! La JNR Media Max 40000 Puffs est con\u00e7ue pour durer, offrant jusqu'\u00e0 40 000 bouff\u00e9es. Cette capacit\u00e9 \u00e9lev\u00e9e, combin\u00e9e \u00e0 un r\u00e9servoir d'e-liquide de 21 ml et \u00e0 une puissante batterie rechargeable de 1000 mAh, garantit une utilisation prolong\u00e9e, ce qui en fait un excellent choix pour <strong>commande group\u00e9e<\/strong> besoins.<\/p>\n<h5>Qu'est-ce qui rend l'\u00e9cran HD de 2,4 pouces si unique ?<\/h5>\n<p>L'\u00e9cran HD surdimensionn\u00e9 de 2,4 pouces permet de naviguer facilement dans les fonctions intelligentes et fournit des informations claires sur les param\u00e8tres de vapotage, le nombre de bouff\u00e9es et la dur\u00e9e de vie de la batterie. Cette interface conviviale fait du JNR Media Max 40000 Puffs un produit phare sur le march\u00e9 de la vape jetable.<\/p>\n<h5>Comment puis-je \u00eatre certain de la qualit\u00e9 du produit et de l'assistance \u00e0 la client\u00e8le ?<\/h5>\n<p>Nous acceptons les paiements par PayPal et le service de protection des acheteurs. Vous pouvez \u00e9galement consulter nos avis sur <a href=\"https:\/\/www.trustpilot.com\/review\/volovape.com?utm_medium=trustbox&amp;utm_source=TrustBoxReviewCollector\">TrustPilot<\/a>.<\/p>","protected":false},"excerpt":{"rendered":"<p>Transformez le vapotage avec la JNR Media Max 40000 Puffs Smart Vape. Profitez de 21ml d'e-liquide, d'une batterie de 1000mAh, d'un \u00e9cran HD de 2,4\u2033, de fonctionnalit\u00e9s intelligentes, de 5% de nicotine et de 10 saveurs. Chargement de type C.<\/p>","protected":false},"featured_media":6306,"comment_status":"open","ping_status":"closed","template":"","meta":[],"product_brand":[],"product_cat":[79,74,21,18,39,20,23,24,22,25,26,27,28,29,30,31,32,33,34,35,36,40],"product_tag":[],"class_list":{"0":"post-6247","1":"product","2":"type-product","3":"status-publish","4":"has-post-thumbnail","6":"product_cat-jnr","7":"product_cat-40000-puffs-disposable-vape","8":"product_cat-big-puffs-vapes","9":"product_cat-different-puffs-of-disposable-vapes","10":"product_cat-digital-box-vapes","11":"product_cat-disposable-vape-types","12":"product_cat-disposable-vapes-in-austria","13":"product_cat-disposable-vapes-in-belgium","14":"product_cat-disposable-vapes-in-europe","15":"product_cat-disposable-vapes-in-france","16":"product_cat-disposable-vapes-in-germany","17":"product_cat-disposable-vapes-in-hungary","18":"product_cat-disposable-vapes-in-ltaly","19":"product_cat-disposable-vapes-in-netherlands","20":"product_cat-disposable-vapes-in-norway","21":"product_cat-disposable-vapes-in-poland","22":"product_cat-disposable-vapes-in-portugal","23":"product_cat-disposable-vapes-in-spain","24":"product_cat-disposable-vapes-in-sweden","25":"product_cat-disposable-vapes-in-switzerland","26":"product_cat-rechargeable-vapes","27":"product_cat-smart-screen-vapes","29":"first","30":"instock","31":"shipping-taxable","32":"purchasable","33":"product-type-variable","34":"has-default-attributes"},"jetpack_sharing_enabled":true,"tiered_pricing_type":"fixed","tiered_pricing_fixed_rules":{"2000":10.25},"tiered_pricing_product_settings":{"layout":"default","base_unit_name":{"singular":null,"plural":null},"default_variation":null},"tiered_pricing_minimum_quantity":1000,"tiered_pricing_roles_data":[],"tiered_pricing_percentage_rules":[],"tiered_pricing_maximum_quantity":null,"tiered_pricing_quantity_step":"10","_links":{"self":[{"href":"https:\/\/volovape.com\/fr\/wp-json\/wp\/v2\/product\/6247","targetHints":{"allow":["GET"]}}],"collection":[{"href":"https:\/\/volovape.com\/fr\/wp-json\/wp\/v2\/product"}],"about":[{"href":"https:\/\/volovape.com\/fr\/wp-json\/wp\/v2\/types\/product"}],"replies":[{"embeddable":true,"href":"https:\/\/volovape.com\/fr\/wp-json\/wp\/v2\/comments?post=6247"}],"wp:featuredmedia":[{"embeddable":true,"href":"https:\/\/volovape.com\/fr\/wp-json\/wp\/v2\/media\/6306"}],"wp:attachment":[{"href":"https:\/\/volovape.com\/fr\/wp-json\/wp\/v2\/media?parent=6247"}],"wp:term":[{"taxonomy":"product_brand","embeddable":true,"href":"https:\/\/volovape.com\/fr\/wp-json\/wp\/v2\/product_brand?post=6247"},{"taxonomy":"product_cat","embeddable":true,"href":"https:\/\/volovape.com\/fr\/wp-json\/wp\/v2\/product_cat?post=6247"},{"taxonomy":"product_tag","embeddable":true,"href":"https:\/\/volovape.com\/fr\/wp-json\/wp\/v2\/product_tag?post=6247"}],"curies":[{"name":"wp","href":"https:\/\/api.w.org\/{rel}","templated":true}]}}