{"id":6246,"date":"2024-11-29T04:36:13","date_gmt":"2024-11-29T04:36:13","guid":{"rendered":"https:\/\/volovape.com\/?post_type=product&#038;p=6246"},"modified":"2025-11-11T04:40:40","modified_gmt":"2025-11-11T04:40:40","slug":"jnr-falcon-x-18000-18k-puffs","status":"publish","type":"product","link":"https:\/\/volovape.com\/fr\/product\/jnr-falcon-x-18000-18k-puffs\/","title":{"rendered":"JNR FALCON X 18000 bouff\u00e9es vape jetable - dual mesh, airflow r\u00e9glable, affichage digital"},"content":{"rendered":"<p><iframe title=\"VideoPress Lecteur vid\u00e9o\" aria-label='VideoPress Lecteur vid\u00e9o' width='421' height='750' src='https:\/\/videopress.com\/embed\/l1yxRMAO?hd=0&amp;cover=1' frameborder='0' allowfullscreen allow='clipboard-write'><\/iframe><script src='https:\/\/v0.wordpress.com\/js\/next\/videopress-iframe.js?m=1739540970'><\/script><\/p>\n<p><strong>JNR FALCON X 18000 bouff\u00e9es Vape jetable<\/strong> - Vaping de niveau sup\u00e9rieur gr\u00e2ce \u00e0 l'innovation Dual Core.<\/p>\n<p>D\u00e9couvrez la technologie de pointe <strong>JNR FALCON X 18000<\/strong>La technologie Dual Core avanc\u00e9e garantit des performances in\u00e9gal\u00e9es. Avec un \u00e9norme <strong>18 000 bouff\u00e9es<\/strong> capacit\u00e9 et <strong>R\u00e9servoir d'e-liquide de 24mL<\/strong>Cet appareil offre un plaisir prolong\u00e9. L'appareil <strong>Batterie rechargeable de 950mAh<\/strong> et <strong>Chargement de type C<\/strong> garantissent une alimentation fiable et des recharges rapides. Les <strong>Bobines \u00e0 double maille de 0,6\u03a9<\/strong>Combin\u00e9 \u00e0 la technologie dual core, il produit des saveurs riches et une vapeur dense. Personnalisez votre exp\u00e9rience avec <strong>d\u00e9bit d'air r\u00e9glable<\/strong> et surveillez votre utilisation gr\u00e2ce \u00e0 l'outil <strong>affichage num\u00e9rique LED<\/strong> indiquant le nombre de bouff\u00e9es, le niveau de la batterie et de l'e-liquide. Disponible en <strong>29 saveurs uniques<\/strong>Le FALCON X est parfait pour l'usage personnel et l'usage professionnel. <strong>Vape jetable en gros<\/strong>La qualit\u00e9 de l'exp\u00e9rience de vapotage est un atout majeur pour tous les utilisateurs. <strong>commande group\u00e9e<\/strong>.<\/p>\n<h3><strong>JNR FALCON X 18000 Caract\u00e9ristiques :<\/strong><\/h3>\n<ul>\n<li>Bouff\u00e9es : Jusqu'\u00e0 18 000<\/li>\n<li>Capacit\u00e9 E-liquide : 24mL<\/li>\n<li>Batterie : 950mAh (rechargeable)<\/li>\n<li>Chargement : Type-C<\/li>\n<li>Bobine : 0.6\u03a9 Dual Mesh Coil &amp; Dual Core<\/li>\n<li>Flux d'air : R\u00e9glable<\/li>\n<li>Affichage : LED num\u00e9rique (nombre de bouff\u00e9es, batterie, niveau d'e-liquide)<\/li>\n<li>Taux de Nicotine : 2%<\/li>\n<\/ul>\n<h4>FAQ<\/h4>\n<h5>Comment la technologie dual core am\u00e9liore-t-elle mon exp\u00e9rience de vapotage ?<\/h5>\n<p>Le syst\u00e8me \u00e0 double c\u0153ur de la JNR FALCON X 18000 assure une chauffe uniforme et une production d'ar\u00f4mes am\u00e9lior\u00e9e, offrant une vape plus riche et plus coh\u00e9rente \u00e0 chaque bouff\u00e9e. Il maximise la densit\u00e9 de la vapeur et l'intensit\u00e9 des saveurs, ce qui le distingue des vapes jetables standard.<\/p>\n<h5>Puis-je vraiment contr\u00f4ler le niveau de mon e-liquide sur l'\u00e9cran num\u00e9rique ?<\/h5>\n<p>Oui ! Le JNR FALCON X 18000 est \u00e9quip\u00e9 d'un \u00e9cran digital LED qui fournit des mises \u00e0 jour en temps r\u00e9el sur les niveaux d'e-liquide, le nombre de bouff\u00e9es et la dur\u00e9e de vie de la batterie. Cela vous permet de g\u00e9rer efficacement votre exp\u00e9rience de vapotage et vous assure de ne jamais \u00eatre pris au d\u00e9pourvu.<\/p>\n<h5>Qu'est-ce qui rend les 29 saveurs propos\u00e9es si uniques ?<\/h5>\n<p>Chacun des 29 ar\u00f4mes du JNR FALCON X 18000 est soigneusement con\u00e7u pour offrir un go\u00fbt distinct et satisfaisant. Des m\u00e9langes de fruits classiques aux m\u00e9langes innovants comme Cherry Cola et Watermelon Lychee, il y a une saveur pour chaque palais. Id\u00e9al pour <strong>commande group\u00e9e<\/strong> Chaque ar\u00f4me est con\u00e7u pour un plaisir constant.<\/p>\n<h5>Comment puis-je \u00eatre assur\u00e9 de la qualit\u00e9 et de la fiabilit\u00e9 du produit ?<\/h5>\n<p>Nous acceptons les paiements par PayPal et le service de protection des acheteurs. Vous pouvez \u00e9galement consulter nos avis sur <a href=\"https:\/\/www.trustpilot.com\/review\/volovape.com?utm_medium=trustbox&amp;utm_source=TrustBoxReviewCollector\">TrustPilot<\/a>.<\/p>","protected":false},"excerpt":{"rendered":"<p>Lib\u00e9rez l'excellence du vapotage avec la JNR Falcon X 18000 Puffs Vape. Comprend 24ml d'e-liquide, une batterie de 950mAh, des coils \u00e0 double mesh, un \u00e9cran LED, 2% de nicotine, et 29 saveurs. Chargement de type C.<\/p>","protected":false},"featured_media":6280,"comment_status":"open","ping_status":"closed","template":"","meta":[],"product_brand":[],"product_cat":[79,50,21,43,18,39,20,23,24,22,25,26,27,28,29,30,31,32,33,34,35,44,36,40],"product_tag":[],"class_list":{"0":"post-6246","1":"product","2":"type-product","3":"status-publish","4":"has-post-thumbnail","6":"product_cat-jnr","7":"product_cat-18000-puffs-disposable-vape","8":"product_cat-big-puffs-vapes","9":"product_cat-crystal-vapes","10":"product_cat-different-puffs-of-disposable-vapes","11":"product_cat-digital-box-vapes","12":"product_cat-disposable-vape-types","13":"product_cat-disposable-vapes-in-austria","14":"product_cat-disposable-vapes-in-belgium","15":"product_cat-disposable-vapes-in-europe","16":"product_cat-disposable-vapes-in-france","17":"product_cat-disposable-vapes-in-germany","18":"product_cat-disposable-vapes-in-hungary","19":"product_cat-disposable-vapes-in-ltaly","20":"product_cat-disposable-vapes-in-netherlands","21":"product_cat-disposable-vapes-in-norway","22":"product_cat-disposable-vapes-in-poland","23":"product_cat-disposable-vapes-in-portugal","24":"product_cat-disposable-vapes-in-spain","25":"product_cat-disposable-vapes-in-sweden","26":"product_cat-disposable-vapes-in-switzerland","27":"product_cat-dual-mesh-vapes","28":"product_cat-rechargeable-vapes","29":"product_cat-smart-screen-vapes","31":"first","32":"instock","33":"shipping-taxable","34":"purchasable","35":"product-type-variable","36":"has-default-attributes"},"jetpack_sharing_enabled":true,"tiered_pricing_type":"fixed","tiered_pricing_fixed_rules":{"30":8.17999999999999971578290569595992565155029296875,"50":7.78000000000000024868995751603506505489349365234375,"100":7.04000000000000003552713678800500929355621337890625,"200":6.6699999999999999289457264239899814128875732421875,"400":6.11000000000000031974423109204508364200592041015625},"tiered_pricing_product_settings":{"layout":"default","base_unit_name":{"singular":null,"plural":null},"default_variation":null},"tiered_pricing_minimum_quantity":null,"tiered_pricing_roles_data":[],"tiered_pricing_percentage_rules":[],"tiered_pricing_maximum_quantity":"10","tiered_pricing_quantity_step":"10","_links":{"self":[{"href":"https:\/\/volovape.com\/fr\/wp-json\/wp\/v2\/product\/6246","targetHints":{"allow":["GET"]}}],"collection":[{"href":"https:\/\/volovape.com\/fr\/wp-json\/wp\/v2\/product"}],"about":[{"href":"https:\/\/volovape.com\/fr\/wp-json\/wp\/v2\/types\/product"}],"replies":[{"embeddable":true,"href":"https:\/\/volovape.com\/fr\/wp-json\/wp\/v2\/comments?post=6246"}],"wp:featuredmedia":[{"embeddable":true,"href":"https:\/\/volovape.com\/fr\/wp-json\/wp\/v2\/media\/6280"}],"wp:attachment":[{"href":"https:\/\/volovape.com\/fr\/wp-json\/wp\/v2\/media?parent=6246"}],"wp:term":[{"taxonomy":"product_brand","embeddable":true,"href":"https:\/\/volovape.com\/fr\/wp-json\/wp\/v2\/product_brand?post=6246"},{"taxonomy":"product_cat","embeddable":true,"href":"https:\/\/volovape.com\/fr\/wp-json\/wp\/v2\/product_cat?post=6246"},{"taxonomy":"product_tag","embeddable":true,"href":"https:\/\/volovape.com\/fr\/wp-json\/wp\/v2\/product_tag?post=6246"}],"curies":[{"name":"wp","href":"https:\/\/api.w.org\/{rel}","templated":true}]}}