{"id":6245,"date":"2024-11-29T04:36:13","date_gmt":"2024-11-29T04:36:13","guid":{"rendered":"https:\/\/volovape.com\/?post_type=product&#038;p=6245"},"modified":"2025-11-04T06:54:05","modified_gmt":"2025-11-04T06:54:05","slug":"jnr-falon-16000-16k-puffs","status":"publish","type":"product","link":"https:\/\/volovape.com\/fr\/product\/jnr-falon-16000-16k-puffs\/","title":{"rendered":"JNR Falcon 16000 Puffs Vape jetable - Dual Mesh, Airflow ajustable, Crystal Design"},"content":{"rendered":"<p><iframe title=\"VideoPress Lecteur vid\u00e9o\" aria-label='VideoPress Lecteur vid\u00e9o' width='500' height='281' src='https:\/\/videopress.com\/embed\/IW3jjut3?hd=0&amp;cover=1' frameborder='0' allowfullscreen allow='clipboard-write'><\/iframe><script src='https:\/\/v0.wordpress.com\/js\/next\/videopress-iframe.js?m=1739540970'><\/script><\/p>\n<p><strong>JNR Falcon 16000 Puffs Original Edition Vape jetable<\/strong> - Faites l'exp\u00e9rience d'un style et d'une performance in\u00e9gal\u00e9s.<\/p>\n<p>Le <strong>JNR Falcon 16000 Puffs<\/strong> \u00e9tablit une nouvelle norme pour les vapes jetables, en combinant un design sophistiqu\u00e9 en cristal avec des performances exceptionnelles. Appr\u00e9ciez jusqu'\u00e0 <strong>16 000 bouff\u00e9es<\/strong> d'un g\u00e9n\u00e9reux <strong>Capacit\u00e9 de 22mL d'e-liquide<\/strong>Le syst\u00e8me d'alimentation en eau potable de l'h\u00f4pital est tr\u00e8s performant, ce qui garantit une exp\u00e9rience durable et satisfaisante. La technologie de pointe <strong>1\u03a9 dual mesh coil<\/strong> offre une saveur riche et homog\u00e8ne, tandis que le <strong>d\u00e9bit d'air r\u00e9glable<\/strong> permet un tirage au sort personnalis\u00e9. Avec <strong>28 options de saveurs<\/strong> et un <strong>2% taux de nicotine<\/strong>Cet appareil r\u00e9pond \u00e0 diverses pr\u00e9f\u00e9rences. Dot\u00e9 d'un <strong>Batterie rechargeable de 850mAh<\/strong> avec <strong>Chargement rapide de type C<\/strong>Le Falcon 16000 offre fiabilit\u00e9 et commodit\u00e9. Id\u00e9al pour le plaisir personnel ou <strong>Vape jetable en gros<\/strong>, explorez notre <strong>commande group\u00e9e<\/strong> pour r\u00e9aliser des \u00e9conomies substantielles.<\/p>\n<h3><strong>JNR Falcon 16000 Puffs Caract\u00e9ristiques :<\/strong><\/h3>\n<ul>\n<li>Nicotine : 2%<\/li>\n<li>Puffs : 16000<\/li>\n<li>Capacit\u00e9 E-liquide : 22mL<\/li>\n<li>Batterie : 850mAh (rechargeable)<\/li>\n<li>Coil : 1\u03a9 Dual Mesh Coil<\/li>\n<li>Design : Crystal Craft Exterior<\/li>\n<li>Flux d'air : R\u00e9glable<\/li>\n<li>Saveurs : 28 options<\/li>\n<li>Chargement : Type-C<\/li>\n<\/ul>\n<h4>FAQ<\/h4>\n<h5>Comment le flux d'air r\u00e9glable am\u00e9liore-t-il mon exp\u00e9rience de vapotage ?<\/h5>\n<p>La fonction de d\u00e9bit d'air r\u00e9glable vous permet de personnaliser la r\u00e9sistance \u00e0 l'aspiration, ce qui vous permet de passer d'une saveur concentr\u00e9e et serr\u00e9e \u00e0 une production de vapeur plus l\u00e2che et a\u00e9r\u00e9e, en adaptant la vape \u00e0 vos pr\u00e9f\u00e9rences.<\/p>\n<h5>Quelles sont les m\u00e9thodes d'exp\u00e9dition utilis\u00e9es ?<\/h5>\n<p>Nous travaillons avec des transporteurs de confiance tels que UPS, DHL, FedEx et DPD afin de proposer l'option d'exp\u00e9dition la plus efficace en fonction de votre localisation, garantissant ainsi une livraison rapide et fiable.<\/p>\n<h5>Quel est le d\u00e9lai de livraison de ma commande ?<\/h5>\n<p>Le d\u00e9lai de livraison est g\u00e9n\u00e9ralement de 7 \u00e0 15 jours ouvrables. Toutefois, il faut compter jusqu'\u00e0 20 jours ouvrables pendant les vacances ou en cas de conditions m\u00e9t\u00e9orologiques d\u00e9favorables.<\/p>\n<h5>Aurai-je des probl\u00e8mes avec les douanes ou les taxes ?<\/h5>\n<p>Nous nous chargeons de toutes les proc\u00e9dures de d\u00e9douanement, garantissant ainsi qu'il n'y aura pas de taxes ou de frais suppl\u00e9mentaires. Nous assurons le d\u00e9douanement 100% de tous nos produits.<\/p>\n<h5>Mon achat est-il prot\u00e9g\u00e9 ?<\/h5>\n<p>Oui, nous offrons des options de paiement s\u00e9curis\u00e9es, y compris PayPal avec protection de l'acheteur. Vous pouvez \u00e9galement v\u00e9rifier notre cr\u00e9dibilit\u00e9 en consultant les avis de nos clients sur <a href=\"https:\/\/www.trustpilot.com\/review\/volovape.com?utm_medium=trustbox&amp;utm_source=TrustBoxReviewCollector\">TrustPilot<\/a>.<\/p>","protected":false},"excerpt":{"rendered":"<p>D\u00e9couvrez la JNR Falcon 16000 Puffs Vape jetable avec 22ml d'e-liquide, batterie 850mAh, dual mesh coils, airflow r\u00e9glable, et 2% nicotine. Design cristal \u00e9pur\u00e9, 28 saveurs, charge de type C.<\/p>","protected":false},"featured_media":6263,"comment_status":"open","ping_status":"closed","template":"","meta":[],"product_brand":[],"product_cat":[79,51,21,43,18,39,20,23,24,22,25,26,27,28,29,30,31,32,33,34,35,44,36,40],"product_tag":[],"class_list":{"0":"post-6245","1":"product","2":"type-product","3":"status-publish","4":"has-post-thumbnail","6":"product_cat-jnr","7":"product_cat-16000-puffs-disposable-vape","8":"product_cat-big-puffs-vapes","9":"product_cat-crystal-vapes","10":"product_cat-different-puffs-of-disposable-vapes","11":"product_cat-digital-box-vapes","12":"product_cat-disposable-vape-types","13":"product_cat-disposable-vapes-in-austria","14":"product_cat-disposable-vapes-in-belgium","15":"product_cat-disposable-vapes-in-europe","16":"product_cat-disposable-vapes-in-france","17":"product_cat-disposable-vapes-in-germany","18":"product_cat-disposable-vapes-in-hungary","19":"product_cat-disposable-vapes-in-ltaly","20":"product_cat-disposable-vapes-in-netherlands","21":"product_cat-disposable-vapes-in-norway","22":"product_cat-disposable-vapes-in-poland","23":"product_cat-disposable-vapes-in-portugal","24":"product_cat-disposable-vapes-in-spain","25":"product_cat-disposable-vapes-in-sweden","26":"product_cat-disposable-vapes-in-switzerland","27":"product_cat-dual-mesh-vapes","28":"product_cat-rechargeable-vapes","29":"product_cat-smart-screen-vapes","31":"first","32":"instock","33":"shipping-taxable","34":"purchasable","35":"product-type-variable","36":"has-default-attributes"},"jetpack_sharing_enabled":true,"tiered_pricing_type":"fixed","tiered_pricing_fixed_rules":{"30":8,"50":7.589999999999999857891452847979962825775146484375,"100":6.8499999999999996447286321199499070644378662109375,"200":6.480000000000000426325641456060111522674560546875,"400":5.92999999999999971578290569595992565155029296875},"tiered_pricing_product_settings":{"layout":"default","base_unit_name":{"singular":null,"plural":null},"default_variation":null},"tiered_pricing_minimum_quantity":10,"tiered_pricing_roles_data":[],"tiered_pricing_percentage_rules":[],"tiered_pricing_maximum_quantity":null,"tiered_pricing_quantity_step":"10","_links":{"self":[{"href":"https:\/\/volovape.com\/fr\/wp-json\/wp\/v2\/product\/6245","targetHints":{"allow":["GET"]}}],"collection":[{"href":"https:\/\/volovape.com\/fr\/wp-json\/wp\/v2\/product"}],"about":[{"href":"https:\/\/volovape.com\/fr\/wp-json\/wp\/v2\/types\/product"}],"replies":[{"embeddable":true,"href":"https:\/\/volovape.com\/fr\/wp-json\/wp\/v2\/comments?post=6245"}],"wp:featuredmedia":[{"embeddable":true,"href":"https:\/\/volovape.com\/fr\/wp-json\/wp\/v2\/media\/6263"}],"wp:attachment":[{"href":"https:\/\/volovape.com\/fr\/wp-json\/wp\/v2\/media?parent=6245"}],"wp:term":[{"taxonomy":"product_brand","embeddable":true,"href":"https:\/\/volovape.com\/fr\/wp-json\/wp\/v2\/product_brand?post=6245"},{"taxonomy":"product_cat","embeddable":true,"href":"https:\/\/volovape.com\/fr\/wp-json\/wp\/v2\/product_cat?post=6245"},{"taxonomy":"product_tag","embeddable":true,"href":"https:\/\/volovape.com\/fr\/wp-json\/wp\/v2\/product_tag?post=6245"}],"curies":[{"name":"wp","href":"https:\/\/api.w.org\/{rel}","templated":true}]}}