{"id":600,"date":"2024-11-21T03:31:02","date_gmt":"2024-11-21T03:31:02","guid":{"rendered":"https:\/\/volovape.com\/?post_type=product&#038;p=600"},"modified":"2025-08-20T02:44:43","modified_gmt":"2025-08-20T02:44:43","slug":"aivono-boom-patriot-edition-25000-bouffees","status":"publish","type":"product","link":"https:\/\/volovape.com\/fr\/product\/aivono-boom-patriot-edition-25000-puffs\/","title":{"rendered":"AIVONO Boom Patriot Edition 25000 bouff\u00e9es vape jetable - dual mesh avec \u00e9cran LCD"},"content":{"rendered":"<p><strong>AIVONO BOOM PATRIOT EDITION 25000 bouff\u00e9es Dual Mesh LCD Vape jetable<\/strong> - Montrez votre esprit patriotique avec l'AIVONO BOOM PATRIOT EDITION, qui offre une capacit\u00e9 exceptionnelle de 25 000 bouff\u00e9es. Cette vape jetable de grande capacit\u00e9 dispose d'un r\u00e9servoir d'e-liquide de 28 ml, d'une batterie rechargeable de 650 mAh et d'une technologie avanc\u00e9e de bobine \u00e0 double maille pour une vapeur toujours riche et savoureuse. L'\u00e9cran LCD int\u00e9gr\u00e9 fournit des informations en temps r\u00e9el sur la batterie et le nombre de bouff\u00e9es. Id\u00e9al pour l'usage personnel et les commandes en gros de vape jetable, cet appareil offre des taux de nicotine de 0%, 2%, 3%, ou 5% et une s\u00e9lection de 8 saveurs d\u00e9licieuses.<\/p>\n<h3><strong>AIVONO BOOM PATRIOT EDITION 25000 Puffs Caract\u00e9ristiques :<\/strong><\/h3>\n<ul>\n<li>Bouff\u00e9es : 25000 bouff\u00e9es<\/li>\n<li>Capacit\u00e9 E-liquide : 28mL<\/li>\n<li>Batterie : 650mAh (rechargeable)<\/li>\n<li>Chargement : Type-C<\/li>\n<li>Bobine : Double bobine en maille<\/li>\n<li>Affichage : Affichage LCD (batterie et nombre de bouff\u00e9es)<\/li>\n<li>Points forts de la nicotine : 0%, 2%, 3%, 5%<\/li>\n<li>Options d'ar\u00f4mes : Past\u00e8que cerise glac\u00e9e, framboise p\u00eache citron vert, past\u00e8que glac\u00e9e, melon citron, Blue Razz Ice, mangue ananas acide, pomme verte raisin, menthe de Miami.<\/li>\n<\/ul>\n<h4>FAQ<\/h4>\n<h5>Comment la technologie de la bobine \u00e0 double maille am\u00e9liore-t-elle l'exp\u00e9rience de vapotage ?<\/h5>\n<p>La conception de la bobine \u00e0 double maille offre une plus grande surface de chauffe, ce qui se traduit par une chauffe plus homog\u00e8ne et une production de saveur et de vapeur nettement am\u00e9lior\u00e9e. Cette technologie garantit une exp\u00e9rience de vapotage toujours douce et satisfaisante.<\/p>\n<h5>Quels sont les modes d'exp\u00e9dition disponibles ?<\/h5>\n<p>Nous travaillons en partenariat avec des transporteurs fiables, notamment UPS, DHL, FedEx et DPD, afin d'offrir un service d'exp\u00e9dition efficace et fiable. La m\u00e9thode d'exp\u00e9dition la plus appropri\u00e9e est s\u00e9lectionn\u00e9e en fonction de votre lieu de livraison.<\/p>\n<h5>Quel est le d\u00e9lai de livraison habituel ?<\/h5>\n<p>Le d\u00e9lai de livraison est g\u00e9n\u00e9ralement de 7 \u00e0 15 jours ouvrables, mais il peut aller jusqu'\u00e0 20 jours ouvrables en cas de vacances ou de conditions m\u00e9t\u00e9orologiques d\u00e9favorables.<\/p>\n<h5>Devrai-je payer des frais de douane ou des taxes ?<\/h5>\n<p>Nous nous occupons de tous les d\u00e9douanements, ce qui vous garantit que vous n'aurez pas \u00e0 payer de taxes ou de frais suppl\u00e9mentaires. 100% de nos produits sont d\u00e9douan\u00e9s sans probl\u00e8me.<\/p>\n<h5>Mon achat est-il s\u00fbr et fiable ?<\/h5>\n<p>Nous offrons des transactions s\u00e9curis\u00e9es gr\u00e2ce \u00e0 la protection des acheteurs de PayPal. Vous pouvez \u00e9galement v\u00e9rifier notre fiabilit\u00e9 en consultant les avis des clients sur <a href=\"https:\/\/www.trustpilot.com\/review\/volovape.com?utm_medium=trustbox&amp;utm_source=TrustBoxReviewCollector\">TrustPilot<\/a>.<\/p>","protected":false},"excerpt":{"rendered":"<p>Capturez les amateurs de vape avec AIVONO BOOM PATRIOT EDITION 25000 bouff\u00e9es en gros ! Double bobine, \u00e9cran LCD, 28ml, rechargeable. Stock patriotique, vapes \u00e0 haute teneur en bouff\u00e9es avec des caract\u00e9ristiques avanc\u00e9es.<\/p>","protected":false},"featured_media":969,"comment_status":"open","ping_status":"closed","template":"","meta":[],"product_brand":[],"product_cat":[67,45,63,21,18,39,20,23,24,22,25,26,27,28,29,30,31,32,33,34,35,44,36,40],"product_tag":[],"class_list":{"0":"post-600","1":"product","2":"type-product","3":"status-publish","4":"has-post-thumbnail","6":"product_cat-aivono","7":"product_cat-25000-puffs-disposable-vape","8":"product_cat-30000-puffs-disposable-vape","9":"product_cat-big-puffs-vapes","10":"product_cat-different-puffs-of-disposable-vapes","11":"product_cat-digital-box-vapes","12":"product_cat-disposable-vape-types","13":"product_cat-disposable-vapes-in-austria","14":"product_cat-disposable-vapes-in-belgium","15":"product_cat-disposable-vapes-in-europe","16":"product_cat-disposable-vapes-in-france","17":"product_cat-disposable-vapes-in-germany","18":"product_cat-disposable-vapes-in-hungary","19":"product_cat-disposable-vapes-in-ltaly","20":"product_cat-disposable-vapes-in-netherlands","21":"product_cat-disposable-vapes-in-norway","22":"product_cat-disposable-vapes-in-poland","23":"product_cat-disposable-vapes-in-portugal","24":"product_cat-disposable-vapes-in-spain","25":"product_cat-disposable-vapes-in-sweden","26":"product_cat-disposable-vapes-in-switzerland","27":"product_cat-dual-mesh-vapes","28":"product_cat-rechargeable-vapes","29":"product_cat-smart-screen-vapes","31":"first","32":"instock","33":"shipping-taxable","34":"purchasable","35":"product-type-variable","36":"has-default-attributes"},"jetpack_sharing_enabled":true,"tiered_pricing_type":"fixed","tiered_pricing_fixed_rules":{"30":9.1899999999999995026200849679298698902130126953125,"50":9.0099999999999997868371792719699442386627197265625,"100":8.3800000000000007815970093361102044582366943359375,"200":7.69000000000000039079850466805510222911834716796875,"400":7.480000000000000426325641456060111522674560546875},"tiered_pricing_product_settings":{"layout":"default","base_unit_name":{"singular":null,"plural":null},"default_variation":null},"tiered_pricing_minimum_quantity":10,"tiered_pricing_roles_data":[],"tiered_pricing_percentage_rules":[],"tiered_pricing_maximum_quantity":null,"tiered_pricing_quantity_step":"10","_links":{"self":[{"href":"https:\/\/volovape.com\/fr\/wp-json\/wp\/v2\/product\/600","targetHints":{"allow":["GET"]}}],"collection":[{"href":"https:\/\/volovape.com\/fr\/wp-json\/wp\/v2\/product"}],"about":[{"href":"https:\/\/volovape.com\/fr\/wp-json\/wp\/v2\/types\/product"}],"replies":[{"embeddable":true,"href":"https:\/\/volovape.com\/fr\/wp-json\/wp\/v2\/comments?post=600"}],"wp:featuredmedia":[{"embeddable":true,"href":"https:\/\/volovape.com\/fr\/wp-json\/wp\/v2\/media\/969"}],"wp:attachment":[{"href":"https:\/\/volovape.com\/fr\/wp-json\/wp\/v2\/media?parent=600"}],"wp:term":[{"taxonomy":"product_brand","embeddable":true,"href":"https:\/\/volovape.com\/fr\/wp-json\/wp\/v2\/product_brand?post=600"},{"taxonomy":"product_cat","embeddable":true,"href":"https:\/\/volovape.com\/fr\/wp-json\/wp\/v2\/product_cat?post=600"},{"taxonomy":"product_tag","embeddable":true,"href":"https:\/\/volovape.com\/fr\/wp-json\/wp\/v2\/product_tag?post=600"}],"curies":[{"name":"wp","href":"https:\/\/api.w.org\/{rel}","templated":true}]}}