{"id":596,"date":"2024-11-21T03:31:02","date_gmt":"2024-11-21T03:31:02","guid":{"rendered":"https:\/\/volovape.com\/?post_type=product&#038;p=596"},"modified":"2025-08-06T08:00:34","modified_gmt":"2025-08-06T08:00:34","slug":"bang-bc-box-15000-puffs","status":"publish","type":"product","link":"https:\/\/volovape.com\/fr\/product\/bang-bc-box-15000-puffs\/","title":{"rendered":"Bang BC Box 15000 bouff\u00e9es Vape jetable - Rechargeable, Mesh Coil"},"content":{"rendered":"<p><strong>Bang BC Box 15000 bouff\u00e9es Vape jetable rechargeable<\/strong> - Vivez un plaisir de vapotage prolong\u00e9 avec la Bang BC Box 15000. Cette vape jetable de grande capacit\u00e9 fournit jusqu'\u00e0 15 000 bouff\u00e9es, avec un r\u00e9servoir d'e-liquide de 25mL et une batterie rechargeable de 650mAh. La technologie avanc\u00e9e du mesh coil garantit une vapeur toujours douce et savoureuse. Id\u00e9al pour l'usage personnel et les commandes en gros de vape jetable, ce dispositif offre des taux de nicotine de 0%, 2%, 3%, ou 5% et une s\u00e9lection vari\u00e9e de 11 saveurs d\u00e9licieuses.<\/p>\n<h3><strong>Bang BC Box 15000 Puffs Caract\u00e9ristiques :<\/strong><\/h3>\n<ul>\n<li>Bouff\u00e9es : 15000 bouff\u00e9es<\/li>\n<li>Capacit\u00e9 E-liquide : 25mL<\/li>\n<li>Batterie : 650mAh (rechargeable)<\/li>\n<li>Chargement : Type-C<\/li>\n<li>Bobine : Bobine de maille<\/li>\n<li>Points forts de la nicotine : 0%, 2%, 3%, 5%<\/li>\n<li>Options d'ar\u00f4mes : Myrtille framboise, fraise banane, framboise pomme acide, myrtille fraise, fraise kiwi, mangue sur glace, cerise cola, fraise melon d'eau, glace melon d'eau, fraise raisin, m\u00e9lange de baies.<\/li>\n<\/ul>\n<h4>FAQ<\/h4>\n<h5>Comment la bobine \u00e0 mailles am\u00e9liore-t-elle l'exp\u00e9rience de vapotage ?<\/h5>\n<p>La conception du mesh coil offre une plus grande surface de chauffe, ce qui permet de chauffer plus uniform\u00e9ment et d'am\u00e9liorer la saveur et la production de vapeur. Cette technologie garantit une exp\u00e9rience de vapotage toujours douce et satisfaisante.<\/p>\n<h5>Quelles sont les m\u00e9thodes d'exp\u00e9dition utilis\u00e9es ?<\/h5>\n<p>Nous travaillons en partenariat avec des transporteurs fiables tels que UPS, DHL, FedEx et DPD afin d'offrir un service d'exp\u00e9dition efficace et fiable. La m\u00e9thode d'exp\u00e9dition la plus appropri\u00e9e est s\u00e9lectionn\u00e9e en fonction de votre lieu de livraison.<\/p>\n<h5>Quel est le d\u00e9lai de livraison habituel ?<\/h5>\n<p>Le d\u00e9lai de livraison est g\u00e9n\u00e9ralement de 7 \u00e0 15 jours ouvrables, mais il peut aller jusqu'\u00e0 20 jours ouvrables en cas de vacances ou de conditions m\u00e9t\u00e9orologiques d\u00e9favorables.<\/p>\n<h5>Devrai-je payer des frais de douane ou des taxes ?<\/h5>\n<p>Nous nous occupons de tous les d\u00e9douanements, ce qui vous garantit que vous n'aurez pas \u00e0 payer de taxes ou de frais suppl\u00e9mentaires. 100% de nos produits sont d\u00e9douan\u00e9s sans probl\u00e8me.<\/p>\n<h5>Mon achat est-il s\u00fbr et fiable ?<\/h5>\n<p>Nous offrons des transactions s\u00e9curis\u00e9es gr\u00e2ce \u00e0 la protection des acheteurs de PayPal. Vous pouvez \u00e9galement v\u00e9rifier notre fiabilit\u00e9 en consultant les avis des clients sur <a href=\"https:\/\/www.trustpilot.com\/review\/volovape.com?utm_medium=trustbox&amp;utm_source=TrustBoxReviewCollector\">TrustPilot<\/a>.<\/p>","protected":false},"excerpt":{"rendered":"<p>Obtenez une saveur durable avec la Bang BC Box 15000 Puffs Vape jetable. 25ml, rechargeable, mesh coil. Parfait pour l'usage personnel ou la vente en gros. Nicotine vari\u00e9e.<\/p>","protected":false},"featured_media":912,"comment_status":"open","ping_status":"closed","template":"","meta":[],"product_brand":[],"product_cat":[61,41,21,18,39,20,23,24,22,25,26,27,28,29,30,31,32,33,34,35,36,40],"product_tag":[],"class_list":{"0":"post-596","1":"product","2":"type-product","3":"status-publish","4":"has-post-thumbnail","6":"product_cat-bang","7":"product_cat-15000-puffs-disposable-vape","8":"product_cat-big-puffs-vapes","9":"product_cat-different-puffs-of-disposable-vapes","10":"product_cat-digital-box-vapes","11":"product_cat-disposable-vape-types","12":"product_cat-disposable-vapes-in-austria","13":"product_cat-disposable-vapes-in-belgium","14":"product_cat-disposable-vapes-in-europe","15":"product_cat-disposable-vapes-in-france","16":"product_cat-disposable-vapes-in-germany","17":"product_cat-disposable-vapes-in-hungary","18":"product_cat-disposable-vapes-in-ltaly","19":"product_cat-disposable-vapes-in-netherlands","20":"product_cat-disposable-vapes-in-norway","21":"product_cat-disposable-vapes-in-poland","22":"product_cat-disposable-vapes-in-portugal","23":"product_cat-disposable-vapes-in-spain","24":"product_cat-disposable-vapes-in-sweden","25":"product_cat-disposable-vapes-in-switzerland","26":"product_cat-rechargeable-vapes","27":"product_cat-smart-screen-vapes","29":"first","30":"instock","31":"shipping-taxable","32":"purchasable","33":"product-type-variable","34":"has-default-attributes"},"jetpack_sharing_enabled":true,"tiered_pricing_type":"fixed","tiered_pricing_fixed_rules":{"2000":4.13999999999999968025576890795491635799407958984375},"tiered_pricing_product_settings":{"layout":"default","base_unit_name":{"singular":null,"plural":null},"default_variation":null},"tiered_pricing_minimum_quantity":1000,"tiered_pricing_roles_data":[],"tiered_pricing_percentage_rules":[],"tiered_pricing_maximum_quantity":null,"tiered_pricing_quantity_step":"10","_links":{"self":[{"href":"https:\/\/volovape.com\/fr\/wp-json\/wp\/v2\/product\/596","targetHints":{"allow":["GET"]}}],"collection":[{"href":"https:\/\/volovape.com\/fr\/wp-json\/wp\/v2\/product"}],"about":[{"href":"https:\/\/volovape.com\/fr\/wp-json\/wp\/v2\/types\/product"}],"replies":[{"embeddable":true,"href":"https:\/\/volovape.com\/fr\/wp-json\/wp\/v2\/comments?post=596"}],"wp:featuredmedia":[{"embeddable":true,"href":"https:\/\/volovape.com\/fr\/wp-json\/wp\/v2\/media\/912"}],"wp:attachment":[{"href":"https:\/\/volovape.com\/fr\/wp-json\/wp\/v2\/media?parent=596"}],"wp:term":[{"taxonomy":"product_brand","embeddable":true,"href":"https:\/\/volovape.com\/fr\/wp-json\/wp\/v2\/product_brand?post=596"},{"taxonomy":"product_cat","embeddable":true,"href":"https:\/\/volovape.com\/fr\/wp-json\/wp\/v2\/product_cat?post=596"},{"taxonomy":"product_tag","embeddable":true,"href":"https:\/\/volovape.com\/fr\/wp-json\/wp\/v2\/product_tag?post=596"}],"curies":[{"name":"wp","href":"https:\/\/api.w.org\/{rel}","templated":true}]}}