{"id":5798,"date":"2024-11-21T03:49:18","date_gmt":"2024-11-21T03:49:18","guid":{"rendered":"https:\/\/volovape.com\/?post_type=product&#038;p=5798"},"modified":"2025-11-04T06:53:58","modified_gmt":"2025-11-04T06:53:58","slug":"vapme-20k-crystal-double-flavor-20000-puffs","status":"publish","type":"product","link":"https:\/\/volovape.com\/fr\/product\/vapme-20k-crystal-double-flavor-20000-puffs\/","title":{"rendered":"VAPME 20K Crystal double flavor disposable vape - 20000 bouff\u00e9es, mesh coil"},"content":{"rendered":"<p><strong>VAPME 20K Crystal Double Flavor Vape jetable<\/strong> - D\u00e9couvrez les deux ar\u00f4mes et les 20 000 bouff\u00e9es dans un seul appareil.<\/p>\n<p>Le <strong>VAPME 20K Crystal Double Flavor<\/strong> red\u00e9finit le vapotage jetable gr\u00e2ce \u00e0 son syst\u00e8me unique de double saveur, qui vous permet de passer d'un go\u00fbt \u00e0 l'autre sans effort. Appr\u00e9ciez jusqu'\u00e0 <strong>20 000 bouff\u00e9es<\/strong> avec une g\u00e9n\u00e9reuse <strong>Capacit\u00e9 de 20mL d'e-liquide<\/strong> et d'un solide <strong>Batterie rechargeable de 700mAh<\/strong>. Avec un <strong>bobine de maille<\/strong> pour une meilleure diffusion des ar\u00f4mes et une <strong>2% taux de nicotine<\/strong>Cet appareil offre une vape douce et satisfaisante. Id\u00e9al pour une utilisation personnelle et <strong>Vape jetable en gros<\/strong>Cet appareil offre commodit\u00e9 et long\u00e9vit\u00e9. Parfait pour ceux qui recherchent un <strong>commande group\u00e9e<\/strong> de produits jetables de grande capacit\u00e9.<\/p>\n<h3><strong>VAPME 20K Crystal Double Flavor Caract\u00e9ristiques :<\/strong><\/h3>\n<ul>\n<li>Bouff\u00e9es : Jusqu'\u00e0 20 000<\/li>\n<li>Capacit\u00e9 E-liquide : 20mL<\/li>\n<li>Batterie : 700mAh (rechargeable)<\/li>\n<li>Chargement : Type-C<\/li>\n<li>Bobine : Bobine de maille<\/li>\n<li>Taux de Nicotine : 2%<\/li>\n<li>Syst\u00e8me \u00e0 double ar\u00f4me<\/li>\n<\/ul>\n<h4>FAQ<\/h4>\n<h5>Comment fonctionne le syst\u00e8me \u00e0 double ar\u00f4me ?<\/h5>\n<p>Le VAPME 20K Crystal Double Flavor est con\u00e7u avec deux chambres \u00e0 e-liquide s\u00e9par\u00e9es et un m\u00e9canisme de commutation. Cela vous permet de basculer facilement entre les deux saveurs distinctes, offrant une exp\u00e9rience de vapotage polyvalente et agr\u00e9able sans avoir besoin de plusieurs appareils.<\/p>\n<h5>Quelles sont les m\u00e9thodes d'exp\u00e9dition utilis\u00e9es ?<\/h5>\n<p>Nous travaillons en partenariat avec des transporteurs de premier plan tels que UPS, DHL, FedEx et DPD afin de garantir une livraison fiable et efficace. La meilleure m\u00e9thode d'exp\u00e9dition sera choisie en fonction de votre localisation afin de garantir une livraison rapide.<\/p>\n<h5>Combien de temps faut-il pour qu'il arrive ?<\/h5>\n<p>Le d\u00e9lai de livraison est g\u00e9n\u00e9ralement de 7 \u00e0 15 jours ouvrables. Toutefois, il faut compter jusqu'\u00e0 20 jours ouvrables en cas de vacances ou de conditions m\u00e9t\u00e9orologiques d\u00e9favorables.<\/p>\n<h5>Aurai-je des probl\u00e8mes d'ordre douanier ou fiscal ?<\/h5>\n<p>Nous nous chargeons de toutes les proc\u00e9dures de d\u00e9douanement et garantissons qu'il n'y aura pas de taxes ou de frais suppl\u00e9mentaires. Vous pouvez \u00eatre certain que 100% de nos envois seront d\u00e9douan\u00e9s sans probl\u00e8me.<\/p>\n<h5>Mon achat est-il s\u00e9curis\u00e9 ?<\/h5>\n<p>Oui, nous offrons des options de paiement s\u00e9curis\u00e9es, y compris PayPal avec protection de l'acheteur. Vous pouvez \u00e9galement v\u00e9rifier notre cr\u00e9dibilit\u00e9 en consultant les avis de nos clients sur <a href=\"https:\/\/www.trustpilot.com\/review\/volovape.com?utm_medium=trustbox&amp;utm_source=TrustBoxReviewCollector\">TrustPilot<\/a>.<\/p>","protected":false},"excerpt":{"rendered":"<p>Appr\u00e9ciez les deux saveurs avec le VAPME 20K Crystal Double Flavor Vape. Offre 20ml d'e-liquide, une batterie de 700mAh, des coils mesh, 2% de nicotine, jusqu'\u00e0 20 000 bouff\u00e9es. Vente en gros, charge de type C.<\/p>","protected":false},"featured_media":5814,"comment_status":"open","ping_status":"closed","template":"","meta":[],"product_brand":[],"product_cat":[49,42,21,43,18,39,20,23,24,22,25,26,27,28,29,30,31,32,33,34,35,64,36,40],"product_tag":[],"class_list":{"0":"post-5798","1":"product","2":"type-product","3":"status-publish","4":"has-post-thumbnail","6":"product_cat-vapme","7":"product_cat-20000-puffs-disposable-vape","8":"product_cat-big-puffs-vapes","9":"product_cat-crystal-vapes","10":"product_cat-different-puffs-of-disposable-vapes","11":"product_cat-digital-box-vapes","12":"product_cat-disposable-vape-types","13":"product_cat-disposable-vapes-in-austria","14":"product_cat-disposable-vapes-in-belgium","15":"product_cat-disposable-vapes-in-europe","16":"product_cat-disposable-vapes-in-france","17":"product_cat-disposable-vapes-in-germany","18":"product_cat-disposable-vapes-in-hungary","19":"product_cat-disposable-vapes-in-ltaly","20":"product_cat-disposable-vapes-in-netherlands","21":"product_cat-disposable-vapes-in-norway","22":"product_cat-disposable-vapes-in-poland","23":"product_cat-disposable-vapes-in-portugal","24":"product_cat-disposable-vapes-in-spain","25":"product_cat-disposable-vapes-in-sweden","26":"product_cat-disposable-vapes-in-switzerland","27":"product_cat-dual-flavor-vapes","28":"product_cat-rechargeable-vapes","29":"product_cat-smart-screen-vapes","31":"first","32":"instock","33":"shipping-taxable","34":"purchasable","35":"product-type-variable","36":"has-default-attributes"},"jetpack_sharing_enabled":true,"tiered_pricing_type":"fixed","tiered_pricing_fixed_rules":{"30":8.28999999999999914734871708787977695465087890625,"50":7.28000000000000024868995751603506505489349365234375,"100":6.6699999999999999289457264239899814128875732421875,"200":6.29999999999999982236431605997495353221893310546875},"tiered_pricing_product_settings":{"layout":"default","base_unit_name":{"singular":null,"plural":null},"default_variation":null},"tiered_pricing_minimum_quantity":10,"tiered_pricing_roles_data":[],"tiered_pricing_percentage_rules":[],"tiered_pricing_maximum_quantity":null,"tiered_pricing_quantity_step":"10","_links":{"self":[{"href":"https:\/\/volovape.com\/fr\/wp-json\/wp\/v2\/product\/5798","targetHints":{"allow":["GET"]}}],"collection":[{"href":"https:\/\/volovape.com\/fr\/wp-json\/wp\/v2\/product"}],"about":[{"href":"https:\/\/volovape.com\/fr\/wp-json\/wp\/v2\/types\/product"}],"replies":[{"embeddable":true,"href":"https:\/\/volovape.com\/fr\/wp-json\/wp\/v2\/comments?post=5798"}],"wp:featuredmedia":[{"embeddable":true,"href":"https:\/\/volovape.com\/fr\/wp-json\/wp\/v2\/media\/5814"}],"wp:attachment":[{"href":"https:\/\/volovape.com\/fr\/wp-json\/wp\/v2\/media?parent=5798"}],"wp:term":[{"taxonomy":"product_brand","embeddable":true,"href":"https:\/\/volovape.com\/fr\/wp-json\/wp\/v2\/product_brand?post=5798"},{"taxonomy":"product_cat","embeddable":true,"href":"https:\/\/volovape.com\/fr\/wp-json\/wp\/v2\/product_cat?post=5798"},{"taxonomy":"product_tag","embeddable":true,"href":"https:\/\/volovape.com\/fr\/wp-json\/wp\/v2\/product_tag?post=5798"}],"curies":[{"name":"wp","href":"https:\/\/api.w.org\/{rel}","templated":true}]}}