{"id":5765,"date":"2024-11-21T03:49:10","date_gmt":"2024-11-21T03:49:10","guid":{"rendered":"https:\/\/volovape.com\/?post_type=product&#038;p=5765"},"modified":"2026-04-15T01:07:56","modified_gmt":"2026-04-15T01:07:56","slug":"mrvi-25000-bouffees-en-gros","status":"publish","type":"product","link":"https:\/\/volovape.com\/fr\/product\/mrvi-25000-puffs-wholesale\/","title":{"rendered":"MRVI 25000 puffs dual coil disposable vape - MTL &amp; DTL flexibility, bulk buy wholesale"},"content":{"rendered":"<p><strong>MRVI 25000 Puffs Dual Coil Vape jetable<\/strong> - Faites l'exp\u00e9rience de la flexibilit\u00e9 ultime en mati\u00e8re de vapotage.<\/p>\n<p>D\u00e9couvrez une polyvalence de vapotage in\u00e9gal\u00e9e avec le <strong>MRVI 25000<\/strong> vape jetable. Con\u00e7u pour les adeptes du MTL et du DTL, cet appareil offre une remarquable capacit\u00e9 de 25 000 bouff\u00e9es, aliment\u00e9e par un \u00e9norme r\u00e9servoir d'e-liquide de 30 ml et une robuste batterie rechargeable de 1000 mAh. Le syst\u00e8me innovant de double bobine vous permet de passer sans effort d'un style de vapotage \u00e0 l'autre, garantissant ainsi une exp\u00e9rience personnalis\u00e9e. Avec des taux de nicotine de 2% ou 5% et une s\u00e9lection de 10 saveurs d\u00e9lectables, la MRVI 25000 est parfaite pour le plaisir personnel et les commandes en gros de vape jetable. Profitez d'une vapeur douce et savoureuse et d'une long\u00e9vit\u00e9 exceptionnelle dans un appareil pratique et portable.<\/p>\n<h3><strong>Caract\u00e9ristiques du MRVI 25000\uff1a<\/strong><\/h3>\n<ul>\n<li>Bouff\u00e9es : Jusqu'\u00e0 25 000 bouff\u00e9es<\/li>\n<li>Capacit\u00e9 E-liquide : 30ml<\/li>\n<li>Batterie : 1000mAh (rechargeable)<\/li>\n<li>Chargement : Type-C<\/li>\n<li>Coil : Dual Coils (MTL &amp; DTL)<\/li>\n<li>Points forts de la nicotine : 2%, 5%<\/li>\n<li>10 saveurs uniques<\/li>\n<li>Dispositif \u00e0 usage unique<\/li>\n<\/ul>\n<h4>FAQ<\/h4>\n<h5>Quelles sont les m\u00e9thodes d'exp\u00e9dition utilis\u00e9es ?<\/h5>\n<p>Nous coop\u00e9rons avec UPS\/DHL\/FEDEX\/DPD, etc. Nous choisirons l'option d'exp\u00e9dition appropri\u00e9e en fonction du pays de livraison afin de nous assurer que vous recevrez vos produits le plus rapidement possible.<\/p>\n<h5>Combien de temps faut-il pour qu'il arrive ?<\/h5>\n<p>Ce d\u00e9lai est g\u00e9n\u00e9ralement de 7 \u00e0 15 jours ouvrables et peut aller jusqu'\u00e0 20 jours ouvrables les jours f\u00e9ri\u00e9s ou en cas de mauvaises conditions m\u00e9t\u00e9orologiques.<\/p>\n<h5>Peut-il passer la douane et me causera-t-il des probl\u00e8mes ?<\/h5>\n<p>Nous vous garantissons que vous n'aurez aucun probl\u00e8me puisque nous nous occupons du d\u00e9douanement et qu'il n'y aura pas de taxes ou de frais. Nous garantissons que 100% de nos produits seront d\u00e9douan\u00e9s.<\/p>\n<h5>Quel est l'avantage du syst\u00e8me \u00e0 double bobine ?<\/h5>\n<p>Le syst\u00e8me \u00e0 double bobine du MRVI 25000 permet une utilisation polyvalente, permettant aux utilisateurs de passer d'un style de vapotage bouche \u00e0 poumon (MTL) \u00e0 un style de vapotage direct (DTL), afin de r\u00e9pondre aux diff\u00e9rentes pr\u00e9f\u00e9rences et d'am\u00e9liorer l'exp\u00e9rience de vapotage dans son ensemble.<\/p>\n<h5>Puis-je lui faire confiance ?<\/h5>\n<p>Nous acceptons les paiements par PayPal et le service de protection des acheteurs.<br \/>\nVous pouvez \u00e9galement consulter nos avis sur <a href=\"https:\/\/www.trustpilot.com\/review\/volovape.com?utm_medium=trustbox&amp;utm_source=TrustBoxReviewCollector\">TrustPilot<\/a><\/p>","protected":false},"excerpt":{"rendered":"<p>D\u00e9couvrez le MRVI 25000 Puffs Vape jetable avec 30ml d'e-liquide, batterie 1000mAh, dual coils pour MTL\/DTL, et 2%\/5% nicotine. Vente en gros disponible, plusieurs saveurs, chargeur Type-C.<\/p>","protected":false},"featured_media":5775,"comment_status":"open","ping_status":"closed","template":"","meta":[],"product_brand":[],"product_cat":[55,45,21,43,18,39,20,23,24,22,25,26,27,28,29,30,31,32,33,34,35,44,36,40],"product_tag":[],"class_list":{"0":"post-5765","1":"product","2":"type-product","3":"status-publish","4":"has-post-thumbnail","6":"product_cat-mrvi","7":"product_cat-25000-puffs-disposable-vape","8":"product_cat-big-puffs-vapes","9":"product_cat-crystal-vapes","10":"product_cat-different-puffs-of-disposable-vapes","11":"product_cat-digital-box-vapes","12":"product_cat-disposable-vape-types","13":"product_cat-disposable-vapes-in-austria","14":"product_cat-disposable-vapes-in-belgium","15":"product_cat-disposable-vapes-in-europe","16":"product_cat-disposable-vapes-in-france","17":"product_cat-disposable-vapes-in-germany","18":"product_cat-disposable-vapes-in-hungary","19":"product_cat-disposable-vapes-in-ltaly","20":"product_cat-disposable-vapes-in-netherlands","21":"product_cat-disposable-vapes-in-norway","22":"product_cat-disposable-vapes-in-poland","23":"product_cat-disposable-vapes-in-portugal","24":"product_cat-disposable-vapes-in-spain","25":"product_cat-disposable-vapes-in-sweden","26":"product_cat-disposable-vapes-in-switzerland","27":"product_cat-dual-mesh-vapes","28":"product_cat-rechargeable-vapes","29":"product_cat-smart-screen-vapes","31":"first","32":"instock","33":"shipping-taxable","34":"purchasable","35":"product-type-variable","36":"has-default-attributes"},"jetpack_sharing_enabled":true,"tiered_pricing_type":"fixed","tiered_pricing_fixed_rules":{"100":6.36000000000000031974423109204508364200592041015625,"200":5.7400000000000002131628207280300557613372802734375,"400":5.42999999999999971578290569595992565155029296875},"tiered_pricing_product_settings":{"layout":"default","base_unit_name":{"singular":null,"plural":null},"default_variation":null},"tiered_pricing_minimum_quantity":50,"tiered_pricing_roles_data":[],"tiered_pricing_percentage_rules":[],"tiered_pricing_maximum_quantity":null,"tiered_pricing_quantity_step":"10","_links":{"self":[{"href":"https:\/\/volovape.com\/fr\/wp-json\/wp\/v2\/product\/5765","targetHints":{"allow":["GET"]}}],"collection":[{"href":"https:\/\/volovape.com\/fr\/wp-json\/wp\/v2\/product"}],"about":[{"href":"https:\/\/volovape.com\/fr\/wp-json\/wp\/v2\/types\/product"}],"replies":[{"embeddable":true,"href":"https:\/\/volovape.com\/fr\/wp-json\/wp\/v2\/comments?post=5765"}],"wp:featuredmedia":[{"embeddable":true,"href":"https:\/\/volovape.com\/fr\/wp-json\/wp\/v2\/media\/5775"}],"wp:attachment":[{"href":"https:\/\/volovape.com\/fr\/wp-json\/wp\/v2\/media?parent=5765"}],"wp:term":[{"taxonomy":"product_brand","embeddable":true,"href":"https:\/\/volovape.com\/fr\/wp-json\/wp\/v2\/product_brand?post=5765"},{"taxonomy":"product_cat","embeddable":true,"href":"https:\/\/volovape.com\/fr\/wp-json\/wp\/v2\/product_cat?post=5765"},{"taxonomy":"product_tag","embeddable":true,"href":"https:\/\/volovape.com\/fr\/wp-json\/wp\/v2\/product_tag?post=5765"}],"curies":[{"name":"wp","href":"https:\/\/api.w.org\/{rel}","templated":true}]}}