{"id":533,"date":"2024-11-21T03:30:33","date_gmt":"2024-11-21T03:30:33","guid":{"rendered":"https:\/\/volovape.com\/?post_type=product&#038;p=533"},"modified":"2025-08-06T08:11:38","modified_gmt":"2025-08-06T08:11:38","slug":"bang-box-rocket-18000-bouffees","status":"publish","type":"product","link":"https:\/\/volovape.com\/fr\/product\/bang-box-rocket-18000-puffs\/","title":{"rendered":"Bang Box Rocket 18000 bouff\u00e9es - 1.0\u03a9 Mesh Coil, Smart Display, Rechargeable"},"content":{"rendered":"<p><strong>Bang Box Rocket 18000 bouff\u00e9es Smart Vape jetable<\/strong> - D\u00e9couvrez le futur de la vape avec le Bang Box Rocket 18000. Cette vape jetable innovante offre une \u00e9norme capacit\u00e9 de 18 000 bouff\u00e9es, une capacit\u00e9 d'e-liquide de 28mL et un \u00e9cran intelligent pour surveiller les niveaux de batterie et d'e-liquide. Dot\u00e9 d'un mesh coil de 1,0\u03a9 pour une vapeur douce et savoureuse et d'une batterie rechargeable de 650mAh avec chargement Type-C, cet appareil est parfait pour un usage personnel et pour les commandes en gros de vape jetable. Choisissez parmi les taux de nicotine 0%, 2%, 3% ou 5% et profitez d'une large gamme de 12 saveurs d\u00e9licieuses.<\/p>\n<h3><strong>Bang Box Rocket 18000 Puffs Caract\u00e9ristiques :<\/strong><\/h3>\n<ul>\n<li>Bouff\u00e9es : 18000 bouff\u00e9es<\/li>\n<li>Capacit\u00e9 E-liquide : 28mL<\/li>\n<li>Batterie : 650mAh (rechargeable)<\/li>\n<li>Chargement : Type-C<\/li>\n<li>Bobine : 1.0\u03a9 Mesh Coil<\/li>\n<li>Affichage : Affichage intelligent (niveaux de batterie et d'e-liquide)<\/li>\n<li>Points forts de la nicotine : 0%, 2%, 3%, 5%<\/li>\n<li>Options d'ar\u00f4mes : Banane fraise, glace past\u00e8que, fraise kiwi, fraise mangue, glace myrtille, mangue Mexique, glace p\u00eache juteuse, glace pomme acide, glace bleue, explosion arc-en-ciel tropical.<\/li>\n<\/ul>\n<h4>FAQ<\/h4>\n<h5>Comment l'\u00e9cran intelligent am\u00e9liore-t-il mon exp\u00e9rience de vapotage ?<\/h5>\n<p>L'\u00e9cran intelligent int\u00e9gr\u00e9 fournit des mises \u00e0 jour en temps r\u00e9el sur l'autonomie de votre batterie et les niveaux d'e-liquide, \u00e9liminant ainsi les conjectures et vous assurant d'\u00eatre toujours pr\u00eat. Cette fonction permet une exp\u00e9rience de vapotage plus contr\u00f4l\u00e9e et plus agr\u00e9able.<\/p>\n<h5>Quelles sont les m\u00e9thodes d'exp\u00e9dition utilis\u00e9es ?<\/h5>\n<p>Nous travaillons avec des transporteurs de confiance tels que UPS, DHL, FedEx et DPD afin d'offrir un service d'exp\u00e9dition fiable et efficace. La meilleure option d'exp\u00e9dition est s\u00e9lectionn\u00e9e en fonction de votre localisation afin de garantir une livraison dans les d\u00e9lais.<\/p>\n<h5>Quel est le d\u00e9lai de livraison habituel ?<\/h5>\n<p>Le d\u00e9lai d'exp\u00e9dition est g\u00e9n\u00e9ralement de 7 \u00e0 15 jours ouvrables, mais peut aller jusqu'\u00e0 20 jours ouvrables en cas de vacances ou de conditions m\u00e9t\u00e9orologiques d\u00e9favorables.<\/p>\n<h5>Y a-t-il des frais de douane ou des taxes ?<\/h5>\n<p>Nous nous occupons de tous les d\u00e9douanements, ce qui vous garantit que vous n'aurez pas \u00e0 payer de taxes ou de frais suppl\u00e9mentaires. 100% de nos produits sont d\u00e9douan\u00e9s sans probl\u00e8me.<\/p>\n<h5>Mon achat est-il s\u00fbr et fiable ?<\/h5>\n<p>Nous assurons des transactions s\u00e9curis\u00e9es gr\u00e2ce \u00e0 la protection des acheteurs de PayPal. Vous pouvez \u00e9galement consulter les commentaires de nos clients sur <a href=\"https:\/\/www.trustpilot.com\/review\/volovape.com?utm_medium=trustbox&amp;utm_source=TrustBoxReviewCollector\">TrustPilot<\/a> pour v\u00e9rifier notre fiabilit\u00e9.<\/p>","protected":false},"excerpt":{"rendered":"<p>Dominez le march\u00e9 de la vape avec Bang Box Rocket 18000 Puffs en gros ! \u00c9cran intelligent, maille de 1,0\u03a9, 28ml, rechargeable. Offrez des vapes de pointe et de grande capacit\u00e9 \u00e0 vos clients.<\/p>","protected":false},"featured_media":879,"comment_status":"open","ping_status":"closed","template":"","meta":[],"product_brand":[],"product_cat":[61,50,21,18,39,20,23,24,22,25,26,27,28,29,30,31,32,33,34,35,44,36,40],"product_tag":[],"class_list":{"0":"post-533","1":"product","2":"type-product","3":"status-publish","4":"has-post-thumbnail","6":"product_cat-bang","7":"product_cat-18000-puffs-disposable-vape","8":"product_cat-big-puffs-vapes","9":"product_cat-different-puffs-of-disposable-vapes","10":"product_cat-digital-box-vapes","11":"product_cat-disposable-vape-types","12":"product_cat-disposable-vapes-in-austria","13":"product_cat-disposable-vapes-in-belgium","14":"product_cat-disposable-vapes-in-europe","15":"product_cat-disposable-vapes-in-france","16":"product_cat-disposable-vapes-in-germany","17":"product_cat-disposable-vapes-in-hungary","18":"product_cat-disposable-vapes-in-ltaly","19":"product_cat-disposable-vapes-in-netherlands","20":"product_cat-disposable-vapes-in-norway","21":"product_cat-disposable-vapes-in-poland","22":"product_cat-disposable-vapes-in-portugal","23":"product_cat-disposable-vapes-in-spain","24":"product_cat-disposable-vapes-in-sweden","25":"product_cat-disposable-vapes-in-switzerland","26":"product_cat-dual-mesh-vapes","27":"product_cat-rechargeable-vapes","28":"product_cat-smart-screen-vapes","30":"first","31":"instock","32":"shipping-taxable","33":"purchasable","34":"product-type-variable","35":"has-default-attributes"},"jetpack_sharing_enabled":true,"tiered_pricing_type":"fixed","tiered_pricing_fixed_rules":{"2000":6.20999999999999996447286321199499070644378662109375},"tiered_pricing_product_settings":{"layout":"default","base_unit_name":{"singular":null,"plural":null},"default_variation":null},"tiered_pricing_minimum_quantity":1000,"tiered_pricing_roles_data":[],"tiered_pricing_percentage_rules":[],"tiered_pricing_maximum_quantity":null,"tiered_pricing_quantity_step":"10","_links":{"self":[{"href":"https:\/\/volovape.com\/fr\/wp-json\/wp\/v2\/product\/533","targetHints":{"allow":["GET"]}}],"collection":[{"href":"https:\/\/volovape.com\/fr\/wp-json\/wp\/v2\/product"}],"about":[{"href":"https:\/\/volovape.com\/fr\/wp-json\/wp\/v2\/types\/product"}],"replies":[{"embeddable":true,"href":"https:\/\/volovape.com\/fr\/wp-json\/wp\/v2\/comments?post=533"}],"wp:featuredmedia":[{"embeddable":true,"href":"https:\/\/volovape.com\/fr\/wp-json\/wp\/v2\/media\/879"}],"wp:attachment":[{"href":"https:\/\/volovape.com\/fr\/wp-json\/wp\/v2\/media?parent=533"}],"wp:term":[{"taxonomy":"product_brand","embeddable":true,"href":"https:\/\/volovape.com\/fr\/wp-json\/wp\/v2\/product_brand?post=533"},{"taxonomy":"product_cat","embeddable":true,"href":"https:\/\/volovape.com\/fr\/wp-json\/wp\/v2\/product_cat?post=533"},{"taxonomy":"product_tag","embeddable":true,"href":"https:\/\/volovape.com\/fr\/wp-json\/wp\/v2\/product_tag?post=533"}],"curies":[{"name":"wp","href":"https:\/\/api.w.org\/{rel}","templated":true}]}}